{"id":953,"date":"2023-09-12T10:13:13","date_gmt":"2023-09-12T10:13:13","guid":{"rendered":"https:\/\/bqeye.com\/?post_type=product&#038;p=953"},"modified":"2024-04-18T02:21:48","modified_gmt":"2024-04-18T02:21:48","slug":"bqeye-elf-red-colored-contact-lenses","status":"publish","type":"product","link":"https:\/\/bqeye.com\/it\/bqeye-elf-red-colored-contact-lenses\/","title":{"rendered":"BQeye ELF Lenti a contatto colorate rosse"},"content":{"rendered":"<p>Fate una prima impressione di fuoco con le lenti a contatto colorate ELF Red di BQeye, create per affascinare e incuriosire. Il nostro incantevole infuso di ruggine e scarlatto risveglia gli occhi come se danzassero tra le fiamme di una foresta selvaggia.<\/p>\n<p>Pi\u00f9 che un semplice rosso, ELF mescola caldi bagliori ambrati e cremisi, come guizzi che si intravedono tra i fal\u00f2 di rovi. Queste lenti a contatto colorate specializzate esaltano la vostra bellezza naturale dall'interno del loro velo ipnotico.<\/p>\n<p>Realizzato da maghi delle lenti, ELF Red si muove in sincronia con ogni scintilla e sorriso. La formula HydraMatrixTM li mantiene idratati per tutto il tempo dell'incantesimo. Ora i segreti della passione interiore possono essere condivisi, se ne avete il coraggio!<\/p>\n<p>Lasciate che ELF elevi l'audacia e il piacere. L'esperienza di BQeye assicura la vestibilit\u00e0 perfetta per accendere il vostro fascino magnetico, sia con audacia che con astuzia da strega. Ora il vostro sguardo proietta nuove storie di autentico fascino.<\/p>\n<p>Illuminate il vostro destino di fuoco con queste sensuali lenti scarlatte e ruggine. \u00c8 il momento di sperimentare la rinomata collezione di BQeye e di rivelare la vostra luce pi\u00f9 accattivante, vista attraverso occhi che incantano e affascinano! Il momento dell'incanto \u00e8 vicino.<\/p>","protected":false},"excerpt":{"rendered":"<p>Cast a fiery first impression with BQeye&#8217;s ELF Red colored contact lenses, crafted to captivate and intrigue. Our enchanting russet and scarlet infusion awakens eyes as if dancing in wildwood flames. More than mere red, ELF blends warm amber and crimson glints, like flickers glimpsed amidst bramble bonfires. These specialized colored contact lenses enhance your [&#8230;]\n","protected":false},"featured_media":961,"comment_status":"open","ping_status":"closed","template":"","meta":[],"product_brand":[],"product_cat":[217,92,96,78,98],"product_tag":[],"class_list":{"0":"post-953","1":"product","2":"type-product","3":"status-publish","4":"has-post-thumbnail","6":"product_cat-elf","7":"product_cat-14-5-mm","8":"product_cat-non-prescription","9":"product_cat-red-contact-lenses","10":"product_cat-yearly-disposable","12":"first","13":"instock","14":"sale","15":"shipping-taxable","16":"purchasable","17":"product-type-variable","18":"has-default-attributes"},"_links":{"self":[{"href":"https:\/\/bqeye.com\/it\/wp-json\/wp\/v2\/product\/953","targetHints":{"allow":["GET"]}}],"collection":[{"href":"https:\/\/bqeye.com\/it\/wp-json\/wp\/v2\/product"}],"about":[{"href":"https:\/\/bqeye.com\/it\/wp-json\/wp\/v2\/types\/product"}],"replies":[{"embeddable":true,"href":"https:\/\/bqeye.com\/it\/wp-json\/wp\/v2\/comments?post=953"}],"wp:featuredmedia":[{"embeddable":true,"href":"https:\/\/bqeye.com\/it\/wp-json\/wp\/v2\/media\/961"}],"wp:attachment":[{"href":"https:\/\/bqeye.com\/it\/wp-json\/wp\/v2\/media?parent=953"}],"wp:term":[{"taxonomy":"product_brand","embeddable":true,"href":"https:\/\/bqeye.com\/it\/wp-json\/wp\/v2\/product_brand?post=953"},{"taxonomy":"product_cat","embeddable":true,"href":"https:\/\/bqeye.com\/it\/wp-json\/wp\/v2\/product_cat?post=953"},{"taxonomy":"product_tag","embeddable":true,"href":"https:\/\/bqeye.com\/it\/wp-json\/wp\/v2\/product_tag?post=953"}],"curies":[{"name":"wp","href":"https:\/\/api.w.org\/{rel}","templated":true}]}}