{"id":962,"date":"2023-09-12T10:27:13","date_gmt":"2023-09-12T10:27:13","guid":{"rendered":"https:\/\/bqeye.com\/?post_type=product&#038;p=962"},"modified":"2024-04-18T02:21:45","modified_gmt":"2024-04-18T02:21:45","slug":"bqeye-elf-blue-colored-contact-lenses","status":"publish","type":"product","link":"https:\/\/bqeye.com\/it\/bqeye-elf-blue-colored-contact-lenses\/","title":{"rendered":"BQeye ELF Lenti a contatto colorate blu"},"content":{"rendered":"<p>Lanciate un incantesimo di calma con le lenti a contatto colorate ELF Blue di BQeye, realizzate da maghi delle lenti. Il nostro sereno turbinio di azzurro e zaffiro risveglia gli occhi come se si scorgessero le tranquille profondit\u00e0 dell'oceano. Pi\u00f9 che un semplice blu, le ELF infondono bagliori d'acqua e pervinca - scorci di anime coralline tra le maree. Queste lenti a contatto colorate specializzate esaltano la bellezza naturale dall'interno del loro velo rilassante.<\/p>\n<p>Filato da maestri elfi, ELF Blue si muove in sintonia con le onde e i sorrisi. HydraMatrixTM li mantiene freschi per tutto il giorno, mentre esplorate la tranquillit\u00e0 interiore. Ora i segreti degli abissi chiamano il vostro nome, se avete il coraggio di rispondere.<\/p>\n<p>Lasciate che ELF elevi il vostro fascino con una magia meditativa. La maestria di BQeye assicura la vestibilit\u00e0 perfetta per mettere in risalto il vostro fascino rilassante, sia che si tratti di un'ondata di dolcezza sia che si tratti di una corrente selvaggia. Nuove storie di serenit\u00e0 risplendono ora.<\/p>\n<p>Risvegliate il vostro destino di pace con queste lenti calmanti ispirate al mare. \u00c8 il momento di scoprire la rinomata collezione di BQeye e di trovare la tonalit\u00e0 che rivela la vostra luce pi\u00f9 rilassante, intravista attraverso occhi che rasserenano il cuore e l'anima. Le risposte sono libere come le maree.<\/p>","protected":false},"excerpt":{"rendered":"<p>Cast a spell of calm with BQeye&#8217;s ELF Blue colored contact lenses, crafted by lens magicians. Our serene azure and sapphire swirl awakens eyes like glimpsing tranquil ocean depths. More than mere blue, ELF infuses aqua and periwinkle glints &#8211; glimpses of coral souls amid rolling tides. These specialized colored contact lenses enhance natural beauty [&#8230;]\n","protected":false},"featured_media":970,"comment_status":"open","ping_status":"closed","template":"","meta":[],"product_brand":[],"product_cat":[217,92,75,96,98],"product_tag":[],"class_list":{"0":"post-962","1":"product","2":"type-product","3":"status-publish","4":"has-post-thumbnail","6":"product_cat-elf","7":"product_cat-14-5-mm","8":"product_cat-blue-contact-lenses","9":"product_cat-non-prescription","10":"product_cat-yearly-disposable","12":"first","13":"instock","14":"sale","15":"shipping-taxable","16":"purchasable","17":"product-type-variable","18":"has-default-attributes"},"_links":{"self":[{"href":"https:\/\/bqeye.com\/it\/wp-json\/wp\/v2\/product\/962","targetHints":{"allow":["GET"]}}],"collection":[{"href":"https:\/\/bqeye.com\/it\/wp-json\/wp\/v2\/product"}],"about":[{"href":"https:\/\/bqeye.com\/it\/wp-json\/wp\/v2\/types\/product"}],"replies":[{"embeddable":true,"href":"https:\/\/bqeye.com\/it\/wp-json\/wp\/v2\/comments?post=962"}],"wp:featuredmedia":[{"embeddable":true,"href":"https:\/\/bqeye.com\/it\/wp-json\/wp\/v2\/media\/970"}],"wp:attachment":[{"href":"https:\/\/bqeye.com\/it\/wp-json\/wp\/v2\/media?parent=962"}],"wp:term":[{"taxonomy":"product_brand","embeddable":true,"href":"https:\/\/bqeye.com\/it\/wp-json\/wp\/v2\/product_brand?post=962"},{"taxonomy":"product_cat","embeddable":true,"href":"https:\/\/bqeye.com\/it\/wp-json\/wp\/v2\/product_cat?post=962"},{"taxonomy":"product_tag","embeddable":true,"href":"https:\/\/bqeye.com\/it\/wp-json\/wp\/v2\/product_tag?post=962"}],"curies":[{"name":"wp","href":"https:\/\/api.w.org\/{rel}","templated":true}]}}