{"id":2029,"date":"2025-01-08T20:39:23","date_gmt":"2025-01-08T12:39:23","guid":{"rendered":"https:\/\/bqeye.com\/?post_type=product&#038;p=2029"},"modified":"2025-01-08T20:40:21","modified_gmt":"2025-01-08T12:40:21","slug":"camden-rose-grey-contact-lenses","status":"publish","type":"product","link":"https:\/\/bqeye.com\/nl\/camden-rose-grey-contact-lenses\/","title":{"rendered":"Camden Rose-Grey contactlenzen"},"content":{"rendered":"<h1 class=\"md-end-block md-heading\"><span class=\"md-plain md-expand\">Camden Rose-Grey contactlenzen: Alternatieve rand ontmoet Britse romantiek \ud83c\udf39<\/span><\/h1>\n<h2 class=\"md-end-block md-heading\"><span class=\"md-plain\">Ontwerpinspiratie &amp; kleurverhaal<\/span><\/h2>\n<p class=\"md-end-block md-p\"><span class=\"md-plain\">Deze <\/span><span class=\"md-pair-s\"><strong><span class=\"md-plain\">Camden Rose-Grey contactlenzen<\/span><\/strong><\/span><span class=\"md-plain\"> leggen de essentie van de meest eclectische buurt van Londen vast. Elke lens heeft een unieke mix van stoffige roze en industri\u00eble grijstinten, ge\u00efnspireerd door de iconische marktkraampjes en punkerfenis van Camden. Het ontwerp cre\u00ebert een perfecte samensmelting van alternatieve cultuur en vintage charme en weerspiegelt de creatieve geest van de buurt.<\/span><\/p>\n<h2 class=\"md-end-block md-heading\"><span class=\"md-plain\">Influencer beoordelingen<\/span><\/h2>\n<p class=\"md-end-block md-p\"><span class=\"md-plain\">@LondonEdge (1,3M volgers): \"Deze <\/span><span class=\"md-pair-s\"><strong><span class=\"md-plain\">Camden Rose-Grey contactlenzen<\/span><\/strong><\/span><span class=\"md-plain\"> zijn onmisbaar voor mijn fotoshoots op de vintage markt - absoluut prachtig bij mijn punk-ge\u00efnspireerde looks! \ud83c\udfb8\"<\/span><\/p>\n<p class=\"md-end-block md-p\"><span class=\"md-plain\">@AlternativeFashion (920K volgers): \"De <\/span><span class=\"md-pair-s\"><strong><span class=\"md-plain\">Camden Rose-Grey contactlens<\/span><\/strong><\/span><span class=\"md-plain\"> geeft me die perfecte balans van rand en romantiek bij underground optredens! \u2728\"<\/span><\/p>\n<p class=\"md-end-block md-p\"><span class=\"md-plain\">@VintageLondon (850K volgers): \"Voor mijn muziekfestivallooks zijn deze <\/span><span class=\"md-pair-s\"><strong><span class=\"md-plain\">Roze-grijze lenzen<\/span><\/strong><\/span><span class=\"md-plain\"> zijn pure Camden-magie - hebben mijn stijl helemaal veranderd! \ud83c\udfaa\"<\/span><\/p>\n<h2 class=\"md-end-block md-heading\"><span class=\"md-plain\">Ervaringen van echte klanten<\/span><\/h2>\n<p class=\"md-end-block md-p\"><span class=\"md-plain\">\"Deze <\/span><span class=\"md-pair-s\"><strong><span class=\"md-plain\">Camden Rose-Grey contactlenzen<\/span><\/strong><\/span><span class=\"md-plain\"> voel ik me geweldig tijdens mijn DJ-sets in alternatieve clubs! \ud83c\udfa7\"<\/span><\/p>\n<p class=\"md-end-block md-p\"><span class=\"md-plain\">\"De <\/span><span class=\"md-pair-s\"><strong><span class=\"md-plain\">Roze-grijze contactlens<\/span><\/strong><\/span><span class=\"md-plain\"> Perfecte aanvulling op mijn vintage vondsten van de Lock-markten! \ud83d\udecd\ufe0f\"<\/span><\/p>\n<p class=\"md-end-block md-p\"><span class=\"md-plain\">\"Geweldig hoe deze <\/span><span class=\"md-pair-s\"><strong><span class=\"md-plain\">Roze-grijze lenzen<\/span><\/strong><\/span><span class=\"md-plain\"> mijn kijk op optredens van indiebands verbeteren - pure Camden-vibes! \ud83c\udfb8\"<\/span><\/p>\n<h2 class=\"md-end-block md-heading\"><span class=\"md-plain\">Perfecte gelegenheden<\/span><\/h2>\n<h3 class=\"md-end-block md-heading\"><span class=\"md-plain\">Alternatieve evenementen<\/span><\/h3>\n<ul class=\"ul-list\" data-mark=\"-\">\n<li class=\"md-list-item\">\n<p class=\"md-end-block md-p\"><span class=\"md-plain\">Muziekfestivals<\/span><\/p>\n<\/li>\n<li class=\"md-list-item\">\n<p class=\"md-end-block md-p\"><span class=\"md-plain\">Ondergrondse optredens<\/span><\/p>\n<\/li>\n<li class=\"md-list-item\">\n<p class=\"md-end-block md-p\"><span class=\"md-plain\">Vintage markten<\/span><\/p>\n<\/li>\n<\/ul>\n<h3 class=\"md-end-block md-heading\"><span class=\"md-plain\">Stedelijke avonturen<\/span><\/h3>\n<ul class=\"ul-list\" data-mark=\"-\">\n<li class=\"md-list-item\">\n<p class=\"md-end-block md-p\"><span class=\"md-plain\">Straatoptredens<\/span><\/p>\n<\/li>\n<li class=\"md-list-item\">\n<p class=\"md-end-block md-p\"><span class=\"md-plain\">Kunsttentoonstellingen<\/span><\/p>\n<\/li>\n<li class=\"md-list-item\">\n<p class=\"md-end-block md-p\"><span class=\"md-plain\">Rondkijken op de markt<\/span><\/p>\n<\/li>\n<\/ul>\n<h2 class=\"md-end-block md-heading\"><span class=\"md-plain\">Make-up koppelgids<\/span><\/h2>\n<h3 class=\"md-end-block md-heading\"><span class=\"md-plain\">Alternatieve daglook<\/span><\/h3>\n<ul class=\"ul-list\" data-mark=\"-\">\n<li class=\"md-list-item\">\n<p class=\"md-end-block md-p\"><span class=\"md-plain\">Een vochtige huid<\/span><\/p>\n<\/li>\n<li class=\"md-list-item\">\n<p class=\"md-end-block md-p\"><span class=\"md-plain\">Smokey ondertonen<\/span><\/p>\n<\/li>\n<li class=\"md-list-item\">\n<p class=\"md-end-block md-p\"><span class=\"md-plain\">Vette wenkbrauwen<\/span><\/p>\n<\/li>\n<\/ul>\n<h3 class=\"md-end-block md-heading\"><span class=\"md-plain\">Avondrand<\/span><\/h3>\n<ul class=\"ul-list\" data-mark=\"-\">\n<li class=\"md-list-item\">\n<p class=\"md-end-block md-p\"><span class=\"md-plain\">Porseleinen afwerking<\/span><\/p>\n<\/li>\n<li class=\"md-list-item\">\n<p class=\"md-end-block md-p\"><span class=\"md-plain\">Op rotsen ge\u00efnspireerde ogen<\/span><\/p>\n<\/li>\n<li class=\"md-list-item\">\n<p class=\"md-end-block md-p\"><span class=\"md-plain\">Diep roze lippen<\/span><\/p>\n<\/li>\n<\/ul>\n<h2 class=\"md-end-block md-heading\"><span class=\"md-plain\">Stijl Co\u00f6rdinatie<\/span><\/h2>\n<h3 class=\"md-end-block md-heading\"><span class=\"md-plain\">Kleding Kleuren<\/span><\/h3>\n<ul class=\"ul-list\" data-mark=\"-\">\n<li class=\"md-list-item\">\n<p class=\"md-end-block md-p\"><span class=\"md-plain\">Vintage zwart<\/span><\/p>\n<\/li>\n<li class=\"md-list-item\">\n<p class=\"md-end-block md-p\"><span class=\"md-plain\">Stoffige roos<\/span><\/p>\n<\/li>\n<li class=\"md-list-item\">\n<p class=\"md-end-block md-p\"><span class=\"md-plain\">Industrieel grijs<\/span><\/p>\n<\/li>\n<li class=\"md-list-item\">\n<p class=\"md-end-block md-p\"><span class=\"md-plain\">Punk rood<\/span><\/p>\n<\/li>\n<\/ul>\n<h3 class=\"md-end-block md-heading\"><span class=\"md-plain\">Accessoires<\/span><\/h3>\n<ul class=\"ul-list\" data-mark=\"-\">\n<li class=\"md-list-item\">\n<p class=\"md-end-block md-p\"><span class=\"md-plain\">Alternatieve sieraden<\/span><\/p>\n<\/li>\n<li class=\"md-list-item\">\n<p class=\"md-end-block md-p\"><span class=\"md-plain\">Vintage sjaals<\/span><\/p>\n<\/li>\n<li class=\"md-list-item\">\n<p class=\"md-end-block md-p\"><span class=\"md-plain\">Details van leer<\/span><\/p>\n<\/li>\n<\/ul>\n<h3 class=\"md-end-block md-heading\"><span class=\"md-plain\">Stijltips voor het seizoen<\/span><\/h3>\n<ul class=\"ul-list\" data-mark=\"-\">\n<li class=\"md-list-item\">\n<p class=\"md-end-block md-p\"><span class=\"md-plain\">Lente\/Zomer: Combineer met vintage bloemen en distressed denim<\/span><\/p>\n<\/li>\n<li class=\"md-list-item\">\n<p class=\"md-end-block md-p\"><span class=\"md-plain\">Herfst\/Winter: Laagjes leer en romantisch kant<\/span><\/p>\n<\/li>\n<\/ul>\n<h2 class=\"md-end-block md-heading\"><span class=\"md-plain\">Comfort en veiligheid<\/span><\/h2>\n<p class=\"md-end-block md-p\"><span class=\"md-plain\">De <\/span><span class=\"md-pair-s\"><strong><span class=\"md-plain\">Camden Rose-Grey contactlenzen<\/span><\/strong><\/span><span class=\"md-plain\"> zijn CE- en FDA-gecertificeerd, ontworpen voor comfort tijdens je alternatieve avonturen. De geavanceerde vochttechnologie zorgt voor blijvende frisheid tijdens je Camden-verkenningen.<\/span><\/p>\n<p class=\"md-end-block md-p md-focus\"><span class=\"md-plain\">Druk je unieke stijl uit met <\/span><span class=\"md-pair-s\"><strong><span class=\"md-plain\">Camden Rose-Grey contactlenzen<\/span><\/strong><\/span><span class=\"md-plain md-expand\"> - Waar alternatieve cultuur vintage romantiek ontmoet!<\/span><\/p>","protected":false},"excerpt":{"rendered":"<p>Camden Rose-Grey Contact Lenses: Alternative Edge Meets British Romance \ud83c\udf39 Design Inspiration &amp; Color Story These Camden Rose-Grey Contact Lenses capture the essence of London&#8217;s most eclectic neighborhood. Each lens features a unique blend of dusty rose and industrial grey tones, inspired by Camden&#8217;s iconic market stalls and punk heritage. The design creates a perfect [&#8230;]\n","protected":false},"featured_media":2031,"comment_status":"open","ping_status":"closed","template":"","meta":[],"product_brand":[],"product_cat":[74,91,188,81,98],"product_tag":[],"class_list":{"0":"post-2029","1":"product","2":"type-product","3":"status-publish","4":"has-post-thumbnail","6":"product_cat-pink-contact-lenses","7":"product_cat-14-2-mm","8":"product_cat-dream-contacts","9":"product_cat-grey-contact-lenses","10":"product_cat-yearly-disposable","12":"first","13":"instock","14":"sale","15":"shipping-taxable","16":"purchasable","17":"product-type-variable","18":"has-default-attributes"},"_links":{"self":[{"href":"https:\/\/bqeye.com\/nl\/wp-json\/wp\/v2\/product\/2029","targetHints":{"allow":["GET"]}}],"collection":[{"href":"https:\/\/bqeye.com\/nl\/wp-json\/wp\/v2\/product"}],"about":[{"href":"https:\/\/bqeye.com\/nl\/wp-json\/wp\/v2\/types\/product"}],"replies":[{"embeddable":true,"href":"https:\/\/bqeye.com\/nl\/wp-json\/wp\/v2\/comments?post=2029"}],"wp:featuredmedia":[{"embeddable":true,"href":"https:\/\/bqeye.com\/nl\/wp-json\/wp\/v2\/media\/2031"}],"wp:attachment":[{"href":"https:\/\/bqeye.com\/nl\/wp-json\/wp\/v2\/media?parent=2029"}],"wp:term":[{"taxonomy":"product_brand","embeddable":true,"href":"https:\/\/bqeye.com\/nl\/wp-json\/wp\/v2\/product_brand?post=2029"},{"taxonomy":"product_cat","embeddable":true,"href":"https:\/\/bqeye.com\/nl\/wp-json\/wp\/v2\/product_cat?post=2029"},{"taxonomy":"product_tag","embeddable":true,"href":"https:\/\/bqeye.com\/nl\/wp-json\/wp\/v2\/product_tag?post=2029"}],"curies":[{"name":"wp","href":"https:\/\/api.w.org\/{rel}","templated":true}]}}