{"id":328,"date":"2023-09-07T12:23:58","date_gmt":"2023-09-07T12:23:58","guid":{"rendered":"https:\/\/bqeye.com\/?page_id=328"},"modified":"2023-12-10T06:22:04","modified_gmt":"2023-12-10T06:22:04","slug":"about-us","status":"publish","type":"page","link":"https:\/\/bqeye.com\/pl\/about-us\/","title":{"rendered":"O nas"},"content":{"rendered":"<h3 class=\"md-end-block md-heading\"><span class=\"md-plain md-expand\">Nasza historia<\/span><\/h3>\n<p class=\"md-end-block md-p md-focus\"><span class=\"md-plain md-expand\">M\u00f3wi si\u0119, \u017ce oczy s\u0105 oknem na dusz\u0119. Jednak przez zbyt d\u0142ugi czas firmy produkuj\u0105ce soczewki kontaktowe ogranicza\u0142y to, co mo\u017cemy przez nie zobaczy\u0107. Duzi gracze zdominowali bran\u017c\u0119, przep\u0142acaj\u0105c za podstawowe przezroczyste soczewki i ignoruj\u0105c zapotrzebowanie konsument\u00f3w na wi\u0119cej opcji. Sprawili, \u017ce soczewki kontaktowe sta\u0142y si\u0119 nijakim towarem, a nie ekscytuj\u0105c\u0105 szans\u0105 na wyra\u017cenie siebie.<\/span><\/p>\n<p class=\"md-end-block md-p\"><span class=\"md-plain\">Za\u0142o\u017cyli\u015bmy nasz\u0105 firm\u0119, aby rozbi\u0107 te rozmazane okna i wprowadzi\u0107 troch\u0119 koloru do \u015bwiata soczewek kontaktowych.<\/span><\/p>\n<h3 class=\"md-end-block md-heading\"><span class=\"md-plain\">Kim jeste\u015bmy<\/span><\/h3>\n<p class=\"md-end-block md-p\"><span class=\"md-plain\">Jestem Alex, a ja Alice. Jeste\u015bmy rodze\u0144stwem, przedsi\u0119biorcami, a przede wszystkim niez\u0142omnymi optymistami.<\/span><\/p>\n<p class=\"md-end-block md-p\"><span class=\"md-plain\">Dorastaj\u0105c, oboje zmagali\u015bmy si\u0119 z problemami ze wzrokiem, kt\u00f3re wymaga\u0142y noszenia okular\u00f3w lub kontakt\u00f3w od najm\u0142odszych lat. Jako nastolatki zaoszcz\u0119dzi\u0142y\u015bmy pieni\u0105dze na zakup kolorowych soczewek, kt\u00f3re pozwoli\u0142y nam zmieni\u0107 kolor oczu dla zabawy. Zdali\u015bmy sobie wtedy spraw\u0119, jak wielk\u0105 przemian\u0105 jest zmiana nawet niewielkiego szczeg\u00f3\u0142u naszego wygl\u0105du.<\/span><\/p>\n<p class=\"md-end-block md-p\"><span class=\"md-plain\">P\u00f3\u017aniej na studiach cz\u0119sto rozmawiali\u015bmy o za\u0142o\u017ceniu kiedy\u015b razem firmy. Pewnego wieczoru podczas kolacji pojawi\u0142a si\u0119 iskra, kt\u00f3ra doprowadzi\u0142a do naszego obecnego przedsi\u0119wzi\u0119cia. Narzekali\u015bmy na rosn\u0105ce koszty soczewek kontaktowych i brak innowacji ze strony du\u017cych producent\u00f3w. Wtedy wpadli\u015bmy na pomys\u0142: uruchomi\u0107 kolorow\u0105, niedrog\u0105 firm\u0119 produkuj\u0105c\u0105 soczewki kontaktowe, kt\u00f3ra umo\u017cliwi ludziom wyra\u017canie siebie, a nie tylko poprawianie wzroku.<\/span><\/p>\n<p class=\"md-end-block md-p\"><span class=\"md-plain\">Wiedzieli\u015bmy, \u017ce nie b\u0119dzie \u0142atwo przebi\u0107 si\u0119 przez oligopol bran\u017cy soczewek kontaktowych. Byli\u015bmy jednak zdeterminowani, aby przynie\u015b\u0107 konsumentom zmiany, kreatywno\u015b\u0107 i oszcz\u0119dno\u015bci. Opracowali\u015bmy wi\u0119c plan, skontaktowali\u015bmy si\u0119 z partnerami produkcyjnymi i zrobili\u015bmy krok w kierunku przedsi\u0119biorczo\u015bci.<\/span><\/p>\n<h3 class=\"md-end-block md-heading\"><span class=\"md-plain\">Dlaczego kolorowe soczewki?<\/span><\/h3>\n<p class=\"md-end-block md-p\"><span class=\"md-plain\">Kolorowe soczewki kontaktowe pozwalaj\u0105 w jednej chwili odmieni\u0107 sw\u00f3j wygl\u0105d. Chcesz wypr\u00f3bowa\u0107 dramatyczn\u0105 zmian\u0119 koloru oczu? Zmie\u0144 kolor z br\u0105zowego na niebieski w mgnieniu oka. Masz ochot\u0119 na kocie oczy na bal przebiera\u0144c\u00f3w? Teraz mo\u017cesz to zrobi\u0107 dzi\u0119ki kolorowym soczewkom.<\/span><\/p>\n<p class=\"md-end-block md-p\"><span class=\"md-plain\">Poza czynnikiem zabawy, kolorowe soczewki kontaktowe s\u0105 r\u00f3wnie\u017c atrakcyjne dla os\u00f3b poszukuj\u0105cych subtelnego podkre\u015blenia naturalnego koloru oczu. Na przyk\u0142ad rozja\u015bnienie ciemnobr\u0105zowego do miodowego odcienia lub dodanie pier\u015bcienia na wargach, aby niebieskie oczy sta\u0142y si\u0119 bardziej wyraziste.<\/span><\/p>\n<p class=\"md-end-block md-p\"><span class=\"md-plain\">Przypadki u\u017cycia wykraczaj\u0105 daleko poza atrakcyjno\u015b\u0107 kosmetyczn\u0105. Kolorowe soczewki kontaktowe umo\u017cliwiaj\u0105 zastosowania medyczne, takie jak protetyka oka. Mog\u0105 r\u00f3wnie\u017c zapewnia\u0107 ochron\u0119 oczu przed promieniowaniem UV, je\u015bli s\u0105 wyposa\u017cone w filtry ochronne.<\/span><\/p>\n<p class=\"md-end-block md-p\"><span class=\"md-plain\">Og\u00f3lnie rzecz bior\u0105c, opcje kolor\u00f3w soczewek kontaktowych umo\u017cliwiaj\u0105 wyra\u017canie siebie, zwi\u0119kszaj\u0105 pewno\u015b\u0107 siebie, zaspokajaj\u0105 potrzeby medyczne i rozszerzaj\u0105 definicj\u0119 pi\u0119kna. Mo\u017cliwo\u015bci s\u0105 nieograniczone, gdy postrzegasz soczewki kontaktowe jako akcesorium kosmetyczne, a nie tylko urz\u0105dzenie medyczne.<\/span><\/p>\n<h3 class=\"md-end-block md-heading\"><span class=\"md-plain\">Dlaczego teraz?<\/span><\/h3>\n<p class=\"md-end-block md-p\"><span class=\"md-plain\">Post\u0119py w technologii i produkcji soczewek kontaktowych sprawiaj\u0105, \u017ce jest to idealny czas na wprowadzenie naszej kolorowej wizji.<\/span><\/p>\n<p class=\"md-end-block md-p\"><span class=\"md-plain\">Kiedy zacz\u0119li\u015bmy zag\u0142\u0119bia\u0107 si\u0119 w bran\u017c\u0119 soczewek kontaktowych, znale\u017ali\u015bmy bia\u0142\u0105 plam\u0119 na rynku. Dost\u0119pne produkty by\u0142y przestarza\u0142e i ma\u0142o inspiruj\u0105ce. Bezbarwne soczewki korekcyjne zdominowa\u0142y rynek, podczas gdy soczewki kolorowe s\u0105 traktowane jako niszowa nowo\u015b\u0107.<\/span><\/p>\n<p class=\"md-end-block md-p\"><span class=\"md-plain\">Popyt na kolor i wyra\u017canie siebie jest jednak silny. W przeprowadzonej przez nas ankiecie w\u015br\u00f3d os\u00f3b w wieku 18-35 lat, ponad 85% stwierdzi\u0142o, \u017ce by\u0142oby zainteresowanych kolorowymi soczewkami kontaktowymi, gdyby ich cena by\u0142a por\u00f3wnywalna do soczewek bezbarwnych. Dodatkowo, 72% chcia\u0142o bardziej dramatycznych opcji kolorystycznych, wykraczaj\u0105cych poza zwyk\u0142e podkre\u015blenie naturalnego koloru oczu.<\/span><\/p>\n<p class=\"md-end-block md-p\"><span class=\"md-plain\">Ten rozd\u017awi\u0119k mi\u0119dzy popytem konsument\u00f3w a brakiem wysokiej jako\u015bci, przyst\u0119pnych cenowo soczewek kolorowych stanowi ogromn\u0105 szans\u0119. Dzi\u0119ki najnowszym osi\u0105gni\u0119ciom w dziedzinie materia\u0142oznawstwa i metod produkcji soczewek, mo\u017cemy teraz oferowa\u0107 trwa\u0142e, \u017cywe soczewki kolorowe bezpo\u015brednio konsumentom w prze\u0142omowych cenach. Technologia w ko\u0144cu dogoni\u0142a ludzkie pragnienia.<\/span><\/p>\n<h3 class=\"md-end-block md-heading\"><span class=\"md-plain\">Nasza wizja<\/span><\/h3>\n<p class=\"md-end-block md-p\"><span class=\"md-plain\">Wyobra\u017camy sobie przysz\u0142o\u015b\u0107, w kt\u00f3rej kolorowe soczewki kontaktowe s\u0105 zabawnym, dost\u0119pnym sposobem na zmian\u0119 wygl\u0105du, a nie rzadko u\u017cywanym przedmiotem specjalnym.<\/span><\/p>\n<p class=\"md-end-block md-p\"><span class=\"md-plain\">Prawie jak makija\u017c dla oczu, nasze kolorowe soczewki kontaktowe umo\u017cliwi\u0105 wyra\u017canie siebie i eksploracj\u0119. Chcemy pom\u00f3c Ci poczu\u0107 si\u0119 pewnie i komfortowo, pr\u00f3buj\u0105c nowych kolor\u00f3w, wiedz\u0105c, \u017ce nasze soczewki s\u0105 wysokiej jako\u015bci i niedrogie.<\/span><\/p>\n<p class=\"md-end-block md-p\"><span class=\"md-plain\">Niezale\u017cnie od tego, czy chcesz dokona\u0107 subtelnej zmiany, czy naprawd\u0119 wyr\u00f3\u017cni\u0107 si\u0119 w t\u0142umie, nasze soczewki umo\u017cliwiaj\u0105 to wszystko. Oferujemy najszerszy wyb\u00f3r kolor\u00f3w na rynku, z egzotycznymi opcjami znacznie wykraczaj\u0105cymi poza zwyk\u0142e br\u0105zy, b\u0142\u0119kity, zielenie i szaro\u015bci. M\u00f3wimy o bogatych metalicznych, pastelowych, a nawet wzorzystych wzorach.<\/span><\/p>\n<p class=\"md-end-block md-p\"><span class=\"md-plain\">Rozszerzaj\u0105c palet\u0119 kolor\u00f3w, zamierzamy r\u00f3wnie\u017c znacznie obni\u017cy\u0107 koszty. Nasz model biznesowy skierowany bezpo\u015brednio do konsumenta zapewnia oszcz\u0119dno\u015bci do 75% w por\u00f3wnaniu z tradycyjnymi markami soczewek kontaktowych. Wyobra\u017camy sobie dzie\u0144, w kt\u00f3rym ekscytuj\u0105ce soczewki kolorowe b\u0119d\u0105 kosztowa\u0107 mniej wi\u0119cej tyle samo, co zwyk\u0142e soczewki bezbarwne, co sprawi, \u017ce b\u0119d\u0105 one \u0142atwym, regularnym zakupem, a nie wydatkiem.<\/span><\/p>\n<p class=\"md-end-block md-p\"><span class=\"md-plain\">W trakcie naszego szybkiego rozwoju nigdy nie tracimy z oczu naszego zaanga\u017cowania w jako\u015b\u0107. Wszystkie nasze soczewki s\u0105 produkowane w najnowocze\u015bniejszych zak\u0142adach i przechodz\u0105 rygorystyczne testy bezpiecze\u0144stwa. Poniewa\u017c zdrowie oczu nigdy nie powinno by\u0107 po\u015bwi\u0119cane w pogoni za stylem.<\/span><\/p>\n<p class=\"md-end-block md-p\"><span class=\"md-plain\">Podsumowuj\u0105c, nasz\u0105 wizj\u0105 jest \u015bwiat, w kt\u00f3rym kolorowe kontakty s\u0105:<\/span><\/p>\n<p class=\"md-end-block md-p\">-<span class=\"md-plain\"> Dost\u0119pno\u015b\u0107 - przyst\u0119pne ceny, \u0142atwe zamawianie online<\/span><\/p>\n<p class=\"md-end-block md-p\">-<span class=\"md-plain\"> Wysoka jako\u015b\u0107 - rygorystycznie testowane pod k\u0105tem bezpiecze\u0144stwa i trwa\u0142o\u015bci<\/span><\/p>\n<p class=\"md-end-block md-p\">-<span class=\"md-plain\"> On Trend - style, kt\u00f3re przewiduj\u0105 i przewodz\u0105 rynkom<\/span><\/p>\n<p class=\"md-end-block md-p\">-<span class=\"md-plain\"> Empowering - zabawny spos\u00f3b na zmian\u0119 wygl\u0105du na w\u0142asnych warunkach<\/span><\/p>\n<p class=\"md-end-block md-p\"><span class=\"md-plain\">Nasze dotychczasowe post\u0119py<\/span><\/p>\n<p class=\"md-end-block md-p\"><span class=\"md-plain\">W ci\u0105gu ostatnich dw\u00f3ch lat niestrudzenie pracowali\u015bmy nad urzeczywistnieniem naszej wizji:<\/span><\/p>\n<p class=\"md-end-block md-p\">-<span class=\"md-plain\"> Nawi\u0105zali\u015bmy wsp\u00f3\u0142prac\u0119 z najlepszymi \u015bwiatowymi producentami soczewek kontaktowych, aby produkowa\u0107 nasze portfolio soczewek jednodniowych, wielotygodniowych i protetycznych soczewek do efekt\u00f3w specjalnych.<\/span><\/p>\n<p class=\"md-end-block md-p\">-<span class=\"md-plain\"> Zatrudnili\u015bmy renomowanych okulist\u00f3w i in\u017cynier\u00f3w produktu, aby konsultowali nasze formu\u0142y soczewek, testy bezpiecze\u0144stwa i produkcj\u0119.<\/span><\/p>\n<p class=\"md-end-block md-p\">-<span class=\"md-plain\"> Pozyskali\u015bmy wysokiej jako\u015bci materia\u0142y, takie jak opatentowane polimery zmieniaj\u0105ce kolor i niestandardowe pigmenty zapewniaj\u0105ce \u017cywe, trwa\u0142e kolory.<\/span><\/p>\n<p class=\"md-end-block md-p\">-<span class=\"md-plain\"> Udoskonalili\u015bmy nasze operacje e-commerce skierowane bezpo\u015brednio do konsument\u00f3w, umo\u017cliwiaj\u0105c klientom \u0142atwy wyb\u00f3r, personalizacj\u0119 i zamawianie soczewek online.<\/span><\/p>\n<p class=\"md-end-block md-p\">-<span class=\"md-plain\"> Opracowali\u015bmy prze\u0142omowe techniki szybkiego i wydajnego wytwarzania ma\u0142ych partii nowych wzor\u00f3w kolorystycznych w odpowiedzi na opinie konsument\u00f3w. Ta elastyczno\u015b\u0107 sprawia, \u017ce nasze style s\u0105 \u015bwie\u017ce i ekscytuj\u0105ce.<\/span><\/p>\n<p class=\"md-end-block md-p\">-<span class=\"md-plain\"> Stworzyli\u015bmy \u015bwiatowej klasy centrum realizacji zam\u00f3wie\u0144, aby wysy\u0142a\u0107 soczewki bezpo\u015brednio do klient\u00f3w w minimalnym czasie.<\/span><\/p>\n<p class=\"md-end-block md-p\">-<span class=\"md-plain\"> Powi\u0119kszyli\u015bmy nasz zesp\u00f3\u0142 do ponad 50 pe\u0142nych pasji pracownik\u00f3w zajmuj\u0105cych si\u0119 technologi\u0105, marketingiem, operacjami i zaanga\u017cowaniem spo\u0142eczno\u015bci.<\/span><\/p>\n<p class=\"md-end-block md-p\">-<span class=\"md-plain\"> Pomy\u015blnie zamkn\u0119li\u015bmy rund\u0119 finansowania serii A o warto\u015bci $7 milion\u00f3w, aby wesprze\u0107 nasze plany ekspansji.<\/span><\/p>\n<p class=\"md-end-block md-p\">-<span class=\"md-plain\"> Co najwa\u017cniejsze, 6 miesi\u0119cy temu uruchomili\u015bmy nasz sklep internetowy. Od tego czasu ponad 20 000 klient\u00f3w odkry\u0142o rado\u015b\u0107, pewno\u015b\u0107 siebie i wolno\u015b\u0107, jakie daj\u0105 nasze kolorowe soczewki kontaktowe.<\/span><\/p>\n<p class=\"md-end-block md-p\"><span class=\"md-plain\">To dopiero pocz\u0105tek. W nast\u0119pnej fazie rozwoju b\u0119dziemy:<\/span><\/p>\n<p class=\"md-end-block md-p\">-<span class=\"md-plain\"> Zwi\u0119ksz nasze portfolio kolor\u00f3w ze 100 opcji do ponad 500.<\/span><\/p>\n<p class=\"md-end-block md-p\">-<span class=\"md-plain\"> Ekspansja mi\u0119dzynarodowa w celu obs\u0142ugi klient\u00f3w w ponad 15 krajach.<\/span><\/p>\n<p class=\"md-end-block md-p\">-<span class=\"md-plain\"> Rozwi\u0144 nasz\u0105 spo\u0142eczno\u015b\u0107 do ponad 500 000 klient\u00f3w kolorowych soczewek kontaktowych.<\/span><\/p>\n<p class=\"md-end-block md-p\">-<span class=\"md-plain\"> Obni\u017cenie koszt\u00f3w o dodatkowe 20% i przeniesienie oszcz\u0119dno\u015bci na klient\u00f3w.<\/span><\/p>\n<p class=\"md-end-block md-p\">-<span class=\"md-plain\"> Udoskonalenie naszych danych i mo\u017cliwo\u015bci analitycznych w celu zrozumienia zachowa\u0144 i preferencji kupuj\u0105cych.<\/span><\/p>\n<p class=\"md-end-block md-p\">-<span class=\"md-plain\"> Zainwestuj w nowe technologie, takie jak rzeczywisto\u015b\u0107 rozszerzona, aby poprawi\u0107 jako\u015b\u0107 zakup\u00f3w online.<\/span><\/p>\n<p class=\"md-end-block md-p\">-<span class=\"md-plain\"> Utrzymanie naszego zaanga\u017cowania w zr\u00f3wnowa\u017cony rozw\u00f3j poprzez przyjazne dla \u015brodowiska opakowania i produkcj\u0119.<\/span><\/p>\n<p class=\"md-end-block md-p\"><span class=\"md-plain\">Wiemy, \u017ce dzi\u0119ki Twojemu wsparciu zmienimy bran\u017c\u0119 soczewek kontaktowych i wprowadzimy do niej \u017cywio\u0142owo\u015b\u0107 i wyra\u017canie siebie. Do\u0142\u0105cz do nas w tej podr\u00f3\u017cy!<\/span><\/p>\n<h3 class=\"md-end-block md-heading\"><span class=\"md-plain\">Nasz zesp\u00f3\u0142<\/span><\/h3>\n<p class=\"md-end-block md-p\"><span class=\"md-plain\">Chocia\u017c Alex i ja za\u0142o\u017cyli\u015bmy firm\u0119, mamy teraz niesamowity zesp\u00f3\u0142 50 pracownik\u00f3w, kt\u00f3rzy realizuj\u0105 nasz\u0105 wizj\u0119 i wnosz\u0105 nieocenion\u0105 energi\u0119 i wiedz\u0119.<\/span><\/p>\n<p class=\"md-end-block md-p\"><span class=\"md-plain\">Nasz personel obejmuje:<\/span><\/p>\n<ul class=\"ul-list\" data-mark=\"-\">\n<li class=\"md-list-item\">\n<p class=\"md-end-block md-p\">-<span class=\"md-plain\"> Okuli\u015bci i optometry\u015bci: Zapewnienie, \u017ce nasze soczewki spe\u0142niaj\u0105 lub przewy\u017cszaj\u0105 bran\u017cowe standardy bezpiecze\u0144stwa<\/span><\/p>\n<\/li>\n<li class=\"md-list-item\">\n<p class=\"md-end-block md-p\">-<span class=\"md-plain\"> Chemicy zajmuj\u0105cy si\u0119 soczewkami kontaktowymi: Opracowywanie nowej generacji materia\u0142\u00f3w i pow\u0142ok zapewniaj\u0105cych komfort i trwa\u0142o\u015b\u0107<\/span><\/p>\n<\/li>\n<li class=\"md-list-item\">\n<p class=\"md-end-block md-p\">-<span class=\"md-plain\"> In\u017cynierowie produkcji: Nadzorowanie proces\u00f3w produkcyjnych i kontroli jako\u015bci<\/span><\/p>\n<\/li>\n<li class=\"md-list-item\">\n<p class=\"md-end-block md-p\">-<span class=\"md-plain\"> Guru eCommerce: Zarz\u0105dzanie sklepem internetowym i kompleksow\u0105 obs\u0142ug\u0105 klienta<\/span><\/p>\n<\/li>\n<li class=\"md-list-item\">\n<p class=\"md-end-block md-p\">-<span class=\"md-plain\"> Projektanci graficzni: Konceptualizacja modnych wzor\u00f3w i efekt\u00f3w kolorystycznych<\/span><\/p>\n<\/li>\n<li class=\"md-list-item\">\n<p class=\"md-end-block md-p\">-<span class=\"md-plain\"> Czarodzieje marketingu: Budowanie naszej spo\u0142eczno\u015bci i promowanie naszej misji<\/span><\/p>\n<\/li>\n<li class=\"md-list-item\">\n<p class=\"md-end-block md-p\">-<span class=\"md-plain\"> Ninja realizacji zam\u00f3wie\u0144: Zapewnienie szybkiej logistyki dostaw zam\u00f3wie\u0144<\/span><\/p>\n<\/li>\n<li class=\"md-list-item\">\n<p class=\"md-end-block md-p\">-<span class=\"md-plain\"> Rzecznicy obs\u0142ugi klienta: Zapewnienie wyj\u0105tkowego wsparcia przed i po zakupie<\/span><\/p>\n<\/li>\n<li class=\"md-list-item\">\n<p class=\"md-end-block md-p\">-<span class=\"md-plain\"> Profesjonali\u015bci od operacji biznesowych: Kierowanie finansami, HR, dzia\u0142em prawnym i innymi funkcjami operacyjnymi<\/span><\/p>\n<\/li>\n<\/ul>\n<p class=\"md-end-block md-p\"><span class=\"md-plain\">Nawi\u0105zali\u015bmy r\u00f3wnie\u017c wsp\u00f3\u0142prac\u0119 z influencerami i okulistami na ca\u0142ym \u015bwiecie, aby promowa\u0107 nasze produkty i pomaga\u0107 w edukacji na temat bezpiecznego korzystania z kolorowych soczewek kontaktowych.<\/span><\/p>\n<p class=\"md-end-block md-p\"><span class=\"md-plain\">Ten utalentowany zesp\u00f3\u0142 umo\u017cliwia nam wprowadzanie innowacji przy jednoczesnym odpowiedzialnym skalowaniu. Jeste\u015bmy bardzo wdzi\u0119czni za ich pasj\u0119 i talenty.<\/span><\/p>\n<h3 class=\"md-end-block md-heading\"><span class=\"md-plain\">Nasi partnerzy produkcyjni<\/span><\/h3>\n<p class=\"md-end-block md-p\"><span class=\"md-plain\">Aby wyprodukowa\u0107 nasze kolorowe soczewki kontaktowe nowej generacji, wsp\u00f3\u0142pracowali\u015bmy z trzema wiod\u0105cymi w bran\u017cy partnerami produkcyjnymi w USA, Europie i Azji.<\/span><\/p>\n<p class=\"md-end-block md-p\"><span class=\"md-plain\">Partnerzy ci zapewniaj\u0105 dost\u0119p do najnowocze\u015bniejszych obiekt\u00f3w, laboratori\u00f3w testuj\u0105cych bezpiecze\u0144stwo i wiedzy technicznej. Ich globalny zasi\u0119g pozwala nam skutecznie dostarcza\u0107 soczewki do klient\u00f3w na ca\u0142ym \u015bwiecie.<\/span><\/p>\n<p class=\"md-end-block md-p\"><span class=\"md-plain\">Utrzymujemy \u015bcis\u0142y nadz\u00f3r nad ca\u0142ym procesem produkcyjnym poprzez kontrole jako\u015bci na miejscu, audyty bezpiecze\u0144stwa i przydzielanie pracownik\u00f3w do ka\u017cdego zak\u0142adu. Takie praktyczne podej\u015bcie gwarantuje, \u017ce wszystkie soczewki spe\u0142niaj\u0105 nasze rygorystyczne standardy.<\/span><\/p>\n<p class=\"md-end-block md-p\"><span class=\"md-plain\">Nasze relacje produkcyjne pozwalaj\u0105 nam r\u00f3wnie\u017c zwinnie opracowywa\u0107 nowe kolory i zarz\u0105dza\u0107 skokami popytu. Mo\u017cemy szybko zwi\u0119kszy\u0107 produkcj\u0119 w r\u00f3\u017cnych regionach geograficznych. Ta elastyczno\u015b\u0107 pomaga nam pozosta\u0107 w czo\u0142\u00f3wce trend\u00f3w kolorowych soczewek kontaktowych.<\/span><\/p>\n<p class=\"md-end-block md-p\"><span class=\"md-plain\">Podczas gdy niekt\u00f3rzy konkurenci staraj\u0105 si\u0119 ukrywa\u0107 swoich partner\u00f3w produkcyjnych, my z dum\u0105 dzielimy si\u0119 tymi informacjami. Nasi klienci zas\u0142uguj\u0105 na to, by wiedzie\u0107, kto i gdzie produkuje ich soczewki. Zar\u00f3wno my, jak i nasi partnerzy przestrzegamy najwy\u017cszych standard\u00f3w etyki, jako\u015bci i przejrzysto\u015bci.<\/span><\/p>\n<h3 class=\"md-end-block md-heading\"><span class=\"md-plain\">Droga przed nami<\/span><\/h3>\n<p class=\"md-end-block md-p\"><span class=\"md-plain\">Poczynili\u015bmy ogromne post\u0119py od czasu naszego za\u0142o\u017cenia dwa lata temu. Ale tylko zarysowali\u015bmy powierzchni\u0119 tego, co jest mo\u017cliwe.<\/span><\/p>\n<p class=\"md-end-block md-p\"><span class=\"md-plain md-expand\">Patrz\u0105c w przysz\u0142o\u015b\u0107,<\/span><\/p>","protected":false},"excerpt":{"rendered":"<p>Our Story They say eyes are the window to the soul. But for too long, contact lens companies have limited what we can see through those windows. The big players dominate the industry, overcharging for basic clear lenses while ignoring consumer demand for more options. They\u2019ve turned contact lenses into a bland commodity, rather than [&#8230;]\n","protected":false},"author":1,"featured_media":0,"parent":0,"menu_order":0,"comment_status":"closed","ping_status":"closed","template":"","meta":{"footnotes":""},"class_list":["post-328","page","type-page","status-publish","hentry"],"_links":{"self":[{"href":"https:\/\/bqeye.com\/pl\/wp-json\/wp\/v2\/pages\/328","targetHints":{"allow":["GET"]}}],"collection":[{"href":"https:\/\/bqeye.com\/pl\/wp-json\/wp\/v2\/pages"}],"about":[{"href":"https:\/\/bqeye.com\/pl\/wp-json\/wp\/v2\/types\/page"}],"author":[{"embeddable":true,"href":"https:\/\/bqeye.com\/pl\/wp-json\/wp\/v2\/users\/1"}],"replies":[{"embeddable":true,"href":"https:\/\/bqeye.com\/pl\/wp-json\/wp\/v2\/comments?post=328"}],"version-history":[{"count":0,"href":"https:\/\/bqeye.com\/pl\/wp-json\/wp\/v2\/pages\/328\/revisions"}],"wp:attachment":[{"href":"https:\/\/bqeye.com\/pl\/wp-json\/wp\/v2\/media?parent=328"}],"curies":[{"name":"wp","href":"https:\/\/api.w.org\/{rel}","templated":true}]}}