{"id":525,"date":"2023-09-09T06:52:33","date_gmt":"2023-09-09T06:52:33","guid":{"rendered":"https:\/\/bqeye.com\/?page_id=525"},"modified":"2023-09-09T06:52:33","modified_gmt":"2023-09-09T06:52:33","slug":"track-my-order","status":"publish","type":"page","link":"https:\/\/bqeye.com\/pl\/track-my-order\/","title":{"rendered":"\u015aled\u017a moje zam\u00f3wienie"},"content":{"rendered":"<p>&nbsp;<\/p>\n<ol>\n<li>Sprawd\u017a numer \u015bledzenia ze skrzynki pocztowej wys\u0142anej przez <strong><span style=\"color: #003366;\"><a style=\"color: #003366;\" href=\"mailto:service@bqeye.com\">service@bqeye.com<\/a><\/span><\/strong> , sprawd\u017a r\u00f3wnie\u017c skrzynk\u0119 wiadomo\u015bci-\u015bmieci lub spamu.<\/li>\n<li>Odwied\u017a <strong><span style=\"color: #d83131;\"><em><a style=\"color: #d83131;\" href=\"https:\/\/724track.com\" target=\"_blank\" rel=\"noopener sponsored\">https:\/\/724track.com<\/a><\/em><\/span> <\/strong>i wprowad\u017a numer przesy\u0142ki, aby \u015bledzi\u0107 swoje zam\u00f3wienie.<\/li>\n<\/ol>\n<p>Je\u015bli nadal nie mo\u017cesz znale\u017a\u0107 \u017cadnej wiadomo\u015bci ani kodu \u015bledzenia, po prostu wy\u015blij wiadomo\u015b\u0107 na adres<strong> <a href=\"mailto:service@bqeye.com\"><span style=\"color: #003366;\">service@bqeye.com<\/span><\/a> <\/strong>podaj\u0105c numer zam\u00f3wienia lub adres e-mail, nasz zesp\u00f3\u0142 serwisowy pomo\u017ce Ci wyszuka\u0107 i przes\u0142a\u0107 link do \u015bledzenia. dzi\u0119ki!<\/p>\n<p style=\"text-align: center;\"><a href=\"https:\/\/724track.com\" target=\"_blank\" class=\"button success\" rel=\"noopener\" style=\"border-radius:10px;\">\n\t\t<span>\u015aled\u017a moje zam\u00f3wienie<\/span>\n\t<i class=\"icon-search\" aria-hidden=\"true\"><\/i><\/a>\n\n<p>&nbsp;<\/p>","protected":false},"excerpt":{"rendered":"<p>&nbsp; Check your tracking number from mailbox send by service@bqeye.com , also check Junk box or spam box. Visit https:\/\/724track.com and input your tracking number to track your order. If you still can&#8217;t find any mail or tracking code, just send mail to service@bqeye.com with your order number or your mail address, our service team [&#8230;]\n","protected":false},"author":1,"featured_media":0,"parent":0,"menu_order":0,"comment_status":"closed","ping_status":"closed","template":"","meta":{"footnotes":""},"class_list":["post-525","page","type-page","status-publish","hentry"],"_links":{"self":[{"href":"https:\/\/bqeye.com\/pl\/wp-json\/wp\/v2\/pages\/525","targetHints":{"allow":["GET"]}}],"collection":[{"href":"https:\/\/bqeye.com\/pl\/wp-json\/wp\/v2\/pages"}],"about":[{"href":"https:\/\/bqeye.com\/pl\/wp-json\/wp\/v2\/types\/page"}],"author":[{"embeddable":true,"href":"https:\/\/bqeye.com\/pl\/wp-json\/wp\/v2\/users\/1"}],"replies":[{"embeddable":true,"href":"https:\/\/bqeye.com\/pl\/wp-json\/wp\/v2\/comments?post=525"}],"version-history":[{"count":0,"href":"https:\/\/bqeye.com\/pl\/wp-json\/wp\/v2\/pages\/525\/revisions"}],"wp:attachment":[{"href":"https:\/\/bqeye.com\/pl\/wp-json\/wp\/v2\/media?parent=525"}],"curies":[{"name":"wp","href":"https:\/\/api.w.org\/{rel}","templated":true}]}}