{"id":685,"date":"2023-09-10T13:19:13","date_gmt":"2023-09-10T13:19:13","guid":{"rendered":"https:\/\/bqeye.com\/?page_id=685"},"modified":"2023-11-07T14:39:54","modified_gmt":"2023-11-07T14:39:54","slug":"contact-us","status":"publish","type":"page","link":"https:\/\/bqeye.com\/pl\/contact-us\/","title":{"rendered":"Skontaktuj si\u0119 z nami"},"content":{"rendered":"<p>Cenimy Twoj\u0105 opini\u0119 i jeste\u015bmy tutaj, aby Ci pom\u00f3c. Je\u015bli chcesz \u015bledzi\u0107 status swojej paczki, odwied\u017a nasz\u0105 dedykowan\u0105 stron\u0119 \u015bledzenia paczek pod adresem\u00a0<strong><a href=\"https:\/\/724track.com\/\" target=\"_blank\" rel=\"noopener\">https:\/\/724track.com<\/a><\/strong>. Platforma ta umo\u017cliwia wprowadzenie adresu e-mail i numeru \u015bledzenia w celu sprawdzenia statusu paczki. Czasami nasze numery \u015bledzenia paczek mog\u0105 zosta\u0107 oznaczone jako marketingowe i trafi\u0107 do folder\u00f3w spamu lub kosza.<\/p>\n<p>W przypadku pyta\u0144 dotycz\u0105cych codziennych zam\u00f3wie\u0144, obs\u0142ugi posprzeda\u017cnej lub jakiejkolwiek og\u00f3lnej pomocy, prosimy o kontakt za po\u015brednictwem poczty elektronicznej pod adresem\u00a0<strong><a href=\"mailto:service@bqeye.com\" target=\"_blank\" rel=\"noopener\">service@bqeye.com<\/a>.<\/strong><\/p>\n<p>Je\u015bli masz jakiekolwiek pytania dotycz\u0105ce wsp\u00f3\u0142pracy z influencerami lub mo\u017cliwo\u015bci partnerstwa, skontaktuj si\u0119 z nami pod adresem <strong><a href=\"mailto:cop@bqeye.com\" target=\"_blank\" rel=\"noopener\">ins@bqeye.com<\/a>.<\/strong><\/p>\n<p>Staramy si\u0119 odpowiada\u0107 na wszystkie zapytania w ci\u0105gu 24-48 godzin. Dzi\u0119kujemy za kontakt!<\/p>","protected":false},"excerpt":{"rendered":"<p>We value your feedback and are here to assist you. If you would like to track your package status, please visit our dedicated package tracking site at\u00a0https:\/\/724track.com. This platform allows you to input your email and tracking number to check the status of your package. Sometimes, our package tracking numbers may be flagged as marketing [&#8230;]\n","protected":false},"author":1,"featured_media":0,"parent":0,"menu_order":0,"comment_status":"closed","ping_status":"closed","template":"","meta":{"footnotes":""},"class_list":["post-685","page","type-page","status-publish","hentry"],"_links":{"self":[{"href":"https:\/\/bqeye.com\/pl\/wp-json\/wp\/v2\/pages\/685","targetHints":{"allow":["GET"]}}],"collection":[{"href":"https:\/\/bqeye.com\/pl\/wp-json\/wp\/v2\/pages"}],"about":[{"href":"https:\/\/bqeye.com\/pl\/wp-json\/wp\/v2\/types\/page"}],"author":[{"embeddable":true,"href":"https:\/\/bqeye.com\/pl\/wp-json\/wp\/v2\/users\/1"}],"replies":[{"embeddable":true,"href":"https:\/\/bqeye.com\/pl\/wp-json\/wp\/v2\/comments?post=685"}],"version-history":[{"count":0,"href":"https:\/\/bqeye.com\/pl\/wp-json\/wp\/v2\/pages\/685\/revisions"}],"wp:attachment":[{"href":"https:\/\/bqeye.com\/pl\/wp-json\/wp\/v2\/media?parent=685"}],"curies":[{"name":"wp","href":"https:\/\/api.w.org\/{rel}","templated":true}]}}