{"id":1001,"date":"2023-09-12T11:56:58","date_gmt":"2023-09-12T11:56:58","guid":{"rendered":"https:\/\/bqeye.com\/?post_type=product&#038;p=1001"},"modified":"2024-04-18T02:21:32","modified_gmt":"2024-04-18T02:21:32","slug":"bqeye-magnificent-antarctic-blue-colored-contact-lenses","status":"publish","type":"product","link":"https:\/\/bqeye.com\/pl\/bqeye-magnificent-antarctic-blue-colored-contact-lenses\/","title":{"rendered":"Kolorowe soczewki kontaktowe BQeye Magnificent Antarctic Blue"},"content":{"rendered":"<p>Obud\u017a oczy lodowatym blaskiem dzi\u0119ki kolorowym soczewkom kontaktowym BQeye Magnificent Antarctic Blue. Nasza ceruleanowa mieszanka barwinka, lazuru i kobaltu ods\u0142ania oczy pe\u0142ne zimowego blasku.<\/p>\n<p>Poza zwyk\u0142ym b\u0142\u0119kitem, Magnificent rozpala odcienie indygo i szafiru - przeb\u0142yski zorzy ta\u0144cz\u0105cej po\u015br\u00f3d gwiazd nocy polarnej. Te specjalistyczne kolorowe soczewki kontaktowe podkre\u015blaj\u0105 naturalne pi\u0119kno z ich l\u015bni\u0105cej mro\u017anej zas\u0142ony.<\/p>\n<p>Stworzony przez rzemie\u015blnik\u00f3w przesi\u0105kni\u0119tych polarn\u0105 magi\u0105, Magnificent porusza si\u0119 tak pewnie i szybko, jak rozbijaj\u0105ce si\u0119 lodowce. Wilgo\u0107 HEMA sprawia, \u017ce te ceruleanowe kule s\u0105 krystalicznie czyste, niezale\u017cnie od tego, czy eksploruj\u0105 zamarzni\u0119te g\u0142\u0119biny, czy kwitn\u0105 w\u015br\u00f3d najsurowszego pi\u0119kna natury. Teraz tajemnice lodu mog\u0105 si\u0119 wy\u0142oni\u0107, je\u015bli masz oczy, aby naprawd\u0119 zobaczy\u0107.<\/p>\n<p>Niech Magnificent wzmocni hipnotyzuj\u0105cy urok \u017cywymi kolorami. Precyzyjne wykonanie BQeye zapewnia ma\u015blan\u0105 g\u0142adko\u015b\u0107, aby podkre\u015bli\u0107 przeszywaj\u0105cy magnetyzm, niezale\u017cnie od tego, czy kwitnie w\u015br\u00f3d lodowcowego majestatu, czy obserwuje z lodowatym skupieniem. Nowe opowie\u015bci o zimowych cudach teraz l\u015bni\u0105.<\/p>\n<p>Obud\u017a swoj\u0105 najprawdziwsz\u0105 natur\u0119 dzi\u0119ki soczewkom tak odpornym i wielowymiarowym jak sam l\u00f3d. Nadszed\u0142 czas, aby odkry\u0107 oczy, kt\u00f3re b\u0142yszcz\u0105 niesko\u0144czonymi mo\u017cliwo\u015bciami, rzucanymi przez czaruj\u0105c\u0105 lazurow\u0105 zas\u0142on\u0119 Magnificent. Twoja podr\u00f3\u017c do nieko\u0144cz\u0105cych si\u0119 lodowcowych widok\u00f3w \u017cycia dopiero si\u0119 rozpocz\u0119\u0142a.<\/p>","protected":false},"excerpt":{"rendered":"<p>Awaken eyes aglow with icy mystique via BQeye&#8217;s Magnificent Antarctic Blue colored contact lenses. Our cerulean medley of periwinkle, azure and cobalt unveils orbs alive with wintry splendor. Beyond mere blue, Magnificent ignites undertones of indigo and sapphire &#8211; glimpses of auroras dancing amid polar night&#8217;s stars. These specialized colored contact lenses enhance natural beauty [&#8230;]\n","protected":false},"featured_media":1008,"comment_status":"open","ping_status":"closed","template":"","meta":[],"product_brand":[],"product_cat":[207,91,75,96,98],"product_tag":[],"class_list":{"0":"post-1001","1":"product","2":"type-product","3":"status-publish","4":"has-post-thumbnail","6":"product_cat-magnificent","7":"product_cat-14-2-mm","8":"product_cat-blue-contact-lenses","9":"product_cat-non-prescription","10":"product_cat-yearly-disposable","12":"first","13":"instock","14":"sale","15":"shipping-taxable","16":"purchasable","17":"product-type-variable","18":"has-default-attributes"},"_links":{"self":[{"href":"https:\/\/bqeye.com\/pl\/wp-json\/wp\/v2\/product\/1001","targetHints":{"allow":["GET"]}}],"collection":[{"href":"https:\/\/bqeye.com\/pl\/wp-json\/wp\/v2\/product"}],"about":[{"href":"https:\/\/bqeye.com\/pl\/wp-json\/wp\/v2\/types\/product"}],"replies":[{"embeddable":true,"href":"https:\/\/bqeye.com\/pl\/wp-json\/wp\/v2\/comments?post=1001"}],"wp:featuredmedia":[{"embeddable":true,"href":"https:\/\/bqeye.com\/pl\/wp-json\/wp\/v2\/media\/1008"}],"wp:attachment":[{"href":"https:\/\/bqeye.com\/pl\/wp-json\/wp\/v2\/media?parent=1001"}],"wp:term":[{"taxonomy":"product_brand","embeddable":true,"href":"https:\/\/bqeye.com\/pl\/wp-json\/wp\/v2\/product_brand?post=1001"},{"taxonomy":"product_cat","embeddable":true,"href":"https:\/\/bqeye.com\/pl\/wp-json\/wp\/v2\/product_cat?post=1001"},{"taxonomy":"product_tag","embeddable":true,"href":"https:\/\/bqeye.com\/pl\/wp-json\/wp\/v2\/product_tag?post=1001"}],"curies":[{"name":"wp","href":"https:\/\/api.w.org\/{rel}","templated":true}]}}