{"id":1009,"date":"2023-09-12T12:01:00","date_gmt":"2023-09-12T12:01:00","guid":{"rendered":"https:\/\/bqeye.com\/?post_type=product&#038;p=1009"},"modified":"2024-04-18T02:21:28","modified_gmt":"2024-04-18T02:21:28","slug":"bqeye-magnificent-grey-colored-contact-lenses","status":"publish","type":"product","link":"https:\/\/bqeye.com\/pl\/bqeye-magnificent-grey-colored-contact-lenses\/","title":{"rendered":"Kolorowe soczewki kontaktowe BQeye Magnificent w kolorze szarym"},"content":{"rendered":"<p>Obud\u017a oczy, kt\u00f3re intryguj\u0105 dzi\u0119ki kolorowym soczewkom kontaktowym BQeye Magnificent Grey. Nasz stalowy melan\u017c w\u0119gla drzewnego, dymu i popio\u0142u ods\u0142ania oczy, kt\u00f3re l\u015bni\u0105 subteln\u0105 z\u0142o\u017cono\u015bci\u0105.<\/p>\n<p>Poza zwyk\u0142\u0105 szaro\u015bci\u0105, Magnificent roz\u015bwietla odcienie srebra i cyny - drobinki przeb\u0142yskuj\u0105ce w m\u0142otkowanej stali. Te wyspecjalizowane kolorowe soczewki kontaktowe podkre\u015blaj\u0105 naturalne pi\u0119kno z wn\u0119trza ich ch\u0142odnej przemys\u0142owej zas\u0142ony.<\/p>\n<p>Wykute przez rzemie\u015blnik\u00f3w innowacyjnego rzemios\u0142a soczewki Magnificent poruszaj\u0105 si\u0119 z pewn\u0105 gracj\u0105, zar\u00f3wno w salach konferencyjnych, jak i podczas studiowania miejskiego zgie\u0142ku. P\u0142yn HEMA sprawia, \u017ce te stalowe sfery s\u0105 eleganckie zar\u00f3wno w awangardowe dni, jak i mroczne, romantyczne noce. Teraz ukryte g\u0142\u0119bie mog\u0105 si\u0119 wy\u0142oni\u0107, je\u015bli tylko b\u0119dziesz obserwowa\u0107.<\/p>\n<p>Niech Magnificent wzmocni magnetyczny urok nowoczesn\u0105 tajemnic\u0105. Precyzja BQeye zapewnia p\u0142ynny komfort, aby podkre\u015bli\u0107 intuicyjny urok, niezale\u017cnie od tego, czy jest to wypolerowany poszukiwacz przyg\u00f3d, czy cicho przebijaj\u0105cy wszystkie uprzedzenia. Nowe opowie\u015bci o miejskiej tajemniczo\u015bci teraz l\u015bni\u0105.<\/p>\n<p>Obud\u017a sw\u00f3j prawdziwy wgl\u0105d dzi\u0119ki soczewkom tak r\u00f3\u017cnorodnym, jak sam wsp\u00f3\u0142czesny \u015bwiat. Nadszed\u0142 czas, aby odkry\u0107 oczy, kt\u00f3re b\u0142yszcz\u0105 mo\u017cliwo\u015bciami rzucanymi przez urzekaj\u0105c\u0105 szar\u0105 zas\u0142on\u0119 Magnificent. Dok\u0105d zaprowadzi Ci\u0119 ta podr\u00f3\u017c? Wszystko jeszcze przed nami.<\/p>","protected":false},"excerpt":{"rendered":"<p>Awaken eyes that intrigue with BQeye&#8217;s Magnificent Grey colored contact lenses. Our steely m\u00e9lange of charcoal, smoke and ash unveils orbs that gleam with subtle complexity. Beyond mere grey, Magnificent ignites hints of silver and pewter &#8211; flecks glimpsed within hammered steel. These specialized colored contact lenses enhance natural beauty from within their cool industrial [&#8230;]\n","protected":false},"featured_media":1017,"comment_status":"open","ping_status":"closed","template":"","meta":[],"product_brand":[],"product_cat":[207,91,81,96,98],"product_tag":[],"class_list":{"0":"post-1009","1":"product","2":"type-product","3":"status-publish","4":"has-post-thumbnail","6":"product_cat-magnificent","7":"product_cat-14-2-mm","8":"product_cat-grey-contact-lenses","9":"product_cat-non-prescription","10":"product_cat-yearly-disposable","12":"first","13":"instock","14":"sale","15":"shipping-taxable","16":"purchasable","17":"product-type-variable","18":"has-default-attributes"},"_links":{"self":[{"href":"https:\/\/bqeye.com\/pl\/wp-json\/wp\/v2\/product\/1009","targetHints":{"allow":["GET"]}}],"collection":[{"href":"https:\/\/bqeye.com\/pl\/wp-json\/wp\/v2\/product"}],"about":[{"href":"https:\/\/bqeye.com\/pl\/wp-json\/wp\/v2\/types\/product"}],"replies":[{"embeddable":true,"href":"https:\/\/bqeye.com\/pl\/wp-json\/wp\/v2\/comments?post=1009"}],"wp:featuredmedia":[{"embeddable":true,"href":"https:\/\/bqeye.com\/pl\/wp-json\/wp\/v2\/media\/1017"}],"wp:attachment":[{"href":"https:\/\/bqeye.com\/pl\/wp-json\/wp\/v2\/media?parent=1009"}],"wp:term":[{"taxonomy":"product_brand","embeddable":true,"href":"https:\/\/bqeye.com\/pl\/wp-json\/wp\/v2\/product_brand?post=1009"},{"taxonomy":"product_cat","embeddable":true,"href":"https:\/\/bqeye.com\/pl\/wp-json\/wp\/v2\/product_cat?post=1009"},{"taxonomy":"product_tag","embeddable":true,"href":"https:\/\/bqeye.com\/pl\/wp-json\/wp\/v2\/product_tag?post=1009"}],"curies":[{"name":"wp","href":"https:\/\/api.w.org\/{rel}","templated":true}]}}