{"id":1018,"date":"2023-09-12T12:15:57","date_gmt":"2023-09-12T12:15:57","guid":{"rendered":"https:\/\/bqeye.com\/?post_type=product&#038;p=1018"},"modified":"2024-04-18T02:21:25","modified_gmt":"2024-04-18T02:21:25","slug":"bqeye-magnificent-black-colored-contact-lenses","status":"publish","type":"product","link":"https:\/\/bqeye.com\/pl\/bqeye-magnificent-black-colored-contact-lenses\/","title":{"rendered":"Soczewki kontaktowe BQeye Magnificent w kolorze czarnym"},"content":{"rendered":"<p>Wzmocnij oczy, kt\u00f3re hipnotyzuj\u0105 dzi\u0119ki kolorowym soczewkom kontaktowym BQeye Magnificent Black. Nasze atramentowe po\u0142\u0105czenie kobaltu, onyksu i hebanu ods\u0142ania oczy, kt\u00f3re wci\u0105gaj\u0105 wszystkich w g\u0142\u0119bsz\u0105 kontemplacj\u0119.<\/p>\n<p>Poza zwyk\u0142\u0105 czerni\u0105, Magnificent rozpala subtelne b\u0142yski szafiru i p\u00f3\u0142nocy - przeb\u0142yski w uwodzicielskiej zas\u0142onie cienia. Te specjalistyczne kolorowe soczewki kontaktowe uwydatniaj\u0105 naturalne pi\u0119kno ukryte za tajemnicz\u0105, mroczn\u0105 zas\u0142on\u0105.<\/p>\n<p>Wykute przez rzemie\u015blnik\u00f3w zanurzonych w udoskonalonej realizacji, Magnificent porusza si\u0119 z pewn\u0105 skryto\u015bci\u0105, niezale\u017cnie od tego, czy obserwuje innych, czy prywatne rozmy\u015blania. P\u0142yn HEMA sprawia, \u017ce te nieprzezroczyste kule s\u0105 g\u0142adkie, niezale\u017cnie od tego, czy \u015bwieci \u015bwiat\u0142o Luny, czy blask elektryczny. Teraz ukryte aspekty mog\u0105 si\u0119 wy\u0142oni\u0107, je\u015bli po cichu zajrzysz do \u015brodka.<\/p>\n<p>Niech Magnificent wzmocni intryg\u0119 niezg\u0142\u0119bion\u0105 g\u0142\u0119bi\u0105. Precyzja BQeye zapewnia komfort, aby podkre\u015bli\u0107 intuicj\u0119, niezale\u017cnie od tego, czy penetruje wszystkie powierzchnie, czy jest ukryta w tajemnicach nocy. Nowe tajemnice uroku siatk\u00f3wki teraz prze\u015bwituj\u0105.<\/p>\n<p>Obud\u017a wnikliw\u0105 wizj\u0119 poprzez soczewki tak r\u00f3\u017cnorodne jak sam cie\u0144. Nadszed\u0142 czas, aby znale\u017a\u0107 oczy, kt\u00f3re wci\u0105gn\u0105 wszystkich g\u0142\u0119biej do \u015brodka, prze\u015blizguj\u0105c si\u0119 przez czaruj\u0105c\u0105 czarn\u0105 zas\u0142on\u0119 Magnificent. Dok\u0105d zaprowadzi ci\u0119 wewn\u0119trzna iluminacja? Wszystko pozostaje zawoalowane, czekaj\u0105c na ujrzenie.<\/p>","protected":false},"excerpt":{"rendered":"<p>Enhance eyes that mesmerize with BQeye&#8217;s Magnificent Black colored contact lenses. Our inky fusion of cobalt, onyx and ebony unveils orbs that draw all into deeper contemplation. Beyond mere black, Magnificent ignites subtle glints of sapphire and midnight &#8211; glimpses within shadow&#8217;s alluring veil. These specialized colored contact lenses enhance natural beauty from within their [&#8230;]\n","protected":false},"featured_media":1025,"comment_status":"open","ping_status":"closed","template":"","meta":[],"product_brand":[],"product_cat":[207,91,73,96,98],"product_tag":[],"class_list":{"0":"post-1018","1":"product","2":"type-product","3":"status-publish","4":"has-post-thumbnail","6":"product_cat-magnificent","7":"product_cat-14-2-mm","8":"product_cat-black-contact-lenses","9":"product_cat-non-prescription","10":"product_cat-yearly-disposable","12":"first","13":"instock","14":"sale","15":"shipping-taxable","16":"purchasable","17":"product-type-variable","18":"has-default-attributes"},"_links":{"self":[{"href":"https:\/\/bqeye.com\/pl\/wp-json\/wp\/v2\/product\/1018","targetHints":{"allow":["GET"]}}],"collection":[{"href":"https:\/\/bqeye.com\/pl\/wp-json\/wp\/v2\/product"}],"about":[{"href":"https:\/\/bqeye.com\/pl\/wp-json\/wp\/v2\/types\/product"}],"replies":[{"embeddable":true,"href":"https:\/\/bqeye.com\/pl\/wp-json\/wp\/v2\/comments?post=1018"}],"wp:featuredmedia":[{"embeddable":true,"href":"https:\/\/bqeye.com\/pl\/wp-json\/wp\/v2\/media\/1025"}],"wp:attachment":[{"href":"https:\/\/bqeye.com\/pl\/wp-json\/wp\/v2\/media?parent=1018"}],"wp:term":[{"taxonomy":"product_brand","embeddable":true,"href":"https:\/\/bqeye.com\/pl\/wp-json\/wp\/v2\/product_brand?post=1018"},{"taxonomy":"product_cat","embeddable":true,"href":"https:\/\/bqeye.com\/pl\/wp-json\/wp\/v2\/product_cat?post=1018"},{"taxonomy":"product_tag","embeddable":true,"href":"https:\/\/bqeye.com\/pl\/wp-json\/wp\/v2\/product_tag?post=1018"}],"curies":[{"name":"wp","href":"https:\/\/api.w.org\/{rel}","templated":true}]}}