{"id":1035,"date":"2023-09-18T02:44:42","date_gmt":"2023-09-18T02:44:42","guid":{"rendered":"https:\/\/bqeye.com\/?post_type=product&#038;p=1035"},"modified":"2024-04-18T02:21:22","modified_gmt":"2024-04-18T02:21:22","slug":"bqeye-stunna-girl-khaki-colored-contact-lenses","status":"publish","type":"product","link":"https:\/\/bqeye.com\/pl\/bqeye-stunna-girl-khaki-colored-contact-lenses\/","title":{"rendered":"Kolorowe soczewki kontaktowe BQeye Stunna Girl w kolorze khaki"},"content":{"rendered":"<div>Zaserwuj powa\u017cn\u0105 inspiracj\u0119 stylow\u0105 jako wyznaczaj\u0105ca trendy kr\u00f3lowa pszcz\u00f3\u0142 z oczami inspirowanymi charakterystycznym odcieniem khaki BQeye. Te soczewki kontaktowe w neutralnych kolorach, stworzone wy\u0142\u0105cznie dla fashionistek w ruchu, zapewniaj\u0105 szykown\u0105 estetyk\u0119 bez wysi\u0142ku.<\/div>\n<div><\/div>\n<div>Nasza ziemista mieszanka opalenizny i nude budzi oczy \u015bwie\u017c\u0105, minimalistyczn\u0105 iskr\u0105. Okr\u0105g\u0142e soczewki i delikatne pigmenty pozwalaj\u0105 na szeroki zakres ekspresji - od zmys\u0142owej po s\u0142odk\u0105. Materia\u0142 HEMA utrzymuje powieki w dobrym stanie przez ca\u0142y dzie\u0144.<\/div>\n<div><\/div>\n<div>Niezale\u017cnie od tego, czy chodzi o monochromatyczny str\u00f3j, czy inspiracj\u0119 Y2K, te wszechstronne soczewki zsynchronizuj\u0105 Tw\u00f3j wzrok z charakterystycznym dla Stunna Girl stylem cool-girl. Wytrzyma\u0142e, ale smuk\u0142e, do trzepocz\u0105cych oczu i wyrazistych kresek.<\/div>\n<div><\/div>\n<div>Uwolnij swoj\u0105 wewn\u0119trzn\u0105 It Girl dzi\u0119ki oczom tak wszechstronnym i modnym, jak modowe know-how Stunny. Uzupe\u0142nij ka\u017cd\u0105 stylizacj\u0119 jej charakterystycznym spojrzeniem w kolorze khaki, kt\u00f3re jest neutralne i zawsze po twojej stronie.<\/div>\n<div><\/div>\n<div>Posiadaj sw\u00f3j charakterystyczny styl jak kr\u00f3lowa dzi\u0119ki tym charakterystycznym odcieniom BQeye. Zam\u00f3w ju\u017c teraz, aby wygodnie wyprzedza\u0107 trendy.<\/div>","protected":false},"excerpt":{"rendered":"<p>Serve up serious style inspo as the trendsetting queen bee with eyes inspired by BQeye&#8217;s signature khaki hue. Crafted exclusively for the fashionista on-the-go, these neutral colored contact lenses channel an effortlessly chic aesthetic. Our earthy blend of tan and nude awakens eyes with a fresh, minimalist spark. Circle lenses and delicate pigments allow a [&#8230;]\n","protected":false},"featured_media":1043,"comment_status":"open","ping_status":"closed","template":"","meta":[],"product_brand":[],"product_cat":[104,91,84,96,98],"product_tag":[],"class_list":{"0":"post-1035","1":"product","2":"type-product","3":"status-publish","4":"has-post-thumbnail","6":"product_cat-stunna-girl","7":"product_cat-14-2-mm","8":"product_cat-hazel-contact-lenses","9":"product_cat-non-prescription","10":"product_cat-yearly-disposable","12":"first","13":"instock","14":"sale","15":"shipping-taxable","16":"purchasable","17":"product-type-variable","18":"has-default-attributes"},"_links":{"self":[{"href":"https:\/\/bqeye.com\/pl\/wp-json\/wp\/v2\/product\/1035","targetHints":{"allow":["GET"]}}],"collection":[{"href":"https:\/\/bqeye.com\/pl\/wp-json\/wp\/v2\/product"}],"about":[{"href":"https:\/\/bqeye.com\/pl\/wp-json\/wp\/v2\/types\/product"}],"replies":[{"embeddable":true,"href":"https:\/\/bqeye.com\/pl\/wp-json\/wp\/v2\/comments?post=1035"}],"wp:featuredmedia":[{"embeddable":true,"href":"https:\/\/bqeye.com\/pl\/wp-json\/wp\/v2\/media\/1043"}],"wp:attachment":[{"href":"https:\/\/bqeye.com\/pl\/wp-json\/wp\/v2\/media?parent=1035"}],"wp:term":[{"taxonomy":"product_brand","embeddable":true,"href":"https:\/\/bqeye.com\/pl\/wp-json\/wp\/v2\/product_brand?post=1035"},{"taxonomy":"product_cat","embeddable":true,"href":"https:\/\/bqeye.com\/pl\/wp-json\/wp\/v2\/product_cat?post=1035"},{"taxonomy":"product_tag","embeddable":true,"href":"https:\/\/bqeye.com\/pl\/wp-json\/wp\/v2\/product_tag?post=1035"}],"curies":[{"name":"wp","href":"https:\/\/api.w.org\/{rel}","templated":true}]}}