{"id":1044,"date":"2023-09-18T03:03:14","date_gmt":"2023-09-18T03:03:14","guid":{"rendered":"https:\/\/bqeye.com\/?post_type=product&#038;p=1044"},"modified":"2024-04-18T02:21:14","modified_gmt":"2024-04-18T02:21:14","slug":"bqeye-stunna-girl-grey-colored-contact-lenses","status":"publish","type":"product","link":"https:\/\/bqeye.com\/pl\/bqeye-stunna-girl-grey-colored-contact-lenses\/","title":{"rendered":"Szare kolorowe soczewki kontaktowe BQeye Stunna Girl"},"content":{"rendered":"<p>Uwolnij swoj\u0105 wewn\u0119trzn\u0105 trendsetterk\u0119 dzi\u0119ki kolorowym soczewkom kontaktowym Stunna Girl Grey marki BQeye. Te ch\u0142odne szare soczewki kontaktowe, b\u0119d\u0105ce ulubionym wyborem influencer\u00f3w mody, pozwalaj\u0105 nada\u0107 miejskiemu wyrafinowaniu wszechstronny odcie\u0144.<\/p>\n<p>Nasza antracytowa mieszanka w\u0119gla drzewnego i dymu rozbudza oczy stoick\u0105 iskr\u0105. Wyposa\u017cone w okr\u0105g\u0142e soczewki i subtelne pigmenty, mo\u017cesz uzyska\u0107 wygl\u0105d od tl\u0105cego si\u0119 po bezczelny. Wykonane z materia\u0142u Hydraforte, te kolorowe soczewki kontaktowe zapewniaj\u0105 luksusowe uczucie na powiekach przez ca\u0142y dzie\u0144.<\/p>\n<p>Niezale\u017cnie od tego, czy tworzysz ca\u0142kowicie czarny zestaw, czy mieszasz trendy Y2K, soczewki kontaktowe Stunna Girl Grey Colored p\u0142ynnie synchronizuj\u0105 si\u0119 z Twoj\u0105 wizj\u0105 charakterystycznego ulicznego stylu. Wytrzyma\u0142e, a jednocze\u015bnie delikatne, s\u0105 idealne do dramatycznych falsies i graficznych kresek.<\/p>\n<p>Uczy\u0144 swoj\u0105 wewn\u0119trzn\u0105 dziewczyn\u0119 tak wszechstronn\u0105 i modn\u0105, jak influencerka Stunna. Uzupe\u0142nij ka\u017cd\u0105 estetyk\u0119 swoim imiennym szarym spojrzeniem - neutralnym akcentem z kraw\u0119dzi\u0105, kt\u00f3ra jest zawsze na miejscu.<\/p>\n<p>Posiadaj sw\u00f3j charakterystyczny swag tak jak kr\u00f3lowa pszcz\u00f3\u0142 dzi\u0119ki charakterystycznym odcieniom BQeye. Zam\u00f3w kolorowe soczewki kontaktowe Stunna Girl Grey ju\u017c dzi\u015b, aby by\u0107 o krok przed trendami w d\u0142ugotrwa\u0142ym komforcie.<\/p>","protected":false},"excerpt":{"rendered":"<p>Channel your inner trendsetter with BQeye&#8217;s signature Stunna Girl Grey Colored Contact Lenses. As the go-to lenses for fashion-forward influencers, these cool gray contacts allow you to channel an urban sophistication in a versatile hue. Our anthracite blend of charcoal and smoke awakens your eyes with a stoic spark. Featuring circle lenses and subtle pigments, [&#8230;]\n","protected":false},"featured_media":1051,"comment_status":"open","ping_status":"closed","template":"","meta":[],"product_brand":[],"product_cat":[104,91,81,96,98],"product_tag":[],"class_list":{"0":"post-1044","1":"product","2":"type-product","3":"status-publish","4":"has-post-thumbnail","6":"product_cat-stunna-girl","7":"product_cat-14-2-mm","8":"product_cat-grey-contact-lenses","9":"product_cat-non-prescription","10":"product_cat-yearly-disposable","12":"first","13":"instock","14":"sale","15":"shipping-taxable","16":"purchasable","17":"product-type-variable","18":"has-default-attributes"},"_links":{"self":[{"href":"https:\/\/bqeye.com\/pl\/wp-json\/wp\/v2\/product\/1044","targetHints":{"allow":["GET"]}}],"collection":[{"href":"https:\/\/bqeye.com\/pl\/wp-json\/wp\/v2\/product"}],"about":[{"href":"https:\/\/bqeye.com\/pl\/wp-json\/wp\/v2\/types\/product"}],"replies":[{"embeddable":true,"href":"https:\/\/bqeye.com\/pl\/wp-json\/wp\/v2\/comments?post=1044"}],"wp:featuredmedia":[{"embeddable":true,"href":"https:\/\/bqeye.com\/pl\/wp-json\/wp\/v2\/media\/1051"}],"wp:attachment":[{"href":"https:\/\/bqeye.com\/pl\/wp-json\/wp\/v2\/media?parent=1044"}],"wp:term":[{"taxonomy":"product_brand","embeddable":true,"href":"https:\/\/bqeye.com\/pl\/wp-json\/wp\/v2\/product_brand?post=1044"},{"taxonomy":"product_cat","embeddable":true,"href":"https:\/\/bqeye.com\/pl\/wp-json\/wp\/v2\/product_cat?post=1044"},{"taxonomy":"product_tag","embeddable":true,"href":"https:\/\/bqeye.com\/pl\/wp-json\/wp\/v2\/product_tag?post=1044"}],"curies":[{"name":"wp","href":"https:\/\/api.w.org\/{rel}","templated":true}]}}