{"id":1053,"date":"2023-09-18T03:32:05","date_gmt":"2023-09-18T03:32:05","guid":{"rendered":"https:\/\/bqeye.com\/?post_type=product&#038;p=1053"},"modified":"2024-04-18T02:21:10","modified_gmt":"2024-04-18T02:21:10","slug":"bqeye-stunna-girl-brown-colored-contact-lenses","status":"publish","type":"product","link":"https:\/\/bqeye.com\/pl\/bqeye-stunna-girl-brown-colored-contact-lenses\/","title":{"rendered":"Kolorowe soczewki kontaktowe BQeye Stunna Girl w kolorze br\u0105zowym"},"content":{"rendered":"<p>Dodaj ciep\u0142y akcent do swojego codziennego wygl\u0105du dzi\u0119ki kolorowym soczewkom kontaktowym BQeye Stunna Girl Brown. Te uniwersalne soczewki w odcieniu orzechowym pozwalaj\u0105 z \u0142atwo\u015bci\u0105 emanowa\u0107 pi\u0119knem.<\/p>\n<p>Nasza ziemista mieszanka karmelu i d\u0119bu rozbudza oczy mocnym blaskiem. Wyposa\u017cone w okr\u0105g\u0142e soczewki i subtelne pigmenty, pozwalaj\u0105 uzyska\u0107 wyraz twarzy od zmys\u0142owego po s\u0142odki. Wykonane z Hydraforte, te kolorowe soczewki kontaktowe utrzymuj\u0105 nawil\u017cenie powieki przez ca\u0142y dzie\u0144.<\/p>\n<p>Kolorowe soczewki kontaktowe Stunna Girl Brown doskonale komponuj\u0105 si\u0119 z ka\u017cd\u0105 estetyk\u0105, od neutralnych monochrom\u00f3w po kolorowe akcenty. Ich niezauwa\u017calna cienko\u015b\u0107 jest idealna do minimalistycznych, naturalnych stylizacji.<\/p>\n<p>Niewymuszony glamour dzi\u0119ki oczom tak wszechstronnym i \u0142atwym do noszenia, jak codzienne wyczucie mody Stunny. Uzupe\u0142nij ka\u017cd\u0105 stylizacj\u0119 ciep\u0142ym odcieniem br\u0105zu, kt\u00f3ry jest jej imiennikiem - to przyst\u0119pny zwrot w trendach, kt\u00f3re s\u0105 trwa\u0142e.<\/p>\n<p>Te kultowe soczewki kontaktowe BQeye sprawi\u0105, \u017ce b\u0119dziesz b\u0142yszcze\u0107 na co dzie\u0144 jak kr\u00f3lowa. Zam\u00f3w teraz, aby cieszy\u0107 si\u0119 pi\u0119knem od rana do wieczora. #NoMakeupMakeup<\/p>","protected":false},"excerpt":{"rendered":"<p>Add a warm pop to your everyday look with BQeye&#8217;s signature Stunna Girl Brown Colored Contact Lenses. As the go-to lenses for low-maintenance glam, these versatile hazel shades allow you to radiate beauty with ease. Our earthy blend of caramel and oak awakens your eyes with a hearty glow. Equipped with circle lenses and subtle [&#8230;]\n","protected":false},"featured_media":1059,"comment_status":"open","ping_status":"closed","template":"","meta":[],"product_brand":[],"product_cat":[104,91,80,96,98],"product_tag":[],"class_list":{"0":"post-1053","1":"product","2":"type-product","3":"status-publish","4":"has-post-thumbnail","6":"product_cat-stunna-girl","7":"product_cat-14-2-mm","8":"product_cat-brown-contact-lenses","9":"product_cat-non-prescription","10":"product_cat-yearly-disposable","12":"first","13":"instock","14":"sale","15":"shipping-taxable","16":"purchasable","17":"product-type-variable","18":"has-default-attributes"},"_links":{"self":[{"href":"https:\/\/bqeye.com\/pl\/wp-json\/wp\/v2\/product\/1053","targetHints":{"allow":["GET"]}}],"collection":[{"href":"https:\/\/bqeye.com\/pl\/wp-json\/wp\/v2\/product"}],"about":[{"href":"https:\/\/bqeye.com\/pl\/wp-json\/wp\/v2\/types\/product"}],"replies":[{"embeddable":true,"href":"https:\/\/bqeye.com\/pl\/wp-json\/wp\/v2\/comments?post=1053"}],"wp:featuredmedia":[{"embeddable":true,"href":"https:\/\/bqeye.com\/pl\/wp-json\/wp\/v2\/media\/1059"}],"wp:attachment":[{"href":"https:\/\/bqeye.com\/pl\/wp-json\/wp\/v2\/media?parent=1053"}],"wp:term":[{"taxonomy":"product_brand","embeddable":true,"href":"https:\/\/bqeye.com\/pl\/wp-json\/wp\/v2\/product_brand?post=1053"},{"taxonomy":"product_cat","embeddable":true,"href":"https:\/\/bqeye.com\/pl\/wp-json\/wp\/v2\/product_cat?post=1053"},{"taxonomy":"product_tag","embeddable":true,"href":"https:\/\/bqeye.com\/pl\/wp-json\/wp\/v2\/product_tag?post=1053"}],"curies":[{"name":"wp","href":"https:\/\/api.w.org\/{rel}","templated":true}]}}