{"id":1061,"date":"2023-09-18T03:36:17","date_gmt":"2023-09-18T03:36:17","guid":{"rendered":"https:\/\/bqeye.com\/?post_type=product&#038;p=1061"},"modified":"2024-04-18T02:21:07","modified_gmt":"2024-04-18T02:21:07","slug":"bqeye-stunna-girl-blue-colored-contact-lenses","status":"publish","type":"product","link":"https:\/\/bqeye.com\/pl\/bqeye-stunna-girl-blue-colored-contact-lenses\/","title":{"rendered":"Niebieskie kolorowe soczewki kontaktowe BQeye Stunna Girl"},"content":{"rendered":"<p>Rozpal swoj\u0105 ciep\u0142\u0105 garderob\u0119 dzi\u0119ki kolorowym soczewkom kontaktowym Stunna Girl Blue marki BQeye. Wykonane z my\u015bl\u0105 o sezonowym skwierczeniu, te \u017cywe lazurowe soczewki nadaj\u0105 \u017cywe plamy koloru.<\/p>\n<p>Nasza tropikalna mieszanka turkusu i lazuru budzi oczy orze\u017awiaj\u0105c\u0105 fal\u0105. Wyposa\u017cone w technologi\u0119 ultra-krzywizny i wyj\u0105tkowe pigmenty, prezentuj\u0105 mocny pawi styl lub dziewcz\u0119cy urok. Materia\u0142 Hydraforte rozpieszcza powieki przez ca\u0142e lato.<\/p>\n<p>Niezale\u017cnie od tego, czy akcentujesz bry\u0142y, czy \u017cywe nadruki, kolorowe soczewki kontaktowe Stunna Girl Blue bezb\u0142\u0119dnie wzmacniaj\u0105 ka\u017cd\u0105 stylizacj\u0119 beztroskim stylem wybrze\u017ca. Ich lekkie soczewki doskonale sprawdzaj\u0105 si\u0119 w nadmorskim klimacie.<\/p>\n<p>Pod\u0105\u017caj za zapa\u0142em Stunny do t\u0119tni\u0105cego \u017cyciem stylu kurortowego dzi\u0119ki oczom tak \u015bwie\u017cym i odwa\u017cnym, jak jej garderoba na ciep\u0142e dni. Zdefiniuj letnie wibracje gor\u0105cej dziewczyny dzi\u0119ki jej charakterystycznemu oceanicznemu spojrzeniu - najlepszemu uzupe\u0142niaj\u0105cemu kolorowi pop.<\/p>\n<p>Ciesz si\u0119 sezonowym blaskiem jak kr\u00f3lowa trend\u00f3w dzi\u0119ki soczewkom BQeye. Zam\u00f3w ju\u017c teraz, aby cieszy\u0107 si\u0119 s\u0142oneczn\u0105 energi\u0105 przez 365 dni w roku. #SummerStateofMind<\/p>","protected":false},"excerpt":{"rendered":"<p>Ignite your warm-weather wardrobe with BQeye&#8217;s signature Stunna Girl Blue Colored Contact Lenses. Crafted for seasonless sizzle, these vivid azure lenses lend vivacious pops of color. Our tropical teal and azure blend awakens eyes with a refreshing surge. Outfitted with ultra-curve technology and exceptional pigments, flaunt powerful peacock flair or girlish charm. Hydraforte material pampers [&#8230;]\n","protected":false},"featured_media":1067,"comment_status":"open","ping_status":"closed","template":"","meta":[],"product_brand":[],"product_cat":[104,91,75,96,98],"product_tag":[],"class_list":{"0":"post-1061","1":"product","2":"type-product","3":"status-publish","4":"has-post-thumbnail","6":"product_cat-stunna-girl","7":"product_cat-14-2-mm","8":"product_cat-blue-contact-lenses","9":"product_cat-non-prescription","10":"product_cat-yearly-disposable","12":"first","13":"instock","14":"sale","15":"shipping-taxable","16":"purchasable","17":"product-type-variable","18":"has-default-attributes"},"_links":{"self":[{"href":"https:\/\/bqeye.com\/pl\/wp-json\/wp\/v2\/product\/1061","targetHints":{"allow":["GET"]}}],"collection":[{"href":"https:\/\/bqeye.com\/pl\/wp-json\/wp\/v2\/product"}],"about":[{"href":"https:\/\/bqeye.com\/pl\/wp-json\/wp\/v2\/types\/product"}],"replies":[{"embeddable":true,"href":"https:\/\/bqeye.com\/pl\/wp-json\/wp\/v2\/comments?post=1061"}],"wp:featuredmedia":[{"embeddable":true,"href":"https:\/\/bqeye.com\/pl\/wp-json\/wp\/v2\/media\/1067"}],"wp:attachment":[{"href":"https:\/\/bqeye.com\/pl\/wp-json\/wp\/v2\/media?parent=1061"}],"wp:term":[{"taxonomy":"product_brand","embeddable":true,"href":"https:\/\/bqeye.com\/pl\/wp-json\/wp\/v2\/product_brand?post=1061"},{"taxonomy":"product_cat","embeddable":true,"href":"https:\/\/bqeye.com\/pl\/wp-json\/wp\/v2\/product_cat?post=1061"},{"taxonomy":"product_tag","embeddable":true,"href":"https:\/\/bqeye.com\/pl\/wp-json\/wp\/v2\/product_tag?post=1061"}],"curies":[{"name":"wp","href":"https:\/\/api.w.org\/{rel}","templated":true}]}}