{"id":1202,"date":"2023-12-08T15:40:09","date_gmt":"2023-12-08T15:40:09","guid":{"rendered":"https:\/\/bqeye.com\/?post_type=product&#038;p=1202"},"modified":"2024-04-18T02:21:03","modified_gmt":"2024-04-18T02:21:03","slug":"1-day-crystal-series-clear-contacts","status":"publish","type":"product","link":"https:\/\/bqeye.com\/pl\/1-day-crystal-series-clear-contacts\/","title":{"rendered":"Przezroczyste styki 1 DAY Crystal Series - 10 szt."},"content":{"rendered":"<p>Do\u015bwiadcz najwy\u017cszego komfortu i przejrzysto\u015bci widzenia dzi\u0119ki naszym bezbarwnym soczewkom kontaktowym 1 DAY Crystal Series. Te przezroczyste i oddychaj\u0105ce soczewki kontaktowe zosta\u0142y zaprojektowane tak, aby zapewni\u0107 komfortowe i naturalne odczucia przez ca\u0142y dzie\u0144. Niezale\u017cnie od tego, czy jeste\u015b do\u015bwiadczonym u\u017cytkownikiem soczewek kontaktowych, czy dopiero zaczynasz swoj\u0105 przygod\u0119 ze \u015bwiatem korekcji wzroku, nasze soczewki kontaktowe Clear Contacts s\u0105 idealnym wyborem, zapewniaj\u0105cym p\u0142ynne i bezproblemowe u\u017cytkowanie.<\/p>\n<p>Komfort jest najwa\u017cniejszy, je\u015bli chodzi o soczewki kontaktowe, a nasze Clear Contacts wyr\u00f3\u017cniaj\u0105 si\u0119 pod tym wzgl\u0119dem. Wykonane w zaawansowanej technologii blokuj\u0105cej wilgo\u0107, zapewniaj\u0105 nawil\u017cenie i \u015bwie\u017co\u015b\u0107 oczu, nawet podczas d\u0142ugich godzin noszenia. Wysokiej jako\u015bci materia\u0142y u\u017cyte do ich produkcji pozwalaj\u0105 na maksymalny przep\u0142yw tlenu, zmniejszaj\u0105c sucho\u015b\u0107 i podra\u017cnienia.<\/p>\n<p>Dzi\u0119ki Crystal Series Clear Contacts mo\u017cesz po\u017cegna\u0107 si\u0119 z niedogodno\u015bciami zwi\u0105zanymi z czyszczeniem i przechowywaniem soczewek. Te jednodniowe soczewki kontaktowe oferuj\u0105 najwy\u017csz\u0105 wygod\u0119, pozwalaj\u0105c po prostu wyrzuci\u0107 je pod koniec dnia i zacz\u0105\u0107 od nowa nast\u0119pnego ranka. Koniec z martwieniem si\u0119 o konserwacj\u0119 soczewek lub noszeniem niepor\u0119cznych pojemnik\u00f3w na soczewki!<\/p>\n<p>Soczewki kontaktowe Crystal Series Clear zapewniaj\u0105 wyj\u0105tkow\u0105 ostro\u015b\u0107 widzenia, oferuj\u0105c ostre i wyra\u017ane widzenie przez ca\u0142y dzie\u0144. Niezale\u017cnie od tego, czy pracujesz przy komputerze, cieszysz si\u0119 aktywno\u015bci\u0105 na \u015bwie\u017cym powietrzu, czy po prostu wykonujesz codzienne czynno\u015bci, soczewki te zapewniaj\u0105 optymaln\u0105 wydajno\u015b\u0107 widzenia w r\u00f3\u017cnych warunkach o\u015bwietleniowych.<\/p>\n<p>Zaprojektowane z my\u015bl\u0105 o zdrowiu oczu, nasze Clear Contacts maj\u0105 g\u0142adk\u0105 i ultracienk\u0105 powierzchni\u0119, kt\u00f3ra minimalizuje tarcie i zmniejsza ryzyko dyskomfortu lub zaczerwienienia. S\u0105 r\u00f3wnie\u017c wyposa\u017cone w ochron\u0119 przed promieniowaniem UV, chroni\u0105c oczy przed szkodliwym promieniowaniem s\u0142onecznym.<\/p>\n<p>Podsumowuj\u0105c, nasze 1-dniowe przezroczyste styki z serii Crystal zapewniaj\u0105:<\/p>\n<ol>\n<li>Niezr\u00f3wnany komfort: Technologia blokuj\u0105ca wilgo\u0107 i doskona\u0142a oddychalno\u015b\u0107 zapewniaj\u0105 komfort przez ca\u0142y dzie\u0144.<\/li>\n<li>Wygoda: Soczewki jednodniowe zapewniaj\u0105 bezproblemowe u\u017cytkowanie.<\/li>\n<li>Wyj\u0105tkowa ostro\u015b\u0107 widzenia: Ostre i wyra\u017ane widzenie w r\u00f3\u017cnych \u015brodowiskach.<\/li>\n<li>Zdrowie oczu: G\u0142adka i cienka powierzchnia, minimalizuj\u0105ca tarcie i zapewniaj\u0105ca ochron\u0119 przed promieniowaniem UV.<\/li>\n<\/ol>\n<p>Wybierz nasze bezbarwne soczewki kontaktowe 1 DAY Crystal Series, aby cieszy\u0107 si\u0119 komfortowym, wygodnym i osza\u0142amiaj\u0105cym widzeniem. Odkryj na nowo rado\u015b\u0107 wyra\u017anego i komfortowego widzenia przy ka\u017cdym mrugni\u0119ciu.<\/p>","protected":false},"excerpt":{"rendered":"<ul>\n<li>Obiektywy w pude\u0142ku: 10<\/li>\n<li>Harmonogram wymiany: 1 dzie\u0144<\/li>\n<li>Zawarto\u015b\u0107 wody: 38%<\/li>\n<\/ul>","protected":false},"featured_media":1203,"comment_status":"open","ping_status":"closed","template":"","meta":[],"product_brand":[],"product_cat":[128,91,100,96,95],"product_tag":[352],"class_list":{"0":"post-1202","1":"product","2":"type-product","3":"status-publish","4":"has-post-thumbnail","6":"product_cat-clear-lenses","7":"product_cat-14-2-mm","8":"product_cat-daily-disposable","9":"product_cat-non-prescription","10":"product_cat-prescription","11":"product_tag-clear-contacts","13":"first","14":"instock","15":"sale","16":"shipping-taxable","17":"purchasable","18":"product-type-variable","19":"has-default-attributes"},"_links":{"self":[{"href":"https:\/\/bqeye.com\/pl\/wp-json\/wp\/v2\/product\/1202","targetHints":{"allow":["GET"]}}],"collection":[{"href":"https:\/\/bqeye.com\/pl\/wp-json\/wp\/v2\/product"}],"about":[{"href":"https:\/\/bqeye.com\/pl\/wp-json\/wp\/v2\/types\/product"}],"replies":[{"embeddable":true,"href":"https:\/\/bqeye.com\/pl\/wp-json\/wp\/v2\/comments?post=1202"}],"wp:featuredmedia":[{"embeddable":true,"href":"https:\/\/bqeye.com\/pl\/wp-json\/wp\/v2\/media\/1203"}],"wp:attachment":[{"href":"https:\/\/bqeye.com\/pl\/wp-json\/wp\/v2\/media?parent=1202"}],"wp:term":[{"taxonomy":"product_brand","embeddable":true,"href":"https:\/\/bqeye.com\/pl\/wp-json\/wp\/v2\/product_brand?post=1202"},{"taxonomy":"product_cat","embeddable":true,"href":"https:\/\/bqeye.com\/pl\/wp-json\/wp\/v2\/product_cat?post=1202"},{"taxonomy":"product_tag","embeddable":true,"href":"https:\/\/bqeye.com\/pl\/wp-json\/wp\/v2\/product_tag?post=1202"}],"curies":[{"name":"wp","href":"https:\/\/api.w.org\/{rel}","templated":true}]}}