{"id":1217,"date":"2023-12-09T13:09:56","date_gmt":"2023-12-09T13:09:56","guid":{"rendered":"https:\/\/bqeye.com\/?post_type=product&#038;p=1217"},"modified":"2024-04-18T02:20:57","modified_gmt":"2024-04-18T02:20:57","slug":"oolong-tea-brown-colored-contacts","status":"publish","type":"product","link":"https:\/\/bqeye.com\/pl\/oolong-tea-brown-colored-contacts\/","title":{"rendered":"Kontakty w kolorze br\u0105zowej herbaty Oolong"},"content":{"rendered":"<p>Odkrywanie swojego wewn\u0119trznego artysty - nowy spos\u00f3b postrzegania pi\u0119kna dzi\u0119ki kolorowym kontaktom BQEYE<\/p>\n<p>Ka\u017cdy z nas ma w sobie artyst\u0119, kt\u00f3ry pragnie wyrazi\u0107 siebie. Dla wielu kolor oczu jest prostym, ale efektownym sposobem na pokazanie naszego kreatywnego ducha. Przedstawiamy najnowsz\u0105 innowacj\u0119 BQEYE, kt\u00f3ra podsyci Twoj\u0105 wewn\u0119trzn\u0105 muz\u0119 - br\u0105zowe soczewki kontaktowe Oolong Tea.<\/p>\n<p>Nazwane na cze\u015b\u0107 delikatnego odcienia \u015bwie\u017co zaparzonej herbaty oolong, soczewki te budz\u0105 ciep\u0142o i g\u0142\u0119bi\u0119 w spojrzeniu. Wykonane z najwy\u017csz\u0105 staranno\u015bci\u0105 przy u\u017cyciu wy\u0142\u0105cznie najwy\u017cszej jako\u015bci hipoalergicznych materia\u0142\u00f3w, \u0142\u0105cz\u0105 komfort z wyra\u017caniem siebie.<\/p>\n<p>Za\u0142\u00f3\u017c je i odkryj nowy spos\u00f3b dostrzegania pi\u0119kna - w sobie i w otaczaj\u0105cym Ci\u0119 \u015bwiecie. Subtelny br\u0105zowy odcie\u0144 nadaje t\u0119cz\u00f3wce plamki koloru, sprawiaj\u0105c, \u017ce ka\u017cde spojrzenie staje si\u0119 prywatnym dzie\u0142em sztuki. A co najlepsze, pozwalaj\u0105 Twojej naturalnej osobowo\u015bci i energii zab\u0142ysn\u0105\u0107, aby wy\u0142oni\u0142o si\u0119 Twoje autentyczne ja.<\/p>\n<p>Wyra\u017a swoj\u0105 indywidualno\u015b\u0107, zachowuj\u0105c zdrowe i szcz\u0119\u015bliwe oczy dzi\u0119ki innowacyjnej technologii soczewek przepuszczaj\u0105cych tlen. Niedrogie i \u0142atwe do zam\u00f3wienia online i odbioru na ca\u0142ym \u015bwiecie, BQEYE sprawia, \u017ce rado\u015b\u0107 z odkrywania siebie jest dost\u0119pna dla wszystkich.<\/p>\n<p>Odblokuj w sobie artyst\u0119 i zobacz swoje prawdziwe pi\u0119kno odzwierciedlone w oczach innych. Br\u0105zowe soczewki kontaktowe BQEYE Oolong Tea - rozpalaj\u0105 kreatywno\u015b\u0107 jedn\u0105 par\u0105 na raz. Rozpocznij swoj\u0105 podr\u00f3\u017c na BQEYE.com ju\u017c dzi\u015b!<\/p>","protected":false},"excerpt":{"rendered":"<p>Discovering Your Inner Artist &#8211; A New Way to See Beauty with BQEYE Colored Contacts We all have an artist inside longing to express themselves. For many, eye color is a simple yet impactful way to showcase our creative spirit. Introducing BQEYE&#8217;s latest innovation to fuel your inner muse &#8211; Oolong Tea Brown Colored Contacts. [&#8230;]\n","protected":false},"featured_media":1219,"comment_status":"open","ping_status":"closed","template":"","meta":[],"product_brand":[],"product_cat":[101,91,80,100,96,95],"product_tag":[],"class_list":{"0":"post-1217","1":"product","2":"type-product","3":"status-publish","4":"has-post-thumbnail","6":"product_cat-natural-contacts","7":"product_cat-14-2-mm","8":"product_cat-brown-contact-lenses","9":"product_cat-daily-disposable","10":"product_cat-non-prescription","11":"product_cat-prescription","13":"first","14":"instock","15":"sale","16":"shipping-taxable","17":"purchasable","18":"product-type-variable","19":"has-default-attributes"},"_links":{"self":[{"href":"https:\/\/bqeye.com\/pl\/wp-json\/wp\/v2\/product\/1217","targetHints":{"allow":["GET"]}}],"collection":[{"href":"https:\/\/bqeye.com\/pl\/wp-json\/wp\/v2\/product"}],"about":[{"href":"https:\/\/bqeye.com\/pl\/wp-json\/wp\/v2\/types\/product"}],"replies":[{"embeddable":true,"href":"https:\/\/bqeye.com\/pl\/wp-json\/wp\/v2\/comments?post=1217"}],"wp:featuredmedia":[{"embeddable":true,"href":"https:\/\/bqeye.com\/pl\/wp-json\/wp\/v2\/media\/1219"}],"wp:attachment":[{"href":"https:\/\/bqeye.com\/pl\/wp-json\/wp\/v2\/media?parent=1217"}],"wp:term":[{"taxonomy":"product_brand","embeddable":true,"href":"https:\/\/bqeye.com\/pl\/wp-json\/wp\/v2\/product_brand?post=1217"},{"taxonomy":"product_cat","embeddable":true,"href":"https:\/\/bqeye.com\/pl\/wp-json\/wp\/v2\/product_cat?post=1217"},{"taxonomy":"product_tag","embeddable":true,"href":"https:\/\/bqeye.com\/pl\/wp-json\/wp\/v2\/product_tag?post=1217"}],"curies":[{"name":"wp","href":"https:\/\/api.w.org\/{rel}","templated":true}]}}