{"id":1220,"date":"2023-12-09T15:02:13","date_gmt":"2023-12-09T15:02:13","guid":{"rendered":"https:\/\/bqeye.com\/?post_type=product&#038;p=1220"},"modified":"2024-04-18T02:20:53","modified_gmt":"2024-04-18T02:20:53","slug":"midnight-mirage-black-colored-contacts","status":"publish","type":"product","link":"https:\/\/bqeye.com\/pl\/midnight-mirage-black-colored-contacts\/","title":{"rendered":"Czarne kolorowe kontakty Midnight Mirage"},"content":{"rendered":"<p>Zagl\u0105daj\u0105c za zas\u0142on\u0119: Podr\u00f3\u017c odkrywania siebie z kolorowymi kontaktami od BQEYE<\/p>\n<p>Wszyscy mamy w sobie warstwy, kt\u00f3re domagaj\u0105 si\u0119 ujawnienia. Dla wielu kolorowe soczewki kontaktowe s\u0105 bram\u0105 nie tylko do wyra\u017cania swojego stylu i kreatywno\u015bci, ale tak\u017ce do niewykorzystanych aspekt\u00f3w naszej istoty. W BQEYE wierzymy, \u017ce wyj\u0105tkowo kolorowe kontakty i ekspresja powinny by\u0107 dost\u0119pne dla wszystkich. To w\u0142a\u015bnie z t\u0105 wizj\u0105 z dum\u0105 prezentujemy nasz\u0105 najnowsz\u0105 innowacj\u0119 - czarne soczewki kontaktowe Midnight Mirage.<\/p>\n<p>Nazwane na cze\u015b\u0107 uroku nocy, soczewki te otulaj\u0105 oczy g\u0142\u0119bokim, ciemnym odcieniem, kt\u00f3ry budzi intryg\u0119 wewn\u0105trz. Wykonane przez rzemie\u015blnik\u00f3w z najwy\u017csz\u0105 staranno\u015bci\u0105 przy u\u017cyciu wy\u0142\u0105cznie najwy\u017cszej jako\u015bci hipoalergicznych materia\u0142\u00f3w, komfort \u0142\u0105czy si\u0119 z mistyk\u0105. Za\u0142\u00f3\u017c je, aby zajrze\u0107 za zas\u0142on\u0119 do \u015bwiata wykraczaj\u0105cego poza to, co na pierwszy rzut oka.<\/p>\n<p>Atramentowy czarny odcie\u0144 przynosi atmosfer\u0119 uwodzenia i niebezpiecze\u0144stwa, wgl\u0105d w stron\u0119 siebie, o kt\u00f3rej istnieniu nigdy nie wiedzia\u0142e\u015b. Ale to nie s\u0105 zwyk\u0142e \"kolorowe kontakty\". W ich ciemnej g\u0142\u0119bi kryje si\u0119 ukryty \u015bwiat, kt\u00f3ry tylko czeka na odkrycie. Przyjrzyj si\u0119 bli\u017cej, a plamki b\u0142\u0119kitu o p\u00f3\u0142nocy, fioletu i szaro\u015bci wy\u0142oni\u0105 si\u0119 jak gwiazdy o\u017cywaj\u0105ce po zmierzchu.<\/p>\n<p>Jest to krajobraz, w kt\u00f3rym mo\u017cna si\u0119 zagubi\u0107, pozwalaj\u0105c swojej prawdziwej postaci zab\u0142ysn\u0105\u0107 pod ca\u0142unem nocy. Twoje spojrzenie staje si\u0119 oknem nie tylko na dusze innych, ale tak\u017ce na terytoria w twojej w\u0142asnej istocie, o kt\u00f3rych wcze\u015bniej tylko marzy\u0142e\u015b. Rzucenie \u015bwiat\u0142a na te d\u0142ugo skrywane kr\u00f3lestwa przynosi wolno\u015b\u0107 i uwolnienie.<\/p>\n<p>Komfort i troska by\u0142y najwa\u017cniejsze przy tworzeniu soczewek, kt\u00f3re umo\u017cliwiaj\u0105, a nie utrudniaj\u0105 odkrywanie siebie. Hipoalergiczne materia\u0142y i innowacyjna technologia sprawiaj\u0105, \u017ce oczy s\u0105 szcz\u0119\u015bliwe i zdrowe podczas ca\u0142ej wewn\u0119trznej podr\u00f3\u017cy. Przyst\u0119pne cenowo i dost\u0119pne na ca\u0142ym \u015bwiecie soczewki BQEYE sprawiaj\u0105, \u017ce odkrycie swojego autentycznego \"ja\" jest osi\u0105galne dla wszystkich poszukuj\u0105cych \"kolorowych soczewek kontaktowych\".<\/p>\n<p>Zanurz si\u0119 w Midnight Mirage. Niech soczewki okryj\u0105 Ci\u0119 tajemnic\u0105, prowadz\u0105c Twoj\u0105 dusz\u0119 do nowego zrozumienia tego, kim jeste\u015b. BQEYE Black Colored Contacts - uwalniaj\u0105 intryg\u0119 w jednym hipnotyzuj\u0105cym spojrzeniu na raz. Ju\u017c dzi\u015b rozpocznij eksploracj\u0119 g\u0142\u0119bi swojej prawdziwej natury na BQEYE.com. Odkrycie \u017cycia czeka za zas\u0142on\u0105.<\/p>","protected":false},"excerpt":{"rendered":"<p>Peering Behind the Veil: A Journey of Self-Discovery with Colored Contacts from BQEYE We all have layers within crying out to be revealed. For so many, colored contacts are a gateway not only to expressing your style and creativity, but to untapped facets of our being. At BQEYE, we believe uniquely colored contacts and expression [&#8230;]\n","protected":false},"featured_media":1222,"comment_status":"open","ping_status":"closed","template":"","meta":[],"product_brand":[],"product_cat":[101,91,73,100,96,95],"product_tag":[],"class_list":{"0":"post-1220","1":"product","2":"type-product","3":"status-publish","4":"has-post-thumbnail","6":"product_cat-natural-contacts","7":"product_cat-14-2-mm","8":"product_cat-black-contact-lenses","9":"product_cat-daily-disposable","10":"product_cat-non-prescription","11":"product_cat-prescription","13":"first","14":"instock","15":"sale","16":"shipping-taxable","17":"purchasable","18":"product-type-variable","19":"has-default-attributes"},"_links":{"self":[{"href":"https:\/\/bqeye.com\/pl\/wp-json\/wp\/v2\/product\/1220","targetHints":{"allow":["GET"]}}],"collection":[{"href":"https:\/\/bqeye.com\/pl\/wp-json\/wp\/v2\/product"}],"about":[{"href":"https:\/\/bqeye.com\/pl\/wp-json\/wp\/v2\/types\/product"}],"replies":[{"embeddable":true,"href":"https:\/\/bqeye.com\/pl\/wp-json\/wp\/v2\/comments?post=1220"}],"wp:featuredmedia":[{"embeddable":true,"href":"https:\/\/bqeye.com\/pl\/wp-json\/wp\/v2\/media\/1222"}],"wp:attachment":[{"href":"https:\/\/bqeye.com\/pl\/wp-json\/wp\/v2\/media?parent=1220"}],"wp:term":[{"taxonomy":"product_brand","embeddable":true,"href":"https:\/\/bqeye.com\/pl\/wp-json\/wp\/v2\/product_brand?post=1220"},{"taxonomy":"product_cat","embeddable":true,"href":"https:\/\/bqeye.com\/pl\/wp-json\/wp\/v2\/product_cat?post=1220"},{"taxonomy":"product_tag","embeddable":true,"href":"https:\/\/bqeye.com\/pl\/wp-json\/wp\/v2\/product_tag?post=1220"}],"curies":[{"name":"wp","href":"https:\/\/api.w.org\/{rel}","templated":true}]}}