{"id":1223,"date":"2023-12-09T15:17:37","date_gmt":"2023-12-09T15:17:37","guid":{"rendered":"https:\/\/bqeye.com\/?post_type=product&#038;p=1223"},"modified":"2024-04-18T02:20:50","modified_gmt":"2024-04-18T02:20:50","slug":"hollywood-gray-contact-lenses","status":"publish","type":"product","link":"https:\/\/bqeye.com\/pl\/hollywood-gray-contact-lenses\/","title":{"rendered":"Szare soczewki kontaktowe Hollywood"},"content":{"rendered":"<p>\"Szukasz subtelnego sposobu na zmian\u0119 wygl\u0105du bez przesady? Przywitaj si\u0119 z nowymi BFF - soczewkami kontaktowymi Hollywood Gray marki BQEYE.<\/p>\n<p>Te mi\u0119kkie szare soczewki s\u0105 jak filtr \u015bwiat\u0142a dla oczu. Subtelnie poprawiaj\u0105 kolor t\u0119cz\u00f3wki bez zbyt drastycznych zmian. Za\u0142\u00f3\u017c je i obserwuj, jak Twoje oczy nabieraj\u0105 marzycielskiego, przydymionego odcienia. Dawno min\u0119\u0142y czasy super jasnych kolor\u00f3w, kt\u00f3re krzycz\u0105 \"nosz\u0119 kontakty!\". Szaro\u015bci Hollywood wtapiaj\u0105 si\u0119 w naturalny kolor oczu, zapewniaj\u0105c ledwo zauwa\u017caln\u0105 transformacj\u0119.<\/p>\n<p>Mi\u0119kki szary odcie\u0144 dodaje g\u0142\u0119bi i wymiaru, aby wydoby\u0107 plamki koloru, o kt\u00f3rych nigdy nie wiedzia\u0142e\u015b, \u017ce kryj\u0105 si\u0119 w twoich oczach. B\u0142\u0119kity, zielenie i orzechy nabior\u0105 nastrojowego, tajemniczego charakteru, kt\u00f3ry sprawi, \u017ce ludzie b\u0119d\u0105 si\u0119 zastanawia\u0107, czy naprawd\u0119 widz\u0105 zmian\u0119 koloru, czy to tylko sztuczka \u015bwiat\u0142a. Nawet br\u0105zowe oczy nabieraj\u0105 pi\u0119knego wymiaru i intryguj\u0105 dzi\u0119ki Hollywood Grays.<\/p>\n<p>Jak sama nazwa wskazuje, te szare soczewki kontaktowe s\u0105 idealne do uzyskania po\u017c\u0105danego hollywoodzkiego wygl\u0105du glam bez k\u0142opot\u00f3w z farbowaniem lub przed\u0142u\u017caniem. Wsu\u0144 je i od razu b\u0119dziesz gotowa na czerwony dywan bez sp\u0119dzania godzin na fryzurze i makija\u017cu. Subtelne wzmocnienie sprawia, \u017ce oczy naprawd\u0119 wyskakuj\u0105 w aparacie, wi\u0119c pokochasz spos\u00f3b, w jaki wychodz\u0105 zdj\u0119cia.<\/p>\n<p>Soczewki Hollywood Grays marki BQEYE s\u0105 wykonane z naszego niezwykle wygodnego materia\u0142u Hydraclear, dzi\u0119ki czemu s\u0105 praktycznie niewidoczne. Zapomnisz, \u017ce w og\u00f3le je nosisz! Hydraclear jest oddychaj\u0105cy i porusza si\u0119 wraz z okiem, dzi\u0119ki czemu nie odczuwasz irytuj\u0105cego uczucia \"soczewki kontaktowej\". Po\u017cegnaj si\u0119 r\u00f3wnie\u017c z sucho\u015bci\u0105 oczu - materia\u0142 zosta\u0142 zaprojektowany tak, aby utrzyma\u0107 odpowiedni\u0105 wilgotno\u015b\u0107 na powierzchni oka, aby unikn\u0105\u0107 dyskomfortu.<\/p>\n<p>Jako \u015bwiatowy lider w dziedzinie soczewek modowych i kolorowych, BQEYE stawia jako\u015b\u0107 i bezpiecze\u0144stwo na pierwszym miejscu w ka\u017cdym produkcie. Soczewki Hollywood Grays przechodz\u0105 rygorystyczne testy, aby spe\u0142ni\u0107 lub przekroczy\u0107 wszystkie normy FDA dotycz\u0105ce biokompatybilno\u015bci i przepuszczalno\u015bci tlenu. Mo\u017cesz czu\u0107 si\u0119 dobrze z materia\u0142ami dotykaj\u0105cymi Twoich oczu ka\u017cdego dnia. A dzi\u0119ki 14-dniowemu cyklowi wymiany pokochasz, jak d\u0142ugo ka\u017cda para wytrzyma, zanim nadejdzie czas na wymian\u0119 na nowy zestaw.<\/p>\n<p>Niezale\u017cnie od tego, czy szukasz subtelnej poprawy na co dzie\u0144, chcesz eksperymentowa\u0107 z nowym wygl\u0105dem, czy potrzebujesz kontakt\u00f3w, kt\u00f3re pi\u0119knie fotografuj\u0105, Hollywood Gray by BQEYE zapewni Ci ochron\u0119. Zam\u00f3w ju\u017c dzi\u015b bez ryzyka dzi\u0119ki naszej gwarancji satysfakcji 100%. Wypr\u00f3buj je w domu i przekonaj si\u0119, jak subtelnie odmieni\u0105 Twoje oczy, nie przyt\u0142aczaj\u0105c ich naturalnego pi\u0119kna. Jeste\u015bmy pewni, \u017ce zakochasz si\u0119 w swoich nowych szarych oczach!\"<\/p>","protected":false},"excerpt":{"rendered":"<p>&#8220;Looking for a subtle way to change up your look without going over the top? Say hello to your new BFFs &#8211; Hollywood Gray Contact Lenses by BQEYE. These soft gray lenses are like a light filter for your eyes. They&#8217;ll subtly enhance the color of your iris without being too drastic of a change. [&#8230;]\n","protected":false},"featured_media":1225,"comment_status":"open","ping_status":"closed","template":"","meta":[],"product_brand":[],"product_cat":[101,91,100,81,96,95],"product_tag":[],"class_list":{"0":"post-1223","1":"product","2":"type-product","3":"status-publish","4":"has-post-thumbnail","6":"product_cat-natural-contacts","7":"product_cat-14-2-mm","8":"product_cat-daily-disposable","9":"product_cat-grey-contact-lenses","10":"product_cat-non-prescription","11":"product_cat-prescription","13":"first","14":"instock","15":"sale","16":"shipping-taxable","17":"purchasable","18":"product-type-variable","19":"has-default-attributes"},"_links":{"self":[{"href":"https:\/\/bqeye.com\/pl\/wp-json\/wp\/v2\/product\/1223","targetHints":{"allow":["GET"]}}],"collection":[{"href":"https:\/\/bqeye.com\/pl\/wp-json\/wp\/v2\/product"}],"about":[{"href":"https:\/\/bqeye.com\/pl\/wp-json\/wp\/v2\/types\/product"}],"replies":[{"embeddable":true,"href":"https:\/\/bqeye.com\/pl\/wp-json\/wp\/v2\/comments?post=1223"}],"wp:featuredmedia":[{"embeddable":true,"href":"https:\/\/bqeye.com\/pl\/wp-json\/wp\/v2\/media\/1225"}],"wp:attachment":[{"href":"https:\/\/bqeye.com\/pl\/wp-json\/wp\/v2\/media?parent=1223"}],"wp:term":[{"taxonomy":"product_brand","embeddable":true,"href":"https:\/\/bqeye.com\/pl\/wp-json\/wp\/v2\/product_brand?post=1223"},{"taxonomy":"product_cat","embeddable":true,"href":"https:\/\/bqeye.com\/pl\/wp-json\/wp\/v2\/product_cat?post=1223"},{"taxonomy":"product_tag","embeddable":true,"href":"https:\/\/bqeye.com\/pl\/wp-json\/wp\/v2\/product_tag?post=1223"}],"curies":[{"name":"wp","href":"https:\/\/api.w.org\/{rel}","templated":true}]}}