{"id":1226,"date":"2023-12-09T15:24:46","date_gmt":"2023-12-09T15:24:46","guid":{"rendered":"https:\/\/bqeye.com\/?post_type=product&#038;p=1226"},"modified":"2024-04-18T02:20:47","modified_gmt":"2024-04-18T02:20:47","slug":"hollywood-brown-contact-lenses","status":"publish","type":"product","link":"https:\/\/bqeye.com\/pl\/hollywood-brown-contact-lenses\/","title":{"rendered":"Soczewki kontaktowe Hollywood Brown"},"content":{"rendered":"<p>\"Gotowy, aby ociepli\u0107 sw\u00f3j wygl\u0105d nutk\u0105 intrygi? Przedstawiamy soczewki kontaktowe Hollywood Brown marki BQEYE.<\/p>\n<p>Te mi\u0119kkie br\u0105zowe soczewki nadaj\u0105 oczom pi\u0119kny wymiar i g\u0142\u0119bi\u0119, nie wymagaj\u0105c przy tym wielu zabieg\u00f3w piel\u0119gnacyjnych. Za\u0142\u00f3\u017c je i obserwuj, jak t\u0119cz\u00f3wka nabiera bogatego, czekoladowego odcienia, kt\u00f3ry sprawia, \u017ce oczy staj\u0105 si\u0119 naprawd\u0119 wyraziste. Min\u0119\u0142y ju\u017c czasy jednowymiarowych oczu - hollywoodzkie br\u0105zowe soczewki podkre\u015blaj\u0105 naturalny kolor oczu za pomoc\u0105 drobinek i warstw ciep\u0142ego br\u0105zu.<\/p>\n<p>Subtelny br\u0105zowy odcie\u0144 wydobywa ukryte z\u0142ote, zielone i orzechowe odcienie, o kt\u00f3rych nigdy nie wiedzia\u0142e\u015b, \u017ce czaj\u0105 si\u0119 w twoich oczach. B\u0142\u0119kity i szaro\u015bci nabieraj\u0105 ziemistego charakteru, kt\u00f3ry sprawia, \u017ce ludzie zastanawiaj\u0105 si\u0119, jaki jest tw\u00f3j \"prawdziwy\" kolor oczu. Nawet g\u0142\u0119bokie br\u0105zy zyskaj\u0105 seksown\u0105, wymiarow\u0105 definicj\u0119 dzi\u0119ki Hollywood Browns.<\/p>\n<p>Jak sama nazwa wskazuje, te br\u0105zowe soczewki kontaktowe s\u0105 idealne do uzyskania wyluzowanego hollywoodzkiego wygl\u0105du, kt\u00f3rego wszyscy zazdro\u015bcimy. Za\u0142\u00f3\u017c je, a natychmiast b\u0119dziesz gotowa do pracy przed kamer\u0105 i na czerwony dywan bez godzin sp\u0119dzonych w fotelu glamour. Naturalnie wygl\u0105daj\u0105ce wzmocnienie sprawia, \u017ce oczy naprawd\u0119 wyr\u00f3\u017cniaj\u0105 si\u0119 r\u00f3wnie\u017c na filmie, wi\u0119c pokochasz spos\u00f3b, w jaki zdj\u0119cia wychodz\u0105, niezale\u017cnie od tego, czy s\u0105 to media spo\u0142eczno\u015bciowe, czy noc w mie\u015bcie.<\/p>\n<p>Hollywood Browns marki BQEYE s\u0105 wykonane z naszego niezwykle wygodnego materia\u0142u Hydraclear, kt\u00f3ry sprawia wra\u017cenie, jakby\u015b w og\u00f3le nie mia\u0142 ich na sobie. Zapomnisz, \u017ce w og\u00f3le je masz! Hydraclear jest oddychaj\u0105cy i porusza si\u0119 wraz z naturalnym przep\u0142ywem oka, dzi\u0119ki czemu unikniesz irytuj\u0105cego uczucia noszenia soczewek kontaktowych. Po\u017cegnaj si\u0119 r\u00f3wnie\u017c z suchymi, podra\u017cnionymi oczami - materia\u0142 zosta\u0142 zaprojektowany tak, aby zapewni\u0107 odpowiednie nawil\u017cenie przez ca\u0142y dzie\u0144.<\/p>\n<p>Jako \u015bwiatowy lider w dziedzinie soczewek zmieniaj\u0105cych kolor, BQEYE stawia jako\u015b\u0107, bezpiecze\u0144stwo i komfort na pierwszym miejscu w ka\u017cdym produkcie. Whispering Smoke przechodzi szeroko zakrojone testy, aby spe\u0142ni\u0107 lub przewy\u017cszy\u0107 wszystkie standardy FDA dotycz\u0105ce biokompatybilno\u015bci materia\u0142\u00f3w i przepuszczalno\u015bci tlenu. Mo\u017cesz czu\u0107 si\u0119 dobrze z tym, co dotyka Twoich oczu ka\u017cdego dnia. A dzi\u0119ki zalecanemu 14-dniowemu harmonogramowi wymiany pokochasz, jak d\u0142ugo ka\u017cda para wytrzyma, zanim nadejdzie czas na nowy zestaw.<\/p>\n<p>Niezale\u017cnie od tego, czy chcesz ociepli\u0107 sw\u00f3j codzienny wygl\u0105d, poeksperymentowa\u0107 z czym\u015b nowym, czy te\u017c potrzebujesz kontakt\u00f3w, kt\u00f3re pi\u0119knie fotografuj\u0105, Hollywood Brown zapewni Ci ochron\u0119. Zam\u00f3w ju\u017c dzi\u015b bez ryzyka, korzystaj\u0105c z naszej gwarancji satysfakcji 100%. Przekonaj si\u0119, jak subtelnie odmieni\u0105 Twoje oczy, nie przyt\u0142aczaj\u0105c ich naturalnego wygl\u0105du - s\u0105dzimy, \u017ce zakochasz si\u0119 w swoim nowym ulubionym odcieniu br\u0105zu!\"<\/p>","protected":false},"excerpt":{"rendered":"<p>&#8220;Ready to warm up your look with a hint of intrigue? Introducing Hollywood Brown Contact Lenses by BQEYE. These soft brown lenses give eyes beautiful dimension and depth without being high maintenance. Slip them in and watch as your iris takes on a rich, chocolatey tone that makes peepers really pop. Gone are the days [&#8230;]\n","protected":false},"featured_media":1228,"comment_status":"open","ping_status":"closed","template":"","meta":[],"product_brand":[],"product_cat":[101,91,80,100,96,95],"product_tag":[],"class_list":{"0":"post-1226","1":"product","2":"type-product","3":"status-publish","4":"has-post-thumbnail","6":"product_cat-natural-contacts","7":"product_cat-14-2-mm","8":"product_cat-brown-contact-lenses","9":"product_cat-daily-disposable","10":"product_cat-non-prescription","11":"product_cat-prescription","13":"first","14":"instock","15":"sale","16":"shipping-taxable","17":"purchasable","18":"product-type-variable","19":"has-default-attributes"},"_links":{"self":[{"href":"https:\/\/bqeye.com\/pl\/wp-json\/wp\/v2\/product\/1226","targetHints":{"allow":["GET"]}}],"collection":[{"href":"https:\/\/bqeye.com\/pl\/wp-json\/wp\/v2\/product"}],"about":[{"href":"https:\/\/bqeye.com\/pl\/wp-json\/wp\/v2\/types\/product"}],"replies":[{"embeddable":true,"href":"https:\/\/bqeye.com\/pl\/wp-json\/wp\/v2\/comments?post=1226"}],"wp:featuredmedia":[{"embeddable":true,"href":"https:\/\/bqeye.com\/pl\/wp-json\/wp\/v2\/media\/1228"}],"wp:attachment":[{"href":"https:\/\/bqeye.com\/pl\/wp-json\/wp\/v2\/media?parent=1226"}],"wp:term":[{"taxonomy":"product_brand","embeddable":true,"href":"https:\/\/bqeye.com\/pl\/wp-json\/wp\/v2\/product_brand?post=1226"},{"taxonomy":"product_cat","embeddable":true,"href":"https:\/\/bqeye.com\/pl\/wp-json\/wp\/v2\/product_cat?post=1226"},{"taxonomy":"product_tag","embeddable":true,"href":"https:\/\/bqeye.com\/pl\/wp-json\/wp\/v2\/product_tag?post=1226"}],"curies":[{"name":"wp","href":"https:\/\/api.w.org\/{rel}","templated":true}]}}