{"id":1229,"date":"2023-12-09T15:32:57","date_gmt":"2023-12-09T15:32:57","guid":{"rendered":"https:\/\/bqeye.com\/?post_type=product&#038;p=1229"},"modified":"2024-04-18T02:20:44","modified_gmt":"2024-04-18T02:20:44","slug":"tangerine-brown-contact-lenses","status":"publish","type":"product","link":"https:\/\/bqeye.com\/pl\/tangerine-brown-contact-lenses\/","title":{"rendered":"Mandarynkowo-br\u0105zowe soczewki kontaktowe"},"content":{"rendered":"<p>\"Urozmai\u0107 sw\u00f3j wygl\u0105d odrobin\u0105 s\u0142o\u0144ca - przywitaj si\u0119 z soczewkami kontaktowymi Tangerine Brown marki BQEYE.<\/p>\n<p>Te \u017cywe br\u0105zowe soczewki \u0142\u0105cz\u0105 ciep\u0142e odcienie mandarynki z t\u0119cz\u00f3wk\u0105, zapewniaj\u0105c wygl\u0105d, kt\u00f3ry nie jest nudny. Za\u0142\u00f3\u017c je i obserwuj, jak Twoje oczy roz\u015bwietlaj\u0105 si\u0119 drobinkami z\u0142otego br\u0105zu, kt\u00f3re sprawiaj\u0105, \u017ce spojrzenie staje si\u0119 bardziej wyraziste, nie przyt\u0142aczaj\u0105c przy tym Twojego naturalnego pi\u0119kna. Do lamusa odchodz\u0105 stonowane, jednowymiarowe oczy - Tangerine Browns podkre\u015blaj\u0105 ka\u017cdy kolor oczu, nadaj\u0105c im \u017cywy, z\u0142oto-br\u0105zowy wymiar.<\/p>\n<p>S\u0142oneczny mandarynkowy odcie\u0144 wydobywa ukryte z\u0142ote i oliwkowe tony, o kt\u00f3rych istnieniu nawet nie wiedzia\u0142e\u015b. B\u0142\u0119kity i zielenie nabior\u0105 cytrusowego charakteru, kt\u00f3ry sprawi, \u017ce ludzie spojrz\u0105 na Ciebie z podziwem. Nawet g\u0142\u0119bokie br\u0105zy zyskaj\u0105 seksown\u0105, mu\u015bni\u0119t\u0105 s\u0142o\u0144cem definicj\u0119 dzi\u0119ki Tangerine Browns.<\/p>\n<p>Jak sama nazwa wskazuje, te nasycone mandarynk\u0105 soczewki kontaktowe s\u0105 idealne do podkre\u015blenia beztroskiej atmosfery kalifornijskiej dziewczyny, kt\u00f3rej wszyscy zazdro\u015bcimy. Za\u0142\u00f3\u017c je i od razu b\u0119dziesz gotowa na brunch, pla\u017cowanie lub wieczorne wyj\u015bcia bez konieczno\u015bci wielogodzinnego upi\u0119kszania si\u0119. Naturalne wzmocnienie sprawia, \u017ce oczy naprawd\u0119 wyr\u00f3\u017cniaj\u0105 si\u0119 r\u00f3wnie\u017c na zdj\u0119ciach, wi\u0119c pokochasz spos\u00f3b, w jaki zdj\u0119cia wychodz\u0105, niezale\u017cnie od tego, czy chodzi o \"gram\", czy profil Tinder.<\/p>\n<p>Whispering Smoke marki BQEYE s\u0105 wykonane z naszego niezwykle wygodnego materia\u0142u Hydraclear, kt\u00f3ry sprawia wra\u017cenie, jakby\u015b w og\u00f3le nie mia\u0142 ich na sobie. Zapomnisz, \u017ce w og\u00f3le je masz! Hydraclear jest oddychaj\u0105cy i porusza si\u0119 wraz z naturalnym przep\u0142ywem oka, dzi\u0119ki czemu unikniesz podra\u017cnie\u0144 i sucho\u015bci. Po\u017cegnaj si\u0119 r\u00f3wnie\u017c ze zm\u0119czonymi oczami - materia\u0142 zosta\u0142 zaprojektowany tak, aby zapewni\u0107 odpowiednie nawil\u017cenie oczu przez ca\u0142y dzie\u0144.<\/p>\n<p>Jako \u015bwiatowy lider w dziedzinie soczewek zmieniaj\u0105cych kolor, BQEYE stawia jako\u015b\u0107, bezpiecze\u0144stwo i komfort na pierwszym miejscu w ka\u017cdym produkcie. Whispering Smoke przechodzi szeroko zakrojone testy, aby spe\u0142ni\u0107 lub przewy\u017cszy\u0107 wszystkie standardy FDA dotycz\u0105ce biokompatybilno\u015bci materia\u0142\u00f3w i przepuszczalno\u015bci tlenu. Mo\u017cesz czu\u0107 si\u0119 dobrze z tym, co dotyka Twoich oczu ka\u017cdego dnia. A dzi\u0119ki zalecanemu 14-dniowemu harmonogramowi wymiany pokochasz, jak d\u0142ugo ka\u017cda para wytrzyma, zanim nadejdzie czas na nowy zestaw.<\/p>\n<p>Niezale\u017cnie od tego, czy chcesz kierowa\u0107 s\u0142o\u0144ce na co dzie\u0144, eksperymentowa\u0107 z czym\u015b nowym, czy te\u017c potrzebujesz kontakt\u00f3w, kt\u00f3re sprawiaj\u0105, \u017ce oczy wyskakuj\u0105 na zdj\u0119ciach, Tangerine Brown zapewni Ci ochron\u0119. Zam\u00f3w ju\u017c dzi\u015b bez ryzyka, korzystaj\u0105c z naszej gwarancji satysfakcji 100%. Przekonaj si\u0119, jak subtelnie odmieni\u0105 Twoje oczy, dodaj\u0105c im s\u0142onecznego blasku - s\u0105dzimy, \u017ce zakochasz si\u0119 w swoim nowym ulubionym odcieniu!\"<\/p>","protected":false},"excerpt":{"rendered":"<p>&#8220;Spice up your look with a burst of sunshine &#8211; say hello to Tangerine Brown Contact Lenses by BQEYE. These vibrant brown lenses blend warm undertones of tangerine into your iris for a look that&#8217;s anything but boring. Slip them in and watch as your eyes light up with flecks of golden brown that make [&#8230;]\n","protected":false},"featured_media":1231,"comment_status":"open","ping_status":"closed","template":"","meta":[],"product_brand":[],"product_cat":[101,91,80,100,96,95],"product_tag":[],"class_list":{"0":"post-1229","1":"product","2":"type-product","3":"status-publish","4":"has-post-thumbnail","6":"product_cat-natural-contacts","7":"product_cat-14-2-mm","8":"product_cat-brown-contact-lenses","9":"product_cat-daily-disposable","10":"product_cat-non-prescription","11":"product_cat-prescription","13":"first","14":"instock","15":"sale","16":"shipping-taxable","17":"purchasable","18":"product-type-variable","19":"has-default-attributes"},"_links":{"self":[{"href":"https:\/\/bqeye.com\/pl\/wp-json\/wp\/v2\/product\/1229","targetHints":{"allow":["GET"]}}],"collection":[{"href":"https:\/\/bqeye.com\/pl\/wp-json\/wp\/v2\/product"}],"about":[{"href":"https:\/\/bqeye.com\/pl\/wp-json\/wp\/v2\/types\/product"}],"replies":[{"embeddable":true,"href":"https:\/\/bqeye.com\/pl\/wp-json\/wp\/v2\/comments?post=1229"}],"wp:featuredmedia":[{"embeddable":true,"href":"https:\/\/bqeye.com\/pl\/wp-json\/wp\/v2\/media\/1231"}],"wp:attachment":[{"href":"https:\/\/bqeye.com\/pl\/wp-json\/wp\/v2\/media?parent=1229"}],"wp:term":[{"taxonomy":"product_brand","embeddable":true,"href":"https:\/\/bqeye.com\/pl\/wp-json\/wp\/v2\/product_brand?post=1229"},{"taxonomy":"product_cat","embeddable":true,"href":"https:\/\/bqeye.com\/pl\/wp-json\/wp\/v2\/product_cat?post=1229"},{"taxonomy":"product_tag","embeddable":true,"href":"https:\/\/bqeye.com\/pl\/wp-json\/wp\/v2\/product_tag?post=1229"}],"curies":[{"name":"wp","href":"https:\/\/api.w.org\/{rel}","templated":true}]}}