{"id":1232,"date":"2023-12-09T15:35:21","date_gmt":"2023-12-09T15:35:21","guid":{"rendered":"https:\/\/bqeye.com\/?post_type=product&#038;p=1232"},"modified":"2024-04-18T02:20:40","modified_gmt":"2024-04-18T02:20:40","slug":"whispering-smoke-grey-contact-lenses","status":"publish","type":"product","link":"https:\/\/bqeye.com\/pl\/whispering-smoke-grey-contact-lenses\/","title":{"rendered":"Szare soczewki kontaktowe Whispering Smoke"},"content":{"rendered":"<p>\"Dodaj odrobin\u0119 tajemniczo\u015bci do swojego wygl\u0105du dzi\u0119ki soczewkom kontaktowym Whispering Smoke Grey od BQEYE.<\/p>\n<p>Te mi\u0119kkie soczewki w kolorze dymnej szaro\u015bci nadaj\u0105 oczom pi\u0119kny wymiar i g\u0142\u0119bi\u0119 bez przesady. Za\u0142\u00f3\u017c je i obserwuj, jak Twoja t\u0119cz\u00f3wka nabiera eterycznego bladoszarego odcienia, kt\u00f3ry sprawia, \u017ce oczy naprawd\u0119 si\u0119 tl\u0105. Nie ma ju\u017c jednowymiarowych oczu - Whispering Smoke podkre\u015blaj\u0105 naturalny kolor oczu, dodaj\u0105c drobinki i warstwy popielatej szaro\u015bci, dzi\u0119ki czemu oczy intryguj\u0105 z drugiego ko\u0144ca pokoju.<\/p>\n<p>Subtelny odcie\u0144 dymu wydobywa ukryte niebieskie, zielone i orzechowe odcienie, o kt\u00f3rych nigdy nie wiedzia\u0142e\u015b, \u017ce czaj\u0105 si\u0119 w twoich oczach. B\u0142\u0119kity i szaro\u015bci nabior\u0105 nieziemskiej, chmurnej jako\u015bci, kt\u00f3ra sprawi, \u017ce ludzie b\u0119d\u0105 si\u0119 zastanawia\u0107, jaki jest tw\u00f3j \"prawdziwy\" kolor oczu. Nawet g\u0142\u0119bokie br\u0105zy zyskaj\u0105 seksown\u0105, tajemnicz\u0105 definicj\u0119 dzi\u0119ki Whispering Smoke.<\/p>\n<p>Jak sama nazwa wskazuje, te dymnoszare soczewki kontaktowe s\u0105 idealne do uzyskania nieuchwytnego nordyckiego wygl\u0105du noir, kt\u00f3rego wszyscy zazdro\u015bcimy. Za\u0142\u00f3\u017c je, a natychmiast b\u0119dziesz gotowy do odegrania mrocznej, enigmatycznej roli g\u0142\u00f3wnej bez godzin sp\u0119dzonych na krze\u015ble do makija\u017cu. Naturalnie wygl\u0105daj\u0105ce wzmocnienie sprawia, \u017ce oczy naprawd\u0119 wyr\u00f3\u017cniaj\u0105 si\u0119 r\u00f3wnie\u017c w aparacie, wi\u0119c pokochasz to, jak wychodz\u0105 zdj\u0119cia, niezale\u017cnie od tego, czy jest to portfolio aktorskie, czy noc w mie\u015bcie.<\/p>\n<p>Whispering Smoke marki BQEYE s\u0105 wykonane z naszego niezwykle wygodnego materia\u0142u Hydraclear, kt\u00f3ry sprawia wra\u017cenie, jakby\u015b w og\u00f3le nie mia\u0142 ich na sobie. Zapomnisz, \u017ce w og\u00f3le je masz! Hydraclear jest oddychaj\u0105cy i porusza si\u0119 wraz z naturalnym przep\u0142ywem oka, dzi\u0119ki czemu unikniesz podra\u017cnie\u0144 i sucho\u015bci. Po\u017cegnaj si\u0119 r\u00f3wnie\u017c ze zm\u0119czonymi oczami - materia\u0142 zosta\u0142 zaprojektowany tak, aby zapewni\u0107 odpowiednie nawil\u017cenie oczu przez ca\u0142y dzie\u0144.<\/p>\n<p>Jako \u015bwiatowy lider w dziedzinie soczewek zmieniaj\u0105cych kolor, BQEYE stawia jako\u015b\u0107, bezpiecze\u0144stwo i komfort na pierwszym miejscu w ka\u017cdym produkcie. Whispering Smoke przechodzi szeroko zakrojone testy, aby spe\u0142ni\u0107 lub przewy\u017cszy\u0107 wszystkie standardy FDA dotycz\u0105ce biokompatybilno\u015bci materia\u0142\u00f3w i przepuszczalno\u015bci tlenu. Mo\u017cesz czu\u0107 si\u0119 dobrze z tym, co dotyka Twoich oczu ka\u017cdego dnia. A dzi\u0119ki zalecanemu 14-dniowemu harmonogramowi wymiany pokochasz, jak d\u0142ugo ka\u017cda para wytrzyma, zanim nadejdzie czas na nowy zestaw.<\/p>\n<p>Niezale\u017cnie od tego, czy chcesz doda\u0107 powiewu tajemniczo\u015bci na co dzie\u0144, eksperymentowa\u0107 z czym\u015b nowym, czy potrzebujesz kontakt\u00f3w, kt\u00f3re naprawd\u0119 tl\u0105 oczy, Whispering Smoke Grey zapewni Ci ochron\u0119. Zam\u00f3w ju\u017c dzi\u015b bez ryzyka, korzystaj\u0105c z naszej gwarancji satysfakcji 100%. Przekonaj si\u0119, jak subtelnie odmieni\u0105 Twoje oczy, dodaj\u0105c do nich odrobin\u0119 popielatej intrygi - my\u015blimy, \u017ce ulegniesz ich urokowi!\"<\/p>","protected":false},"excerpt":{"rendered":"<p>&#8220;Add a touch of mystery to your look with Whispering Smoke Grey Contact Lenses from BQEYE. These soft smoke grey lenses give eyes beautiful dimension and depth without being over-the-top. Slip them in and watch as your iris takes on an ethereal wisp of pale grey that makes peepers really smoulder. Gone are one-note eyes [&#8230;]\n","protected":false},"featured_media":1234,"comment_status":"open","ping_status":"closed","template":"","meta":[],"product_brand":[],"product_cat":[101,92,100,81,96,95],"product_tag":[],"class_list":{"0":"post-1232","1":"product","2":"type-product","3":"status-publish","4":"has-post-thumbnail","6":"product_cat-natural-contacts","7":"product_cat-14-5-mm","8":"product_cat-daily-disposable","9":"product_cat-grey-contact-lenses","10":"product_cat-non-prescription","11":"product_cat-prescription","13":"first","14":"instock","15":"sale","16":"shipping-taxable","17":"purchasable","18":"product-type-variable","19":"has-default-attributes"},"_links":{"self":[{"href":"https:\/\/bqeye.com\/pl\/wp-json\/wp\/v2\/product\/1232","targetHints":{"allow":["GET"]}}],"collection":[{"href":"https:\/\/bqeye.com\/pl\/wp-json\/wp\/v2\/product"}],"about":[{"href":"https:\/\/bqeye.com\/pl\/wp-json\/wp\/v2\/types\/product"}],"replies":[{"embeddable":true,"href":"https:\/\/bqeye.com\/pl\/wp-json\/wp\/v2\/comments?post=1232"}],"wp:featuredmedia":[{"embeddable":true,"href":"https:\/\/bqeye.com\/pl\/wp-json\/wp\/v2\/media\/1234"}],"wp:attachment":[{"href":"https:\/\/bqeye.com\/pl\/wp-json\/wp\/v2\/media?parent=1232"}],"wp:term":[{"taxonomy":"product_brand","embeddable":true,"href":"https:\/\/bqeye.com\/pl\/wp-json\/wp\/v2\/product_brand?post=1232"},{"taxonomy":"product_cat","embeddable":true,"href":"https:\/\/bqeye.com\/pl\/wp-json\/wp\/v2\/product_cat?post=1232"},{"taxonomy":"product_tag","embeddable":true,"href":"https:\/\/bqeye.com\/pl\/wp-json\/wp\/v2\/product_tag?post=1232"}],"curies":[{"name":"wp","href":"https:\/\/api.w.org\/{rel}","templated":true}]}}