{"id":1235,"date":"2023-12-09T15:40:37","date_gmt":"2023-12-09T15:40:37","guid":{"rendered":"https:\/\/bqeye.com\/?post_type=product&#038;p=1235"},"modified":"2024-04-18T02:20:37","modified_gmt":"2024-04-18T02:20:37","slug":"glass-candy-brown-contact-lenses","status":"publish","type":"product","link":"https:\/\/bqeye.com\/pl\/glass-candy-brown-contact-lenses\/","title":{"rendered":"Soczewki kontaktowe Glass Candy Brown"},"content":{"rendered":"<p>\"Chcesz doda\u0107 odrobin\u0119 magii do swojego codziennego wygl\u0105du? Przedstawiamy soczewki kontaktowe Glass Candy Brown od BQEYE.<\/p>\n<p>Te kapry\u015bne br\u0105zowe soczewki kontaktowe \u0142\u0105cz\u0105 subtelne odcienie delikatnego pastelowego r\u00f3\u017cu i mi\u0119ty w t\u0119cz\u00f3wce, zapewniaj\u0105c wygl\u0105d, kt\u00f3ry nie jest zwyczajny. Za\u0142\u00f3\u017c je i obserwuj, jak Twoje oczy roz\u015bwietlaj\u0105 si\u0119 magicznymi drobinkami br\u0105zowej waty cukrowej. Nie ma ju\u017c nudnych, jednowymiarowych br\u0105zowych oczu - Glass Candy Browns wzbogacaj\u0105 je o \u017cyw\u0105, wymiarow\u0105 definicj\u0119.<\/p>\n<p>S\u0142odkie, pastelowe odcienie wydobywaj\u0105 ukryte z\u0142ote i zielone barwy, dodaj\u0105c zabawnego, bajkowego charakteru. B\u0142\u0119kity i orzechy nabieraj\u0105 czaruj\u0105cego, cukierkowego blasku. Nawet g\u0142\u0119bokie br\u0105zy zyskuj\u0105 magiczny, kolorowy pop bez przesady.<\/p>\n<p>Wykonane z wyj\u0105tkowo wygodnego materia\u0142u Hydraclear, zapomnisz nawet, \u017ce nosisz br\u0105zowe soczewki kontaktowe! Hydraclear porusza si\u0119 naturalnie wraz z oczami, aby unikn\u0105\u0107 wysuszenia lub podra\u017cnienia, utrzymuj\u0105c odpowiednie nawil\u017cenie przez ca\u0142y dzie\u0144.<\/p>\n<p>Jako \u015bwiatowy lider w produkcji br\u0105zowych soczewek kontaktowych, BQEYE zapewnia jako\u015b\u0107, bezpiecze\u0144stwo i komfort. Glass Candy Browns przechodz\u0105 szeroko zakrojone testy biokompatybilno\u015bci i przepuszczalno\u015bci tlenu, aby spe\u0142nia\u0107 lub przekracza\u0107 standardy FDA. Mo\u017cesz czu\u0107 si\u0119 dobrze z tym, co codziennie dotyka Twoich oczu.<\/p>\n<p>Niezale\u017cnie od tego, czy chodzi o dodawanie kaprysu na co dzie\u0144, eksperymentowanie z kolorami, czy o\u017cywianie magicznych sn\u00f3w na zdj\u0119ciach, soczewki kontaktowe Glass Candy Brown zapewni\u0105 Ci ochron\u0119. Zam\u00f3w je ju\u017c dzi\u015b bez ryzyka, korzystaj\u0105c z gwarancji satysfakcji 100%. Przekonaj si\u0119, jak subtelnie odmieni\u0105 Twoje oczy, dodaj\u0105c im pastelowego uroku - jeste\u015bmy pewni, \u017ce zakochasz si\u0119 w swoim nowym ulubionym odcieniu br\u0105zowych soczewek kontaktowych!<\/p>\n<p>Chcesz wyr\u00f3\u017cni\u0107 si\u0119 z t\u0142umu? Glass Candy Browns s\u0105 idealne na specjalne okazje. Uchwy\u0107 swoj\u0105 wewn\u0119trzn\u0105 pixie na nast\u0119pnym festiwalu lub balu przebiera\u0144c\u00f3w. Naturalnie wygl\u0105daj\u0105cy efekt sprawia, \u017ce oczy b\u0142yszcz\u0105 na zdj\u0119ciach.<\/p>\n<p>Spraw, aby przegl\u0105danie br\u0105zowych soczewek kontaktowych by\u0142o przyjemno\u015bci\u0105 z BQEYE. Nasz wyb\u00f3r unikalnych odcieni, takich jak Glass Candy, wprowadza kolor i magi\u0119 do ka\u017cdego dnia. Zam\u00f3w soczewki ju\u017c dzi\u015b, aby szerzy\u0107 rado\u015b\u0107 w tym sezonie i poza nim!\"<\/p>","protected":false},"excerpt":{"rendered":"<p>&#8220;Looking to add a touch of magic to your everyday look? Introducing Glass Candy Brown Contact Lenses from BQEYE. These whimsical brown contact lenses blend subtle hints of soft pastel pink and mint into your iris for a look that&#8217;s anything but ordinary. Slip them in and watch as your eyes light up with magical [&#8230;]\n","protected":false},"featured_media":1237,"comment_status":"open","ping_status":"closed","template":"","meta":[],"product_brand":[],"product_cat":[101,91,80,100,96,95],"product_tag":[],"class_list":{"0":"post-1235","1":"product","2":"type-product","3":"status-publish","4":"has-post-thumbnail","6":"product_cat-natural-contacts","7":"product_cat-14-2-mm","8":"product_cat-brown-contact-lenses","9":"product_cat-daily-disposable","10":"product_cat-non-prescription","11":"product_cat-prescription","13":"first","14":"instock","15":"sale","16":"shipping-taxable","17":"purchasable","18":"product-type-variable","19":"has-default-attributes"},"_links":{"self":[{"href":"https:\/\/bqeye.com\/pl\/wp-json\/wp\/v2\/product\/1235","targetHints":{"allow":["GET"]}}],"collection":[{"href":"https:\/\/bqeye.com\/pl\/wp-json\/wp\/v2\/product"}],"about":[{"href":"https:\/\/bqeye.com\/pl\/wp-json\/wp\/v2\/types\/product"}],"replies":[{"embeddable":true,"href":"https:\/\/bqeye.com\/pl\/wp-json\/wp\/v2\/comments?post=1235"}],"wp:featuredmedia":[{"embeddable":true,"href":"https:\/\/bqeye.com\/pl\/wp-json\/wp\/v2\/media\/1237"}],"wp:attachment":[{"href":"https:\/\/bqeye.com\/pl\/wp-json\/wp\/v2\/media?parent=1235"}],"wp:term":[{"taxonomy":"product_brand","embeddable":true,"href":"https:\/\/bqeye.com\/pl\/wp-json\/wp\/v2\/product_brand?post=1235"},{"taxonomy":"product_cat","embeddable":true,"href":"https:\/\/bqeye.com\/pl\/wp-json\/wp\/v2\/product_cat?post=1235"},{"taxonomy":"product_tag","embeddable":true,"href":"https:\/\/bqeye.com\/pl\/wp-json\/wp\/v2\/product_tag?post=1235"}],"curies":[{"name":"wp","href":"https:\/\/api.w.org\/{rel}","templated":true}]}}