{"id":1238,"date":"2023-12-09T15:51:03","date_gmt":"2023-12-09T15:51:03","guid":{"rendered":"https:\/\/bqeye.com\/?post_type=product&#038;p=1238"},"modified":"2024-04-18T02:20:33","modified_gmt":"2024-04-18T02:20:33","slug":"black-pearl-contact-lenses","status":"publish","type":"product","link":"https:\/\/bqeye.com\/pl\/black-pearl-contact-lenses\/","title":{"rendered":"Soczewki kontaktowe Black Pearl"},"content":{"rendered":"<p>Soczewki kontaktowe Mesmerizing Black Pearl<\/p>\n<p>Dodaj odrobin\u0119 intrygi do swojego wygl\u0105du dzi\u0119ki soczewkom kontaktowym BQEYE Black Pearl. Soczewki te, nasycone opalizuj\u0105cymi odcieniami, nadaj\u0105 oczom zniewalaj\u0105c\u0105 g\u0142\u0119bi\u0119, niespotykan\u0105 wcze\u015bniej.<\/p>\n<p>Za\u0142\u00f3\u017c Black Pearls i obserwuj, jak Twoja t\u0119cz\u00f3wka przybiera hipnotyzuj\u0105cy odcie\u0144 p\u00f3\u0142nocy usiany drobinkami po\u0142yskuj\u0105cego atramentu. Nie ma ju\u017c matowych, jednowymiarowych oczu - Black Pearls nadaj\u0105 im mistyczny wymiar.<\/p>\n<p>Kruczoczarna baza wydobywa ukryte kolory, jakich nigdy wcze\u015bniej nie widziano. B\u0142\u0119kity l\u015bni\u0105 oceanicznym blaskiem, a zielenie nabieraj\u0105 szmaragdowego blasku. Nawet br\u0105zowe oczy nabieraj\u0105 kusz\u0105cego, per\u0142owego blasku.<\/p>\n<p>Wykonane z wyj\u0105tkowo wygodnego materia\u0142u Hydraclear, zapomnisz, \u017ce w og\u00f3le nosisz soczewki kontaktowe! Hydraclear porusza si\u0119 bez wysi\u0142ku, dzi\u0119ki czemu oczy pozostaj\u0105 nawil\u017cone przez ca\u0142y dzie\u0144 bez podra\u017cnie\u0144.<\/p>\n<p>Niezale\u017cnie od tego, czy potrzebujesz wyr\u00f3\u017cniaj\u0105cego si\u0119 wygl\u0105du na wieczory w mie\u015bcie, czy na czerwone dywany, Black Pearls zapewni\u0105 Ci ochron\u0119. Subtelne podkre\u015blenie sprawia, \u017ce oczy naprawd\u0119 wygl\u0105daj\u0105 na zdj\u0119ciach.<\/p>\n<p>Jako lider w dziedzinie innowacyjnych soczewek, BQEYE zapewnia, \u017ce soczewki kontaktowe Black Pearls spe\u0142niaj\u0105 najwy\u017csze standardy bezpiecze\u0144stwa FDA. Ich najnowocze\u015bniejsza formu\u0142a dodaje intrygi bez uszczerbku dla komfortu.<\/p>\n<p>Za\u0142\u00f3\u017c Black Pearls i uzyskaj hipnotyzuj\u0105ce spojrzenie, kt\u00f3re wymaga uwagi. Zam\u00f3w ju\u017c dzi\u015b, aby wypr\u00f3bowa\u0107 je bez ryzyka. Zobacz, jak subtelnie zmieniaj\u0105 oczy w zniewalaj\u0105ce klejnoty - wiemy, \u017ce ulegniesz ich urokowi!<\/p>\n<p>Spraw, by przegl\u0105danie by\u0142o przyjemno\u015bci\u0105 dzi\u0119ki gamie unikalnych odcieni BQEYE. Czarne per\u0142y i nie tylko wprowadz\u0105 nowy wymiar koloru do Twojego \u017cycia. Zam\u00f3w bez ryzyka, aby znale\u017a\u0107 idealne dopasowanie.<\/p>","protected":false},"excerpt":{"rendered":"<p>Mesmerizing Black Pearl Contact Lenses Add a touch of intrigue to your look with BQEYE&#8217;s Black Pearl contacts. Infused with iridescent undertones, these lenses give eyes captivating depth unlike anything before. Slip Black Pearls on and watch as your iris takes on a mesmerizing midnight hue dotted with flecks of shimmering ink. Gone are dull, [&#8230;]\n","protected":false},"featured_media":1240,"comment_status":"open","ping_status":"closed","template":"","meta":[],"product_brand":[],"product_cat":[101,91,73,100,96,95],"product_tag":[],"class_list":{"0":"post-1238","1":"product","2":"type-product","3":"status-publish","4":"has-post-thumbnail","6":"product_cat-natural-contacts","7":"product_cat-14-2-mm","8":"product_cat-black-contact-lenses","9":"product_cat-daily-disposable","10":"product_cat-non-prescription","11":"product_cat-prescription","13":"first","14":"instock","15":"sale","16":"shipping-taxable","17":"purchasable","18":"product-type-variable","19":"has-default-attributes"},"_links":{"self":[{"href":"https:\/\/bqeye.com\/pl\/wp-json\/wp\/v2\/product\/1238","targetHints":{"allow":["GET"]}}],"collection":[{"href":"https:\/\/bqeye.com\/pl\/wp-json\/wp\/v2\/product"}],"about":[{"href":"https:\/\/bqeye.com\/pl\/wp-json\/wp\/v2\/types\/product"}],"replies":[{"embeddable":true,"href":"https:\/\/bqeye.com\/pl\/wp-json\/wp\/v2\/comments?post=1238"}],"wp:featuredmedia":[{"embeddable":true,"href":"https:\/\/bqeye.com\/pl\/wp-json\/wp\/v2\/media\/1240"}],"wp:attachment":[{"href":"https:\/\/bqeye.com\/pl\/wp-json\/wp\/v2\/media?parent=1238"}],"wp:term":[{"taxonomy":"product_brand","embeddable":true,"href":"https:\/\/bqeye.com\/pl\/wp-json\/wp\/v2\/product_brand?post=1238"},{"taxonomy":"product_cat","embeddable":true,"href":"https:\/\/bqeye.com\/pl\/wp-json\/wp\/v2\/product_cat?post=1238"},{"taxonomy":"product_tag","embeddable":true,"href":"https:\/\/bqeye.com\/pl\/wp-json\/wp\/v2\/product_tag?post=1238"}],"curies":[{"name":"wp","href":"https:\/\/api.w.org\/{rel}","templated":true}]}}