{"id":1241,"date":"2023-12-09T15:59:36","date_gmt":"2023-12-09T15:59:36","guid":{"rendered":"https:\/\/bqeye.com\/?post_type=product&#038;p=1241"},"modified":"2024-04-18T02:20:30","modified_gmt":"2024-04-18T02:20:30","slug":"elf-ring-black-contact-lenses","status":"publish","type":"product","link":"https:\/\/bqeye.com\/pl\/elf-ring-black-contact-lenses\/","title":{"rendered":"Czarne soczewki kontaktowe Elf Ring"},"content":{"rendered":"<p>Zaczaruj swoje oczy czarnymi soczewkami kontaktowymi Elf Ring<\/p>\n<p>Dodaj odrobin\u0119 magicznej tajemniczo\u015bci do swojego wygl\u0105du dzi\u0119ki czarnym soczewkom kontaktowym BQEYE Elf Ring. Soczewki te, nasycone opalizuj\u0105cymi aureolami, nadaj\u0105 oczom nieziemski blask.<\/p>\n<p>Za\u0142\u00f3\u017c Elf Rings i obserwuj, jak Twoja t\u0119cz\u00f3wka przybiera hipnotyzuj\u0105cy, poczernia\u0142y odcie\u0144 otoczony mieni\u0105cymi si\u0119 kolorowymi pier\u015bcieniami. Znikn\u0119\u0142y nudne, zwyczajne oczy - Elf Rings wzbogacaj\u0105 je o elfi\u0105 intryg\u0119.<\/p>\n<p>Kruczoczarna podstawa wydobywa ukryte kolory w pier\u015bcieniach, kt\u00f3re ta\u0144cz\u0105 wok\u00f3\u0142 \u017arenicy. B\u0142\u0119kity mieni\u0105 si\u0119 lodowatym po\u0142yskiem, a zielenie \u015bwiec\u0105 jak zorza polarna. Nawet br\u0105zowe oczy nabieraj\u0105 urzekaj\u0105cej, mistycznej jako\u015bci.<\/p>\n<p>Wykonane z wyj\u0105tkowo wygodnego materia\u0142u Hydraclear, zapomnisz, \u017ce w og\u00f3le nosisz soczewki kontaktowe! Hydraclear porusza si\u0119 bez wysi\u0142ku, dzi\u0119ki czemu oczy pozostaj\u0105 nawil\u017cone przez ca\u0142y dzie\u0144 bez podra\u017cnie\u0144.<\/p>\n<p>Niezale\u017cnie od tego, czy potrzebujesz wyr\u00f3\u017cniaj\u0105cego si\u0119 wygl\u0105du na imprezy kostiumowe czy targi renesansowe, Elf Rings zapewni\u0105 Ci ochron\u0119. Subtelne podkre\u015blenie sprawia, \u017ce kolory oczu s\u0105 naprawd\u0119 wyraziste.<\/p>\n<p>Jako lider w dziedzinie innowacyjnych soczewek, BQEYE zapewnia, \u017ce Elf Rings spe\u0142niaj\u0105 najwy\u017csze standardy bezpiecze\u0144stwa FDA. Ich najnowocze\u015bniejsza formu\u0142a dodaje wr\u00f3\u017ckowej magii bez uszczerbku dla komfortu.<\/p>\n<p>Za\u0142\u00f3\u017c Elf Rings i uzyskaj urzekaj\u0105ce spojrzenie, kt\u00f3re sprawi, \u017ce ludzie b\u0119d\u0105 si\u0119 zastanawia\u0107, czy naprawd\u0119 jeste\u015b cz\u0142owiekiem. Zam\u00f3w ju\u017c dzi\u015b, aby wypr\u00f3bowa\u0107 je bez ryzyka. Zobacz, jak subtelnie przekszta\u0142caj\u0105 oczy w fantastyczne portale - wiemy, \u017ce b\u0119dziesz oczarowany!<\/p>\n<p>Spraw, aby przegl\u0105danie by\u0142o przyjemno\u015bci\u0105 dzi\u0119ki gamie unikalnych odcieni BQEYE. Pier\u015bcionki Elf Rings i nie tylko wprowadz\u0105 nowy wymiar koloru do Twojego \u017cycia. Zam\u00f3w bez ryzyka, aby znale\u017a\u0107 idealne dopasowanie.<\/p>","protected":false},"excerpt":{"rendered":"<p>Enchant Your Eyes with Elf Ring Black Contact Lenses Add a touch of magical mystery to your look with BQEYE&#8217;s Elf Ring Black contacts. Infused with iridescent halos, these lenses give eyes an otherworldly glow unlike anything before. Slip Elf Rings on and watch as your iris takes on a mesmerizing blackened hue encircled with [&#8230;]\n","protected":false},"featured_media":1243,"comment_status":"open","ping_status":"closed","template":"","meta":[],"product_brand":[],"product_cat":[101,90,73,100,96,95],"product_tag":[],"class_list":{"0":"post-1241","1":"product","2":"type-product","3":"status-publish","4":"has-post-thumbnail","6":"product_cat-natural-contacts","7":"product_cat-14-0-mm","8":"product_cat-black-contact-lenses","9":"product_cat-daily-disposable","10":"product_cat-non-prescription","11":"product_cat-prescription","13":"first","14":"instock","15":"sale","16":"shipping-taxable","17":"purchasable","18":"product-type-variable","19":"has-default-attributes"},"_links":{"self":[{"href":"https:\/\/bqeye.com\/pl\/wp-json\/wp\/v2\/product\/1241","targetHints":{"allow":["GET"]}}],"collection":[{"href":"https:\/\/bqeye.com\/pl\/wp-json\/wp\/v2\/product"}],"about":[{"href":"https:\/\/bqeye.com\/pl\/wp-json\/wp\/v2\/types\/product"}],"replies":[{"embeddable":true,"href":"https:\/\/bqeye.com\/pl\/wp-json\/wp\/v2\/comments?post=1241"}],"wp:featuredmedia":[{"embeddable":true,"href":"https:\/\/bqeye.com\/pl\/wp-json\/wp\/v2\/media\/1243"}],"wp:attachment":[{"href":"https:\/\/bqeye.com\/pl\/wp-json\/wp\/v2\/media?parent=1241"}],"wp:term":[{"taxonomy":"product_brand","embeddable":true,"href":"https:\/\/bqeye.com\/pl\/wp-json\/wp\/v2\/product_brand?post=1241"},{"taxonomy":"product_cat","embeddable":true,"href":"https:\/\/bqeye.com\/pl\/wp-json\/wp\/v2\/product_cat?post=1241"},{"taxonomy":"product_tag","embeddable":true,"href":"https:\/\/bqeye.com\/pl\/wp-json\/wp\/v2\/product_tag?post=1241"}],"curies":[{"name":"wp","href":"https:\/\/api.w.org\/{rel}","templated":true}]}}