{"id":1246,"date":"2023-12-09T16:06:22","date_gmt":"2023-12-09T16:06:22","guid":{"rendered":"https:\/\/bqeye.com\/?post_type=product&#038;p=1246"},"modified":"2024-04-18T02:20:27","modified_gmt":"2024-04-18T02:20:27","slug":"crystal-blue-mirage-contact-lenses","status":"publish","type":"product","link":"https:\/\/bqeye.com\/pl\/crystal-blue-mirage-contact-lenses\/","title":{"rendered":"Soczewki kontaktowe Crystal Blue Mirage"},"content":{"rendered":"<p>Zanurz swoje oczy w soczewkach kontaktowych Crystal Blue Mirage<\/p>\n<p>Przenie\u015b sw\u00f3j wygl\u0105d dzi\u0119ki soczewkom kontaktowym Crystal Blue Mirage marki BQEYE. Wykonane z wielowymiarowych kryszta\u0142owych p\u0142atk\u00f3w, soczewki te o\u017cywiaj\u0105 oczy jak \u017cadne inne soczewki kontaktowe.<\/p>\n<p>Za\u0142\u00f3\u017c Mirages i obserwuj, jak Twoja t\u0119cz\u00f3wka zostaje otoczona hipnotyzuj\u0105c\u0105 niebiesk\u0105 otch\u0142ani\u0105 usian\u0105 b\u0142yszcz\u0105cymi fragmentami \u015bwiat\u0142a. Nie ma ju\u017c zwyk\u0142ych soczewek kontaktowych - Mirages zanurzaj\u0105 si\u0119 w mistycznej g\u0142\u0119bi.<\/p>\n<p>Szafirowa podstawa przyci\u0105ga wzrok, a kryszta\u0142owe drobinki ta\u0144cz\u0105 dooko\u0142a, dodaj\u0105c eterycznego ruchu. B\u0142\u0119kity jarz\u0105 si\u0119 nieziemsk\u0105 jasno\u015bci\u0105, a zielenie l\u015bni\u0105 niczym klejnoty. Nawet br\u0105zowe oczy nabieraj\u0105 magicznych w\u0142a\u015bciwo\u015bci przypominaj\u0105cych kamienie szlachetne.<\/p>\n<p>Wykonane z niezwykle wygodnego materia\u0142u Hydraclear sprawi\u0105, \u017ce zapomnisz, \u017ce w og\u00f3le nosisz soczewki kontaktowe! Hydraclear porusza si\u0119 p\u0142ynnie, aby utrzyma\u0107 nawil\u017cenie oczu bez podra\u017cnie\u0144, dzi\u0119ki czemu iluzja nigdy nie zostanie przerwana.<\/p>\n<p>Niezale\u017cnie od tego, czy potrzebujesz wyr\u00f3\u017cniaj\u0105cego si\u0119 wygl\u0105du na imprezy czy cosplay, soczewki kontaktowe Crystal Blue Mirage przenios\u0105 Ci\u0119 do nowej krainy. Subtelne wzmocnienie wydobywa ukryte wymiary kolor\u00f3w, kt\u00f3re naprawd\u0119 urzekaj\u0105 r\u00f3wnie\u017c na zdj\u0119ciach.<\/p>\n<p>Jako lider w dziedzinie innowacyjnych soczewek kontaktowych, BQEYE zapewnia, \u017ce Mirages spe\u0142niaj\u0105 najwy\u017csze standardy bezpiecze\u0144stwa FDA. Ich najnowocze\u015bniejsza krystaliczna formu\u0142a dodaje cudowno\u015bci bez uszczerbku dla komfortu.<\/p>\n<p>Za\u0142\u00f3\u017c Mirages i zatra\u0107 si\u0119 w oczach, kt\u00f3re zadziwiaj\u0105. Zam\u00f3w soczewki kontaktowe ju\u017c dzi\u015b, aby wypr\u00f3bowa\u0107 je bez ryzyka. Zobacz, jak zmieniaj\u0105 one oczy w l\u015bni\u0105ce portale do innego \u015bwiata.<\/p>\n<p>Spraw, by przegl\u0105danie by\u0142o przyjemno\u015bci\u0105 dzi\u0119ki gamie nieziemskich soczewek kontaktowych BQEYE. Crystal Blue Mirages odblokowuj\u0105 nowe sposoby na wzmocnienie spojrzenia. Zam\u00f3w bez ryzyka, aby znale\u017a\u0107 wygl\u0105d, kt\u00f3ry Ci\u0119 przyci\u0105ga.<\/p>","protected":false},"excerpt":{"rendered":"<p>Immerse Your Eyes with Crystal Blue Mirage Contact Lenses Transport your look with BQEYE&#8217;s Crystal Blue Mirage contact lenses. Crafted with multidimensional crystal flakes, these lenses make eyes come alive like no other contact lenses before. Slip Mirages on and watch as your iris is enveloped in a mesmerizing blue abyss flecked with glittering fragments [&#8230;]\n","protected":false},"featured_media":1248,"comment_status":"open","ping_status":"closed","template":"","meta":[],"product_brand":[],"product_cat":[101,91,75,100,96,95],"product_tag":[],"class_list":{"0":"post-1246","1":"product","2":"type-product","3":"status-publish","4":"has-post-thumbnail","6":"product_cat-natural-contacts","7":"product_cat-14-2-mm","8":"product_cat-blue-contact-lenses","9":"product_cat-daily-disposable","10":"product_cat-non-prescription","11":"product_cat-prescription","13":"first","14":"instock","15":"sale","16":"shipping-taxable","17":"purchasable","18":"product-type-variable","19":"has-default-attributes"},"_links":{"self":[{"href":"https:\/\/bqeye.com\/pl\/wp-json\/wp\/v2\/product\/1246","targetHints":{"allow":["GET"]}}],"collection":[{"href":"https:\/\/bqeye.com\/pl\/wp-json\/wp\/v2\/product"}],"about":[{"href":"https:\/\/bqeye.com\/pl\/wp-json\/wp\/v2\/types\/product"}],"replies":[{"embeddable":true,"href":"https:\/\/bqeye.com\/pl\/wp-json\/wp\/v2\/comments?post=1246"}],"wp:featuredmedia":[{"embeddable":true,"href":"https:\/\/bqeye.com\/pl\/wp-json\/wp\/v2\/media\/1248"}],"wp:attachment":[{"href":"https:\/\/bqeye.com\/pl\/wp-json\/wp\/v2\/media?parent=1246"}],"wp:term":[{"taxonomy":"product_brand","embeddable":true,"href":"https:\/\/bqeye.com\/pl\/wp-json\/wp\/v2\/product_brand?post=1246"},{"taxonomy":"product_cat","embeddable":true,"href":"https:\/\/bqeye.com\/pl\/wp-json\/wp\/v2\/product_cat?post=1246"},{"taxonomy":"product_tag","embeddable":true,"href":"https:\/\/bqeye.com\/pl\/wp-json\/wp\/v2\/product_tag?post=1246"}],"curies":[{"name":"wp","href":"https:\/\/api.w.org\/{rel}","templated":true}]}}