{"id":1249,"date":"2023-12-09T16:16:12","date_gmt":"2023-12-09T16:16:12","guid":{"rendered":"https:\/\/bqeye.com\/?post_type=product&#038;p=1249"},"modified":"2024-04-18T02:20:23","modified_gmt":"2024-04-18T02:20:23","slug":"shining-star-brown-contact-lenses","status":"publish","type":"product","link":"https:\/\/bqeye.com\/pl\/shining-star-brown-contact-lenses\/","title":{"rendered":"Br\u0105zowe soczewki kontaktowe Shining Star"},"content":{"rendered":"<p>Wydob\u0105d\u017a gwiazdy dzi\u0119ki b\u0142yszcz\u0105cym br\u0105zowym soczewkom kontaktowym<\/p>\n<p>Dodaj odrobin\u0119 gwiezdnego py\u0142u do swojego wygl\u0105du dzi\u0119ki soczewkom kontaktowym BQEYE Shining Star Brown. Soczewki te, nasycone migocz\u0105cymi drobinkami z\u0142ota, sprawiaj\u0105, \u017ce oczy b\u0142yszcz\u0105 ja\u015bniej ni\u017c w przypadku jakichkolwiek innych soczewek kontaktowych.<\/p>\n<p>Za\u0142\u00f3\u017c Stars i obserwuj, jak t\u0119cz\u00f3wka \u015bwieci promiennym bursztynowym odcieniem usianym drobinkami \u015bwiat\u0142a. Po\u017cegnaj si\u0119 z nudnymi soczewkami kontaktowymi - Stars roz\u015bwietlaj\u0105 oczy niebia\u0144skim cudem.<\/p>\n<p>Z\u0142oto-br\u0105zowa podstawa przyci\u0105ga uwag\u0119, a migocz\u0105ce drobinki podkre\u015blaj\u0105 ukryte kolory wok\u00f3\u0142 \u017arenicy. B\u0142\u0119kity mieni\u0105 si\u0119 jak nocne niebo, a zielenie \u015bwiec\u0105 tak jasno jak gwiazdy. Nawet br\u0105zowe oczy nabieraj\u0105 \u015bwietlistego, kosmicznego blasku, niespotykanego w innych soczewkach kontaktowych.<\/p>\n<p>Wykonane z wyj\u0105tkowo wygodnego materia\u0142u Hydraclear, zapomnisz, \u017ce w og\u00f3le nosisz soczewki kontaktowe! Hydraclear porusza si\u0119 p\u0142ynnie, aby utrzyma\u0107 nawil\u017cenie oczu bez podra\u017cnie\u0144, dzi\u0119ki czemu pokaz \u015bwiat\u0142a trwa przez ca\u0142y dzie\u0144.<\/p>\n<p>Niezale\u017cnie od tego, czy potrzebujesz wyj\u0105tkowego wygl\u0105du na wiecz\u00f3r, czy na specjalne wydarzenie, soczewki Shining Stars zapewni\u0105 Ci to lepiej ni\u017c jakiekolwiek inne soczewki kontaktowe dost\u0119pne na rynku. Subtelne wzmocnienie sprawia, \u017ce kolory naprawd\u0119 ol\u015bniewaj\u0105 r\u00f3wnie\u017c na zdj\u0119ciach.<\/p>\n<p>Jako lider w dziedzinie innowacyjnych soczewek kontaktowych, BQEYE zapewnia, \u017ce Stars spe\u0142niaj\u0105 najwy\u017csze standardy bezpiecze\u0144stwa FDA. Ich najnowocze\u015bniejsza formu\u0142a dodaje niebia\u0144skiej magii bez uszczerbku dla komfortu.<\/p>\n<p>Za\u0142\u00f3\u017c Stars i \u015bwie\u0107 ja\u015bniej ni\u017c ktokolwiek wok\u00f3\u0142 Ciebie. Zam\u00f3w ju\u017c dzi\u015b, aby wypr\u00f3bowa\u0107 te roz\u015bwietlaj\u0105ce soczewki kontaktowe bez ryzyka. Zobacz, jak zmieniaj\u0105 oczy w \u015bwietliste latarnie - wiemy, \u017ce b\u0119dziesz zahipnotyzowany!<\/p>\n<p>Spraw, by przegl\u0105danie by\u0142o przyjemno\u015bci\u0105 dzi\u0119ki gamie migocz\u0105cych soczewek kontaktowych BQEYE. L\u015bni\u0105ce gwiazdy i nie tylko odblokowuj\u0105 nowe sposoby na roz\u015bwietlenie swojego \u017cycia. Zam\u00f3w bez ryzyka, aby znale\u017a\u0107 wygl\u0105d, kt\u00f3ry sprawi, \u017ce zab\u0142y\u015bniesz.<\/p>","protected":false},"excerpt":{"rendered":"<p>Bring Out the Stars with Shining Brown Contact Lenses Add a dash of stardust to your look with BQEYE&#8217;s Shining Star Brown contact lenses. Infused with twinkling flecks of gold, these lenses make eyes shine brighter than any other contact lenses. Slip Stars on and watch as your iris glows with a radiant amber hue [&#8230;]\n","protected":false},"featured_media":1251,"comment_status":"open","ping_status":"closed","template":"","meta":[],"product_brand":[],"product_cat":[101,92,80,100,96,95],"product_tag":[],"class_list":{"0":"post-1249","1":"product","2":"type-product","3":"status-publish","4":"has-post-thumbnail","6":"product_cat-natural-contacts","7":"product_cat-14-5-mm","8":"product_cat-brown-contact-lenses","9":"product_cat-daily-disposable","10":"product_cat-non-prescription","11":"product_cat-prescription","13":"first","14":"instock","15":"sale","16":"shipping-taxable","17":"purchasable","18":"product-type-variable","19":"has-default-attributes"},"_links":{"self":[{"href":"https:\/\/bqeye.com\/pl\/wp-json\/wp\/v2\/product\/1249","targetHints":{"allow":["GET"]}}],"collection":[{"href":"https:\/\/bqeye.com\/pl\/wp-json\/wp\/v2\/product"}],"about":[{"href":"https:\/\/bqeye.com\/pl\/wp-json\/wp\/v2\/types\/product"}],"replies":[{"embeddable":true,"href":"https:\/\/bqeye.com\/pl\/wp-json\/wp\/v2\/comments?post=1249"}],"wp:featuredmedia":[{"embeddable":true,"href":"https:\/\/bqeye.com\/pl\/wp-json\/wp\/v2\/media\/1251"}],"wp:attachment":[{"href":"https:\/\/bqeye.com\/pl\/wp-json\/wp\/v2\/media?parent=1249"}],"wp:term":[{"taxonomy":"product_brand","embeddable":true,"href":"https:\/\/bqeye.com\/pl\/wp-json\/wp\/v2\/product_brand?post=1249"},{"taxonomy":"product_cat","embeddable":true,"href":"https:\/\/bqeye.com\/pl\/wp-json\/wp\/v2\/product_cat?post=1249"},{"taxonomy":"product_tag","embeddable":true,"href":"https:\/\/bqeye.com\/pl\/wp-json\/wp\/v2\/product_tag?post=1249"}],"curies":[{"name":"wp","href":"https:\/\/api.w.org\/{rel}","templated":true}]}}