{"id":1264,"date":"2023-12-12T08:07:17","date_gmt":"2023-12-12T08:07:17","guid":{"rendered":"https:\/\/bqeye.com\/?post_type=product&#038;p=1264"},"modified":"2024-04-18T02:20:20","modified_gmt":"2024-04-18T02:20:20","slug":"pixie-blue-contact-lenses","status":"publish","type":"product","link":"https:\/\/bqeye.com\/pl\/pixie-blue-contact-lenses\/","title":{"rendered":"Niebieskie soczewki kontaktowe Pixie"},"content":{"rendered":"<p>Dodaj odrobin\u0119 magii do swojego wygl\u0105du dzi\u0119ki soczewkom kontaktowym BQEYE Pixie Blue. Opalizuj\u0105ce odcienie \u015bwiec\u0105 w tych soczewkach, sprawiaj\u0105c, \u017ce oczy b\u0142yszcz\u0105 bardziej ni\u017c w przypadku innych soczewek kontaktowych dost\u0119pnych na rynku.<\/p>\n<p>Za\u0142\u00f3\u017c Pixies i obserwuj, jak t\u0119cz\u00f3wka roz\u015bwietla si\u0119 \u017cywym lazurowym odcieniem usianym drobinkami t\u0119czowego blasku. Matowe soczewki kontaktowe odesz\u0142y w niepami\u0119\u0107 - Pixies dodaj\u0105 oczom kapry\u015bnego blasku.<\/p>\n<p>Szafirowa baza przyci\u0105ga wzrok, a po\u0142yskuj\u0105ce odcienie wydobywaj\u0105 ukryte szmaragdowe i z\u0142ote refleksy wok\u00f3\u0142 \u017arenicy. Blues promienieje nieziemskim blaskiem, niespotykanym w innych soczewkach kontaktowych.<\/p>\n<p>Wykonane z wyj\u0105tkowo wygodnego materia\u0142u Hydraclear, zapomnisz, \u017ce w og\u00f3le nosisz soczewki kontaktowe! Hydraclear porusza si\u0119 bez wysi\u0142ku, aby utrzyma\u0107 nawil\u017cenie oczu przez ca\u0142y dzie\u0144 bez podra\u017cnie\u0144, dzi\u0119ki czemu blask nigdy si\u0119 nie sko\u0144czy.<\/p>\n<p>Niezale\u017cnie od tego, czy potrzebujesz magii na dni przebiera\u0144c\u00f3w, czy festiwale, soczewki kontaktowe Pixie Blue zapewni\u0105 Ci lepsz\u0105 ochron\u0119 ni\u017c inne dost\u0119pne opcje. Subtelne wzmocnienie sprawia, \u017ce kolory naprawd\u0119 ol\u015bniewaj\u0105 r\u00f3wnie\u017c na zdj\u0119ciach.<\/p>\n<p>Jako lider w dziedzinie innowacyjnych soczewek kontaktowych, BQEYE zapewnia, \u017ce Pixies spe\u0142niaj\u0105 najwy\u017csze standardy bezpiecze\u0144stwa FDA. Ich zaawansowana formu\u0142a dodaje pixie blasku koloru, kt\u00f3ry podkre\u015bla oczy bez uszczerbku dla komfortu.<\/p>\n<p>Za\u0142\u00f3\u017c Pixies i b\u0142yszcz ja\u015bniej ni\u017c polana dzwonk\u00f3w. Zam\u00f3w ju\u017c dzi\u015b, aby wypr\u00f3bowa\u0107 te czaruj\u0105ce soczewki kontaktowe bez ryzyka. Zobacz, jak zmieniaj\u0105 oczy w po\u0142yskuj\u0105ce wrota do krainy magii - wiemy, \u017ce b\u0119dziesz oczarowany!<\/p>\n<p>Znajd\u017a sw\u00f3j ulubiony odcie\u0144 spo\u015br\u00f3d mistycznych soczewek kontaktowych BQEYE. Pixie Blue i nie tylko odblokowuj\u0105 nowe sposoby na podkre\u015blenie swojego spojrzenia. Zam\u00f3w ju\u017c dzi\u015b i odkryj w sobie wr\u00f3\u017ck\u0119!<\/p>","protected":false},"excerpt":{"rendered":"<p>Add a touch of fairy magic to your look with BQEYE&#8217;s Pixie Blue contact lenses. Iridescent undertones glow within these lenses, making eyes sparkle more than any other contact lenses on the market. Slip Pixies on and watch as your iris lights up with a lively azure hue dotted with flecks of rainbow shine. Gone [&#8230;]\n","protected":false},"featured_media":1266,"comment_status":"open","ping_status":"closed","template":"","meta":[],"product_brand":[],"product_cat":[205,91,75,96,95,98],"product_tag":[],"class_list":{"0":"post-1264","1":"product","2":"type-product","3":"status-publish","4":"has-post-thumbnail","6":"product_cat-pixie","7":"product_cat-14-2-mm","8":"product_cat-blue-contact-lenses","9":"product_cat-non-prescription","10":"product_cat-prescription","11":"product_cat-yearly-disposable","13":"first","14":"instock","15":"sale","16":"shipping-taxable","17":"purchasable","18":"product-type-variable","19":"has-default-attributes"},"_links":{"self":[{"href":"https:\/\/bqeye.com\/pl\/wp-json\/wp\/v2\/product\/1264","targetHints":{"allow":["GET"]}}],"collection":[{"href":"https:\/\/bqeye.com\/pl\/wp-json\/wp\/v2\/product"}],"about":[{"href":"https:\/\/bqeye.com\/pl\/wp-json\/wp\/v2\/types\/product"}],"replies":[{"embeddable":true,"href":"https:\/\/bqeye.com\/pl\/wp-json\/wp\/v2\/comments?post=1264"}],"wp:featuredmedia":[{"embeddable":true,"href":"https:\/\/bqeye.com\/pl\/wp-json\/wp\/v2\/media\/1266"}],"wp:attachment":[{"href":"https:\/\/bqeye.com\/pl\/wp-json\/wp\/v2\/media?parent=1264"}],"wp:term":[{"taxonomy":"product_brand","embeddable":true,"href":"https:\/\/bqeye.com\/pl\/wp-json\/wp\/v2\/product_brand?post=1264"},{"taxonomy":"product_cat","embeddable":true,"href":"https:\/\/bqeye.com\/pl\/wp-json\/wp\/v2\/product_cat?post=1264"},{"taxonomy":"product_tag","embeddable":true,"href":"https:\/\/bqeye.com\/pl\/wp-json\/wp\/v2\/product_tag?post=1264"}],"curies":[{"name":"wp","href":"https:\/\/api.w.org\/{rel}","templated":true}]}}