{"id":1273,"date":"2023-12-12T08:10:55","date_gmt":"2023-12-12T08:10:55","guid":{"rendered":"https:\/\/bqeye.com\/?post_type=product&#038;p=1273"},"modified":"2024-04-18T02:20:17","modified_gmt":"2024-04-18T02:20:17","slug":"pixie-green-contact-lenses","status":"publish","type":"product","link":"https:\/\/bqeye.com\/pl\/pixie-green-contact-lenses\/","title":{"rendered":"Zielone soczewki kontaktowe Pixie"},"content":{"rendered":"<p>Roz\u015bwietl swoje oczy dzi\u0119ki zielonym soczewkom kontaktowym Pixie<\/p>\n<p>Dodaj odrobin\u0119 le\u015bnej magii do swojego wygl\u0105du dzi\u0119ki soczewkom kontaktowym BQEYE Pixie Green. Mieni\u0105ce si\u0119 odcienie \u015bwiec\u0105 w tych soczewkach, sprawiaj\u0105c, \u017ce oczy b\u0142yszcz\u0105 ja\u015bniej ni\u017c w jakichkolwiek innych soczewkach kontaktowych dost\u0119pnych na rynku.<\/p>\n<p>Za\u0142\u00f3\u017c Pixies i obserwuj, jak Twoja t\u0119cz\u00f3wka roz\u015bwietla si\u0119 \u017cywym szmaragdowym odcieniem usianym drobinkami z\u0142otego blasku. Po\u017cegnaj si\u0119 z nudnymi soczewkami kontaktowymi - Pixies podkre\u015blaj\u0105 oczy kapry\u015bnym urokiem.<\/p>\n<p>Baza w kolorze le\u015bnej zieleni przyci\u0105ga wzrok, a migocz\u0105ce drobinki wydobywaj\u0105 ukryte odcienie turkusu i br\u0105zu wok\u00f3\u0142 \u017arenicy. Ziele\u0144 promienieje magicznym blaskiem niespotykanym w innych soczewkach kontaktowych.<\/p>\n<p>Wykonane z wyj\u0105tkowo wygodnego materia\u0142u Hydraclear, zapomnisz, \u017ce w og\u00f3le nosisz soczewki kontaktowe! Hydraclear porusza si\u0119 p\u0142ynnie, aby utrzyma\u0107 nawil\u017cenie oczu przez ca\u0142y dzie\u0144 bez podra\u017cnie\u0144, dzi\u0119ki czemu b\u0142ysk hipnotyzuje a\u017c do zmierzchu.<\/p>\n<p>Niezale\u017cnie od tego, czy potrzebujesz magii na wieczory przebiera\u0144c\u00f3w, czy targi renesansowe, soczewki kontaktowe Pixie Green zapewni\u0105 Ci lepsz\u0105 ochron\u0119 ni\u017c inne opcje. Subtelne wzmocnienie sprawia, \u017ce kolory naprawd\u0119 ol\u015bniewaj\u0105 r\u00f3wnie\u017c na zdj\u0119ciach.<\/p>\n<p>Jako lider w dziedzinie innowacyjnych soczewek kontaktowych, BQEYE zapewnia, \u017ce Pixies spe\u0142niaj\u0105 najwy\u017csze standardy bezpiecze\u0144stwa FDA. Ich zaawansowana formu\u0142a dodaje pixie blasku koloru, kt\u00f3ry podkre\u015bla oczy bez uszczerbku dla komfortu.<\/p>\n<p>Za\u0142\u00f3\u017c Pixies i \u015bwie\u0107 bardziej zielono ni\u017c zaczarowana polana. Zam\u00f3w ju\u017c dzi\u015b, aby wypr\u00f3bowa\u0107 te roz\u015bwietlaj\u0105ce soczewki kontaktowe bez ryzyka. Przekonaj si\u0119, jak zmieniaj\u0105 oczy w po\u0142yskuj\u0105ce wrota do krainy magii - b\u0119dziesz oczarowany!<\/p>\n<p>Znajd\u017a sw\u00f3j ulubiony odcie\u0144 spo\u015br\u00f3d mistycznych soczewek kontaktowych BQEYE. Pixie Green i nie tylko odblokowuj\u0105 nowe sposoby na podkre\u015blenie spojrzenia. Zam\u00f3w ju\u017c dzi\u015b i odkryj w sobie le\u015bnego ducha!<\/p>","protected":false},"excerpt":{"rendered":"<p>Illuminate Your Eyes with Pixie Green Contact Lenses Add a touch of forest magic to your look with BQEYE&#8217;s Pixie Green contact lenses. Shimmering undertones glow within these lenses, making eyes sparkle brighter than any other contact lenses on the market. Slip Pixies on and watch as your iris lights up with a lively emerald [&#8230;]\n","protected":false},"featured_media":1278,"comment_status":"open","ping_status":"closed","template":"","meta":[],"product_brand":[],"product_cat":[205,91,77,96,95,98],"product_tag":[],"class_list":{"0":"post-1273","1":"product","2":"type-product","3":"status-publish","4":"has-post-thumbnail","6":"product_cat-pixie","7":"product_cat-14-2-mm","8":"product_cat-green-contact-lenses","9":"product_cat-non-prescription","10":"product_cat-prescription","11":"product_cat-yearly-disposable","13":"first","14":"instock","15":"sale","16":"shipping-taxable","17":"purchasable","18":"product-type-variable","19":"has-default-attributes"},"_links":{"self":[{"href":"https:\/\/bqeye.com\/pl\/wp-json\/wp\/v2\/product\/1273","targetHints":{"allow":["GET"]}}],"collection":[{"href":"https:\/\/bqeye.com\/pl\/wp-json\/wp\/v2\/product"}],"about":[{"href":"https:\/\/bqeye.com\/pl\/wp-json\/wp\/v2\/types\/product"}],"replies":[{"embeddable":true,"href":"https:\/\/bqeye.com\/pl\/wp-json\/wp\/v2\/comments?post=1273"}],"wp:featuredmedia":[{"embeddable":true,"href":"https:\/\/bqeye.com\/pl\/wp-json\/wp\/v2\/media\/1278"}],"wp:attachment":[{"href":"https:\/\/bqeye.com\/pl\/wp-json\/wp\/v2\/media?parent=1273"}],"wp:term":[{"taxonomy":"product_brand","embeddable":true,"href":"https:\/\/bqeye.com\/pl\/wp-json\/wp\/v2\/product_brand?post=1273"},{"taxonomy":"product_cat","embeddable":true,"href":"https:\/\/bqeye.com\/pl\/wp-json\/wp\/v2\/product_cat?post=1273"},{"taxonomy":"product_tag","embeddable":true,"href":"https:\/\/bqeye.com\/pl\/wp-json\/wp\/v2\/product_tag?post=1273"}],"curies":[{"name":"wp","href":"https:\/\/api.w.org\/{rel}","templated":true}]}}