{"id":1279,"date":"2023-12-12T11:07:03","date_gmt":"2023-12-12T11:07:03","guid":{"rendered":"https:\/\/bqeye.com\/?post_type=product&#038;p=1279"},"modified":"2024-04-18T02:20:14","modified_gmt":"2024-04-18T02:20:14","slug":"pixie-brown-contact-lenses","status":"publish","type":"product","link":"https:\/\/bqeye.com\/pl\/pixie-brown-contact-lenses\/","title":{"rendered":"Br\u0105zowe soczewki kontaktowe Pixie"},"content":{"rendered":"<p>Wydob\u0105d\u017a swoj\u0105 wewn\u0119trzn\u0105 wr\u00f3\u017ck\u0119 dzi\u0119ki br\u0105zowym soczewkom kontaktowym<\/p>\n<p>Dodaj magii do swojego spojrzenia dzi\u0119ki soczewkom kontaktowym Pixie Brown marki BQEYE. Opalizuj\u0105ce drobinki wiruj\u0105 w tych soczewkach, sprawiaj\u0105c, \u017ce oczy b\u0142yszcz\u0105 bardziej ni\u017c w jakichkolwiek innych br\u0105zowych soczewkach kontaktowych dost\u0119pnych na rynku.<\/p>\n<p>Za\u0142\u00f3\u017c Pixies i obserwuj, jak Twoja t\u0119cz\u00f3wka roz\u015bwietla si\u0119 promiennym orzechowym odcieniem usianym drobinkami z\u0142otego blasku. Zapomnij o nudnych br\u0105zowych soczewkach kontaktowych - Pixies podkre\u015blaj\u0105 oczy czaruj\u0105cym akcentem.<\/p>\n<p>Czekoladowo-br\u0105zowa baza przyci\u0105ga wzrok, a mieni\u0105ce si\u0119 drobinki wydobywaj\u0105 ukryt\u0105 ziele\u0144 i z\u0142oto wok\u00f3\u0142 \u017arenicy. Br\u0105zowe soczewki emituj\u0105 nieziemskie ciep\u0142o, niespotykane w innych br\u0105zowych soczewkach kontaktowych.<\/p>\n<p>Wykonane z wyj\u0105tkowo wygodnego materia\u0142u Hydraclear, zapomnisz, \u017ce w og\u00f3le nosisz soczewki kontaktowe! Hydraclear porusza si\u0119 p\u0142ynnie, aby utrzyma\u0107 nawil\u017cenie oczu przez ca\u0142y dzie\u0144 bez podra\u017cnie\u0144, dzi\u0119ki czemu b\u0142ysk hipnotyzuje a\u017c do zmierzchu.<\/p>\n<p>Niezale\u017cnie od tego, czy potrzebujesz magii na wieczory przebiera\u0144c\u00f3w, czy festiwale renesansowe, soczewki kontaktowe Pixie Brown zapewni\u0105 Ci lepsz\u0105 ochron\u0119 ni\u017c inne br\u0105zowe opcje. Subtelne wzmocnienie sprawia, \u017ce kolory ol\u015bniewaj\u0105 r\u00f3wnie\u017c na zdj\u0119ciach.<\/p>\n<p>Jako lider w dziedzinie innowacyjnych soczewek kontaktowych, BQEYE zapewnia, \u017ce Pixies spe\u0142niaj\u0105 najwy\u017csze standardy bezpiecze\u0144stwa FDA. Ich zaawansowana formu\u0142a dodaje pixie blasku koloru, kt\u00f3ry podkre\u015bla oczy bez uszczerbku dla komfortu.<\/p>\n<p>Za\u0142\u00f3\u017c Pixies i \u015bwie\u0107 cieplej ni\u017c jesienna polana. Zam\u00f3w ju\u017c dzi\u015b, aby wypr\u00f3bowa\u0107 te roz\u015bwietlaj\u0105ce br\u0105zowe soczewki kontaktowe bez ryzyka. Przekonaj si\u0119, jak zmieniaj\u0105 oczy w po\u0142yskuj\u0105ce wrota do krainy ziemskiej magii - b\u0119dziesz oczarowany!<\/p>\n<p>Znajd\u017a sw\u00f3j ulubiony odcie\u0144 spo\u015br\u00f3d mistycznych soczewek kontaktowych BQEYE. Pixie Brown i inne odblokowuj\u0105 nowe sposoby na podkre\u015blenie br\u0105zowego spojrzenia. Zam\u00f3w ju\u017c dzi\u015b, aby uwolni\u0107 swoj\u0105 wewn\u0119trzn\u0105 le\u015bn\u0105 wr\u00f3\u017ck\u0119!<\/p>","protected":false},"excerpt":{"rendered":"<p>Bring Out Your Inner Pixie with Brown Contact Lenses Add an earthy touch of magic to your look with BQEYE&#8217;s Pixie Brown contact lenses. Iridescent flecks swirl within these lenses, making eyes sparkle more than any other brown contact lenses on the market. Slip Pixies on and watch as your iris glows with a radiant [&#8230;]\n","protected":false},"featured_media":1281,"comment_status":"open","ping_status":"closed","template":"","meta":[],"product_brand":[],"product_cat":[205,91,80,96,95,98],"product_tag":[354],"class_list":{"0":"post-1279","1":"product","2":"type-product","3":"status-publish","4":"has-post-thumbnail","6":"product_cat-pixie","7":"product_cat-14-2-mm","8":"product_cat-brown-contact-lenses","9":"product_cat-non-prescription","10":"product_cat-prescription","11":"product_cat-yearly-disposable","12":"product_tag-brown-contact-lenses","14":"first","15":"instock","16":"sale","17":"shipping-taxable","18":"purchasable","19":"product-type-variable","20":"has-default-attributes"},"_links":{"self":[{"href":"https:\/\/bqeye.com\/pl\/wp-json\/wp\/v2\/product\/1279","targetHints":{"allow":["GET"]}}],"collection":[{"href":"https:\/\/bqeye.com\/pl\/wp-json\/wp\/v2\/product"}],"about":[{"href":"https:\/\/bqeye.com\/pl\/wp-json\/wp\/v2\/types\/product"}],"replies":[{"embeddable":true,"href":"https:\/\/bqeye.com\/pl\/wp-json\/wp\/v2\/comments?post=1279"}],"wp:featuredmedia":[{"embeddable":true,"href":"https:\/\/bqeye.com\/pl\/wp-json\/wp\/v2\/media\/1281"}],"wp:attachment":[{"href":"https:\/\/bqeye.com\/pl\/wp-json\/wp\/v2\/media?parent=1279"}],"wp:term":[{"taxonomy":"product_brand","embeddable":true,"href":"https:\/\/bqeye.com\/pl\/wp-json\/wp\/v2\/product_brand?post=1279"},{"taxonomy":"product_cat","embeddable":true,"href":"https:\/\/bqeye.com\/pl\/wp-json\/wp\/v2\/product_cat?post=1279"},{"taxonomy":"product_tag","embeddable":true,"href":"https:\/\/bqeye.com\/pl\/wp-json\/wp\/v2\/product_tag?post=1279"}],"curies":[{"name":"wp","href":"https:\/\/api.w.org\/{rel}","templated":true}]}}