{"id":1287,"date":"2023-12-12T11:20:32","date_gmt":"2023-12-12T11:20:32","guid":{"rendered":"https:\/\/bqeye.com\/?post_type=product&#038;p=1287"},"modified":"2024-04-18T02:20:10","modified_gmt":"2024-04-18T02:20:10","slug":"pixie-grey-contact-lenses","status":"publish","type":"product","link":"https:\/\/bqeye.com\/pl\/pixie-grey-contact-lenses\/","title":{"rendered":"Soczewki kontaktowe Pixie Grey"},"content":{"rendered":"<p>Dodaj intryg\u0119 dzi\u0119ki soczewkom kontaktowym Pixie Grey<\/p>\n<p>Dodaj swojemu spojrzeniu tajemniczo\u015bci dzi\u0119ki soczewkom kontaktowym Pixie Grey marki BQEYE. B\u0142yszcz\u0105ce drobinki wiruj\u0105 w tych soczewkach, sprawiaj\u0105c, \u017ce oczy uwodzicielsko b\u0142yszcz\u0105 bardziej ni\u017c w przypadku innych szarych soczewek kontaktowych.<\/p>\n<p>Za\u0142\u00f3\u017c Pixies i obserwuj, jak Twoja t\u0119cz\u00f3wka nabiera przydymionego odcienia usianego drobinkami srebrnego blasku. Zapomnij o nudnych szarych soczewkach kontaktowych - Pixies podkre\u015blaj\u0105 oczy czaruj\u0105cym b\u0142yskiem.<\/p>\n<p>Baza w kolorze br\u0105zu przyci\u0105ga wzrok, a mieni\u0105ce si\u0119 drobinki wydobywaj\u0105 ukryte odcienie turkusu i zieleni wok\u00f3\u0142 \u017arenicy. Szaro\u015b\u0107 promienieje uwodzicielskim blaskiem, niespotykanym w innych szarych soczewkach kontaktowych.<\/p>\n<p>Wykonane z wyj\u0105tkowo wygodnego materia\u0142u Hydraclear, zapomnisz, \u017ce w og\u00f3le nosisz soczewki kontaktowe! Hydraclear porusza si\u0119 p\u0142ynnie, aby utrzyma\u0107 nawil\u017cenie oczu przez ca\u0142y dzie\u0144 bez podra\u017cnie\u0144, dzi\u0119ki czemu b\u0142ysk hipnotyzuje a\u017c do zmierzchu.<\/p>\n<p>Niezale\u017cnie od tego, czy potrzebujesz tajemniczo\u015bci na wieczorne przebieranki, czy sesje zdj\u0119ciowe, soczewki kontaktowe Pixie Grey zapewni\u0105 Ci to lepiej ni\u017c inne szare opcje. Subtelne wzmocnienie sprawia, \u017ce kolory ol\u015bniewaj\u0105 r\u00f3wnie\u017c na zdj\u0119ciach.<\/p>\n<p>Jako lider w dziedzinie innowacyjnych soczewek kontaktowych, BQEYE zapewnia, \u017ce Pixies spe\u0142niaj\u0105 najwy\u017csze standardy bezpiecze\u0144stwa FDA. Ich zaawansowana formu\u0142a dodaje pixie blasku koloru, kt\u00f3ry podkre\u015bla oczy bez uszczerbku dla komfortu.<\/p>\n<p>Za\u0142\u00f3\u017c Pixies i intryguj z drugiego ko\u0144ca pokoju. Zam\u00f3w ju\u017c dzi\u015b, aby wypr\u00f3bowa\u0107 te urzekaj\u0105ce szare soczewki kontaktowe bez ryzyka. Zobacz, jak zmieniaj\u0105 oczy w hipnotyzuj\u0105ce wrota do \u015bwiata magii - b\u0119dziesz oczarowany!<\/p>\n<p>Znajd\u017a sw\u00f3j ulubiony odcie\u0144 z gamy czaruj\u0105cych soczewek kontaktowych BQEYE. Pixie Grey i inne pomog\u0105 ci rzuci\u0107 zakl\u0119cie. Zam\u00f3w ju\u017c dzi\u015b, aby rzuci\u0107 swoj\u0105 magi\u0119.<\/p>","protected":false},"excerpt":{"rendered":"<p>Add Intrigue with Pixie Grey Contact Lenses Add an air of mystery to your look with BQEYE&#8217;s Pixie Grey contact lenses. Glittering flecks swirl within these lenses, making eyes alluringly sparkle more than any other grey contact lenses. Slip Pixies on and watch as your iris takes on a smoky hue dotted with specks of [&#8230;]\n","protected":false},"featured_media":1293,"comment_status":"open","ping_status":"closed","template":"","meta":[],"product_brand":[],"product_cat":[205,91,81,96,95,98],"product_tag":[354],"class_list":{"0":"post-1287","1":"product","2":"type-product","3":"status-publish","4":"has-post-thumbnail","6":"product_cat-pixie","7":"product_cat-14-2-mm","8":"product_cat-grey-contact-lenses","9":"product_cat-non-prescription","10":"product_cat-prescription","11":"product_cat-yearly-disposable","12":"product_tag-brown-contact-lenses","14":"first","15":"instock","16":"sale","17":"shipping-taxable","18":"purchasable","19":"product-type-variable","20":"has-default-attributes"},"_links":{"self":[{"href":"https:\/\/bqeye.com\/pl\/wp-json\/wp\/v2\/product\/1287","targetHints":{"allow":["GET"]}}],"collection":[{"href":"https:\/\/bqeye.com\/pl\/wp-json\/wp\/v2\/product"}],"about":[{"href":"https:\/\/bqeye.com\/pl\/wp-json\/wp\/v2\/types\/product"}],"replies":[{"embeddable":true,"href":"https:\/\/bqeye.com\/pl\/wp-json\/wp\/v2\/comments?post=1287"}],"wp:featuredmedia":[{"embeddable":true,"href":"https:\/\/bqeye.com\/pl\/wp-json\/wp\/v2\/media\/1293"}],"wp:attachment":[{"href":"https:\/\/bqeye.com\/pl\/wp-json\/wp\/v2\/media?parent=1287"}],"wp:term":[{"taxonomy":"product_brand","embeddable":true,"href":"https:\/\/bqeye.com\/pl\/wp-json\/wp\/v2\/product_brand?post=1287"},{"taxonomy":"product_cat","embeddable":true,"href":"https:\/\/bqeye.com\/pl\/wp-json\/wp\/v2\/product_cat?post=1287"},{"taxonomy":"product_tag","embeddable":true,"href":"https:\/\/bqeye.com\/pl\/wp-json\/wp\/v2\/product_tag?post=1287"}],"curies":[{"name":"wp","href":"https:\/\/api.w.org\/{rel}","templated":true}]}}