{"id":1297,"date":"2023-12-22T02:02:07","date_gmt":"2023-12-22T02:02:07","guid":{"rendered":"https:\/\/bqeye.com\/?post_type=product&#038;p=1297"},"modified":"2024-04-18T02:20:06","modified_gmt":"2024-04-18T02:20:06","slug":"maria-green-contact-lenses","status":"publish","type":"product","link":"https:\/\/bqeye.com\/pl\/maria-green-contact-lenses\/","title":{"rendered":"Soczewki kontaktowe Maria Green"},"content":{"rendered":"<p>Znajd\u017a sw\u00f3j wewn\u0119trzny blask dzi\u0119ki zielonym soczewkom kontaktowym Maria<\/p>\n<p>Soczewki Maria Green rewolucjonizuj\u0105 \u015bwiat kolorowych soczewek kontaktowych, wysuwaj\u0105c na pierwszy plan poczucie naturalnego wzmocnienia i wewn\u0119trznego pi\u0119kna. Podczas gdy wiele kolorowych soczewek w przesz\u0142o\u015bci opiera\u0142o si\u0119 na dramatycznych, nienaturalnych odcieniach, Maria Green koncentruje si\u0119 na podkre\u015bleniu naturalnych cech subtelnym, eleganckim popem szmaragdu.<\/p>\n<p>Soczewki Maria Green zosta\u0142y zaprojektowane tak, aby zielone lub piwne oczy nabra\u0142y pozytywnego blasku, wygl\u0105daj\u0105c przy tym ca\u0142kowicie naturalnie. Ich ultracienki materia\u0142 hydro\u017celowy porusza si\u0119 wraz z oczami, zapewniaj\u0105c komfortowy, niewidoczny efekt. Zamkni\u0119te w kapsu\u0142kach z substancjami nawil\u017caj\u0105cymi, s\u0105 oddychaj\u0105ce, a kolor utrzymuje si\u0119 przez ca\u0142y dzie\u0144 bez blakni\u0119cia i podra\u017cnie\u0144.<\/p>\n<p>Zamiast wyrazistych kolor\u00f3w, soczewki kontaktowe Maria Green wydobywaj\u0105 wewn\u0119trzne \u015bwiat\u0142o i ciep\u0142o osoby za pomoc\u0105 przyci\u0105gaj\u0105cego wzrok, ale stonowanego zielonego odcienia. Podkre\u015blaj\u0105 naturalny pigment, jednocze\u015bnie zwi\u0119kszaj\u0105c wyrazisto\u015b\u0107 i \u017cywotno\u015b\u0107. Oczy zajmuj\u0105 centralne miejsce w spos\u00f3b, kt\u00f3ry jest pewny siebie, a jednocze\u015bnie skromny.<\/p>\n<p>Soczewki Maria Green sta\u0142y si\u0119 szczeg\u00f3lnie popularne w\u015br\u00f3d profesjonalist\u00f3w poszukuj\u0105cych eleganckiego wygl\u0105du. Ich subtelno\u015b\u0107 pozwala u\u017cytkownikom czu\u0107 si\u0119 dobrze bez obawy, \u017ce kolorowe soczewki mog\u0105 wydawa\u0107 si\u0119 nieprofesjonalne lub ma\u0142o wiarygodne. Ludzie czuj\u0105 si\u0119 upowa\u017cnieni do pokazywania wi\u0119kszej osobowo\u015bci w pracy, a jednocze\u015bnie wzbudzaj\u0105 szacunek. Oczy anga\u017cuj\u0105 si\u0119 podczas prezentacji lub spotka\u0144 bez onie\u015bmielania innych.<\/p>\n<p>Soczewki Maria Green znalaz\u0142y wierne grono zwolennik\u00f3w w\u015br\u00f3d os\u00f3b kreatywnych. Arty\u015bci, wykonawcy i influencerzy polegaj\u0105 na nich, aby promieniowa\u0107 pasj\u0105 i inspiracj\u0105 od wewn\u0105trz. Zapewniaj\u0105 one wi\u0119ksz\u0105 ostro\u015b\u0107 ognistym osobowo\u015bciom, same nie wymagaj\u0105c zbyt wiele uwagi. Oczy, b\u0119d\u0105ce oknami duszy, mog\u0105 wyra\u017ca\u0107 \u015bmia\u0142e marzenia i wizje za pomoc\u0105 relaksuj\u0105cego szmaragdu.<\/p>\n<p>Soczewki Maria Green najbardziej odpowiadaj\u0105 tym, kt\u00f3rzy szukaj\u0105 naturalnego wzmocnienia, a nie drastycznych zmian. Zar\u00f3wno studenci, jak i mened\u017cerowie doceniaj\u0105 ich zdolno\u015b\u0107 do podkre\u015blania pewno\u015bci siebie z miejsca autentyczno\u015bci i opanowania. Zamiast odwa\u017cnych kolor\u00f3w, roztaczaj\u0105 ciep\u0142o i blask, kt\u00f3ry podnosi ich charakter w ka\u017cdym \u015brodowisku.<\/p>\n<p>Dla kobiety, kt\u00f3ra chce czu\u0107 si\u0119 komfortowo we w\u0142asnej sk\u00f3rze, a tak\u017ce podkre\u015bli\u0107 jej pi\u0119kno, soczewki Maria Green s\u0105 idealne. Celebruj\u0105 kobieco\u015b\u0107 z miejsca wewn\u0119trznego spokoju, a nie zewn\u0119trznej walidacji. Ich zielony kolor podkre\u015bla oczy jako centraln\u0105 cech\u0119, nie uprzedmiotawiaj\u0105c ich u\u017cytkownika ani nie odwracaj\u0105c nienaturalnie uwagi od innych naturalnych dar\u00f3w.<\/p>\n<p>Je\u015bli szukasz soczewek kontaktowych, kt\u00f3re wzmocni\u0105 Twoje najlepsze cechy poprzez subtelny blask, a nie powierzchown\u0105 transformacj\u0119, Maria Green jest dla Ciebie. Odkryj, w jaki spos\u00f3b zielone oczy mog\u0105 oznacza\u0107 wzrost, odnow\u0119 i wewn\u0119trzne \u015bwiat\u0142o, kt\u00f3re \u015bwieci od wewn\u0105trz do zewn\u0105trz. Pozw\u00f3l, by soczewki Maria Green wydoby\u0142y z Ciebie Twoje najprawdziwsze, najbardziej \u017cywe \"ja\".<\/p>","protected":false},"excerpt":{"rendered":"<p>Finding Your Inner Glow with Maria Green Contact Lenses Maria Green contact lenses are revolutionizing the world of colored contacts by bringing a sense of natural enhancement and inner beauty to the forefront. Where many colored lenses in the past relied on dramatic, unnatural hues, Maria Green focuses on highlighting one&#8217;s natural features with a [&#8230;]\n","protected":false},"featured_media":1303,"comment_status":"open","ping_status":"closed","template":"","meta":[],"product_brand":[],"product_cat":[105,91,77,96,95,98],"product_tag":[354],"class_list":{"0":"post-1297","1":"product","2":"type-product","3":"status-publish","4":"has-post-thumbnail","6":"product_cat-maria","7":"product_cat-14-2-mm","8":"product_cat-green-contact-lenses","9":"product_cat-non-prescription","10":"product_cat-prescription","11":"product_cat-yearly-disposable","12":"product_tag-brown-contact-lenses","14":"first","15":"instock","16":"sale","17":"shipping-taxable","18":"purchasable","19":"product-type-variable","20":"has-default-attributes"},"_links":{"self":[{"href":"https:\/\/bqeye.com\/pl\/wp-json\/wp\/v2\/product\/1297","targetHints":{"allow":["GET"]}}],"collection":[{"href":"https:\/\/bqeye.com\/pl\/wp-json\/wp\/v2\/product"}],"about":[{"href":"https:\/\/bqeye.com\/pl\/wp-json\/wp\/v2\/types\/product"}],"replies":[{"embeddable":true,"href":"https:\/\/bqeye.com\/pl\/wp-json\/wp\/v2\/comments?post=1297"}],"wp:featuredmedia":[{"embeddable":true,"href":"https:\/\/bqeye.com\/pl\/wp-json\/wp\/v2\/media\/1303"}],"wp:attachment":[{"href":"https:\/\/bqeye.com\/pl\/wp-json\/wp\/v2\/media?parent=1297"}],"wp:term":[{"taxonomy":"product_brand","embeddable":true,"href":"https:\/\/bqeye.com\/pl\/wp-json\/wp\/v2\/product_brand?post=1297"},{"taxonomy":"product_cat","embeddable":true,"href":"https:\/\/bqeye.com\/pl\/wp-json\/wp\/v2\/product_cat?post=1297"},{"taxonomy":"product_tag","embeddable":true,"href":"https:\/\/bqeye.com\/pl\/wp-json\/wp\/v2\/product_tag?post=1297"}],"curies":[{"name":"wp","href":"https:\/\/api.w.org\/{rel}","templated":true}]}}