{"id":1304,"date":"2023-12-22T02:23:09","date_gmt":"2023-12-22T02:23:09","guid":{"rendered":"https:\/\/bqeye.com\/?post_type=product&#038;p=1304"},"modified":"2024-04-18T02:19:59","modified_gmt":"2024-04-18T02:19:59","slug":"maria-purple-contact-lenses","status":"publish","type":"product","link":"https:\/\/bqeye.com\/pl\/maria-purple-contact-lenses\/","title":{"rendered":"Fioletowe soczewki kontaktowe Maria"},"content":{"rendered":"<p>Odnajd\u017a swoj\u0105 wewn\u0119trzn\u0105 gracj\u0119 dzi\u0119ki fioletowym soczewkom BQEYE Maria<\/p>\n<p>Soczewki Maria Purple firmy BQEYE sta\u0142y si\u0119 ulubionym wyborem dla os\u00f3b poszukuj\u0105cych odrobiny subtelnego wyrafinowania. Podczas gdy wiele kolorowych soczewek opiera si\u0119 na dramatycznym efekcie, Maria Purple podkre\u015bla pi\u0119kno poprzez subteln\u0105 elegancj\u0119.<\/p>\n<p>Wykonane z innowacyjnej oddychaj\u0105cej formu\u0142y BQEYE, soczewki Maria Purple zosta\u0142y zaprojektowane z my\u015bl\u0105 o najwy\u017cszym komforcie i utrzymaniu koloru przez ca\u0142y dzie\u0144. Ich cienki silikonowo-hydro\u017celowy materia\u0142 p\u0142ynnie porusza si\u0119 wraz z oczami, dzi\u0119ki czemu wydaj\u0105 si\u0119 niewidoczne, a jednocze\u015bnie intensywnie przyci\u0105gaj\u0105 wzrok. Soczewki s\u0105 nasycone substancjami nawil\u017caj\u0105cymi, dzi\u0119ki czemu nie wysychaj\u0105 i nie powoduj\u0105 dyskomfortu.<\/p>\n<p>Zamiast jaskrawych fiolet\u00f3w, Maria Purple odzwierciedla delikatny lawendowo-szary odcie\u0144, kt\u00f3ry jest wystarczaj\u0105co wyra\u017any, aby go zauwa\u017cy\u0107. Podkre\u015bla oczy jako urzekaj\u0105c\u0105 cech\u0119, nie zast\u0119puj\u0105c innych naturalnych atrybut\u00f3w. Osoby nosz\u0105ce ten odcie\u0144 czuj\u0105 si\u0119 elegancko, a jednocze\u015bnie zachowuj\u0105 przyst\u0119pny urok emanuj\u0105cy z wn\u0119trza.<\/p>\n<p>Soczewki BQEYE znalaz\u0142y oddanych fan\u00f3w zar\u00f3wno w\u015br\u00f3d m\u0142odych tw\u00f3rc\u00f3w, jak i profesjonalist\u00f3w. Dla artyst\u00f3w i influencer\u00f3w subtelny blask Maria Purple przekazuje wymowne wiadomo\u015bci poprzez stabilne spojrzenie. Oczy anga\u017cuj\u0105 publiczno\u015b\u0107 podczas rozm\u00f3w lub wyst\u0119p\u00f3w, nie wymagaj\u0105c skupienia.<\/p>\n<p>W miejscu pracy osoby czuj\u0105 si\u0119 wzmocnione, pokazuj\u0105c swoj\u0105 osobowo\u015b\u0107 dzi\u0119ki oczom pe\u0142nym kr\u00f3lewskiego uroku. Ich odcie\u0144 przyci\u0105ga wzrok zar\u00f3wno podczas prezentacji w sali konferencyjnej, jak i spotka\u0144 z klientami, nie zaburzaj\u0105c przy tym postrzegania kompetencji. Dzi\u0119ki Maria Purple u\u017cytkownicy emanuj\u0105 autorytetem zakorzenionym w autentyczno\u015bci i wdzi\u0119ku.<\/p>\n<p>Je\u015bli szukasz wzmocnienia swoich najbardziej wyrafinowanych cech, Maria Purple marki BQEYE jest stworzona dla Ciebie. Ich od\u017cywcza formu\u0142a i kr\u00f3lewski fiolet aktywuj\u0105 wewn\u0119trzny blask, podkre\u015blaj\u0105c naturalne cechy z miejsca wewn\u0119trznego spokoju. Przekonaj si\u0119, jak lawenda podkre\u015bla Twoje magnetyczne cechy bez rozpraszania uwagi i wprowadzania zmian.<\/p>\n<p>Pozw\u00f3l, by soczewki Maria Purple ujawni\u0142y Twoje najbardziej eleganckie, wielowymiarowe \"ja\". BQEYE wierzy, \u017ce prawdziwe pi\u0119kno emanuje z akceptacji i podkre\u015blenia tego, kim jeste\u015b - a ich soczewki wzmacniaj\u0105 mi\u0142o\u015b\u0107 do siebie poprzez zniuansowany blask. Odkryj, jak subtelny odcie\u0144 lawendy mo\u017ce rozpali\u0107 Twoje wewn\u0119trzne \u015bwiat\u0142o i odbicie promiennej pewno\u015bci siebie od wewn\u0105trz na zewn\u0105trz.<\/p>","protected":false},"excerpt":{"rendered":"<p>Finding Your Inner Grace with BQEYE Maria Purple Lenses BQEYE&#8217;s Maria Purple contact lenses have become a go-to for those seeking a touch of subtle sophistication. Where many colored lenses rely on dramatic impact, Maria Purple enhances beauty through understated elegance. Made from BQEYE&#8217;s innovative breathable formula, Maria Purple lenses are designed for supreme comfort [&#8230;]\n","protected":false},"featured_media":1310,"comment_status":"open","ping_status":"closed","template":"","meta":[],"product_brand":[],"product_cat":[105,91,96,95,82,98],"product_tag":[354],"class_list":{"0":"post-1304","1":"product","2":"type-product","3":"status-publish","4":"has-post-thumbnail","6":"product_cat-maria","7":"product_cat-14-2-mm","8":"product_cat-non-prescription","9":"product_cat-prescription","10":"product_cat-purple-contact-lenses","11":"product_cat-yearly-disposable","12":"product_tag-brown-contact-lenses","14":"first","15":"instock","16":"sale","17":"shipping-taxable","18":"purchasable","19":"product-type-variable","20":"has-default-attributes"},"_links":{"self":[{"href":"https:\/\/bqeye.com\/pl\/wp-json\/wp\/v2\/product\/1304","targetHints":{"allow":["GET"]}}],"collection":[{"href":"https:\/\/bqeye.com\/pl\/wp-json\/wp\/v2\/product"}],"about":[{"href":"https:\/\/bqeye.com\/pl\/wp-json\/wp\/v2\/types\/product"}],"replies":[{"embeddable":true,"href":"https:\/\/bqeye.com\/pl\/wp-json\/wp\/v2\/comments?post=1304"}],"wp:featuredmedia":[{"embeddable":true,"href":"https:\/\/bqeye.com\/pl\/wp-json\/wp\/v2\/media\/1310"}],"wp:attachment":[{"href":"https:\/\/bqeye.com\/pl\/wp-json\/wp\/v2\/media?parent=1304"}],"wp:term":[{"taxonomy":"product_brand","embeddable":true,"href":"https:\/\/bqeye.com\/pl\/wp-json\/wp\/v2\/product_brand?post=1304"},{"taxonomy":"product_cat","embeddable":true,"href":"https:\/\/bqeye.com\/pl\/wp-json\/wp\/v2\/product_cat?post=1304"},{"taxonomy":"product_tag","embeddable":true,"href":"https:\/\/bqeye.com\/pl\/wp-json\/wp\/v2\/product_tag?post=1304"}],"curies":[{"name":"wp","href":"https:\/\/api.w.org\/{rel}","templated":true}]}}