{"id":1311,"date":"2023-12-22T02:35:32","date_gmt":"2023-12-22T02:35:32","guid":{"rendered":"https:\/\/bqeye.com\/?post_type=product&#038;p=1311"},"modified":"2024-04-18T02:19:56","modified_gmt":"2024-04-18T02:19:56","slug":"maria-blue-contact-lenses","status":"publish","type":"product","link":"https:\/\/bqeye.com\/pl\/maria-blue-contact-lenses\/","title":{"rendered":"Niebieskie soczewki kontaktowe Maria"},"content":{"rendered":"<p>Przebudzenie wewn\u0119trznej m\u0105dro\u015bci dzi\u0119ki niebieskim soczewkom BQEYE Maria<\/p>\n<p>Soczewki kontaktowe Maria Blue firmy BQEYE sta\u0142y si\u0119 po\u017c\u0105dane ze wzgl\u0119du na ich zdolno\u015b\u0107 do podkre\u015blania intelektu i subtelnej \u017cywio\u0142owo\u015bci. Podczas gdy wiele kolorowych soczewek opiera si\u0119 na jasno\u015bci, Maria Blue podkre\u015bla g\u0142\u0119bi\u0119 i wnikliwo\u015b\u0107 dzi\u0119ki stonowanemu granatowemu odcieniowi.<\/p>\n<p>Wykonane z innowacyjnej formu\u0142y silikonowo-hydro\u017celowej BQEYE, soczewki Maria Blue zosta\u0142y zaprojektowane z my\u015bl\u0105 o najwy\u017cszym komforcie i zachowaniu koloru. Ich elastyczny materia\u0142 bez wysi\u0142ku porusza si\u0119 wraz z oczami, dzi\u0119ki czemu wydaj\u0105 si\u0119 niewidoczne, a jednocze\u015bnie intensywnie urzekaj\u0105ce. Wyposa\u017cone w czynniki nawil\u017caj\u0105ce, nie wysychaj\u0105 ani nie powoduj\u0105 podra\u017cnie\u0144 przez ca\u0142y dzie\u0144.<\/p>\n<p>Zamiast kr\u00f3lewskiego lub b\u0142\u0119kitnego nieba, Maria Blue uosabia bogaty granat przypominaj\u0105cy spokojne wody i nocne niebo. Przyci\u0105ga wzrok jako zamy\u015blony, ale \u017cywy element, nie przy\u0107miewaj\u0105c naturalnego pi\u0119kna. Osoby nosz\u0105ce ten zapach czuj\u0105 si\u0119 w nim dobrze, a z ich wn\u0119trza emanuje atmosfera zrelaksowanego wyrafinowania.<\/p>\n<p>Niebieskie soczewki kontaktowe Maria Blue znalaz\u0142y oddanych fan\u00f3w w\u015br\u00f3d os\u00f3b kreatywnych i profesjonalist\u00f3w poszukuj\u0105cych wygl\u0105du inspiruj\u0105cego intelektualizm. Dla naukowc\u00f3w i badaczy ich odcie\u0144 podkre\u015bla uwag\u0119 podczas wyk\u0142ad\u00f3w lub dyskusji. Arty\u015bci polegaj\u0105 na Maria Blue, aby rozpali\u0107 oczy pe\u0142ne introspekcji i wizji wysublimowanych spostrze\u017ce\u0144.<\/p>\n<p>W miejscu pracy osoby czuj\u0105 si\u0119 wzmocnione, prezentuj\u0105c osobowo\u015b\u0107 poprzez oczy odzwierciedlaj\u0105ce g\u0142\u0119bok\u0105 m\u0105dro\u015b\u0107 i opanowanie. Ich granatowy odcie\u0144 podkre\u015bla wygl\u0105d, zar\u00f3wno podczas nawi\u0105zywania kontakt\u00f3w, jak i prowadzenia prezentacji, bez zniekszta\u0142cania postrzegania kompetencji. Dzi\u0119ki Maria Blue u\u017cytkownicy promieniuj\u0105 pewno\u015bci\u0105 zakorzenion\u0105 w zrozumieniu i niuansach.<\/p>\n<p>Soczewki Maria Blue to idealne rozwi\u0105zanie dla os\u00f3b, kt\u00f3re szukaj\u0105 podkre\u015blenia swoich najbardziej wymagaj\u0105cych cech. Nawil\u017caj\u0105ca formu\u0142a BQEYE i przemy\u015blany odcie\u0144 podkre\u015blaj\u0105 naturalne cechy z miejsca wewn\u0119trznego skupienia. Przekonaj si\u0119, jak granatowe soczewki stymuluj\u0105 oczy jako okna do Twojego ostrego, ale uspokajaj\u0105cego ducha.<\/p>\n<p>Pozw\u00f3l, by soczewki Maria Blue roz\u015bwietli\u0142y Twoje spostrzegawcze, wielowymiarowe \"ja\". BQEYE wierzy, \u017ce pi\u0119kno znajduje moc poprzez akceptacj\u0119 i podkre\u015blenie naszych najbardziej autentycznych atrybut\u00f3w - a ich soczewki wzmacniaj\u0105 pewno\u015b\u0107 siebie poprzez subteln\u0105 luminescencj\u0119 od wewn\u0105trz. Odkryj, jak subtelny odcie\u0144 granatu mo\u017ce rozpali\u0107 Twoj\u0105 samo\u015bwiadomo\u015b\u0107 i refleksyjny blask.<\/p>","protected":false},"excerpt":{"rendered":"<p>Awakening Inner Wisdom with BQEYE Maria Blue Lenses BQEYE&#8217;s Maria Blue contact lenses have become coveted for their ability to highlight intellect and subtle vibrancy. While many colored lenses rely on brightness, Maria Blue enhances depth and insight through an understated navy shade. Crafted from BQEYE&#8217;s innovative silicone hydrogel formula, Maria Blue lenses are designed [&#8230;]\n","protected":false},"featured_media":1316,"comment_status":"open","ping_status":"closed","template":"","meta":[],"product_brand":[],"product_cat":[105,91,75,96,95,98],"product_tag":[354],"class_list":{"0":"post-1311","1":"product","2":"type-product","3":"status-publish","4":"has-post-thumbnail","6":"product_cat-maria","7":"product_cat-14-2-mm","8":"product_cat-blue-contact-lenses","9":"product_cat-non-prescription","10":"product_cat-prescription","11":"product_cat-yearly-disposable","12":"product_tag-brown-contact-lenses","14":"first","15":"instock","16":"sale","17":"shipping-taxable","18":"purchasable","19":"product-type-variable","20":"has-default-attributes"},"_links":{"self":[{"href":"https:\/\/bqeye.com\/pl\/wp-json\/wp\/v2\/product\/1311","targetHints":{"allow":["GET"]}}],"collection":[{"href":"https:\/\/bqeye.com\/pl\/wp-json\/wp\/v2\/product"}],"about":[{"href":"https:\/\/bqeye.com\/pl\/wp-json\/wp\/v2\/types\/product"}],"replies":[{"embeddable":true,"href":"https:\/\/bqeye.com\/pl\/wp-json\/wp\/v2\/comments?post=1311"}],"wp:featuredmedia":[{"embeddable":true,"href":"https:\/\/bqeye.com\/pl\/wp-json\/wp\/v2\/media\/1316"}],"wp:attachment":[{"href":"https:\/\/bqeye.com\/pl\/wp-json\/wp\/v2\/media?parent=1311"}],"wp:term":[{"taxonomy":"product_brand","embeddable":true,"href":"https:\/\/bqeye.com\/pl\/wp-json\/wp\/v2\/product_brand?post=1311"},{"taxonomy":"product_cat","embeddable":true,"href":"https:\/\/bqeye.com\/pl\/wp-json\/wp\/v2\/product_cat?post=1311"},{"taxonomy":"product_tag","embeddable":true,"href":"https:\/\/bqeye.com\/pl\/wp-json\/wp\/v2\/product_tag?post=1311"}],"curies":[{"name":"wp","href":"https:\/\/api.w.org\/{rel}","templated":true}]}}