{"id":1318,"date":"2023-12-22T02:49:53","date_gmt":"2023-12-22T02:49:53","guid":{"rendered":"https:\/\/bqeye.com\/?post_type=product&#038;p=1318"},"modified":"2024-04-18T02:19:52","modified_gmt":"2024-04-18T02:19:52","slug":"maria-brown-contact-lenses","status":"publish","type":"product","link":"https:\/\/bqeye.com\/pl\/maria-brown-contact-lenses\/","title":{"rendered":"Soczewki kontaktowe Maria Brown"},"content":{"rendered":"<p>Odnajd\u017a wewn\u0119trzne ciep\u0142o dzi\u0119ki br\u0105zowym soczewkom BQEYE Maria<\/p>\n<p>Soczewki Maria Brown firmy BQEYE sta\u0142y si\u0119 podstaw\u0105 dla tych, kt\u00f3rzy szukaj\u0105 odrobiny dyskretnej przytulno\u015bci. Podczas gdy wiele soczewek kolorowych stanowi odwa\u017cne deklaracje, Maria Brown zwi\u0119ksza komfort dzi\u0119ki delikatnemu kasztanowemu blaskowi.<\/p>\n<p>Wykonane z oddychaj\u0105cej formu\u0142y silikonowo-hydro\u017celowej BQEYE, soczewki Maria Brown zosta\u0142y zaprojektowane z my\u015bl\u0105 o ca\u0142odziennym komforcie i zachowaniu koloru. Ich cienki, ale elastyczny materia\u0142 porusza si\u0119 naturalnie wraz z oczami, aby wygl\u0105da\u0107 niewidocznie, ale uderzaj\u0105co hipnotyzuj\u0105co. Wyposa\u017cone w substancje nawil\u017caj\u0105ce, pozostaj\u0105 nawil\u017cone bez dyskomfortu.<\/p>\n<p>Zamiast ostrych br\u0105z\u00f3w, Maria Brown przyjmuje delikatny karmelowy odcie\u0144, kt\u00f3ry jest wystarczaj\u0105co zauwa\u017calny, aby intrygowa\u0107. Podkre\u015bla oczy jako pocieszaj\u0105cy, ale \u017cywy element, nie przy\u0107miewaj\u0105c innych atrybut\u00f3w. U\u017cytkownicy czuj\u0105 si\u0119 otuleni przyst\u0119pnym ciep\u0142em emanuj\u0105cym do wewn\u0105trz.<\/p>\n<p>Osoby prywatne przyj\u0119\u0142y soczewki Maria Brown, szukaj\u0105c stonowanego stylu odzwierciedlaj\u0105cego ich przyjazn\u0105 natur\u0119. Dla nowych student\u00f3w lub wsp\u00f3\u0142pracownik\u00f3w, ich br\u0105zowy odcie\u0144 podkre\u015bla zach\u0119caj\u0105c\u0105, ale ugruntowan\u0105 obecno\u015b\u0107. Nauczyciele polegaj\u0105 na blasku Maria Brown, aby o\u017cywi\u0107 sale lekcyjne dzi\u0119ki niez\u0142omnemu, ale empatycznemu spojrzeniu.<\/p>\n<p>W ka\u017cdym \u015brodowisku soczewki kontaktowe Maria Brown pozwalaj\u0105 wyrazi\u0107 osobowo\u015b\u0107 poprzez oczy, kt\u00f3re promieniuj\u0105 serdeczn\u0105 trosk\u0105. Ich stonowany ton schlebia wygl\u0105dowi, niezale\u017cnie od tego, czy prowadz\u0105 dyskusje, czy wspieraj\u0105 kontakty, bez uszczerbku dla postrzegania ich jako kompetentnych lub zdolnych. Osoby je nosz\u0105ce promieniej\u0105 pewno\u015bci\u0105 zakorzenion\u0105 w \u017cyczliwo\u015bci i wewn\u0119trznej odporno\u015bci.<\/p>\n<p>Soczewki Maria Brown marki BQEYE s\u0105 idealne dla os\u00f3b, kt\u00f3re pragn\u0105 podkre\u015bli\u0107 swoje najbardziej przyjazne cechy poprzez piel\u0119gnuj\u0105cy blask. Przekonaj si\u0119, jak ich bogaty, a jednocze\u015bnie \u0142agodny odcie\u0144 o\u017cywia oczy, staj\u0105c si\u0119 oknem na Twojego opieku\u0144czego ducha. Przyjmij zaproszenie BQEYE, aby zab\u0142ysn\u0105\u0107 autentycznym ciep\u0142em.<\/p>\n<p>Pozw\u00f3l soczewkom kontaktowym Maria Brown odkry\u0107 Twoje prawdziwie wsp\u00f3\u0142czuj\u0105ce ja. BQEYE wierzy, \u017ce akceptacja siebie obejmuje podkre\u015blanie naszych najwdzi\u0119czniejszych cech - a ich soczewki roz\u015bwietlaj\u0105 mi\u0142o\u015b\u0107 do siebie poprzez dyskretny, ale przyjemny dotyk kasztanowej jasno\u015bci od wewn\u0105trz na zewn\u0105trz.<\/p>","protected":false},"excerpt":{"rendered":"<p>Finding Inner Warmth with BQEYE Maria Brown Lenses BQEYE&#8217;s Maria Brown contact lenses have become a staple for those seeking a touch of understated coziness. While many colored lenses make bold statements, Maria Brown enhances comfort through gentle chestnut radiance. Crafted from BQEYE&#8217;s breathable silicone hydrogel formula, Maria Brown lenses are designed for all-day comfort [&#8230;]\n","protected":false},"featured_media":1322,"comment_status":"open","ping_status":"closed","template":"","meta":[],"product_brand":[],"product_cat":[105,91,80,96,95,98],"product_tag":[354],"class_list":{"0":"post-1318","1":"product","2":"type-product","3":"status-publish","4":"has-post-thumbnail","6":"product_cat-maria","7":"product_cat-14-2-mm","8":"product_cat-brown-contact-lenses","9":"product_cat-non-prescription","10":"product_cat-prescription","11":"product_cat-yearly-disposable","12":"product_tag-brown-contact-lenses","14":"first","15":"instock","16":"sale","17":"shipping-taxable","18":"purchasable","19":"product-type-variable","20":"has-default-attributes"},"_links":{"self":[{"href":"https:\/\/bqeye.com\/pl\/wp-json\/wp\/v2\/product\/1318","targetHints":{"allow":["GET"]}}],"collection":[{"href":"https:\/\/bqeye.com\/pl\/wp-json\/wp\/v2\/product"}],"about":[{"href":"https:\/\/bqeye.com\/pl\/wp-json\/wp\/v2\/types\/product"}],"replies":[{"embeddable":true,"href":"https:\/\/bqeye.com\/pl\/wp-json\/wp\/v2\/comments?post=1318"}],"wp:featuredmedia":[{"embeddable":true,"href":"https:\/\/bqeye.com\/pl\/wp-json\/wp\/v2\/media\/1322"}],"wp:attachment":[{"href":"https:\/\/bqeye.com\/pl\/wp-json\/wp\/v2\/media?parent=1318"}],"wp:term":[{"taxonomy":"product_brand","embeddable":true,"href":"https:\/\/bqeye.com\/pl\/wp-json\/wp\/v2\/product_brand?post=1318"},{"taxonomy":"product_cat","embeddable":true,"href":"https:\/\/bqeye.com\/pl\/wp-json\/wp\/v2\/product_cat?post=1318"},{"taxonomy":"product_tag","embeddable":true,"href":"https:\/\/bqeye.com\/pl\/wp-json\/wp\/v2\/product_tag?post=1318"}],"curies":[{"name":"wp","href":"https:\/\/api.w.org\/{rel}","templated":true}]}}