{"id":1327,"date":"2023-12-22T03:11:33","date_gmt":"2023-12-22T03:11:33","guid":{"rendered":"https:\/\/bqeye.com\/?post_type=product&#038;p=1327"},"modified":"2024-04-18T02:19:49","modified_gmt":"2024-04-18T02:19:49","slug":"frosty-wonderland-blue-contact-lenses","status":"publish","type":"product","link":"https:\/\/bqeye.com\/pl\/frosty-wonderland-blue-contact-lenses\/","title":{"rendered":"Niebieskie soczewki kontaktowe Frosty Wonderland"},"content":{"rendered":"<h3>Rozpal swojego zimowego ducha z BQEYE Frosty Wonderland Blues<\/h3>\n<p>Wraz z nadej\u015bciem ch\u0142odniejszych miesi\u0119cy, BQEYE zaprasza do roz\u015bwietlenia oczu swoimi zabawnymi soczewkami kontaktowymi Frosty Wonderland Blue. Te \u017cywe, a jednocze\u015bnie kapry\u015bne soczewki, b\u0119d\u0105ce cz\u0119\u015bci\u0105 linii BZeauty dla tych, kt\u00f3rzy kochaj\u0105 obracaj\u0105cy si\u0119 kolorowy wygl\u0105d, budz\u0105 w sobie zimowy zachwyt.<\/p>\n<p>Wykonane z innowacyjnej silikonowo-hydro\u017celowej formu\u0142y BQEYE, Frosty Wonderland Blues oferuj\u0105 najwy\u017cszy komfort noszenia, zar\u00f3wno na co dzie\u0144, jak i podczas sezonowych uroczysto\u015bci. Ich oddychaj\u0105cy materia\u0142 porusza si\u0119 bez wysi\u0142ku wraz z oczami, dzi\u0119ki czemu wydaj\u0105 si\u0119 niewidoczne, a jednocze\u015bnie uderzaj\u0105co hipnotyzuj\u0105ce. Dzi\u0119ki zawarto\u015bci \u015brodk\u00f3w nawil\u017caj\u0105cych nie wysychaj\u0105 nawet w najzimniejsze dni.<\/p>\n<p>W przeciwie\u0144stwie do zwyk\u0142ych jasnych b\u0142\u0119kit\u00f3w, soczewki Frosty Wonderland s\u0105 zaczarowane drobinkami b\u0142yszcz\u0105cego srebra, nadaj\u0105c oczom lodowaty, krystaliczny blask. Rezultatem jest o\u017cywiony lazur przypominaj\u0105cy mieni\u0105ce si\u0119 p\u0142atki \u015bniegu, wody lodowcowe i mro\u017ane poranki. U\u017cytkownicy czuj\u0105 si\u0119 przeniesieni po\u015br\u00f3d naturalnej magii zimy, gdziekolwiek zaprowadz\u0105 ich przygody.<\/p>\n<p>Dzi\u0119ki Frosty Wonderland Blues \u015bwi\u0105teczny styl jeszcze nigdy nie by\u0142 tak zabawnie uroczysty. Ich animowany efekt brokatu sprawia, \u017ce oczy staj\u0105 si\u0119 oknami na frywolno\u015b\u0107 i zachwyt. Single, kt\u00f3rzy chc\u0105 wywrze\u0107 trwa\u0142e wra\u017cenie, znajd\u0105 te soczewki jako \u017cywy dodatek na randk\u0119, rozpalaj\u0105cy znajomo\u015bci dzi\u0119ki radosnym spojrzeniom.<\/p>\n<p>Dla rodzin, soczewki Frosty Wonderland umo\u017cliwiaj\u0105 dzielenie si\u0119 sezonow\u0105 nostalgi\u0105 i rado\u015bci\u0105 z najm\u0142odszymi. Ich animowany niebieski blask inspiruje wyobra\u017ani\u0119 w\u015br\u00f3d opowie\u015bci o \u015bnie\u017cnych anio\u0142kach, p\u0142atkach \u015bniegu i psotach w \u015bnie\u017cny dzie\u0144. \u015awi\u0105teczne przyj\u0119cia witaj\u0105 u\u017cytkownik\u00f3w promieniuj\u0105cych \u015bwi\u0105tecznym urokiem i dobrym humorem dzi\u0119ki oczom, kt\u00f3re b\u0142yszcz\u0105 zimowym duchem.<\/p>\n<p>Je\u015bli chcesz rozpali\u0107 swoj\u0105 wewn\u0119trzn\u0105 dzieci\u0119c\u0105 rado\u015b\u0107 w ch\u0142odniejszych miesi\u0105cach, BQEYE's Frosty Wonderland Blues zosta\u0142y stworzone specjalnie dla Twojej kolekcji. Ich migocz\u0105cy cyjan stymuluje wizje krainy czar\u00f3w w zasi\u0119gu r\u0119ki poprzez subteln\u0105 zmian\u0119 soczewki. Przekonaj si\u0119, jak b\u0142yszcz\u0105cy b\u0142\u0119kit rozpala ekspresyjne oblicza podczas \u015bwi\u0119towania z bliskimi.<\/p>\n<p>W tym sezonie zimowym pozw\u00f3l, aby soczewki kontaktowe Frosty Wonderland tchn\u0119\u0142y magi\u0119 w Twoje dni i noce. BQEYE zaprasza do odkrywania sezonowych rozkoszy poprzez czaruj\u0105ce oczy - okna na zabawne przygody, kt\u00f3re tylko czekaj\u0105, aby rozwin\u0105\u0107 jedn\u0105 zabawn\u0105 soczewk\u0119 na raz.<\/p>","protected":false},"excerpt":{"rendered":"<p>Ignite Your Winter Spirit with BQEYE Frosty Wonderland Blues As the seasons turn to chillier months, BQEYE invites you to light up your eyes with their playful Frosty Wonderland Blue contact lenses. Part of their BZeauty line catering to those who love rotating colorful looks, these vivid yet whimsical lenses awaken winter wonder within. Crafted [&#8230;]\n","protected":false},"featured_media":1333,"comment_status":"open","ping_status":"closed","template":"","meta":[],"product_brand":[],"product_cat":[103,91,75,96,95,98],"product_tag":[354],"class_list":{"0":"post-1327","1":"product","2":"type-product","3":"status-publish","4":"has-post-thumbnail","6":"product_cat-love-story","7":"product_cat-14-2-mm","8":"product_cat-blue-contact-lenses","9":"product_cat-non-prescription","10":"product_cat-prescription","11":"product_cat-yearly-disposable","12":"product_tag-brown-contact-lenses","14":"first","15":"instock","16":"sale","17":"shipping-taxable","18":"purchasable","19":"product-type-variable","20":"has-default-attributes"},"_links":{"self":[{"href":"https:\/\/bqeye.com\/pl\/wp-json\/wp\/v2\/product\/1327","targetHints":{"allow":["GET"]}}],"collection":[{"href":"https:\/\/bqeye.com\/pl\/wp-json\/wp\/v2\/product"}],"about":[{"href":"https:\/\/bqeye.com\/pl\/wp-json\/wp\/v2\/types\/product"}],"replies":[{"embeddable":true,"href":"https:\/\/bqeye.com\/pl\/wp-json\/wp\/v2\/comments?post=1327"}],"wp:featuredmedia":[{"embeddable":true,"href":"https:\/\/bqeye.com\/pl\/wp-json\/wp\/v2\/media\/1333"}],"wp:attachment":[{"href":"https:\/\/bqeye.com\/pl\/wp-json\/wp\/v2\/media?parent=1327"}],"wp:term":[{"taxonomy":"product_brand","embeddable":true,"href":"https:\/\/bqeye.com\/pl\/wp-json\/wp\/v2\/product_brand?post=1327"},{"taxonomy":"product_cat","embeddable":true,"href":"https:\/\/bqeye.com\/pl\/wp-json\/wp\/v2\/product_cat?post=1327"},{"taxonomy":"product_tag","embeddable":true,"href":"https:\/\/bqeye.com\/pl\/wp-json\/wp\/v2\/product_tag?post=1327"}],"curies":[{"name":"wp","href":"https:\/\/api.w.org\/{rel}","templated":true}]}}