{"id":1335,"date":"2023-12-22T03:47:10","date_gmt":"2023-12-22T03:47:10","guid":{"rendered":"https:\/\/bqeye.com\/?post_type=product&#038;p=1335"},"modified":"2024-05-03T05:05:01","modified_gmt":"2024-05-03T05:05:01","slug":"frosty-wonderland-brown-contact-lenses","status":"publish","type":"product","link":"https:\/\/bqeye.com\/pl\/frosty-wonderland-brown-contact-lenses\/","title":{"rendered":"Br\u0105zowe soczewki kontaktowe Frosty Wonderland"},"content":{"rendered":"<h3>Przedstawiamy br\u0105zowe soczewki kontaktowe Frosty Wonderland: Czaruj\u0105cy kolor oczu dla magicznego spojrzenia<\/h3>\n<div><\/div>\n<div>Poczuj urzekaj\u0105cy urok mro\u017anej zimy dzi\u0119ki naszym br\u0105zowym soczewkom kontaktowym Frosty Wonderland. Te osza\u0142amiaj\u0105ce soczewki kontaktowe zosta\u0142y zaprojektowane tak, aby przekszta\u0142ci\u0107 Twoje oczy w hipnotyzuj\u0105cy odcie\u0144 br\u0105zu, przypominaj\u0105cy ciep\u0142e, zach\u0119caj\u0105ce odcienie, kt\u00f3re mo\u017cna znale\u017a\u0107 w przytulnym zimowym domku. Idealne na specjalne okazje, cosplay lub do noszenia na co dzie\u0144, soczewki te dodadz\u0105 odrobin\u0119 magii do Twojego wygl\u0105du.<\/div>\n<div><\/div>\n<div>Nasze soczewki kontaktowe Frosty Wonderland Brown, wykonane z wysokiej jako\u015bci materia\u0142\u00f3w i przy u\u017cyciu zaawansowanej technologii, stawiaj\u0105 na pierwszym miejscu zar\u00f3wno komfort, jak i atrakcyjno\u015b\u0107 wizualn\u0105. Soczewki wykonane s\u0105 z mi\u0119kkiego, oddychaj\u0105cego materia\u0142u, kt\u00f3ry przepuszcza tlen, zapewniaj\u0105c zdrowe i wygodne oczy przez ca\u0142y dzie\u0144. Ultracienka konstrukcja zapewnia naturalne dopasowanie, dzi\u0119ki czemu s\u0105 \u0142atwe w noszeniu i zdejmowaniu, nawet dla os\u00f3b, kt\u00f3re dopiero zaczynaj\u0105 korzysta\u0107 z soczewek kontaktowych.<\/div>\n<div><\/div>\n<div>Czaruj\u0105cy br\u0105zowy kolor tych soczewek jest wynikiem starannego projektu i dba\u0142o\u015bci o szczeg\u00f3\u0142y. Bogate, ciep\u0142e odcienie zosta\u0142y misternie po\u0142\u0105czone, aby stworzy\u0107 naturalnie wygl\u0105daj\u0105cy efekt, kt\u00f3ry podkre\u015bli pi\u0119kno Twoich oczu. Subtelne plamki z\u0142ota i bursztynu w br\u0105zowym odcieniu \u0142api\u0105 \u015bwiat\u0142o, dodaj\u0105c g\u0142\u0119bi i wymiaru Twojemu spojrzeniu, podobnie jak l\u015bni\u0105cy \u015bwie\u017co opad\u0142y \u015bnieg w zimowym s\u0142o\u0144cu.<\/div>\n<div><\/div>\n<div>Niezale\u017cnie od tego, czy chcesz stworzy\u0107 urzekaj\u0105cy, inspirowany zim\u0105 wygl\u0105d na imprez\u0119 tematyczn\u0105, czy po prostu chcesz podkre\u015bli\u0107 sw\u00f3j naturalny kolor oczu, nasze br\u0105zowe soczewki kontaktowe Frosty Wonderland s\u0105 idealnym wyborem. Soczewki te nadaj\u0105 si\u0119 na wiele r\u00f3\u017cnych okazji, od imprez kostiumowych i przedstawie\u0144 teatralnych po codzienne noszenie, pozwalaj\u0105c ci poczu\u0107 magi\u0119 zimy, kiedy tylko zechcesz.<\/div>\n<div><\/div>\n<div>Ale nie musisz wierzy\u0107 nam na s\u0142owo; zobacz, co nasi zachwyceni klienci maj\u0105 do powiedzenia na temat swoich do\u015bwiadcze\u0144 z tymi soczewkami kontaktowymi. Sophia z Nowego Jorku zachwyca si\u0119: \"Absolutnie uwielbiam moje br\u0105zowe soczewki kontaktowe Frosty Wonderland! Kolor jest tak bogaty i ciep\u0142y, a ich noszenie jest niezwykle wygodne\". Oliver z Londynu dodaje: \"Te soczewki sta\u0142y si\u0119 moim ulubionym wyborem do tworzenia czaruj\u0105cych stylizacji inspirowanych zim\u0105. Br\u0105zowy odcie\u0144 jest osza\u0142amiaj\u0105cy, a soczewki wygl\u0105daj\u0105 tak naturalnie na moich oczach\".<\/div>\n<div><\/div>\n<div>Podnie\u015b sw\u00f3j kolor oczu i poczuj urzekaj\u0105cy urok zimy dzi\u0119ki naszym br\u0105zowym soczewkom kontaktowym Frosty Wonderland. Te osza\u0142amiaj\u0105ce soczewki \u0142\u0105cz\u0105 w sobie komfort, jako\u015b\u0107 i hipnotyzuj\u0105cy kolor, dzi\u0119ki czemu s\u0105 idealnym dodatkiem dla ka\u017cdego, kto chce doda\u0107 odrobin\u0119 magii do swojego wygl\u0105du. Dlaczego wi\u0119c czeka\u0107? Zanurz si\u0119 w czaruj\u0105cym \u015bwiecie mro\u017anych br\u0105zowych odcieni i odkryj transformacyjn\u0105 moc naszych soczewek kontaktowych Frosty Wonderland Brown ju\u017c dzi\u015b.<\/div>\n<div><\/div>\n<div>Do\u015bwiadcz idealnego po\u0142\u0105czenia komfortu i magicznego stylu z br\u0105zowymi soczewkami kontaktowymi Frosty Wonderland - najlepszym wyborem dla tych, kt\u00f3rzy chc\u0105 urzeka\u0107 i czarowa\u0107 swoimi oczami. Twoje oczy (i poczucie zachwytu) b\u0119d\u0105 Ci wdzi\u0119czne!<\/div>","protected":false},"excerpt":{"rendered":"<p>Introducing Frosty Wonderland Brown Contact Lenses: Enchanting Eye Color for a Magical Look Experience the captivating allure of winter&#8217;s frosty charm with our Frosty Wonderland Brown Contact Lenses. These stunning contact lenses are designed to transform your eyes into a mesmerizing shade of brown, reminiscent of the warm, inviting hues found in a cozy winter [&#8230;]\n","protected":false},"featured_media":1573,"comment_status":"open","ping_status":"closed","template":"","meta":[],"product_brand":[],"product_cat":[103,91,80,96,95,98],"product_tag":[354],"class_list":{"0":"post-1335","1":"product","2":"type-product","3":"status-publish","4":"has-post-thumbnail","6":"product_cat-love-story","7":"product_cat-14-2-mm","8":"product_cat-brown-contact-lenses","9":"product_cat-non-prescription","10":"product_cat-prescription","11":"product_cat-yearly-disposable","12":"product_tag-brown-contact-lenses","14":"first","15":"instock","16":"sale","17":"shipping-taxable","18":"purchasable","19":"product-type-variable","20":"has-default-attributes"},"_links":{"self":[{"href":"https:\/\/bqeye.com\/pl\/wp-json\/wp\/v2\/product\/1335","targetHints":{"allow":["GET"]}}],"collection":[{"href":"https:\/\/bqeye.com\/pl\/wp-json\/wp\/v2\/product"}],"about":[{"href":"https:\/\/bqeye.com\/pl\/wp-json\/wp\/v2\/types\/product"}],"replies":[{"embeddable":true,"href":"https:\/\/bqeye.com\/pl\/wp-json\/wp\/v2\/comments?post=1335"}],"wp:featuredmedia":[{"embeddable":true,"href":"https:\/\/bqeye.com\/pl\/wp-json\/wp\/v2\/media\/1573"}],"wp:attachment":[{"href":"https:\/\/bqeye.com\/pl\/wp-json\/wp\/v2\/media?parent=1335"}],"wp:term":[{"taxonomy":"product_brand","embeddable":true,"href":"https:\/\/bqeye.com\/pl\/wp-json\/wp\/v2\/product_brand?post=1335"},{"taxonomy":"product_cat","embeddable":true,"href":"https:\/\/bqeye.com\/pl\/wp-json\/wp\/v2\/product_cat?post=1335"},{"taxonomy":"product_tag","embeddable":true,"href":"https:\/\/bqeye.com\/pl\/wp-json\/wp\/v2\/product_tag?post=1335"}],"curies":[{"name":"wp","href":"https:\/\/api.w.org\/{rel}","templated":true}]}}