{"id":1578,"date":"2024-04-18T02:30:42","date_gmt":"2024-04-18T02:30:42","guid":{"rendered":"https:\/\/bqeye.com\/?post_type=product&#038;p=1578"},"modified":"2024-04-18T03:42:48","modified_gmt":"2024-04-18T03:42:48","slug":"circle-block-black-contact-lenses","status":"publish","type":"product","link":"https:\/\/bqeye.com\/pl\/circle-block-black-contact-lenses\/","title":{"rendered":"Czarne soczewki kontaktowe Circle Block"},"content":{"rendered":"<h3>Zdefiniuj na nowo swoje oczy, odkryj niezwyk\u0142y urok - soczewki kontaktowe BQEYE Circle Block Black<\/h3>\n<div><\/div>\n<div>Ka\u017cde spojrzenie, ka\u017cdy kontakt wzrokowy to rozmowa mi\u0119dzy duszami. A twoje oczy s\u0105 bohaterami tego dialogu. Teraz pozw\u00f3l, aby soczewki kontaktowe BQEYE Circle Block Black uwolni\u0142y rewolucyjn\u0105 transformacj\u0119 Twoich oczu, interpretuj\u0105c dziko\u015b\u0107 i wolnego ducha w Tobie poprzez ostateczn\u0105 czer\u0144.<\/div>\n<div><\/div>\n<div>Te czarne soczewki kontaktowe posiadaj\u0105 innowacyjn\u0105 konstrukcj\u0119 Circle Block, tworz\u0105c g\u0142\u0119boki i efektowny czarny pier\u015bcie\u0144 wok\u00f3\u0142 t\u0119cz\u00f3wki z czarnym wzorem w paski. Twoje spojrzenie staje si\u0119 bardziej wci\u0105gaj\u0105ce, mocniejsze, emanuj\u0105c nieodpartym urokiem, kt\u00f3ry trudno zignorowa\u0107. Niezale\u017cnie od tego, czy chodzi o codzienne \u017cycie, wyst\u0119py na scenie, czy specjalne okazje, soczewki kontaktowe BQEYE Circle Block Black zapewniaj\u0105, \u017ce staniesz si\u0119 w centrum uwagi.<\/div>\n<div><\/div>\n<div>Rozumiemy, \u017ce pi\u0119kno nigdy nie powinno odbywa\u0107 si\u0119 kosztem komfortu. Dlatego te\u017c soczewki kontaktowe BQEYE Circle Block Black wykonane s\u0105 z materia\u0142\u00f3w o wysokiej przepuszczalno\u015bci tlenu, zapewniaj\u0105c komfort dla oczu nawet po d\u0142ugim noszeniu. Co wi\u0119cej, nasz model DTC (Direct to Consumer) eliminuje po\u015brednik\u00f3w, pozwalaj\u0105c nam oferowa\u0107 te wysokiej jako\u015bci czarne soczewki kontaktowe w niewiarygodnie przyst\u0119pnej cenie.<\/div>\n<div><\/div>\n<div>Zyskaj pewno\u015b\u0107 siebie dzi\u0119ki soczewkom kontaktowym BQEYE Circle Block Black. Pozw\u00f3l, by g\u0142\u0119boka, urzekaj\u0105ca czer\u0144 podkre\u015bli\u0142a Twoje naturalne pi\u0119kno, sprawiaj\u0105c, \u017ce Twoje oczy stan\u0105 si\u0119 pe\u0142niejsze, ja\u015bniejsze i bardziej wyraziste. Te soczewki to nie tylko dodatek; to przed\u0142u\u017cenie Twojej wyj\u0105tkowej osobowo\u015bci, wyraz Twojej odwa\u017cnej i nieustraszonej postawy.<\/div>\n<div><\/div>\n<div>W BQEYE naszym celem jest dostarczanie najwy\u017cszej jako\u015bci czarnych soczewek kontaktowych bez kompromis\u00f3w w zakresie stylu i komfortu. Ka\u017cda soczewka przechodzi rygorystyczne testy i kontrol\u0119 jako\u015bci, aby zapewni\u0107 idealne dopasowanie i nieskazitelny wygl\u0105d. Dzi\u0119ki odpowiedniej piel\u0119gnacji i konserwacji mo\u017cesz cieszy\u0107 si\u0119 osza\u0142amiaj\u0105cymi efektami czarnych soczewek kontaktowych BQEYE Circle Block przez d\u0142u\u017cszy czas.<\/div>\n<div><\/div>\n<div>Wkrocz do \u015bwiata, w kt\u00f3rym oczy m\u00f3wi\u0105 g\u0142o\u015bniej ni\u017c s\u0142owa. Niech soczewki kontaktowe BQEYE Circle Block Black b\u0119d\u0105 Twoj\u0105 tajn\u0105 broni\u0105, kt\u00f3ra oczaruje i pozostawi niezapomniane wra\u017cenie. Wykorzystaj moc czerni i pozw\u00f3l swoim oczom opowiedzie\u0107 swoj\u0105 histori\u0119.<\/div>\n<div><\/div>\n<div>Poznaj r\u00f3\u017cnic\u0119 BQEYE ju\u017c dzi\u015b. Zam\u00f3w soczewki kontaktowe Circle Block Black ju\u017c teraz i uwolnij niezwyk\u0142y urok, kt\u00f3ry w Tobie drzemie. Twoje oczy zas\u0142uguj\u0105 na to, co najlepsze, a BQEYE jest tutaj, aby to zapewni\u0107.<\/div>\n<div><\/div>\n<div>#BlackContactLenses #CircleBlockDesign #EyeFashion #BoldAndFearless #UnleashYourAllure<\/div>","protected":false},"excerpt":{"rendered":"<p>Redefine Your Eyes, Unveil Extraordinary Allure &#8211; BQEYE Circle Block Black Contact Lenses Every glance, every eye contact, is a conversation between souls. And your eyes are the protagonists of this dialogue. Now, let BQEYE Circle Block Black Contact Lenses unleash a revolutionary transformation for your eyes, interpreting the wildness and free spirit within you [&#8230;]\n","protected":false},"featured_media":1585,"comment_status":"open","ping_status":"closed","template":"","meta":[],"product_brand":[],"product_cat":[223,91,73,96,95,98],"product_tag":[354],"class_list":{"0":"post-1578","1":"product","2":"type-product","3":"status-publish","4":"has-post-thumbnail","6":"product_cat-circle-block","7":"product_cat-14-2-mm","8":"product_cat-black-contact-lenses","9":"product_cat-non-prescription","10":"product_cat-prescription","11":"product_cat-yearly-disposable","12":"product_tag-brown-contact-lenses","14":"first","15":"instock","16":"sale","17":"shipping-taxable","18":"purchasable","19":"product-type-variable","20":"has-default-attributes"},"_links":{"self":[{"href":"https:\/\/bqeye.com\/pl\/wp-json\/wp\/v2\/product\/1578","targetHints":{"allow":["GET"]}}],"collection":[{"href":"https:\/\/bqeye.com\/pl\/wp-json\/wp\/v2\/product"}],"about":[{"href":"https:\/\/bqeye.com\/pl\/wp-json\/wp\/v2\/types\/product"}],"replies":[{"embeddable":true,"href":"https:\/\/bqeye.com\/pl\/wp-json\/wp\/v2\/comments?post=1578"}],"wp:featuredmedia":[{"embeddable":true,"href":"https:\/\/bqeye.com\/pl\/wp-json\/wp\/v2\/media\/1585"}],"wp:attachment":[{"href":"https:\/\/bqeye.com\/pl\/wp-json\/wp\/v2\/media?parent=1578"}],"wp:term":[{"taxonomy":"product_brand","embeddable":true,"href":"https:\/\/bqeye.com\/pl\/wp-json\/wp\/v2\/product_brand?post=1578"},{"taxonomy":"product_cat","embeddable":true,"href":"https:\/\/bqeye.com\/pl\/wp-json\/wp\/v2\/product_cat?post=1578"},{"taxonomy":"product_tag","embeddable":true,"href":"https:\/\/bqeye.com\/pl\/wp-json\/wp\/v2\/product_tag?post=1578"}],"curies":[{"name":"wp","href":"https:\/\/api.w.org\/{rel}","templated":true}]}}