{"id":1587,"date":"2024-04-18T03:09:45","date_gmt":"2024-04-18T03:09:45","guid":{"rendered":"https:\/\/bqeye.com\/?post_type=product&#038;p=1587"},"modified":"2024-04-18T03:41:22","modified_gmt":"2024-04-18T03:41:22","slug":"circle-block-white-contact-lenses","status":"publish","type":"product","link":"https:\/\/bqeye.com\/pl\/circle-block-white-contact-lenses\/","title":{"rendered":"Soczewki kontaktowe Circle Block White"},"content":{"rendered":"<h3>Roz\u015bwietl swoje spojrzenie, poczuj eteryczn\u0105 elegancj\u0119 - soczewki kontaktowe BQEYE Circle Block White<\/h3>\n<div><\/div>\n<div>W \u015bwiecie, w kt\u00f3rym oczy s\u0105 oknami duszy, soczewki kontaktowe BQEYE Circle Block White oferuj\u0105 mo\u017cliwo\u015b\u0107 zaprezentowania hipnotyzuj\u0105cego i enigmatycznego spojrzenia. Te bia\u0142e soczewki kontaktowe zosta\u0142y zaprojektowane, aby odmieni\u0107 Tw\u00f3j wygl\u0105d, dodaj\u0105c Twoim oczom odrobin\u0119 nieziemskiego uroku.<\/div>\n<div><\/div>\n<div>Konstrukcja Circle Block ma urzekaj\u0105cy bia\u0142y pier\u015bcie\u0144, kt\u00f3ry otacza t\u0119cz\u00f3wk\u0119, tworz\u0105c uderzaj\u0105cy kontrast, kt\u00f3ry zwraca uwag\u0119 na oczy. Rezultatem jest spojrzenie, kt\u00f3re jest zar\u00f3wno tajemnicze, jak i czaruj\u0105ce, dzi\u0119ki czemu wyr\u00f3\u017cnisz si\u0119 w ka\u017cdym t\u0142umie. Niezale\u017cnie od tego, czy d\u0105\u017cysz do odwa\u017cnego o\u015bwiadczenia mody, czy te\u017c chcesz doda\u0107 wyj\u0105tkowego charakteru swojemu cosplayowi lub przedstawieniu teatralnemu, soczewki kontaktowe BQEYE Circle Block White s\u0105 idealnym wyborem.<\/div>\n<div><\/div>\n<div>Wykonane z dba\u0142o\u015bci\u0105 o szczeg\u00f3\u0142y, te bia\u0142e soczewki kontaktowe stawiaj\u0105 na pierwszym miejscu zar\u00f3wno styl, jak i komfort. Zastosowane wysokiej jako\u015bci materia\u0142y zapewniaj\u0105 doskona\u0142\u0105 przepuszczalno\u015b\u0107 tlenu, pozwalaj\u0105c oczom swobodnie oddycha\u0107 i zachowa\u0107 komfort przez ca\u0142y dzie\u0144. Dzi\u0119ki zaanga\u017cowaniu BQEYE w dostarczanie luksusu w przyst\u0119pnej cenie poprzez nasz model DTC (Direct to Consumer), mo\u017cesz do\u015bwiadczy\u0107 uosobienia mody oczu bez rozbijania banku.<\/div>\n<div><\/div>\n<div>Kiedy nosisz soczewki kontaktowe BQEYE Circle Block White, nie jeste\u015b tylko dodatkiem; przyjmujesz now\u0105 osobowo\u015b\u0107. Eteryczny bia\u0142y odcie\u0144 tych soczewek ma moc przekszta\u0142cania wygl\u0105du, dodaj\u0105c odrobin\u0119 tajemniczo\u015bci i intrygi do og\u00f3lnego wygl\u0105du. Niezale\u017cnie od tego, czy masz ciemne, czy jasne oczy, te soczewki stworz\u0105 urzekaj\u0105cy kontrast, kt\u00f3ry wymaga uwagi.<\/div>\n<div><\/div>\n<div>BQEYE rozumie, \u017ce jako\u015b\u0107 ma ogromne znaczenie, je\u015bli chodzi o Twoje oczy. Dlatego te\u017c ka\u017cda para soczewek kontaktowych Circle Block White poddawana jest rygorystycznej kontroli jako\u015bci, aby zapewni\u0107, \u017ce spe\u0142niaj\u0105 one nasze wysokie standardy. Przy odpowiedniej piel\u0119gnacji i obs\u0142udze soczewki te zapewni\u0105 Ci komfortowe i osza\u0142amiaj\u0105ce wra\u017cenia podczas noszenia, pozwalaj\u0105c Ci z pewno\u015bci\u0105 siebie podkre\u015bli\u0107 sw\u00f3j niepowtarzalny styl.<\/div>\n<div><\/div>\n<div>Wkrocz do kr\u00f3lestwa eterycznej elegancji dzi\u0119ki soczewkom kontaktowym BQEYE Circle Block White. Niech twoje oczy stan\u0105 si\u0119 centralnym punktem twojego wygl\u0105du, urzekaj\u0105c wszystkich wok\u00f3\u0142 swoim hipnotyzuj\u0105cym pi\u0119knem. Niezale\u017cnie od tego, czy idziesz ulic\u0105, uczestniczysz w specjalnym wydarzeniu, czy wyst\u0119pujesz na scenie, te bia\u0142e soczewki kontaktowe zapewni\u0105, \u017ce Twoje spojrzenie pozostawi niezatarte wra\u017cenie.<\/div>\n<div><\/div>\n<div>Podnie\u015b jako\u015b\u0107 swoich oczu i do\u015bwiadcz transformacyjnej mocy soczewek kontaktowych BQEYE Circle Block White. Zam\u00f3w je ju\u017c dzi\u015b i otw\u00f3rz przed swoimi oczami \u015bwiat niesko\u0144czonych mo\u017cliwo\u015bci. Poczuj pewno\u015b\u0107 siebie, tajemniczo\u015b\u0107 i urok, kt\u00f3ry pojawia si\u0119 wraz z jednym spojrzeniem. Niech Twoje oczy przem\u00f3wi\u0105 g\u0142o\u015bno, a BQEYE b\u0119dzie Twoim partnerem w redefiniowaniu Twojego wygl\u0105du.<\/div>\n<div><\/div>\n<div>#WhiteContactLenses #CircleBlockDesign #EtherealElegance #EyeFashion #TransformYourGaze<\/div>\n<div><\/div>","protected":false},"excerpt":{"rendered":"<p>Illuminate Your Gaze, Embrace Ethereal Elegance &#8211; BQEYE Circle Block White Contact Lenses In a world where eyes are the windows to the soul, BQEYE Circle Block White Contact Lenses offer you the opportunity to showcase a mesmerizing and enigmatic gaze. These white contact lenses are designed to transform your look, adding a touch of [&#8230;]\n","protected":false},"featured_media":1590,"comment_status":"open","ping_status":"closed","template":"","meta":[],"product_brand":[],"product_cat":[223,91,96,95,76,98],"product_tag":[357],"class_list":{"0":"post-1587","1":"product","2":"type-product","3":"status-publish","4":"has-post-thumbnail","6":"product_cat-circle-block","7":"product_cat-14-2-mm","8":"product_cat-non-prescription","9":"product_cat-prescription","10":"product_cat-white-contact-lenses","11":"product_cat-yearly-disposable","12":"product_tag-white-contact-lenses","14":"first","15":"instock","16":"sale","17":"shipping-taxable","18":"purchasable","19":"product-type-variable","20":"has-default-attributes"},"_links":{"self":[{"href":"https:\/\/bqeye.com\/pl\/wp-json\/wp\/v2\/product\/1587","targetHints":{"allow":["GET"]}}],"collection":[{"href":"https:\/\/bqeye.com\/pl\/wp-json\/wp\/v2\/product"}],"about":[{"href":"https:\/\/bqeye.com\/pl\/wp-json\/wp\/v2\/types\/product"}],"replies":[{"embeddable":true,"href":"https:\/\/bqeye.com\/pl\/wp-json\/wp\/v2\/comments?post=1587"}],"wp:featuredmedia":[{"embeddable":true,"href":"https:\/\/bqeye.com\/pl\/wp-json\/wp\/v2\/media\/1590"}],"wp:attachment":[{"href":"https:\/\/bqeye.com\/pl\/wp-json\/wp\/v2\/media?parent=1587"}],"wp:term":[{"taxonomy":"product_brand","embeddable":true,"href":"https:\/\/bqeye.com\/pl\/wp-json\/wp\/v2\/product_brand?post=1587"},{"taxonomy":"product_cat","embeddable":true,"href":"https:\/\/bqeye.com\/pl\/wp-json\/wp\/v2\/product_cat?post=1587"},{"taxonomy":"product_tag","embeddable":true,"href":"https:\/\/bqeye.com\/pl\/wp-json\/wp\/v2\/product_tag?post=1587"}],"curies":[{"name":"wp","href":"https:\/\/api.w.org\/{rel}","templated":true}]}}