{"id":1598,"date":"2024-04-18T08:50:32","date_gmt":"2024-04-18T08:50:32","guid":{"rendered":"https:\/\/bqeye.com\/?post_type=product&#038;p=1598"},"modified":"2024-04-18T12:15:23","modified_gmt":"2024-04-18T12:15:23","slug":"wildness-grey-colored-contact-lenses","status":"publish","type":"product","link":"https:\/\/bqeye.com\/pl\/wildness-grey-colored-contact-lenses\/","title":{"rendered":"Kolorowe soczewki kontaktowe Wildness Grey"},"content":{"rendered":"<h3>Uwolnij swoj\u0105 wewn\u0119trzn\u0105 wilczyc\u0119 dzi\u0119ki szarym soczewkom kontaktowym BQEYE Wildness<\/h3>\n<div><\/div>\n<div>Przygotuj si\u0119 na swoj\u0105 nieokie\u0142znan\u0105 stron\u0119 dzi\u0119ki kolorowym soczewkom kontaktowym BQEYE Wildness Grey. Te zniewalaj\u0105ce soczewki zosta\u0142y zaprojektowane tak, aby przekszta\u0142ci\u0107 Twoje oczy w hipnotyzuj\u0105cy odcie\u0144 szaro\u015bci, przypominaj\u0105cy tajemnicze i uwodzicielskie spojrzenie wilka. Niezale\u017cnie od tego, czy chcesz zrobi\u0107 odwa\u017cne o\u015bwiadczenie, czy po prostu chcesz poprawi\u0107 sw\u00f3j naturalny kolor oczu, te soczewki s\u0105 idealnym wyborem.<\/div>\n<div><\/div>\n<div>Soczewki kontaktowe Wildness Grey Colored charakteryzuj\u0105 si\u0119 unikaln\u0105 mieszank\u0105 odcieni szaro\u015bci, tworz\u0105c wielowymiarowy efekt, kt\u00f3ry na\u015bladuje g\u0142\u0119bi\u0119 i intensywno\u015b\u0107 oczu wilka. Skomplikowany wz\u00f3r i pigmentacja tych soczewek zapewniaj\u0105 osza\u0142amiaj\u0105co realistyczny wygl\u0105d, dzi\u0119ki czemu wydaje si\u0119, \u017ce urodzi\u0142e\u015b si\u0119 z tym urzekaj\u0105cym kolorem oczu.<\/div>\n<div><\/div>\n<div>W BQEYE rozumiemy, \u017ce komfort jest tak samo wa\u017cny jak styl. W\u0142a\u015bnie dlatego nasze szare soczewki kontaktowe Wildness zosta\u0142y wykonane z wysokiej jako\u015bci materia\u0142\u00f3w, kt\u00f3re priorytetowo traktuj\u0105 przepuszczalno\u015b\u0107 tlenu, pozwalaj\u0105c oczom oddycha\u0107 i zachowa\u0107 komfort przez ca\u0142y dzie\u0144. Dzi\u0119ki naszemu modelowi DTC (Direct to Consumer) eliminujemy po\u015brednik\u00f3w i dostarczamy te wysokiej jako\u015bci soczewki bezpo\u015brednio do Ciebie w przyst\u0119pnej cenie.<\/div>\n<div><\/div>\n<div>Nosz\u0105c szare soczewki kontaktowe BQEYE Wildness Grey, nie tylko zmieniasz kolor oczu; uwalniasz nowy aspekt swojej osobowo\u015bci. Szare odcienie przywo\u0142uj\u0105 poczucie tajemniczo\u015bci, pewno\u015bci siebie i nieokie\u0142znanego pi\u0119kna, pozwalaj\u0105c ci wyrazi\u0107 siebie w spos\u00f3b, kt\u00f3ry naprawd\u0119 odzwierciedla twojego wewn\u0119trznego wilka. Niezale\u017cnie od tego, czy uczestniczysz w imprezie tematycznej, bierzesz udzia\u0142 w sesji zdj\u0119ciowej, czy po prostu chcesz z\u0142o\u017cy\u0107 o\u015bwiadczenie w swoim codziennym \u017cyciu, te soczewki s\u0105 idealnymi akcesoriami.<\/div>\n<div><\/div>\n<div>BQEYE dok\u0142ada wszelkich stara\u0144, aby dostarcza\u0107 najwy\u017cszej jako\u015bci kolorowe soczewki kontaktowe dost\u0119pne na rynku. Ka\u017cda para kolorowych soczewek kontaktowych Wildness Grey przechodzi rygorystyczne testy i kontrol\u0119 jako\u015bci, aby zapewni\u0107 nieskazitelny wygl\u0105d i wygodne dopasowanie. Przy odpowiedniej piel\u0119gnacji i konserwacji mo\u017cesz cieszy\u0107 si\u0119 osza\u0142amiaj\u0105cymi efektami tych soczewek przez d\u0142u\u017cszy czas, co czyni je warto\u015bciow\u0105 inwestycj\u0105 w arsena\u0142 mody dla oczu.<\/div>\n<div><\/div>\n<div>Ujarzmij drzemi\u0105c\u0105 w tobie moc wilka i do\u015bwiadcz transformuj\u0105cych efekt\u00f3w soczewek kontaktowych BQEYE Wildness Grey. Niech twoje oczy stan\u0105 si\u0119 centralnym punktem twojego wygl\u0105du, urzekaj\u0105c otaczaj\u0105cych ci\u0119 ludzi swoim intensywnym i tajemniczym urokiem. Niezale\u017cnie od tego, czy masz jasne, czy ciemne oczy, soczewki te stworz\u0105 uderzaj\u0105cy kontrast, kt\u00f3ry wymaga uwagi.<\/div>\n<div><\/div>\n<div>Nie zadowalaj si\u0119 zwyk\u0142o\u015bci\u0105, gdy mo\u017cesz uwolni\u0107 swoj\u0105 niezwyk\u0142o\u015b\u0107 dzi\u0119ki kolorowym soczewkom kontaktowym BQEYE Wildness Grey. Zam\u00f3w je ju\u017c dzi\u015b i wkrocz do \u015bwiata, w kt\u00f3rym Twoje oczy stan\u0105 si\u0119 uciele\u015bnieniem nieokie\u0142znanego pi\u0119kna i pewno\u015bci siebie. Uwolnij swojego wewn\u0119trznego wilka i pozw\u00f3l BQEYE by\u0107 Twoim partnerem w redefiniowaniu Twojego wygl\u0105du.<\/div>\n<div><\/div>\n<div>#GreyContactLenses #WildnessDesign #UnleashYourInnerWolf #EyeFashion #MysteriousAllure<\/div>","protected":false},"excerpt":{"rendered":"<p>Unleash Your Inner Wolf with BQEYE Wildness Grey Colored Contact Lenses Get ready to embrace your untamed side with BQEYE Wildness Grey Colored Contact Lenses. These captivating lenses are designed to transform your eyes into a mesmerizing shade of grey, reminiscent of the mysterious and alluring gaze of a wolf. Whether you&#8217;re looking to make [&#8230;]\n","protected":false},"featured_media":1604,"comment_status":"open","ping_status":"closed","template":"","meta":[],"product_brand":[],"product_cat":[358,91,81,96,95,98],"product_tag":[359],"class_list":{"0":"post-1598","1":"product","2":"type-product","3":"status-publish","4":"has-post-thumbnail","6":"product_cat-wildness","7":"product_cat-14-2-mm","8":"product_cat-grey-contact-lenses","9":"product_cat-non-prescription","10":"product_cat-prescription","11":"product_cat-yearly-disposable","12":"product_tag-grey-colored-contact-lenses","14":"first","15":"instock","16":"sale","17":"shipping-taxable","18":"purchasable","19":"product-type-variable","20":"has-default-attributes"},"_links":{"self":[{"href":"https:\/\/bqeye.com\/pl\/wp-json\/wp\/v2\/product\/1598","targetHints":{"allow":["GET"]}}],"collection":[{"href":"https:\/\/bqeye.com\/pl\/wp-json\/wp\/v2\/product"}],"about":[{"href":"https:\/\/bqeye.com\/pl\/wp-json\/wp\/v2\/types\/product"}],"replies":[{"embeddable":true,"href":"https:\/\/bqeye.com\/pl\/wp-json\/wp\/v2\/comments?post=1598"}],"wp:featuredmedia":[{"embeddable":true,"href":"https:\/\/bqeye.com\/pl\/wp-json\/wp\/v2\/media\/1604"}],"wp:attachment":[{"href":"https:\/\/bqeye.com\/pl\/wp-json\/wp\/v2\/media?parent=1598"}],"wp:term":[{"taxonomy":"product_brand","embeddable":true,"href":"https:\/\/bqeye.com\/pl\/wp-json\/wp\/v2\/product_brand?post=1598"},{"taxonomy":"product_cat","embeddable":true,"href":"https:\/\/bqeye.com\/pl\/wp-json\/wp\/v2\/product_cat?post=1598"},{"taxonomy":"product_tag","embeddable":true,"href":"https:\/\/bqeye.com\/pl\/wp-json\/wp\/v2\/product_tag?post=1598"}],"curies":[{"name":"wp","href":"https:\/\/api.w.org\/{rel}","templated":true}]}}