{"id":1607,"date":"2024-04-19T01:41:10","date_gmt":"2024-04-19T01:41:10","guid":{"rendered":"https:\/\/bqeye.com\/?post_type=product&#038;p=1607"},"modified":"2024-04-19T01:56:03","modified_gmt":"2024-04-19T01:56:03","slug":"wildness-blue-colored-contact-lenses","status":"publish","type":"product","link":"https:\/\/bqeye.com\/pl\/wildness-blue-colored-contact-lenses\/","title":{"rendered":"Niebieskie soczewki kontaktowe Wildness"},"content":{"rendered":"<h3>Zanurz si\u0119 w hipnotyzuj\u0105cych g\u0142\u0119binach dzi\u0119ki niebieskim soczewkom kontaktowym BQEYE Wildness<\/h3>\n<div><\/div>\n<div>Przygotuj si\u0119 na zanurzenie w \u015bwiecie urzekaj\u0105cych niebieskich odcieni dzi\u0119ki kolorowym soczewkom kontaktowym BQEYE Wildness Blue. Soczewki te zosta\u0142y zaprojektowane tak, aby przekszta\u0142ci\u0107 Twoje oczy w osza\u0142amiaj\u0105cy odcie\u0144 niebieskiego, przypominaj\u0105cy g\u0142\u0119bokie, tajemnicze wody oceanu. Niezale\u017cnie od tego, czy szukasz modowego akcentu, czy po prostu chcesz podkre\u015bli\u0107 sw\u00f3j naturalny kolor oczu, soczewki te s\u0105 idealnym wyborem.<\/div>\n<div><\/div>\n<div>Soczewki kontaktowe Wildness Blue Colored charakteryzuj\u0105 si\u0119 unikaln\u0105 mieszank\u0105 niebieskich odcieni, tworz\u0105c wielowymiarowy efekt, kt\u00f3ry na\u015bladuje g\u0142\u0119bi\u0119 i intensywno\u015b\u0107 morza. Skomplikowany wz\u00f3r i pigmentacja tych soczewek zapewniaj\u0105 osza\u0142amiaj\u0105co realistyczny wygl\u0105d, dzi\u0119ki czemu wydaje si\u0119, \u017ce urodzi\u0142e\u015b si\u0119 z tym hipnotyzuj\u0105cym kolorem oczu.<\/div>\n<div><\/div>\n<div>W BQEYE stawiamy na styl i wygod\u0119. Nasze soczewki kontaktowe Wildness Blue s\u0105 wykonane z wysokiej jako\u015bci materia\u0142\u00f3w, kt\u00f3re zapewniaj\u0105 optymaln\u0105 przepuszczalno\u015b\u0107 tlenu, zapewniaj\u0105c komfort i zdrowie oczu przez ca\u0142y dzie\u0144. Dzi\u0119ki naszemu modelowi DTC (Direct to Consumer) eliminujemy po\u015brednik\u00f3w i dostarczamy te wysokiej jako\u015bci soczewki bezpo\u015brednio do Ciebie w przyst\u0119pnej cenie.<\/div>\n<div><\/div>\n<div>Nosz\u0105c niebieskie soczewki kontaktowe BQEYE Wildness Blue, nie tylko zmieniasz kolor oczu, ale tak\u017ce zyskujesz nowy aspekt swojej osobowo\u015bci. Niebieskie odcienie przywo\u0142uj\u0105 poczucie spokoju, pewno\u015bci siebie i nieokie\u0142znanego pi\u0119kna, pozwalaj\u0105c wyrazi\u0107 siebie w spos\u00f3b, kt\u00f3ry naprawd\u0119 odzwierciedla Twoj\u0105 wewn\u0119trzn\u0105 dziko\u015b\u0107. Niezale\u017cnie od tego, czy uczestniczysz w specjalnym wydarzeniu, bierzesz udzia\u0142 w sesji zdj\u0119ciowej, czy po prostu chcesz z\u0142o\u017cy\u0107 o\u015bwiadczenie w swoim codziennym \u017cyciu, te soczewki s\u0105 idealnymi akcesoriami.<\/div>\n<div><\/div>\n<div>BQEYE dok\u0142ada wszelkich stara\u0144, aby dostarcza\u0107 najwy\u017cszej jako\u015bci kolorowe soczewki kontaktowe dost\u0119pne na rynku. Ka\u017cda para kolorowych soczewek kontaktowych Wildness Blue przechodzi rygorystyczne testy i kontrol\u0119 jako\u015bci, aby zapewni\u0107 nieskazitelny wygl\u0105d i wygodne dopasowanie. Przy odpowiedniej piel\u0119gnacji i konserwacji mo\u017cesz cieszy\u0107 si\u0119 osza\u0142amiaj\u0105cymi efektami tych soczewek przez d\u0142u\u017cszy czas, co czyni je warto\u015bciow\u0105 inwestycj\u0105 w arsena\u0142 mody dla oczu.<\/div>\n<div><\/div>\n<div>Zanurz si\u0119 w hipnotyzuj\u0105cej g\u0142\u0119bi w\u0142asnych oczu dzi\u0119ki niebieskim soczewkom kontaktowym BQEYE Wildness. Niech twoje oczy stan\u0105 si\u0119 centralnym punktem twojego wygl\u0105du, urzekaj\u0105c otaczaj\u0105cych ci\u0119 ludzi swoim intensywnym i tajemniczym urokiem. Niezale\u017cnie od tego, czy masz jasne, czy ciemne oczy, soczewki te stworz\u0105 uderzaj\u0105cy kontrast, kt\u00f3ry wymaga uwagi.<\/div>\n<div><\/div>\n<div>Nie zadowalaj si\u0119 tym, co zwyczajne, gdy mo\u017cesz si\u0119gn\u0105\u0107 po to, co niezwyk\u0142e dzi\u0119ki soczewkom kontaktowym BQEYE Wildness Blue. Zam\u00f3w je ju\u017c dzi\u015b i wkrocz do \u015bwiata, w kt\u00f3rym Twoje oczy stan\u0105 si\u0119 uciele\u015bnieniem nieokie\u0142znanego pi\u0119kna i pewno\u015bci siebie. Uwolnij swoj\u0105 wewn\u0119trzn\u0105 dziko\u015b\u0107 i pozw\u00f3l BQEYE by\u0107 Twoim partnerem w redefiniowaniu Twojego wygl\u0105du.<\/div>\n<div><\/div>\n<div>1TP7SoczewkiKontaktoweNiebieskie #WildnessDesign #MesmerizingDepths #EyeFashion #UntamedBeauty<\/div>\n<div><\/div>\n<div><\/div>","protected":false},"excerpt":{"rendered":"<p>Dive into Mesmerizing Depths with BQEYE Wildness Blue Colored Contact Lenses Prepare to immerse yourself in a world of captivating blue hues with BQEYE Wildness Blue Colored Contact Lenses. These lenses are designed to transform your eyes into a stunning shade of blue, reminiscent of the deep, mysterious waters of the ocean. Whether you&#8217;re looking [&#8230;]\n","protected":false},"featured_media":1612,"comment_status":"open","ping_status":"closed","template":"","meta":[],"product_brand":[],"product_cat":[358,91,75,96,95,98],"product_tag":[360],"class_list":{"0":"post-1607","1":"product","2":"type-product","3":"status-publish","4":"has-post-thumbnail","6":"product_cat-wildness","7":"product_cat-14-2-mm","8":"product_cat-blue-contact-lenses","9":"product_cat-non-prescription","10":"product_cat-prescription","11":"product_cat-yearly-disposable","12":"product_tag-blue-colored-contact-lenses","14":"first","15":"instock","16":"sale","17":"shipping-taxable","18":"purchasable","19":"product-type-variable","20":"has-default-attributes"},"_links":{"self":[{"href":"https:\/\/bqeye.com\/pl\/wp-json\/wp\/v2\/product\/1607","targetHints":{"allow":["GET"]}}],"collection":[{"href":"https:\/\/bqeye.com\/pl\/wp-json\/wp\/v2\/product"}],"about":[{"href":"https:\/\/bqeye.com\/pl\/wp-json\/wp\/v2\/types\/product"}],"replies":[{"embeddable":true,"href":"https:\/\/bqeye.com\/pl\/wp-json\/wp\/v2\/comments?post=1607"}],"wp:featuredmedia":[{"embeddable":true,"href":"https:\/\/bqeye.com\/pl\/wp-json\/wp\/v2\/media\/1612"}],"wp:attachment":[{"href":"https:\/\/bqeye.com\/pl\/wp-json\/wp\/v2\/media?parent=1607"}],"wp:term":[{"taxonomy":"product_brand","embeddable":true,"href":"https:\/\/bqeye.com\/pl\/wp-json\/wp\/v2\/product_brand?post=1607"},{"taxonomy":"product_cat","embeddable":true,"href":"https:\/\/bqeye.com\/pl\/wp-json\/wp\/v2\/product_cat?post=1607"},{"taxonomy":"product_tag","embeddable":true,"href":"https:\/\/bqeye.com\/pl\/wp-json\/wp\/v2\/product_tag?post=1607"}],"curies":[{"name":"wp","href":"https:\/\/api.w.org\/{rel}","templated":true}]}}