{"id":1614,"date":"2024-04-19T01:58:05","date_gmt":"2024-04-19T01:58:05","guid":{"rendered":"https:\/\/bqeye.com\/?post_type=product&#038;p=1614"},"modified":"2024-04-19T02:19:18","modified_gmt":"2024-04-19T02:19:18","slug":"wildness-green-colored-contact-lenses","status":"publish","type":"product","link":"https:\/\/bqeye.com\/pl\/wildness-green-colored-contact-lenses\/","title":{"rendered":"Zielone soczewki kontaktowe Wildness"},"content":{"rendered":"<h3>Zachwy\u0107 si\u0119 czaruj\u0105cym urokiem zielonych soczewek kontaktowych BQEYE Wildness<\/h3>\n<div><\/div>\n<div>Wkrocz do krainy urzekaj\u0105cych odcieni zieleni dzi\u0119ki kolorowym soczewkom kontaktowym BQEYE Wildness Green. Soczewki te zosta\u0142y zaprojektowane tak, aby przekszta\u0142ci\u0107 Twoje oczy w osza\u0142amiaj\u0105cy odcie\u0144 zieleni, przypominaj\u0105cy bujne, nieokie\u0142znane pi\u0119kno natury. Niezale\u017cnie od tego, czy chcesz zrobi\u0107 odwa\u017cn\u0105 modow\u0105 deklaracj\u0119, czy po prostu chcesz poprawi\u0107 sw\u00f3j naturalny kolor oczu, te soczewki s\u0105 idealnym wyborem.<\/div>\n<div><\/div>\n<div>Soczewki kontaktowe Wildness Green Colored charakteryzuj\u0105 si\u0119 unikaln\u0105 mieszank\u0105 odcieni zieleni, tworz\u0105c wielowymiarowy efekt, kt\u00f3ry na\u015bladuje g\u0142\u0119bi\u0119 i \u017cywo\u015b\u0107 zaczarowanego lasu. Skomplikowany wz\u00f3r i pigmentacja tych soczewek zapewniaj\u0105 osza\u0142amiaj\u0105co realistyczny wygl\u0105d, dzi\u0119ki czemu wydaje si\u0119, \u017ce urodzi\u0142e\u015b si\u0119 z tym hipnotyzuj\u0105cym kolorem oczu.<\/div>\n<div><\/div>\n<div>W BQEYE rozumiemy, \u017ce komfort jest tak samo wa\u017cny jak styl. Dlatego nasze soczewki kontaktowe Wildness Green Colored Contact Lenses zosta\u0142y wykonane z wysokiej jako\u015bci materia\u0142\u00f3w, kt\u00f3re priorytetowo traktuj\u0105 przepuszczalno\u015b\u0107 tlenu, pozwalaj\u0105c oczom oddycha\u0107 i zachowa\u0107 komfort przez ca\u0142y dzie\u0144. Dzi\u0119ki naszemu modelowi DTC (Direct to Consumer) eliminujemy po\u015brednik\u00f3w i dostarczamy te wysokiej jako\u015bci soczewki bezpo\u015brednio do Ciebie w przyst\u0119pnej cenie.<\/div>\n<div><\/div>\n<div>Nosz\u0105c zielone soczewki kontaktowe BQEYE Wildness Green, nie tylko zmieniasz kolor oczu, ale tak\u017ce zyskujesz nowy aspekt swojej osobowo\u015bci. Zielone odcienie wywo\u0142uj\u0105 poczucie tajemniczo\u015bci, pewno\u015bci siebie i nieokie\u0142znanego uroku, pozwalaj\u0105c ci wyrazi\u0107 siebie w spos\u00f3b, kt\u00f3ry naprawd\u0119 odzwierciedla twoj\u0105 wewn\u0119trzn\u0105 dziko\u015b\u0107. Niezale\u017cnie od tego, czy uczestniczysz w wydarzeniu tematycznym, bierzesz udzia\u0142 w sesji zdj\u0119ciowej, czy po prostu chcesz wyrazi\u0107 swoje codzienne \u017cycie, te soczewki s\u0105 idealnymi akcesoriami.<\/div>\n<div><\/div>\n<div>BQEYE dok\u0142ada wszelkich stara\u0144, aby dostarcza\u0107 najwy\u017cszej jako\u015bci kolorowe soczewki kontaktowe dost\u0119pne na rynku. Ka\u017cda para kolorowych soczewek kontaktowych Wildness Green przechodzi rygorystyczne testy i kontrol\u0119 jako\u015bci, aby zapewni\u0107 nieskazitelny wygl\u0105d i wygodne dopasowanie. Przy odpowiedniej piel\u0119gnacji i konserwacji mo\u017cesz cieszy\u0107 si\u0119 osza\u0142amiaj\u0105cymi efektami tych soczewek przez d\u0142u\u017cszy czas, co czyni je warto\u015bciow\u0105 inwestycj\u0105 w arsena\u0142 mody dla oczu.<\/div>\n<div><\/div>\n<div>Poczuj czaruj\u0105cy urok w\u0142asnych oczu dzi\u0119ki kolorowym soczewkom kontaktowym BQEYE Wildness Green. Niech twoje oczy stan\u0105 si\u0119 centralnym punktem twojego wygl\u0105du, urzekaj\u0105c otaczaj\u0105cych ci\u0119 ludzi swoim intensywnym i tajemniczym pi\u0119knem. Niezale\u017cnie od tego, czy masz jasne, czy ciemne oczy, soczewki te stworz\u0105 uderzaj\u0105cy kontrast, kt\u00f3ry wymaga uwagi.<\/div>\n<div><\/div>\n<div>Nie zadowalaj si\u0119 zwyk\u0142o\u015bci\u0105, gdy mo\u017cesz uwolni\u0107 niezwyk\u0142o\u015b\u0107 dzi\u0119ki kolorowym soczewkom kontaktowym BQEYE Wildness Green. Zam\u00f3w je ju\u017c dzi\u015b i wkrocz do \u015bwiata, w kt\u00f3rym Twoje oczy stan\u0105 si\u0119 uciele\u015bnieniem nieokie\u0142znanego pi\u0119kna i pewno\u015bci siebie. Uwolnij swoj\u0105 wewn\u0119trzn\u0105 dziko\u015b\u0107 i pozw\u00f3l BQEYE by\u0107 Twoim partnerem w redefiniowaniu Twojego wygl\u0105du.<\/div>\n<div><\/div>\n<div>#GreenContactLenses #WildnessDesign #EnchantingAllure #EyeFashion #UntamedBeauty<\/div>\n<div><\/div>","protected":false},"excerpt":{"rendered":"<p>Embrace the Enchanting Allure of BQEYE Wildness Green Colored Contact Lenses Step into a realm of captivating green hues with BQEYE Wildness Green Colored Contact Lenses. These lenses are designed to transform your eyes into a stunning shade of green, reminiscent of the lush, untamed beauty of nature. Whether you&#8217;re looking to make a bold [&#8230;]\n","protected":false},"featured_media":1620,"comment_status":"open","ping_status":"closed","template":"","meta":[],"product_brand":[],"product_cat":[358,91,77,96,95,98],"product_tag":[361],"class_list":{"0":"post-1614","1":"product","2":"type-product","3":"status-publish","4":"has-post-thumbnail","6":"product_cat-wildness","7":"product_cat-14-2-mm","8":"product_cat-green-contact-lenses","9":"product_cat-non-prescription","10":"product_cat-prescription","11":"product_cat-yearly-disposable","12":"product_tag-green-colored-contact-lenses","14":"first","15":"instock","16":"sale","17":"shipping-taxable","18":"purchasable","19":"product-type-variable","20":"has-default-attributes"},"_links":{"self":[{"href":"https:\/\/bqeye.com\/pl\/wp-json\/wp\/v2\/product\/1614","targetHints":{"allow":["GET"]}}],"collection":[{"href":"https:\/\/bqeye.com\/pl\/wp-json\/wp\/v2\/product"}],"about":[{"href":"https:\/\/bqeye.com\/pl\/wp-json\/wp\/v2\/types\/product"}],"replies":[{"embeddable":true,"href":"https:\/\/bqeye.com\/pl\/wp-json\/wp\/v2\/comments?post=1614"}],"wp:featuredmedia":[{"embeddable":true,"href":"https:\/\/bqeye.com\/pl\/wp-json\/wp\/v2\/media\/1620"}],"wp:attachment":[{"href":"https:\/\/bqeye.com\/pl\/wp-json\/wp\/v2\/media?parent=1614"}],"wp:term":[{"taxonomy":"product_brand","embeddable":true,"href":"https:\/\/bqeye.com\/pl\/wp-json\/wp\/v2\/product_brand?post=1614"},{"taxonomy":"product_cat","embeddable":true,"href":"https:\/\/bqeye.com\/pl\/wp-json\/wp\/v2\/product_cat?post=1614"},{"taxonomy":"product_tag","embeddable":true,"href":"https:\/\/bqeye.com\/pl\/wp-json\/wp\/v2\/product_tag?post=1614"}],"curies":[{"name":"wp","href":"https:\/\/api.w.org\/{rel}","templated":true}]}}