{"id":1633,"date":"2024-04-19T07:12:24","date_gmt":"2024-04-19T07:12:24","guid":{"rendered":"https:\/\/bqeye.com\/?post_type=product&#038;p=1633"},"modified":"2024-05-03T05:04:59","modified_gmt":"2024-05-03T05:04:59","slug":"lucent-grey-colored-contacts","status":"publish","type":"product","link":"https:\/\/bqeye.com\/pl\/lucent-grey-colored-contacts\/","title":{"rendered":"Kontakty kolorowe Lucent Grey"},"content":{"rendered":"<h3>Roz\u015bwietl swoje spojrzenie dzi\u0119ki kolorowym kontaktom BQEYE Lucent Grey<\/h3>\n<div><\/div>\n<div>Wkrocz do \u015bwiata hipnotyzuj\u0105cego pi\u0119kna dzi\u0119ki kolorowym soczewkom kontaktowym BQEYE Lucent Grey. Soczewki te zosta\u0142y zaprojektowane, aby przekszta\u0142ci\u0107 Twoje oczy w urzekaj\u0105cy odcie\u0144 szaro\u015bci, przypominaj\u0105cy eteryczny blask ksi\u0119\u017cycowego nieba. Niezale\u017cnie od tego, czy szukasz modowego akcentu, czy po prostu chcesz podkre\u015bli\u0107 sw\u00f3j naturalny kolor oczu, te soczewki s\u0105 idealnym wyborem.<\/div>\n<div><\/div>\n<div>Kolorowe soczewki kontaktowe Lucent Grey charakteryzuj\u0105 si\u0119 unikaln\u0105 mieszank\u0105 odcieni szaro\u015bci, tworz\u0105c wielowymiarowy efekt, kt\u00f3ry na\u015bladuje g\u0142\u0119bi\u0119 i \u015bwietlisto\u015b\u0107 migocz\u0105cego zmierzchu. Skomplikowany wz\u00f3r i pigmentacja tych soczewek zapewniaj\u0105 osza\u0142amiaj\u0105co realistyczny wygl\u0105d, dzi\u0119ki czemu wydaje si\u0119, \u017ce urodzi\u0142e\u015b si\u0119 z tym czaruj\u0105cym kolorem oczu.<\/div>\n<div><\/div>\n<div>W BQEYE stawiamy na styl i wygod\u0119. Nasze soczewki kontaktowe Lucent Grey s\u0105 wykonane z wysokiej jako\u015bci materia\u0142\u00f3w, kt\u00f3re zapewniaj\u0105 optymaln\u0105 przepuszczalno\u015b\u0107 tlenu, zapewniaj\u0105c komfort i zdrowie oczu przez ca\u0142y dzie\u0144. Dzi\u0119ki naszemu modelowi DTC (Direct to Consumer) eliminujemy po\u015brednik\u00f3w i dostarczamy te wysokiej jako\u015bci soczewki bezpo\u015brednio do Ciebie w przyst\u0119pnej cenie.<\/div>\n<div><\/div>\n<div>Nosz\u0105c szare soczewki kontaktowe BQEYE Lucent Grey, nie tylko zmieniasz kolor oczu, ale tak\u017ce zyskujesz nowy aspekt swojej osobowo\u015bci. Szare odcienie wywo\u0142uj\u0105 poczucie tajemniczo\u015bci, wyrafinowania i \u015bwietlistego uroku, pozwalaj\u0105c wyrazi\u0107 siebie w spos\u00f3b, kt\u00f3ry naprawd\u0119 odzwierciedla Tw\u00f3j wewn\u0119trzny blask. Niezale\u017cnie od tego, czy uczestniczysz w specjalnym wydarzeniu, bierzesz udzia\u0142 w sesji zdj\u0119ciowej, czy po prostu chcesz z\u0142o\u017cy\u0107 o\u015bwiadczenie w swoim codziennym \u017cyciu, te soczewki s\u0105 idealnymi akcesoriami.<\/div>\n<div><\/div>\n<div>BQEYE zobowi\u0105zuje si\u0119 do zapewnienia najwy\u017cszej jako\u015bci kolorowych soczewek kontaktowych na rynku. Ka\u017cda para kolorowych soczewek kontaktowych Lucent Grey przechodzi rygorystyczne testy i kontrol\u0119 jako\u015bci, aby zapewni\u0107 nieskazitelny wygl\u0105d i wygodne dopasowanie. Przy odpowiedniej piel\u0119gnacji i konserwacji mo\u017cesz cieszy\u0107 si\u0119 osza\u0142amiaj\u0105cymi efektami tych soczewek przez d\u0142u\u017cszy czas, co czyni je op\u0142acaln\u0105 inwestycj\u0105 w arsena\u0142 mody oczu.<\/div>\n<div><\/div>\n<div>Roz\u015bwietl swoje spojrzenie i oczaruj otaczaj\u0105cych Ci\u0119 ludzi dzi\u0119ki kolorowym soczewkom kontaktowym BQEYE Lucent Grey. Niech Twoje oczy stan\u0105 si\u0119 centralnym punktem Twojego wygl\u0105du, promieniuj\u0105c nieziemskim pi\u0119knem, kt\u00f3re wymaga uwagi. Niezale\u017cnie od tego, czy masz jasne, czy ciemne oczy, te soczewki stworz\u0105 uderzaj\u0105cy kontrast, kt\u00f3ry podkre\u015bli Tw\u00f3j naturalny urok.<\/div>\n<div><\/div>\n<div>Nie zadowalaj si\u0119 tym, co zwyczajne, gdy mo\u017cesz cieszy\u0107 si\u0119 tym, co niezwyk\u0142e dzi\u0119ki kolorowym soczewkom kontaktowym BQEYE Lucent Grey. Zam\u00f3w ju\u017c dzi\u015b i wkrocz do \u015bwiata, w kt\u00f3rym Twoje oczy stan\u0105 si\u0119 uciele\u015bnieniem \u015bwietlistego pi\u0119kna i wyrafinowanego uroku. Pozw\u00f3l swojemu wewn\u0119trznemu \u015bwiat\u0142u zab\u0142ysn\u0105\u0107 i pozw\u00f3l BQEYE by\u0107 Twoim partnerem w redefiniowaniu Twojego wygl\u0105du.<\/div>\n<div><\/div>\n<div>#GreyColoredContacts #LucentDesign #IlluminateYourGaze #EyeFashion #EtherealBeauty<\/div>","protected":false},"excerpt":{"rendered":"<p>Illuminate Your Gaze with BQEYE Lucent Grey Colored Contacts Step into a world of mesmerizing beauty with BQEYE Lucent Grey Colored Contacts. These lenses are designed to transform your eyes into a captivating shade of grey, reminiscent of the ethereal glow of a moonlit sky. Whether you&#8217;re looking to make a fashion statement or simply [&#8230;]\n","protected":false},"featured_media":1635,"comment_status":"open","ping_status":"closed","template":"","meta":[],"product_brand":[],"product_cat":[363,91,81,96,95,98],"product_tag":[362],"class_list":{"0":"post-1633","1":"product","2":"type-product","3":"status-publish","4":"has-post-thumbnail","6":"product_cat-lucent-series-colored-contact-lenses","7":"product_cat-14-2-mm","8":"product_cat-grey-contact-lenses","9":"product_cat-non-prescription","10":"product_cat-prescription","11":"product_cat-yearly-disposable","12":"product_tag-brown-colored-contact-lenses","14":"first","15":"instock","16":"sale","17":"shipping-taxable","18":"purchasable","19":"product-type-variable","20":"has-default-attributes"},"_links":{"self":[{"href":"https:\/\/bqeye.com\/pl\/wp-json\/wp\/v2\/product\/1633","targetHints":{"allow":["GET"]}}],"collection":[{"href":"https:\/\/bqeye.com\/pl\/wp-json\/wp\/v2\/product"}],"about":[{"href":"https:\/\/bqeye.com\/pl\/wp-json\/wp\/v2\/types\/product"}],"replies":[{"embeddable":true,"href":"https:\/\/bqeye.com\/pl\/wp-json\/wp\/v2\/comments?post=1633"}],"wp:featuredmedia":[{"embeddable":true,"href":"https:\/\/bqeye.com\/pl\/wp-json\/wp\/v2\/media\/1635"}],"wp:attachment":[{"href":"https:\/\/bqeye.com\/pl\/wp-json\/wp\/v2\/media?parent=1633"}],"wp:term":[{"taxonomy":"product_brand","embeddable":true,"href":"https:\/\/bqeye.com\/pl\/wp-json\/wp\/v2\/product_brand?post=1633"},{"taxonomy":"product_cat","embeddable":true,"href":"https:\/\/bqeye.com\/pl\/wp-json\/wp\/v2\/product_cat?post=1633"},{"taxonomy":"product_tag","embeddable":true,"href":"https:\/\/bqeye.com\/pl\/wp-json\/wp\/v2\/product_tag?post=1633"}],"curies":[{"name":"wp","href":"https:\/\/api.w.org\/{rel}","templated":true}]}}