{"id":1663,"date":"2024-04-19T08:07:54","date_gmt":"2024-04-19T08:07:54","guid":{"rendered":"https:\/\/bqeye.com\/?post_type=product&#038;p=1663"},"modified":"2024-04-21T09:23:43","modified_gmt":"2024-04-21T09:23:43","slug":"lucent-sky-blue-colored-contacts","status":"publish","type":"product","link":"https:\/\/bqeye.com\/pl\/lucent-sky-blue-colored-contacts\/","title":{"rendered":"Kontakty kolorowe Lucent Sky Blue"},"content":{"rendered":"<h3>Poczuj eteryczny urok kolorowych kontakt\u00f3w BQEYE Lucent Sky Blue<\/h3>\n<div><\/div>\n<div>Wznie\u015b swoje spojrzenie na nowy poziom dzi\u0119ki kolorowym soczewkom kontaktowym BQEYE Lucent Sky Blue. Soczewki te zosta\u0142y zaprojektowane, aby przekszta\u0142ci\u0107 Twoje oczy w hipnotyzuj\u0105cy odcie\u0144 b\u0142\u0119kitu nieba, przypominaj\u0105cy czyste, \u015bwietliste pi\u0119kno bezchmurnego dnia. Niezale\u017cnie od tego, czy szukasz modnego akcentu, czy po prostu chcesz podkre\u015bli\u0107 sw\u00f3j naturalny kolor oczu, te soczewki s\u0105 idealnym wyborem.<\/div>\n<div><\/div>\n<div>Kolorowe soczewki kontaktowe Lucent Sky Blue charakteryzuj\u0105 si\u0119 unikaln\u0105 mieszank\u0105 niebieskich odcieni, tworz\u0105c wielowymiarowy efekt, kt\u00f3ry na\u015bladuje g\u0142\u0119bi\u0119 i \u017cywo\u015b\u0107 pogodnego, nieko\u0144cz\u0105cego si\u0119 nieba. Skomplikowany wz\u00f3r i pigmentacja tych soczewek zapewniaj\u0105 osza\u0142amiaj\u0105co realistyczny wygl\u0105d, dzi\u0119ki czemu wydaje si\u0119, \u017ce urodzi\u0142e\u015b si\u0119 z tym eterycznym kolorem oczu.<\/div>\n<div><\/div>\n<div>W BQEYE stawiamy na styl i wygod\u0119. Nasze soczewki kontaktowe Lucent Sky Blue s\u0105 wykonane z wysokiej jako\u015bci materia\u0142\u00f3w, kt\u00f3re zapewniaj\u0105 optymaln\u0105 przepuszczalno\u015b\u0107 tlenu, zapewniaj\u0105c komfort i zdrowie oczu przez ca\u0142y dzie\u0144. Dzi\u0119ki naszemu modelowi DTC (Direct to Consumer) eliminujemy po\u015brednik\u00f3w i dostarczamy te wysokiej jako\u015bci soczewki bezpo\u015brednio do Ciebie w przyst\u0119pnej cenie.<\/div>\n<div><\/div>\n<div>Nosz\u0105c soczewki kontaktowe BQEYE Lucent Sky Blue, nie tylko zmieniasz kolor oczu, ale tak\u017ce zyskujesz nowy aspekt swojej osobowo\u015bci. B\u0142\u0119kitne odcienie przywo\u0142uj\u0105 poczucie spokoju, wolno\u015bci i \u015bwietlistego uroku, pozwalaj\u0105c wyrazi\u0107 siebie w spos\u00f3b, kt\u00f3ry naprawd\u0119 odzwierciedla Tw\u00f3j wewn\u0119trzny blask. Niezale\u017cnie od tego, czy uczestniczysz w specjalnym wydarzeniu, bierzesz udzia\u0142 w sesji zdj\u0119ciowej, czy po prostu chcesz z\u0142o\u017cy\u0107 o\u015bwiadczenie w swoim codziennym \u017cyciu, te soczewki s\u0105 idealnymi akcesoriami.<\/div>\n<div><\/div>\n<div>BQEYE dok\u0142ada wszelkich stara\u0144, aby zapewni\u0107 najwy\u017csz\u0105 jako\u015b\u0107 kolorowych soczewek kontaktowych na rynku. Ka\u017cda para kolorowych soczewek kontaktowych Lucent Sky Blue przechodzi rygorystyczne testy i kontrol\u0119 jako\u015bci, aby zapewni\u0107 nieskazitelny wygl\u0105d i wygodne dopasowanie. Przy odpowiedniej piel\u0119gnacji i konserwacji mo\u017cesz cieszy\u0107 si\u0119 osza\u0142amiaj\u0105cymi efektami tych soczewek przez d\u0142u\u017cszy czas, co czyni je op\u0142acaln\u0105 inwestycj\u0105 w arsena\u0142 mody oczu.<\/div>\n<div><\/div>\n<div>Poczuj eteryczny urok w\u0142asnych oczu dzi\u0119ki kolorowym soczewkom kontaktowym BQEYE Lucent Sky Blue. Niech twoje oczy stan\u0105 si\u0119 centralnym punktem twojego wygl\u0105du, urzekaj\u0105c wszystkich wok\u00f3\u0142 swoim \u015bwietlistym i urzekaj\u0105cym urokiem. Niezale\u017cnie od tego, czy masz jasne, czy ciemne oczy, soczewki te stworz\u0105 uderzaj\u0105cy kontrast, kt\u00f3ry podkre\u015bli Twoje naturalne pi\u0119kno.<\/div>\n<div><\/div>\n<div>Nie zadowalaj si\u0119 tym, co zwyczajne, gdy mo\u017cesz cieszy\u0107 si\u0119 tym, co niezwyk\u0142e dzi\u0119ki kolorowym soczewkom kontaktowym BQEYE Lucent Sky Blue. Zam\u00f3w ju\u017c dzi\u015b i wkrocz do \u015bwiata, w kt\u00f3rym Twoje oczy stan\u0105 si\u0119 uciele\u015bnieniem \u015bwietlistego pi\u0119kna i eterycznego uroku. Niech Tw\u00f3j wewn\u0119trzny blask rozb\u0142y\u015bnie, a BQEYE b\u0119dzie Twoim partnerem w redefiniowaniu Twojego wygl\u0105du.<\/div>\n<div><\/div>\n<div>#SkyBlueColoredContacts #LucentDesign #EtherealCharm #EyeFashion #LuminousBeauty<\/div>\n<div><\/div>","protected":false},"excerpt":{"rendered":"<p>Embrace the Ethereal Charm of BQEYE Lucent Sky Blue Colored Contacts Elevate your gaze to new heights with BQEYE Lucent Sky Blue Colored Contacts. These lenses are designed to transform your eyes into a mesmerizing shade of sky blue, reminiscent of the clear, luminous beauty of a cloudless day. Whether you&#8217;re looking to make a [&#8230;]\n","protected":false},"featured_media":1680,"comment_status":"open","ping_status":"closed","template":"","meta":[],"product_brand":[],"product_cat":[363,91,75,96,95,98],"product_tag":[366],"class_list":{"0":"post-1663","1":"product","2":"type-product","3":"status-publish","4":"has-post-thumbnail","6":"product_cat-lucent-series-colored-contact-lenses","7":"product_cat-14-2-mm","8":"product_cat-blue-contact-lenses","9":"product_cat-non-prescription","10":"product_cat-prescription","11":"product_cat-yearly-disposable","12":"product_tag-green-colored-contacts","14":"first","15":"instock","16":"sale","17":"shipping-taxable","18":"purchasable","19":"product-type-variable","20":"has-default-attributes"},"_links":{"self":[{"href":"https:\/\/bqeye.com\/pl\/wp-json\/wp\/v2\/product\/1663","targetHints":{"allow":["GET"]}}],"collection":[{"href":"https:\/\/bqeye.com\/pl\/wp-json\/wp\/v2\/product"}],"about":[{"href":"https:\/\/bqeye.com\/pl\/wp-json\/wp\/v2\/types\/product"}],"replies":[{"embeddable":true,"href":"https:\/\/bqeye.com\/pl\/wp-json\/wp\/v2\/comments?post=1663"}],"wp:featuredmedia":[{"embeddable":true,"href":"https:\/\/bqeye.com\/pl\/wp-json\/wp\/v2\/media\/1680"}],"wp:attachment":[{"href":"https:\/\/bqeye.com\/pl\/wp-json\/wp\/v2\/media?parent=1663"}],"wp:term":[{"taxonomy":"product_brand","embeddable":true,"href":"https:\/\/bqeye.com\/pl\/wp-json\/wp\/v2\/product_brand?post=1663"},{"taxonomy":"product_cat","embeddable":true,"href":"https:\/\/bqeye.com\/pl\/wp-json\/wp\/v2\/product_cat?post=1663"},{"taxonomy":"product_tag","embeddable":true,"href":"https:\/\/bqeye.com\/pl\/wp-json\/wp\/v2\/product_tag?post=1663"}],"curies":[{"name":"wp","href":"https:\/\/api.w.org\/{rel}","templated":true}]}}