{"id":1744,"date":"2024-10-30T21:12:36","date_gmt":"2024-10-30T13:12:36","guid":{"rendered":"https:\/\/bqeye.com\/?post_type=product&#038;p=1744"},"modified":"2024-10-30T21:31:07","modified_gmt":"2024-10-30T13:31:07","slug":"wildfire-blue-contact-lenses","status":"publish","type":"product","link":"https:\/\/bqeye.com\/pl\/wildfire-blue-contact-lenses\/","title":{"rendered":"Niebieskie soczewki kontaktowe Wildfire"},"content":{"rendered":"<h1 class=\"md-end-block md-heading\"><span class=\"md-plain md-expand\">Soczewki kontaktowe Wildfire Blue - Zachwy\u0107 g\u0142\u0119bi\u0105 oceanu<\/span><\/h1>\n<p class=\"md-end-block md-p\"><span class=\"md-plain\">Odkryj hipnotyzuj\u0105c\u0105 moc soczewek kontaktowych Wildfire Blue, w kt\u00f3rych g\u0142\u0119bokie odcienie oceanu spotykaj\u0105 si\u0119 z eterycznymi odcieniami nieba, tworz\u0105c czaruj\u0105ce spojrzenie, kt\u00f3re przyci\u0105ga uwag\u0119, zachowuj\u0105c naturalne pi\u0119kno.<\/span><\/p>\n<h2 class=\"md-end-block md-heading\"><span class=\"md-plain\">\ud83d\udc41\ufe0f Taniec niebieskich barw<\/span><\/h2>\n<ul class=\"ul-list\" data-mark=\"-\">\n<li class=\"md-list-item\">\n<p class=\"md-end-block md-p\"><span class=\"md-pair-s\"><strong><span class=\"md-plain\">Symfonia kolor\u00f3w<\/span><\/strong><\/span><span class=\"md-plain\">: <\/span><\/p>\n<ul class=\"ul-list\" data-mark=\"-\">\n<li class=\"md-list-item\">\n<p class=\"md-end-block md-p\"><span class=\"md-plain\">Intensywny szafirowy \u015brodek przechodz\u0105cy w ja\u015bniejsze lazurowe kraw\u0119dzie<\/span><\/p>\n<\/li>\n<li class=\"md-list-item\">\n<p class=\"md-end-block md-p\"><span class=\"md-plain\">Mieni\u0105ce si\u0119 ceruleanowe pasemka, kt\u00f3re pi\u0119knie \u0142api\u0105 \u015bwiat\u0142o<\/span><\/p>\n<\/li>\n<li class=\"md-list-item\">\n<p class=\"md-end-block md-p\"><span class=\"md-plain\">Subtelne granatowe odcienie dla wyj\u0105tkowej g\u0142\u0119bi<\/span><\/p>\n<\/li>\n<\/ul>\n<\/li>\n<li class=\"md-list-item\">\n<p class=\"md-end-block md-p\"><span class=\"md-pair-s\"><strong><span class=\"md-plain\">Naturalny artyzm<\/span><\/strong><\/span><span class=\"md-plain\">: <\/span><\/p>\n<ul class=\"ul-list\" data-mark=\"-\">\n<li class=\"md-list-item\">\n<p class=\"md-end-block md-p\"><span class=\"md-plain\">Skomplikowane wzory kolor\u00f3w odzwierciedlaj\u0105 naturalne tekstury t\u0119cz\u00f3wki<\/span><\/p>\n<\/li>\n<li class=\"md-list-item\">\n<p class=\"md-end-block md-p\"><span class=\"md-plain\">Delikatny pier\u015bcie\u0144 limbiczny zwi\u0119ksza wyrazisto\u015b\u0107 oczu<\/span><\/p>\n<\/li>\n<li class=\"md-list-item\">\n<p class=\"md-end-block md-p\"><span class=\"md-plain\">Osza\u0142amiaj\u0105ce zar\u00f3wno w jasnym \u015bwietle dziennym, jak i delikatnym o\u015bwietleniu wewn\u0119trznym<\/span><\/p>\n<\/li>\n<\/ul>\n<\/li>\n<\/ul>\n<h2 class=\"md-end-block md-heading\"><span class=\"md-plain\">Do\u015bwiadcz efektu dzikiego ognia<\/span><\/h2>\n<p class=\"md-end-block md-p\"><span class=\"md-plain\">Obiektywy te tworz\u0105:<\/span><\/p>\n<ul class=\"ul-list\" data-mark=\"-\">\n<li class=\"md-list-item\">\n<p class=\"md-end-block md-p\"><span class=\"md-plain\">Oczy, kt\u00f3re zmieniaj\u0105 si\u0119 jak fale oceanu pod wp\u0142ywem \u015bwiat\u0142a s\u0142onecznego<\/span><\/p>\n<\/li>\n<li class=\"md-list-item\">\n<p class=\"md-end-block md-p\"><span class=\"md-plain\">Hipnotyzuj\u0105ca g\u0142\u0119bia, kt\u00f3ra przyci\u0105ga innych<\/span><\/p>\n<\/li>\n<li class=\"md-list-item\">\n<p class=\"md-end-block md-p\"><span class=\"md-plain\">Spojrzenie, kt\u00f3re wydaje si\u0119 zar\u00f3wno uderzaj\u0105ce, jak i naturalnie wzmocnione<\/span><\/p>\n<\/li>\n<li class=\"md-list-item\">\n<p class=\"md-end-block md-p\"><span class=\"md-plain\">Dynamiczny kolor, kt\u00f3ry dostosowuje si\u0119 do r\u00f3\u017cnych warunk\u00f3w o\u015bwietleniowych<\/span><\/p>\n<\/li>\n<li class=\"md-list-item\">\n<p class=\"md-end-block md-p\"><span class=\"md-plain\">Wszechstronne ulepszenie, kt\u00f3re dzia\u0142a od dnia do nocy<\/span><\/p>\n<\/li>\n<\/ul>\n<h2 class=\"md-end-block md-heading\"><span class=\"md-plain\">Idealny na ka\u017cd\u0105 okazj\u0119<\/span><\/h2>\n<ul class=\"ul-list\" data-mark=\"-\">\n<li class=\"md-list-item\">\n<p class=\"md-end-block md-p\"><span class=\"md-pair-s\"><strong><span class=\"md-plain\">Codzienna elegancja<\/span><\/strong><\/span><span class=\"md-plain\">: Wyrafinowany dodatek do codziennego noszenia<\/span><\/p>\n<\/li>\n<li class=\"md-list-item\">\n<p class=\"md-end-block md-p\"><span class=\"md-pair-s\"><strong><span class=\"md-plain\">Wyj\u0105tkowe chwile<\/span><\/strong><\/span><span class=\"md-plain\">: Stw\u00f3rz niezapomniane wra\u017cenia<\/span><\/p>\n<\/li>\n<li class=\"md-list-item\">\n<p class=\"md-end-block md-p\"><span class=\"md-pair-s\"><strong><span class=\"md-plain\">Fotografia<\/span><\/strong><\/span><span class=\"md-plain\">: Osza\u0142amiaj\u0105ce zar\u00f3wno kolorowe, jak i czarno-bia\u0142e zdj\u0119cia<\/span><\/p>\n<\/li>\n<li class=\"md-list-item\">\n<p class=\"md-end-block md-p\"><span class=\"md-pair-s\"><strong><span class=\"md-plain\">Ustawienia profesjonalne<\/span><\/strong><\/span><span class=\"md-plain\">: Pewne siebie, ale odpowiednie ulepszenie<\/span><\/p>\n<\/li>\n<li class=\"md-list-item\">\n<p class=\"md-end-block md-p\"><span class=\"md-pair-s\"><strong><span class=\"md-plain\">Wydarzenia wieczorne<\/span><\/strong><\/span><span class=\"md-plain\">: Tajemniczy i uwodzicielski przy s\u0142abym o\u015bwietleniu<\/span><\/p>\n<\/li>\n<\/ul>\n<h2 class=\"md-end-block md-heading\"><span class=\"md-plain\">Porady dotycz\u0105ce stylu i urody<\/span><\/h2>\n<ol class=\"ol-list\" start=\"\">\n<li class=\"md-list-item\">\n<p class=\"md-end-block md-p\"><span class=\"md-pair-s\"><strong><span class=\"md-plain\">Makija\u017c uzupe\u0142niaj\u0105cy<\/span><\/strong><\/span><span class=\"md-plain\">:<\/span><\/p>\n<ul class=\"ul-list\" data-mark=\"-\">\n<li class=\"md-list-item\">\n<p class=\"md-end-block md-p\"><span class=\"md-plain\">Srebrne i granatowe cienie do powiek<\/span><\/p>\n<\/li>\n<li class=\"md-list-item\">\n<p class=\"md-end-block md-p\"><span class=\"md-plain\">Kredka do oczu w kolorze w\u0119gla drzewnego lub g\u0142\u0119bokiego b\u0142\u0119kitu<\/span><\/p>\n<\/li>\n<li class=\"md-list-item\">\n<p class=\"md-end-block md-p\"><span class=\"md-plain\">Per\u0142owy lub srebrny zakre\u015blacz<\/span><\/p>\n<\/li>\n<li class=\"md-list-item\">\n<p class=\"md-end-block md-p\"><span class=\"md-plain\">Palety do makija\u017cu w ch\u0142odnych odcieniach<\/span><\/p>\n<\/li>\n<li class=\"md-list-item\">\n<p class=\"md-end-block md-p\"><span class=\"md-plain\">Granatowy lub czarny tusz do rz\u0119s<\/span><\/p>\n<\/li>\n<\/ul>\n<\/li>\n<li class=\"md-list-item\">\n<p class=\"md-end-block md-p\"><span class=\"md-pair-s\"><strong><span class=\"md-plain\">Najlepsze efekty \u015bwietlne<\/span><\/strong><\/span><span class=\"md-plain\">:<\/span><\/p>\n<ul class=\"ul-list\" data-mark=\"-\">\n<li class=\"md-list-item\">\n<p class=\"md-end-block md-p\"><span class=\"md-plain\">B\u0142yszczy wspaniale w naturalnym \u015bwietle dziennym<\/span><\/p>\n<\/li>\n<li class=\"md-list-item\">\n<p class=\"md-end-block md-p\"><span class=\"md-plain\">Tworzy tajemnicz\u0105 g\u0142\u0119bi\u0119 w wieczornych sceneriach<\/span><\/p>\n<\/li>\n<li class=\"md-list-item\">\n<p class=\"md-end-block md-p\"><span class=\"md-plain\">Pi\u0119knie \u0142apie \u015bwiat\u0142o na zdj\u0119ciach<\/span><\/p>\n<\/li>\n<\/ul>\n<\/li>\n<li class=\"md-list-item\">\n<p class=\"md-end-block md-p\"><span class=\"md-pair-s\"><strong><span class=\"md-plain\">Zestawienia styl\u00f3w<\/span><\/strong><\/span><span class=\"md-plain\">:<\/span><\/p>\n<ul class=\"ul-list\" data-mark=\"-\">\n<li class=\"md-list-item\">\n<p class=\"md-end-block md-p\"><span class=\"md-plain\">Osza\u0142amiaj\u0105ce z ubraniami w ch\u0142odnych odcieniach<\/span><\/p>\n<\/li>\n<li class=\"md-list-item\">\n<p class=\"md-end-block md-p\"><span class=\"md-plain\">Idealny do srebrnej bi\u017cuterii<\/span><\/p>\n<\/li>\n<li class=\"md-list-item\">\n<p class=\"md-end-block md-p\"><span class=\"md-plain\">Uzupe\u0142nia wszystkie kolory w\u0142os\u00f3w<\/span><\/p>\n<\/li>\n<li class=\"md-list-item\">\n<p class=\"md-end-block md-p\"><span class=\"md-plain\">Szczeg\u00f3lnie efektowny w po\u0142\u0105czeniu z czarnymi, bia\u0142ymi lub granatowymi strojami<\/span><\/p>\n<\/li>\n<\/ul>\n<\/li>\n<li class=\"md-list-item\">\n<p class=\"md-end-block md-p\"><span class=\"md-pair-s\"><strong><span class=\"md-plain\">Makija\u017c<\/span><\/strong><\/span><span class=\"md-plain\">:<\/span><\/p>\n<ul class=\"ul-list\" data-mark=\"-\">\n<li class=\"md-list-item\">\n<p class=\"md-end-block md-p\"><span class=\"md-pair-s\"><strong><span class=\"md-plain\">Naturalny dzie\u0144<\/span><\/strong><\/span><span class=\"md-plain\">: Lekko po\u0142yskuj\u0105cy cie\u0144 i subtelny liner<\/span><\/p>\n<\/li>\n<li class=\"md-list-item\">\n<p class=\"md-end-block md-p\"><span class=\"md-pair-s\"><strong><span class=\"md-plain\">Dramat wieczorny<\/span><\/strong><\/span><span class=\"md-plain\">: Smokey eye z marynarskimi akcentami<\/span><\/p>\n<\/li>\n<li class=\"md-list-item\">\n<p class=\"md-end-block md-p\"><span class=\"md-pair-s\"><strong><span class=\"md-plain\">Profesjonalny<\/span><\/strong><\/span><span class=\"md-plain\">: Czysty liner i neutralny cie\u0144<\/span><\/p>\n<\/li>\n<li class=\"md-list-item\">\n<p class=\"md-end-block md-p\"><span class=\"md-pair-s\"><strong><span class=\"md-plain\">Glamour<\/span><\/strong><\/span><span class=\"md-plain\">: Metaliczne cienie i kontur\u00f3wka<\/span><\/p>\n<\/li>\n<\/ul>\n<\/li>\n<\/ol>\n<p class=\"md-end-block md-p\"><span class=\"md-plain\">Odmie\u0144 sw\u00f3j wygl\u0105d dzi\u0119ki soczewkom Wildfire Blue, w kt\u00f3rych moc g\u0142\u0119bin oceanu \u0142\u0105czy si\u0119 z blaskiem czystego nieba. Soczewki te nie tylko zmieniaj\u0105 kolor oczu, ale tworz\u0105 nowy, urzekaj\u0105cy wymiar naturalnego pi\u0119kna.<\/span><\/p>\n<p class=\"md-end-block md-p md-focus\"><span class=\"md-plain md-expand\">Potrzebujesz sugestii dotycz\u0105cych tworzenia konkretnych stylizacji lub wskaz\u00f3wek, jak najlepiej wykorzysta\u0107 soczewki Wildfire Blue?<\/span><\/p>","protected":false},"excerpt":{"rendered":"<p>Wildfire Blue Contact Lenses &#8211; Captivate with Ocean Depths Discover the mesmerizing power of Wildfire Blue contact lenses, where deep ocean hues meet ethereal sky tones to create an enchanting gaze that commands attention while maintaining natural beauty. \ud83d\udc41\ufe0f A Dance of Blue Hues Color Symphony: Intense sapphire center that flows into lighter azure edges [&#8230;]\n","protected":false},"featured_media":1747,"comment_status":"open","ping_status":"closed","template":"","meta":[],"product_brand":[],"product_cat":[371,90,75,96,95,98],"product_tag":[],"class_list":{"0":"post-1744","1":"product","2":"type-product","3":"status-publish","4":"has-post-thumbnail","6":"product_cat-wildfire","7":"product_cat-14-0-mm","8":"product_cat-blue-contact-lenses","9":"product_cat-non-prescription","10":"product_cat-prescription","11":"product_cat-yearly-disposable","13":"first","14":"instock","15":"sale","16":"shipping-taxable","17":"purchasable","18":"product-type-variable","19":"has-default-attributes"},"_links":{"self":[{"href":"https:\/\/bqeye.com\/pl\/wp-json\/wp\/v2\/product\/1744","targetHints":{"allow":["GET"]}}],"collection":[{"href":"https:\/\/bqeye.com\/pl\/wp-json\/wp\/v2\/product"}],"about":[{"href":"https:\/\/bqeye.com\/pl\/wp-json\/wp\/v2\/types\/product"}],"replies":[{"embeddable":true,"href":"https:\/\/bqeye.com\/pl\/wp-json\/wp\/v2\/comments?post=1744"}],"wp:featuredmedia":[{"embeddable":true,"href":"https:\/\/bqeye.com\/pl\/wp-json\/wp\/v2\/media\/1747"}],"wp:attachment":[{"href":"https:\/\/bqeye.com\/pl\/wp-json\/wp\/v2\/media?parent=1744"}],"wp:term":[{"taxonomy":"product_brand","embeddable":true,"href":"https:\/\/bqeye.com\/pl\/wp-json\/wp\/v2\/product_brand?post=1744"},{"taxonomy":"product_cat","embeddable":true,"href":"https:\/\/bqeye.com\/pl\/wp-json\/wp\/v2\/product_cat?post=1744"},{"taxonomy":"product_tag","embeddable":true,"href":"https:\/\/bqeye.com\/pl\/wp-json\/wp\/v2\/product_tag?post=1744"}],"curies":[{"name":"wp","href":"https:\/\/api.w.org\/{rel}","templated":true}]}}