{"id":1896,"date":"2025-01-04T15:33:18","date_gmt":"2025-01-04T07:33:18","guid":{"rendered":"https:\/\/bqeye.com\/?post_type=product&#038;p=1896"},"modified":"2025-01-04T15:35:00","modified_gmt":"2025-01-04T07:35:00","slug":"secret-dream-purple-contact-lenses","status":"publish","type":"product","link":"https:\/\/bqeye.com\/pl\/secret-dream-purple-contact-lenses\/","title":{"rendered":"Fioletowe soczewki kontaktowe Secret Dream"},"content":{"rendered":"<h1 class=\"md-end-block md-heading\"><span class=\"md-plain md-expand\">Purpurowe soczewki kontaktowe Secret Dream - mistyczne oczarowanie \u2728<\/span><\/h1>\n<p class=\"md-end-block md-p\"><span class=\"md-pair-s\"><em><span class=\"md-plain\">Odkryj urok tajemniczych fioletowych soczewek - gdzie marzenia przeplataj\u0105 si\u0119 z rzeczywisto\u015bci\u0105<\/span><\/em><\/span><\/p>\n<h2 class=\"md-end-block md-heading\"><span class=\"md-plain\">Profesjonalne recenzje<\/span><\/h2>\n<h3 class=\"md-end-block md-heading\"><span class=\"md-plain\">Spostrze\u017cenia ekspert\u00f3w<\/span><\/h3>\n<blockquote>\n<p class=\"md-end-block md-p\"><span class=\"md-plain\">\"Te fioletowe soczewki tworz\u0105 nieziemsk\u0105 g\u0142\u0119bi\u0119, kt\u00f3ra urzeka\".<\/span> <span class=\"md-pair-s\"><em><span class=\"md-plain\">- Victoria R., makija\u017cystka gwiazd<\/span><\/em><\/span><\/p>\n<\/blockquote>\n<blockquote>\n<p class=\"md-end-block md-p\"><span class=\"md-plain\">\"Fioletowy gradient na\u015bladuje tajemnice zmierzchu w ka\u017cdym spojrzeniu\".<\/span> <span class=\"md-pair-s\"><em><span class=\"md-plain\">- Christopher M., Fotograf mody<\/span><\/em><\/span><\/p>\n<\/blockquote>\n<blockquote>\n<p class=\"md-end-block md-p\"><span class=\"md-plain\">\"Moi klienci s\u0105 oczarowani tajemniczym wymiarem, jaki tworz\u0105 te soczewki\".<\/span> <span class=\"md-pair-s\"><em><span class=\"md-plain\">- Elizabeth S., ekspert ds. urody<\/span><\/em><\/span><\/p>\n<\/blockquote>\n<h2 class=\"md-end-block md-heading\"><span class=\"md-plain\">Idealne okazje<\/span><\/h2>\n<h3 class=\"md-end-block md-heading\"><span class=\"md-plain\">Idealny dla<\/span><\/h3>\n<ul class=\"ul-list\" data-mark=\"-\">\n<li class=\"md-list-item\">\n<p class=\"md-end-block md-p\"><span class=\"md-plain\">Mistyczne wieczory<\/span><\/p>\n<\/li>\n<li class=\"md-list-item\">\n<p class=\"md-end-block md-p\"><span class=\"md-plain\">Artystyczne sesje zdj\u0119ciowe<\/span><\/p>\n<\/li>\n<li class=\"md-list-item\">\n<p class=\"md-end-block md-p\"><span class=\"md-plain\">Wydarzenia fantasy<\/span><\/p>\n<\/li>\n<li class=\"md-list-item\">\n<p class=\"md-end-block md-p\"><span class=\"md-plain\">Kreatywne wyra\u017cenia<\/span><\/p>\n<\/li>\n<li class=\"md-list-item\">\n<p class=\"md-end-block md-p\"><span class=\"md-plain\">Specjalne okazje<\/span><\/p>\n<\/li>\n<li class=\"md-list-item\">\n<p class=\"md-end-block md-p\"><span class=\"md-plain\">Wyst\u0119py sceniczne<\/span><\/p>\n<\/li>\n<\/ul>\n<h3 class=\"md-end-block md-heading\"><span class=\"md-plain\">Idealne ustawienia<\/span><\/h3>\n<ul class=\"ul-list\" data-mark=\"-\">\n<li class=\"md-list-item\">\n<p class=\"md-end-block md-p\"><span class=\"md-plain\">Godziny zmierzchu<\/span><\/p>\n<\/li>\n<li class=\"md-list-item\">\n<p class=\"md-end-block md-p\"><span class=\"md-plain\">Mistyczne miejsca<\/span><\/p>\n<\/li>\n<li class=\"md-list-item\">\n<p class=\"md-end-block md-p\"><span class=\"md-plain\">Wieczorne gale<\/span><\/p>\n<\/li>\n<li class=\"md-list-item\">\n<p class=\"md-end-block md-p\"><span class=\"md-plain\">Studia fotograficzne<\/span><\/p>\n<\/li>\n<li class=\"md-list-item\">\n<p class=\"md-end-block md-p\"><span class=\"md-plain\">Wydarzenia nocne<\/span><\/p>\n<\/li>\n<li class=\"md-list-item\">\n<p class=\"md-end-block md-p\"><span class=\"md-plain\">Imprezy tematyczne<\/span><\/p>\n<\/li>\n<\/ul>\n<h2 class=\"md-end-block md-heading\"><span class=\"md-plain\">Przewodnik po stylach<\/span><\/h2>\n<h3 class=\"md-end-block md-heading\"><span class=\"md-plain\">Zaczarowany wygl\u0105d<\/span><\/h3>\n<p class=\"md-end-block md-p\"><span class=\"md-plain\">Utw\u00f3rz za pomoc\u0105:<\/span><\/p>\n<ul class=\"ul-list\" data-mark=\"-\">\n<li class=\"md-list-item\">\n<p class=\"md-end-block md-p\"><span class=\"md-plain\">Soczewki w kolorze g\u0142\u0119bokiego fioletu<\/span><\/p>\n<\/li>\n<li class=\"md-list-item\">\n<p class=\"md-end-block md-p\"><span class=\"md-plain\">Opalizuj\u0105cy cie\u0144<\/span><\/p>\n<\/li>\n<li class=\"md-list-item\">\n<p class=\"md-end-block md-p\"><span class=\"md-plain\">Intensywny tusz do rz\u0119s<\/span><\/p>\n<\/li>\n<li class=\"md-list-item\">\n<p class=\"md-end-block md-p\"><span class=\"md-plain\">Per\u0142owy roz\u015bwietlacz<\/span> <span class=\"md-plain\">Wynik: Mistyczny urok<\/span><\/p>\n<\/li>\n<\/ul>\n<h3 class=\"md-end-block md-heading\"><span class=\"md-plain\">Night Magic Glamour<\/span><\/h3>\n<p class=\"md-end-block md-p\"><span class=\"md-plain\">Wzmocnienie z:<\/span><\/p>\n<ul class=\"ul-list\" data-mark=\"-\">\n<li class=\"md-list-item\">\n<p class=\"md-end-block md-p\"><span class=\"md-plain\">Kontakty Amethyst<\/span><\/p>\n<\/li>\n<li class=\"md-list-item\">\n<p class=\"md-end-block md-p\"><span class=\"md-plain\">Efekty dymu<\/span><\/p>\n<\/li>\n<li class=\"md-list-item\">\n<p class=\"md-end-block md-p\"><span class=\"md-plain\">Subtelny blask<\/span><\/p>\n<\/li>\n<li class=\"md-list-item\">\n<p class=\"md-end-block md-p\"><span class=\"md-plain\">B\u0142yszcz\u0105ce usta<\/span> <span class=\"md-plain\">Wynik: Eteryczna elegancja<\/span><\/p>\n<\/li>\n<\/ul>\n<h2 class=\"md-end-block md-heading\"><span class=\"md-plain\">Funkcje premium<\/span><\/h2>\n<ol class=\"ol-list\" start=\"\">\n<li class=\"md-list-item\">\n<p class=\"md-end-block md-p\"><span class=\"md-plain\">Technologia mistycznej purpury<\/span><\/p>\n<\/li>\n<li class=\"md-list-item\">\n<p class=\"md-end-block md-p\"><span class=\"md-plain\">Opalizuj\u0105ce refleksy<\/span><\/p>\n<\/li>\n<li class=\"md-list-item\">\n<p class=\"md-end-block md-p\"><span class=\"md-plain\">Efekt hipnotyczny<\/span><\/p>\n<\/li>\n<li class=\"md-list-item\">\n<p class=\"md-end-block md-p\"><span class=\"md-plain\">Krystalicznie czysta wizja<\/span><\/p>\n<\/li>\n<li class=\"md-list-item\">\n<p class=\"md-end-block md-p\"><span class=\"md-plain\">Komfort przez ca\u0142y dzie\u0144<\/span><\/p>\n<\/li>\n<li class=\"md-list-item\">\n<p class=\"md-end-block md-p\"><span class=\"md-plain\">Tajemnicza g\u0142\u0119bia<\/span><\/p>\n<\/li>\n<li class=\"md-list-item\">\n<p class=\"md-end-block md-p\"><span class=\"md-plain\">Naturalne przej\u015bcie<\/span><\/p>\n<\/li>\n<li class=\"md-list-item\">\n<p class=\"md-end-block md-p\"><span class=\"md-plain\">Ochrona przed promieniowaniem UV<\/span><\/p>\n<\/li>\n<li class=\"md-list-item\">\n<p class=\"md-end-block md-p\"><span class=\"md-plain\">Mi\u0119kki materia\u0142<\/span><\/p>\n<\/li>\n<li class=\"md-list-item\">\n<p class=\"md-end-block md-p\"><span class=\"md-plain\">Ergonomiczna konstrukcja<\/span><\/p>\n<\/li>\n<\/ol>\n<h2 class=\"md-end-block md-heading\"><span class=\"md-plain\">Historie klient\u00f3w<\/span><\/h2>\n<blockquote>\n<p class=\"md-end-block md-p\"><span class=\"md-plain\">\"Te soczewki zmieniaj\u0105 moje spojrzenie w hipnotyzuj\u0105c\u0105 tajemnic\u0119\".<\/span> <span class=\"md-pair-s\"><em><span class=\"md-plain\">- Sophia K., artystka<\/span><\/em><\/span><\/p>\n<\/blockquote>\n<blockquote>\n<p class=\"md-end-block md-p\"><span class=\"md-plain\">\"Subtelny fioletowy efekt tworzy naprawd\u0119 wyj\u0105tkow\u0105 aur\u0119\".<\/span> <span class=\"md-pair-s\"><em><span class=\"md-plain\">- Isabella M., influencerka<\/span><\/em><\/span><\/p>\n<\/blockquote>\n<h2 class=\"md-end-block md-heading\"><span class=\"md-plain\">Technologia kolor\u00f3w<\/span><\/h2>\n<h3 class=\"md-end-block md-heading\"><span class=\"md-plain\">Mystic Pattern Design<\/span><\/h3>\n<ul class=\"ul-list\" data-mark=\"-\">\n<li class=\"md-list-item\">\n<p class=\"md-end-block md-p\"><span class=\"md-plain\">Baza: G\u0142\u0119boki fiolet<\/span><\/p>\n<\/li>\n<li class=\"md-list-item\">\n<p class=\"md-end-block md-p\"><span class=\"md-plain\">\u015arodek: Ametyst<\/span><\/p>\n<\/li>\n<li class=\"md-list-item\">\n<p class=\"md-end-block md-p\"><span class=\"md-plain\">Zewn\u0119trzna: Per\u0142owy fiolet<\/span><\/p>\n<\/li>\n<li class=\"md-list-item\">\n<p class=\"md-end-block md-p\"><span class=\"md-plain\">Pier\u015bcie\u0144: intensywny fiolet<\/span><\/p>\n<\/li>\n<li class=\"md-list-item\">\n<p class=\"md-end-block md-p\"><span class=\"md-plain\">\u015arodek: Jasny fiolet<\/span><\/p>\n<\/li>\n<\/ul>\n<h3 class=\"md-end-block md-heading\"><span class=\"md-plain\">Adaptacja do \u015bwiat\u0142a<\/span><\/h3>\n<ul class=\"ul-list\" data-mark=\"-\">\n<li class=\"md-list-item\">\n<p class=\"md-end-block md-p\"><span class=\"md-plain\">\u015awiat\u0142o dzienne: Subtelny fiolet<\/span><\/p>\n<\/li>\n<li class=\"md-list-item\">\n<p class=\"md-end-block md-p\"><span class=\"md-plain\">Wiecz\u00f3r: G\u0142\u0119boki fiolet<\/span><\/p>\n<\/li>\n<li class=\"md-list-item\">\n<p class=\"md-end-block md-p\"><span class=\"md-plain\">Indoor: Tajemniczy fiolet<\/span><\/p>\n<\/li>\n<li class=\"md-list-item\">\n<p class=\"md-end-block md-p\"><span class=\"md-plain\">Noc: Bogaty fiolet<\/span><\/p>\n<\/li>\n<\/ul>\n<h2 class=\"md-end-block md-heading\"><span class=\"md-plain\">Przewodnik noszenia<\/span><\/h2>\n<h3 class=\"md-end-block md-heading\"><span class=\"md-plain\">Codzienna opieka<\/span><\/h3>\n<p class=\"md-end-block md-p\"><span class=\"md-plain\">Rano:<\/span><\/p>\n<ul class=\"ul-list\" data-mark=\"-\">\n<li class=\"md-list-item\">\n<p class=\"md-end-block md-p\"><span class=\"md-plain\">Delikatne wprowadzanie<\/span><\/p>\n<\/li>\n<li class=\"md-list-item\">\n<p class=\"md-end-block md-p\"><span class=\"md-plain\">Sprawdzenie efektu<\/span><\/p>\n<\/li>\n<li class=\"md-list-item\">\n<p class=\"md-end-block md-p\"><span class=\"md-plain\">Weryfikacja komfortu<\/span><\/p>\n<\/li>\n<\/ul>\n<p class=\"md-end-block md-p\"><span class=\"md-plain\">Wiecz\u00f3r:<\/span><\/p>\n<ul class=\"ul-list\" data-mark=\"-\">\n<li class=\"md-list-item\">\n<p class=\"md-end-block md-p\"><span class=\"md-plain\">Ostro\u017cne usuwanie<\/span><\/p>\n<\/li>\n<li class=\"md-list-item\">\n<p class=\"md-end-block md-p\"><span class=\"md-plain\">Dok\u0142adne czyszczenie<\/span><\/p>\n<\/li>\n<li class=\"md-list-item\">\n<p class=\"md-end-block md-p\"><span class=\"md-plain\">Bezpieczne przechowywanie<\/span><\/p>\n<\/li>\n<\/ul>\n<h2 class=\"md-end-block md-heading\"><span class=\"md-plain\">Kombinacje styl\u00f3w<\/span><\/h2>\n<h3 class=\"md-end-block md-heading\"><span class=\"md-plain\">Naturalna tajemnica<\/span><\/h3>\n<ul class=\"ul-list\" data-mark=\"-\">\n<li class=\"md-list-item\">\n<p class=\"md-end-block md-p\"><span class=\"md-plain\">Mi\u0119kka fioletowa podstawa<\/span><\/p>\n<\/li>\n<li class=\"md-list-item\">\n<p class=\"md-end-block md-p\"><span class=\"md-plain\">Lekki makija\u017c<\/span><\/p>\n<\/li>\n<li class=\"md-list-item\">\n<p class=\"md-end-block md-p\"><span class=\"md-plain\">Subtelny efekt<\/span> <span class=\"md-plain\">Wynik: Delikatne oczarowanie<\/span><\/p>\n<\/li>\n<\/ul>\n<h3 class=\"md-end-block md-heading\"><span class=\"md-plain\">Dramatyczna magia<\/span><\/h3>\n<ul class=\"ul-list\" data-mark=\"-\">\n<li class=\"md-list-item\">\n<p class=\"md-end-block md-p\"><span class=\"md-plain\">Intensywno\u015b\u0107 g\u0142\u0119bokiego fioletu<\/span><\/p>\n<\/li>\n<li class=\"md-list-item\">\n<p class=\"md-end-block md-p\"><span class=\"md-plain\">Smokey eyes<\/span><\/p>\n<\/li>\n<li class=\"md-list-item\">\n<p class=\"md-end-block md-p\"><span class=\"md-plain\">Maksymalny blask<\/span> <span class=\"md-plain\">Wynik: Piorunuj\u0105ce uderzenie<\/span><\/p>\n<\/li>\n<\/ul>\n<h3 class=\"md-end-block md-heading\"><span class=\"md-plain\">Elegant Enigma<\/span><\/h3>\n<ul class=\"ul-list\" data-mark=\"-\">\n<li class=\"md-list-item\">\n<p class=\"md-end-block md-p\"><span class=\"md-plain\">Bogata fioletowa g\u0142\u0119bia<\/span><\/p>\n<\/li>\n<li class=\"md-list-item\">\n<p class=\"md-end-block md-p\"><span class=\"md-plain\">Wyrafinowany makija\u017c<\/span><\/p>\n<\/li>\n<li class=\"md-list-item\">\n<p class=\"md-end-block md-p\"><span class=\"md-plain\">Per\u0142owe akcenty<\/span> <span class=\"md-plain\">Wynik: Tajemnicze wyrafinowanie<\/span><\/p>\n<\/li>\n<\/ul>\n<h2 class=\"md-end-block md-heading\"><span class=\"md-plain\">Efekty specjalne<\/span><\/h2>\n<h3 class=\"md-end-block md-heading\"><span class=\"md-plain\">Light Play<\/span><\/h3>\n<ul class=\"ul-list\" data-mark=\"-\">\n<li class=\"md-list-item\">\n<p class=\"md-end-block md-p\"><span class=\"md-plain\">Wielowymiarowy po\u0142ysk<\/span><\/p>\n<\/li>\n<li class=\"md-list-item\">\n<p class=\"md-end-block md-p\"><span class=\"md-plain\">Mistyczny po\u0142ysk<\/span><\/p>\n<\/li>\n<li class=\"md-list-item\">\n<p class=\"md-end-block md-p\"><span class=\"md-plain\">P\u0142ynne przej\u015bcia<\/span><\/p>\n<\/li>\n<li class=\"md-list-item\">\n<p class=\"md-end-block md-p\"><span class=\"md-plain\">Naturalny ruch<\/span><\/p>\n<\/li>\n<li class=\"md-list-item\">\n<p class=\"md-end-block md-p\"><span class=\"md-plain\">Zmienna g\u0142\u0119boko\u015b\u0107<\/span><\/p>\n<\/li>\n<\/ul>\n<h3 class=\"md-end-block md-heading\"><span class=\"md-plain\">Kolor Wymiary<\/span><\/h3>\n<ul class=\"ul-list\" data-mark=\"-\">\n<li class=\"md-list-item\">\n<p class=\"md-end-block md-p\"><span class=\"md-plain\">Tajemnicza baza<\/span><\/p>\n<\/li>\n<li class=\"md-list-item\">\n<p class=\"md-end-block md-p\"><span class=\"md-plain\">Punkty \u015bwietlne<\/span><\/p>\n<\/li>\n<li class=\"md-list-item\">\n<p class=\"md-end-block md-p\"><span class=\"md-plain\">Subtelne wzory<\/span><\/p>\n<\/li>\n<li class=\"md-list-item\">\n<p class=\"md-end-block md-p\"><span class=\"md-plain\">Zmieniaj\u0105ce si\u0119 odbicia<\/span><\/p>\n<\/li>\n<li class=\"md-list-item\">\n<p class=\"md-end-block md-p\"><span class=\"md-plain\">Naturalna adaptacja<\/span><\/p>\n<\/li>\n<\/ul>\n<h3 class=\"md-end-block md-heading\"><span class=\"md-plain\">Funkcje komfortowe<\/span><\/h3>\n<ul class=\"ul-list\" data-mark=\"-\">\n<li class=\"md-list-item\">\n<p class=\"md-end-block md-p\"><span class=\"md-plain\">Oddychaj\u0105cy materia\u0142<\/span><\/p>\n<\/li>\n<li class=\"md-list-item\">\n<p class=\"md-end-block md-p\"><span class=\"md-plain\">Przed\u0142u\u017cone zu\u017cycie<\/span><\/p>\n<\/li>\n<li class=\"md-list-item\">\n<p class=\"md-end-block md-p\"><span class=\"md-plain\">Ci\u0105g\u0142e nawil\u017canie<\/span><\/p>\n<\/li>\n<li class=\"md-list-item\">\n<p class=\"md-end-block md-p\"><span class=\"md-plain\">Zaokr\u0105glone kraw\u0119dzie<\/span><\/p>\n<\/li>\n<li class=\"md-list-item\">\n<p class=\"md-end-block md-p\"><span class=\"md-plain\">Naturalny dotyk<\/span><\/p>\n<\/li>\n<\/ul>\n<h2 class=\"md-end-block md-heading\"><span class=\"md-plain\">\ud83c\udf19 Wieczorne wzmocnienie<\/span><\/h2>\n<h3 class=\"md-end-block md-heading\"><span class=\"md-plain\">Magia zmierzchu<\/span><\/h3>\n<ul class=\"ul-list\" data-mark=\"-\">\n<li class=\"md-list-item\">\n<p class=\"md-end-block md-p\"><span class=\"md-plain\">Ulepszony fioletowy<\/span><\/p>\n<\/li>\n<li class=\"md-list-item\">\n<p class=\"md-end-block md-p\"><span class=\"md-plain\">Tajemnicze odbicia<\/span><\/p>\n<\/li>\n<li class=\"md-list-item\">\n<p class=\"md-end-block md-p\"><span class=\"md-plain\">Subtelny blask<\/span> <span class=\"md-plain\">Wynik: Nocny urok<\/span><\/p>\n<\/li>\n<\/ul>\n<h3 class=\"md-end-block md-heading\"><span class=\"md-plain\">Tajemnica zmierzchu<\/span><\/h3>\n<ul class=\"ul-list\" data-mark=\"-\">\n<li class=\"md-list-item\">\n<p class=\"md-end-block md-p\"><span class=\"md-plain\">G\u0142\u0119bokie tony<\/span><\/p>\n<\/li>\n<li class=\"md-list-item\">\n<p class=\"md-end-block md-p\"><span class=\"md-plain\">Delikatny po\u0142ysk<\/span><\/p>\n<\/li>\n<li class=\"md-list-item\">\n<p class=\"md-end-block md-p\"><span class=\"md-plain\">Enigmatyczna aura<\/span> <span class=\"md-plain\">Wynik: Mistyczne pi\u0119kno<\/span><\/p>\n<\/li>\n<\/ul>\n<p class=\"md-end-block md-p md-focus\"><span class=\"md-pair-s md-expand\"><em><span class=\"md-plain\">Zmie\u0144 swoje spojrzenie w czaruj\u0105c\u0105 tajemnic\u0119 dzi\u0119ki soczewkom kontaktowym Secret Dream Purple, w kt\u00f3rych ka\u017cde spojrzenie opowiada mistyczn\u0105 histori\u0119. \u2728<\/span><\/em><\/span><\/p>","protected":false},"excerpt":{"rendered":"<p>Secret Dream Purple Contact Lenses &#8211; Mystical Enchantment \u2728 Discover the allure of mysterious purple lenses &#8211; where dreams and reality intertwine \ud83c\udf1f Professional Reviews Expert Insights &#8220;These purple lenses create an otherworldly depth that captivates.&#8221; &#8211; Victoria R., Celebrity Makeup Artist &#8220;The purple gradient mimics twilight secrets in every glance.&#8221; &#8211; Christopher M., Fashion [&#8230;]\n","protected":false},"featured_media":1898,"comment_status":"open","ping_status":"closed","template":"","meta":[],"product_brand":[],"product_cat":[82,92,188,98],"product_tag":[380],"class_list":{"0":"post-1896","1":"product","2":"type-product","3":"status-publish","4":"has-post-thumbnail","6":"product_cat-purple-contact-lenses","7":"product_cat-14-5-mm","8":"product_cat-dream-contacts","9":"product_cat-yearly-disposable","10":"product_tag-purple-contact-lenses","12":"first","13":"instock","14":"sale","15":"shipping-taxable","16":"purchasable","17":"product-type-variable","18":"has-default-attributes"},"_links":{"self":[{"href":"https:\/\/bqeye.com\/pl\/wp-json\/wp\/v2\/product\/1896","targetHints":{"allow":["GET"]}}],"collection":[{"href":"https:\/\/bqeye.com\/pl\/wp-json\/wp\/v2\/product"}],"about":[{"href":"https:\/\/bqeye.com\/pl\/wp-json\/wp\/v2\/types\/product"}],"replies":[{"embeddable":true,"href":"https:\/\/bqeye.com\/pl\/wp-json\/wp\/v2\/comments?post=1896"}],"wp:featuredmedia":[{"embeddable":true,"href":"https:\/\/bqeye.com\/pl\/wp-json\/wp\/v2\/media\/1898"}],"wp:attachment":[{"href":"https:\/\/bqeye.com\/pl\/wp-json\/wp\/v2\/media?parent=1896"}],"wp:term":[{"taxonomy":"product_brand","embeddable":true,"href":"https:\/\/bqeye.com\/pl\/wp-json\/wp\/v2\/product_brand?post=1896"},{"taxonomy":"product_cat","embeddable":true,"href":"https:\/\/bqeye.com\/pl\/wp-json\/wp\/v2\/product_cat?post=1896"},{"taxonomy":"product_tag","embeddable":true,"href":"https:\/\/bqeye.com\/pl\/wp-json\/wp\/v2\/product_tag?post=1896"}],"curies":[{"name":"wp","href":"https:\/\/api.w.org\/{rel}","templated":true}]}}