{"id":1903,"date":"2025-01-04T16:19:42","date_gmt":"2025-01-04T08:19:42","guid":{"rendered":"https:\/\/bqeye.com\/?post_type=product&#038;p=1903"},"modified":"2025-01-04T16:21:06","modified_gmt":"2025-01-04T08:21:06","slug":"ice-crystal-secret-blue-contact-lenses","status":"publish","type":"product","link":"https:\/\/bqeye.com\/pl\/ice-crystal-secret-blue-contact-lenses\/","title":{"rendered":"Soczewki kontaktowe Ice Crystal Secret Blue"},"content":{"rendered":"<h1 class=\"md-end-block md-heading\"><span class=\"md-plain md-expand\">Soczewki kontaktowe Ice Crystal Secret Blue - Frozen Magic \u2744\ufe0f<\/span><\/h1>\n<p class=\"md-end-block md-p\"><span class=\"md-pair-s\"><em><span class=\"md-plain\">Odmie\u0144 swoje spojrzenie dzi\u0119ki eterycznym soczewkom z kryszta\u0142u lodu z tajemnicz\u0105 niebiesk\u0105 g\u0142\u0119bi\u0105 i krystalicznymi refleksami<\/span><\/em><\/span><\/p>\n<h2 class=\"md-end-block md-heading\"><span class=\"md-plain\">Recenzje Crystal<\/span><\/h2>\n<h3 class=\"md-end-block md-heading\"><span class=\"md-plain\">Frozen Insights<\/span><\/h3>\n<blockquote>\n<p class=\"md-end-block md-p\"><span class=\"md-plain\">\"Te soczewki tworz\u0105 czyst\u0105 kryszta\u0142ow\u0105 magi\u0119 w ka\u017cdym spojrzeniu\".<\/span> <span class=\"md-pair-s\"><em><span class=\"md-plain\">- Winter R., Ice Artist<\/span><\/em><\/span><\/p>\n<\/blockquote>\n<blockquote>\n<p class=\"md-end-block md-p\"><span class=\"md-plain\">\"B\u0142\u0119kitne g\u0142\u0119biny skrywaj\u0105 staro\u017cytne tajemnice lodowc\u00f3w\".<\/span> <span class=\"md-pair-s\"><em><span class=\"md-plain\">- Frost K., specjalista ds. kryszta\u0142\u00f3w<\/span><\/em><\/span><\/p>\n<\/blockquote>\n<blockquote>\n<p class=\"md-end-block md-p\"><span class=\"md-plain\">\"Moi klienci s\u0105 zahipnotyzowani efektem kryszta\u0142u lodu\".<\/span> <span class=\"md-pair-s\"><em><span class=\"md-plain\">- Crystal M., stylistka mro\u017conek<\/span><\/em><\/span><\/p>\n<\/blockquote>\n<h2 class=\"md-end-block md-heading\"><span class=\"md-plain\">\u2744\ufe0f Crystal Moments<\/span><\/h2>\n<h3 class=\"md-end-block md-heading\"><span class=\"md-plain\">Idealny dla<\/span><\/h3>\n<ul class=\"ul-list\" data-mark=\"-\">\n<li class=\"md-list-item\">\n<p class=\"md-end-block md-p\"><span class=\"md-plain\">Gale lodowe<\/span><\/p>\n<\/li>\n<li class=\"md-list-item\">\n<p class=\"md-end-block md-p\"><span class=\"md-plain\">Kryszta\u0142owe p\u0119dy<\/span><\/p>\n<\/li>\n<li class=\"md-list-item\">\n<p class=\"md-end-block md-p\"><span class=\"md-plain\">Zamro\u017cone wydarzenia<\/span><\/p>\n<\/li>\n<li class=\"md-list-item\">\n<p class=\"md-end-block md-p\"><span class=\"md-plain\">Pokazy zimowe<\/span><\/p>\n<\/li>\n<li class=\"md-list-item\">\n<p class=\"md-end-block md-p\"><span class=\"md-plain\">Festiwale lodowe<\/span><\/p>\n<\/li>\n<li class=\"md-list-item\">\n<p class=\"md-end-block md-p\"><span class=\"md-plain\">Kryszta\u0142owe przyj\u0119cia<\/span><\/p>\n<\/li>\n<\/ul>\n<h3 class=\"md-end-block md-heading\"><span class=\"md-plain\">Idealne ustawienia<\/span><\/h3>\n<ul class=\"ul-list\" data-mark=\"-\">\n<li class=\"md-list-item\">\n<p class=\"md-end-block md-p\"><span class=\"md-plain\">Lodowe pa\u0142ace<\/span><\/p>\n<\/li>\n<li class=\"md-list-item\">\n<p class=\"md-end-block md-p\"><span class=\"md-plain\">Hale kryszta\u0142owe<\/span><\/p>\n<\/li>\n<li class=\"md-list-item\">\n<p class=\"md-end-block md-p\"><span class=\"md-plain\">Zamro\u017cone miejsca<\/span><\/p>\n<\/li>\n<li class=\"md-list-item\">\n<p class=\"md-end-block md-p\"><span class=\"md-plain\">Studia zimowe<\/span><\/p>\n<\/li>\n<li class=\"md-list-item\">\n<p class=\"md-end-block md-p\"><span class=\"md-plain\">Lodowe ogrody<\/span><\/p>\n<\/li>\n<li class=\"md-list-item\">\n<p class=\"md-end-block md-p\"><span class=\"md-plain\">Kryszta\u0142owe kr\u00f3lestwa<\/span><\/p>\n<\/li>\n<\/ul>\n<h2 class=\"md-end-block md-heading\"><span class=\"md-plain\">Przewodnik po lodzie<\/span><\/h2>\n<h3 class=\"md-end-block md-heading\"><span class=\"md-plain\">Crystal Day Look<\/span><\/h3>\n<p class=\"md-end-block md-p\"><span class=\"md-plain\">Utw\u00f3rz za pomoc\u0105:<\/span><\/p>\n<ul class=\"ul-list\" data-mark=\"-\">\n<li class=\"md-list-item\">\n<p class=\"md-end-block md-p\"><span class=\"md-plain\">Lodowo-niebieskie soczewki<\/span><\/p>\n<\/li>\n<li class=\"md-list-item\">\n<p class=\"md-end-block md-p\"><span class=\"md-plain\">Kryszta\u0142owy cie\u0144<\/span><\/p>\n<\/li>\n<li class=\"md-list-item\">\n<p class=\"md-end-block md-p\"><span class=\"md-plain\">Tusz do rz\u0119s Frost<\/span><\/p>\n<\/li>\n<li class=\"md-list-item\">\n<p class=\"md-end-block md-p\"><span class=\"md-plain\">Lodowa atrakcja<\/span> <span class=\"md-plain\">Wynik: Dzie\u0144 mrozu<\/span><\/p>\n<\/li>\n<\/ul>\n<h3 class=\"md-end-block md-heading\"><span class=\"md-plain\">Crystal Night Look<\/span><\/h3>\n<p class=\"md-end-block md-p\"><span class=\"md-plain\">Wzmocnienie z:<\/span><\/p>\n<ul class=\"ul-list\" data-mark=\"-\">\n<li class=\"md-list-item\">\n<p class=\"md-end-block md-p\"><span class=\"md-plain\">G\u0142\u0119boki lodowy b\u0142\u0119kit<\/span><\/p>\n<\/li>\n<li class=\"md-list-item\">\n<p class=\"md-end-block md-p\"><span class=\"md-plain\">Kryszta\u0142owy blask<\/span><\/p>\n<\/li>\n<li class=\"md-list-item\">\n<p class=\"md-end-block md-p\"><span class=\"md-plain\">Mro\u017cony po\u0142ysk<\/span><\/p>\n<\/li>\n<li class=\"md-list-item\">\n<p class=\"md-end-block md-p\"><span class=\"md-plain\">Lodowy blask<\/span> <span class=\"md-plain\">Wynik: Magia nocy<\/span><\/p>\n<\/li>\n<\/ul>\n<h2 class=\"md-end-block md-heading\"><span class=\"md-plain\">Cechy kryszta\u0142u<\/span><\/h2>\n<ol class=\"ol-list\" start=\"\">\n<li class=\"md-list-item\">\n<p class=\"md-end-block md-p\"><span class=\"md-plain\">Technologia lodowa<\/span><\/p>\n<\/li>\n<li class=\"md-list-item\">\n<p class=\"md-end-block md-p\"><span class=\"md-plain\">Kryszta\u0142owe refleksy<\/span><\/p>\n<\/li>\n<li class=\"md-list-item\">\n<p class=\"md-end-block md-p\"><span class=\"md-plain\">Efekt mrozu<\/span><\/p>\n<\/li>\n<li class=\"md-list-item\">\n<p class=\"md-end-block md-p\"><span class=\"md-plain\">Przejrzysto\u015b\u0107 lodu<\/span><\/p>\n<\/li>\n<li class=\"md-list-item\">\n<p class=\"md-end-block md-p\"><span class=\"md-plain\">Krystaliczny komfort<\/span><\/p>\n<\/li>\n<li class=\"md-list-item\">\n<p class=\"md-end-block md-p\"><span class=\"md-plain\">G\u0142\u0119boko\u015b\u0107 zamro\u017cenia<\/span><\/p>\n<\/li>\n<li class=\"md-list-item\">\n<p class=\"md-end-block md-p\"><span class=\"md-plain\">Przej\u015bcie do lodu<\/span><\/p>\n<\/li>\n<li class=\"md-list-item\">\n<p class=\"md-end-block md-p\"><span class=\"md-plain\">Ochrona kryszta\u0142\u00f3w<\/span><\/p>\n<\/li>\n<li class=\"md-list-item\">\n<p class=\"md-end-block md-p\"><span class=\"md-plain\">Materia\u0142 Frost<\/span><\/p>\n<\/li>\n<li class=\"md-list-item\">\n<p class=\"md-end-block md-p\"><span class=\"md-plain\">Projekt lodu<\/span><\/p>\n<\/li>\n<\/ol>\n<h2 class=\"md-end-block md-heading\"><span class=\"md-plain\">Kryszta\u0142owe historie<\/span><\/h2>\n<blockquote>\n<p class=\"md-end-block md-p\"><span class=\"md-plain\">\"Te soczewki zmieniaj\u0105 moje oczy w \u017cywy l\u00f3d\".<\/span> <span class=\"md-pair-s\"><em><span class=\"md-plain\">- Frost B., Ice Creator<\/span><\/em><\/span><\/p>\n<\/blockquote>\n<blockquote>\n<p class=\"md-end-block md-p\"><span class=\"md-plain\">\"Krystalicznie niebieski efekt to czysta magia\".<\/span> <span class=\"md-pair-s\"><em><span class=\"md-plain\">- Snow M., Ice Influencer<\/span><\/em><\/span><\/p>\n<\/blockquote>\n<h2 class=\"md-end-block md-heading\"><span class=\"md-plain\">Lodowe kolory<\/span><\/h2>\n<h3 class=\"md-end-block md-heading\"><span class=\"md-plain\">Kryszta\u0142owy wz\u00f3r<\/span><\/h3>\n<ul class=\"ul-list\" data-mark=\"-\">\n<li class=\"md-list-item\">\n<p class=\"md-end-block md-p\"><span class=\"md-plain\">Podstawa: Lodowy niebieski<\/span><\/p>\n<\/li>\n<li class=\"md-list-item\">\n<p class=\"md-end-block md-p\"><span class=\"md-plain\">\u015arodek: Krystaliczny niebieski<\/span><\/p>\n<\/li>\n<li class=\"md-list-item\">\n<p class=\"md-end-block md-p\"><span class=\"md-plain\">Zewn\u0119trzne: Mro\u017any niebieski<\/span><\/p>\n<\/li>\n<li class=\"md-list-item\">\n<p class=\"md-end-block md-p\"><span class=\"md-plain\">Pier\u015bcionek: sekretny niebieski<\/span><\/p>\n<\/li>\n<li class=\"md-list-item\">\n<p class=\"md-end-block md-p\"><span class=\"md-plain\">\u015arodek: Czysty l\u00f3d<\/span><\/p>\n<\/li>\n<\/ul>\n<h3 class=\"md-end-block md-heading\"><span class=\"md-plain\">Crystal Response<\/span><\/h3>\n<ul class=\"ul-list\" data-mark=\"-\">\n<li class=\"md-list-item\">\n<p class=\"md-end-block md-p\"><span class=\"md-plain\">\u015awit: Lodowe \u015bwiat\u0142o<\/span><\/p>\n<\/li>\n<li class=\"md-list-item\">\n<p class=\"md-end-block md-p\"><span class=\"md-plain\">W po\u0142udnie: Kryszta\u0142owy blask<\/span><\/p>\n<\/li>\n<li class=\"md-list-item\">\n<p class=\"md-end-block md-p\"><span class=\"md-plain\">Zmierzch: Mro\u017any niebieski<\/span><\/p>\n<\/li>\n<li class=\"md-list-item\">\n<p class=\"md-end-block md-p\"><span class=\"md-plain\">Noc: G\u0142\u0119boki l\u00f3d<\/span><\/p>\n<\/li>\n<\/ul>\n<h2 class=\"md-end-block md-heading\"><span class=\"md-plain\">Przewodnik po lodzie<\/span><\/h2>\n<h3 class=\"md-end-block md-heading\"><span class=\"md-plain\">Crystal Care<\/span><\/h3>\n<p class=\"md-end-block md-p\"><span class=\"md-plain\">Rano:<\/span><\/p>\n<ul class=\"ul-list\" data-mark=\"-\">\n<li class=\"md-list-item\">\n<p class=\"md-end-block md-p\"><span class=\"md-plain\">Lodowy rytua\u0142<\/span><\/p>\n<\/li>\n<li class=\"md-list-item\">\n<p class=\"md-end-block md-p\"><span class=\"md-plain\">Kontrola kryszta\u0142\u00f3w<\/span><\/p>\n<\/li>\n<li class=\"md-list-item\">\n<p class=\"md-end-block md-p\"><span class=\"md-plain\">Komfort mrozu<\/span><\/p>\n<\/li>\n<\/ul>\n<p class=\"md-end-block md-p\"><span class=\"md-plain\">Wiecz\u00f3r:<\/span><\/p>\n<ul class=\"ul-list\" data-mark=\"-\">\n<li class=\"md-list-item\">\n<p class=\"md-end-block md-p\"><span class=\"md-plain\">Delikatne usuwanie<\/span><\/p>\n<\/li>\n<li class=\"md-list-item\">\n<p class=\"md-end-block md-p\"><span class=\"md-plain\">Czyszczenie kryszta\u0142\u00f3w<\/span><\/p>\n<\/li>\n<li class=\"md-list-item\">\n<p class=\"md-end-block md-p\"><span class=\"md-plain\">Przechowywanie lodu<\/span><\/p>\n<\/li>\n<\/ul>\n<h2 class=\"md-end-block md-heading\"><span class=\"md-plain\">Kryszta\u0142owe style<\/span><\/h2>\n<h3 class=\"md-end-block md-heading\"><span class=\"md-plain\">Delikatny l\u00f3d<\/span><\/h3>\n<ul class=\"ul-list\" data-mark=\"-\">\n<li class=\"md-list-item\">\n<p class=\"md-end-block md-p\"><span class=\"md-plain\">Jasny kryszta\u0142<\/span><\/p>\n<\/li>\n<li class=\"md-list-item\">\n<p class=\"md-end-block md-p\"><span class=\"md-plain\">Mro\u017any po\u0142ysk<\/span><\/p>\n<\/li>\n<li class=\"md-list-item\">\n<p class=\"md-end-block md-p\"><span class=\"md-plain\">Lodowy blask<\/span> <span class=\"md-plain\">Wynik: Delikatna magia<\/span><\/p>\n<\/li>\n<\/ul>\n<h3 class=\"md-end-block md-heading\"><span class=\"md-plain\">Full Crystal<\/span><\/h3>\n<ul class=\"ul-list\" data-mark=\"-\">\n<li class=\"md-list-item\">\n<p class=\"md-end-block md-p\"><span class=\"md-plain\">G\u0142\u0119boki l\u00f3d<\/span><\/p>\n<\/li>\n<li class=\"md-list-item\">\n<p class=\"md-end-block md-p\"><span class=\"md-plain\">Kryszta\u0142owy brokat<\/span><\/p>\n<\/li>\n<li class=\"md-list-item\">\n<p class=\"md-end-block md-p\"><span class=\"md-plain\">Maksymalny po\u0142ysk<\/span> <span class=\"md-plain\">Wynik: Czysty mr\u00f3z<\/span><\/p>\n<\/li>\n<\/ul>\n<h3 class=\"md-end-block md-heading\"><span class=\"md-plain\">Frozen Look<\/span><\/h3>\n<ul class=\"ul-list\" data-mark=\"-\">\n<li class=\"md-list-item\">\n<p class=\"md-end-block md-p\"><span class=\"md-plain\">Bogaty l\u00f3d<\/span><\/p>\n<\/li>\n<li class=\"md-list-item\">\n<p class=\"md-end-block md-p\"><span class=\"md-plain\">Kryszta\u0142owe punkty<\/span><\/p>\n<\/li>\n<li class=\"md-list-item\">\n<p class=\"md-end-block md-p\"><span class=\"md-plain\">Mro\u017any po\u0142ysk<\/span> <span class=\"md-plain\">Wynik: Lodowy urok<\/span><\/p>\n<\/li>\n<\/ul>\n<h2 class=\"md-end-block md-heading\"><span class=\"md-plain\">Efekty kryszta\u0142\u00f3w<\/span><\/h2>\n<h3 class=\"md-end-block md-heading\"><span class=\"md-plain\">Magia \u015bwiat\u0142a<\/span><\/h3>\n<ul class=\"ul-list\" data-mark=\"-\">\n<li class=\"md-list-item\">\n<p class=\"md-end-block md-p\"><span class=\"md-plain\">Lodowe refleksy<\/span><\/p>\n<\/li>\n<li class=\"md-list-item\">\n<p class=\"md-end-block md-p\"><span class=\"md-plain\">Kryszta\u0142owy po\u0142ysk<\/span><\/p>\n<\/li>\n<li class=\"md-list-item\">\n<p class=\"md-end-block md-p\"><span class=\"md-plain\">Przej\u015bcia mrozu<\/span><\/p>\n<\/li>\n<li class=\"md-list-item\">\n<p class=\"md-end-block md-p\"><span class=\"md-plain\">Ruch lodu<\/span><\/p>\n<\/li>\n<li class=\"md-list-item\">\n<p class=\"md-end-block md-p\"><span class=\"md-plain\">G\u0142\u0119boko\u015b\u0107 kryszta\u0142u<\/span><\/p>\n<\/li>\n<\/ul>\n<h3 class=\"md-end-block md-heading\"><span class=\"md-plain\">Wymiary lodu<\/span><\/h3>\n<ul class=\"ul-list\" data-mark=\"-\">\n<li class=\"md-list-item\">\n<p class=\"md-end-block md-p\"><span class=\"md-plain\">Kryszta\u0142owa podstawa<\/span><\/p>\n<\/li>\n<li class=\"md-list-item\">\n<p class=\"md-end-block md-p\"><span class=\"md-plain\">Punkty Frost<\/span><\/p>\n<\/li>\n<li class=\"md-list-item\">\n<p class=\"md-end-block md-p\"><span class=\"md-plain\">Wzory lodu<\/span><\/p>\n<\/li>\n<li class=\"md-list-item\">\n<p class=\"md-end-block md-p\"><span class=\"md-plain\">Kryszta\u0142owe refleksy<\/span><\/p>\n<\/li>\n<li class=\"md-list-item\">\n<p class=\"md-end-block md-p\"><span class=\"md-plain\">Mro\u017cona adaptacja<\/span><\/p>\n<\/li>\n<\/ul>\n<h3 class=\"md-end-block md-heading\"><span class=\"md-plain\">Crystal Comfort<\/span><\/h3>\n<ul class=\"ul-list\" data-mark=\"-\">\n<li class=\"md-list-item\">\n<p class=\"md-end-block md-p\"><span class=\"md-plain\">Materia\u0142 lodowy<\/span><\/p>\n<\/li>\n<li class=\"md-list-item\">\n<p class=\"md-end-block md-p\"><span class=\"md-plain\">Zu\u017cycie kryszta\u0142\u00f3w<\/span><\/p>\n<\/li>\n<li class=\"md-list-item\">\n<p class=\"md-end-block md-p\"><span class=\"md-plain\">Nawodnienie mrozem<\/span><\/p>\n<\/li>\n<li class=\"md-list-item\">\n<p class=\"md-end-block md-p\"><span class=\"md-plain\">Kraw\u0119dzie lodu<\/span><\/p>\n<\/li>\n<li class=\"md-list-item\">\n<p class=\"md-end-block md-p\"><span class=\"md-plain\">Naturalny dotyk<\/span><\/p>\n<\/li>\n<\/ul>\n<h2 class=\"md-end-block md-heading\"><span class=\"md-plain\">Nocny l\u00f3d<\/span><\/h2>\n<h3 class=\"md-end-block md-heading\"><span class=\"md-plain\">Kryszta\u0142 wieczorny<\/span><\/h3>\n<ul class=\"ul-list\" data-mark=\"-\">\n<li class=\"md-list-item\">\n<p class=\"md-end-block md-p\"><span class=\"md-plain\">Ulepszony l\u00f3d<\/span><\/p>\n<\/li>\n<li class=\"md-list-item\">\n<p class=\"md-end-block md-p\"><span class=\"md-plain\">Kryszta\u0142owe refleksy<\/span><\/p>\n<\/li>\n<li class=\"md-list-item\">\n<p class=\"md-end-block md-p\"><span class=\"md-plain\">Mro\u017ana po\u015bwiata<\/span> <span class=\"md-plain\">Wynik: Nocny urok<\/span><\/p>\n<\/li>\n<\/ul>\n<h3 class=\"md-end-block md-heading\"><span class=\"md-plain\">Lodowy sen<\/span><\/h3>\n<ul class=\"ul-list\" data-mark=\"-\">\n<li class=\"md-list-item\">\n<p class=\"md-end-block md-p\"><span class=\"md-plain\">G\u0142\u0119bokie tony<\/span><\/p>\n<\/li>\n<li class=\"md-list-item\">\n<p class=\"md-end-block md-p\"><span class=\"md-plain\">Kryszta\u0142owy po\u0142ysk<\/span><\/p>\n<\/li>\n<li class=\"md-list-item\">\n<p class=\"md-end-block md-p\"><span class=\"md-plain\">Lodowa aura<\/span> <span class=\"md-plain\">Wynik: Zamro\u017cone pi\u0119kno<\/span><\/p>\n<\/li>\n<\/ul>\n<p class=\"md-end-block md-p md-focus\"><span class=\"md-pair-s md-expand\"><em><span class=\"md-plain\">Zmie\u0144 swoje spojrzenie w czyst\u0105 magi\u0119 kryszta\u0142u lodu dzi\u0119ki soczewkom kontaktowym Ice Crystal Secret Blue, w kt\u00f3rych ka\u017cde spojrzenie opowiada mro\u017an\u0105 histori\u0119. \u2744\ufe0f<\/span><\/em><\/span><\/p>","protected":false},"excerpt":{"rendered":"<p>Ice Crystal Secret Blue Contact Lenses &#8211; Frozen Magic \u2744\ufe0f Transform your gaze with ethereal ice crystal lenses featuring mysterious blue depths and crystalline reflections \ud83c\udf1f Crystal Reviews Frozen Insights &#8220;These lenses create pure crystal magic in every glance.&#8221; &#8211; Winter R., Ice Artist &#8220;The blue depths capture ancient glacier mysteries.&#8221; &#8211; Frost K., Crystal [&#8230;]\n","protected":false},"featured_media":1905,"comment_status":"open","ping_status":"closed","template":"","meta":[],"product_brand":[],"product_cat":[75,91,188,98],"product_tag":[380],"class_list":{"0":"post-1903","1":"product","2":"type-product","3":"status-publish","4":"has-post-thumbnail","6":"product_cat-blue-contact-lenses","7":"product_cat-14-2-mm","8":"product_cat-dream-contacts","9":"product_cat-yearly-disposable","10":"product_tag-purple-contact-lenses","12":"first","13":"instock","14":"sale","15":"shipping-taxable","16":"purchasable","17":"product-type-variable","18":"has-default-attributes"},"_links":{"self":[{"href":"https:\/\/bqeye.com\/pl\/wp-json\/wp\/v2\/product\/1903","targetHints":{"allow":["GET"]}}],"collection":[{"href":"https:\/\/bqeye.com\/pl\/wp-json\/wp\/v2\/product"}],"about":[{"href":"https:\/\/bqeye.com\/pl\/wp-json\/wp\/v2\/types\/product"}],"replies":[{"embeddable":true,"href":"https:\/\/bqeye.com\/pl\/wp-json\/wp\/v2\/comments?post=1903"}],"wp:featuredmedia":[{"embeddable":true,"href":"https:\/\/bqeye.com\/pl\/wp-json\/wp\/v2\/media\/1905"}],"wp:attachment":[{"href":"https:\/\/bqeye.com\/pl\/wp-json\/wp\/v2\/media?parent=1903"}],"wp:term":[{"taxonomy":"product_brand","embeddable":true,"href":"https:\/\/bqeye.com\/pl\/wp-json\/wp\/v2\/product_brand?post=1903"},{"taxonomy":"product_cat","embeddable":true,"href":"https:\/\/bqeye.com\/pl\/wp-json\/wp\/v2\/product_cat?post=1903"},{"taxonomy":"product_tag","embeddable":true,"href":"https:\/\/bqeye.com\/pl\/wp-json\/wp\/v2\/product_tag?post=1903"}],"curies":[{"name":"wp","href":"https:\/\/api.w.org\/{rel}","templated":true}]}}