{"id":1909,"date":"2025-01-04T17:06:36","date_gmt":"2025-01-04T09:06:36","guid":{"rendered":"https:\/\/bqeye.com\/?post_type=product&#038;p=1909"},"modified":"2025-01-04T17:07:55","modified_gmt":"2025-01-04T09:07:55","slug":"dover-crystal-light-blue-contact-lenses","status":"publish","type":"product","link":"https:\/\/bqeye.com\/pl\/dover-crystal-light-blue-contact-lenses\/","title":{"rendered":"Jasnoniebieskie soczewki kontaktowe Dover Crystal"},"content":{"rendered":"<h1 class=\"md-end-block md-heading\"><span class=\"md-plain md-expand\">Jasnoniebieskie soczewki kontaktowe Dover Crystal | Czaruj\u0105ca elegancja bia\u0142ych klif\u00f3w \ud83c\udf0a<\/span><\/h1>\n<h2 class=\"md-end-block md-heading\"><span class=\"md-plain\">Inspiracja z Dover<\/span><\/h2>\n<p class=\"md-end-block md-p\"><span class=\"md-plain\">Nasze jasnoniebieskie soczewki kontaktowe oddaj\u0105 hipnotyzuj\u0105c\u0105 esencj\u0119 nadmorskiego blasku Dover. Ka\u017cda para jasnoniebieskich soczewek odzwierciedla eteryczne odcienie, w kt\u00f3rych kana\u0142 La Manche spotyka si\u0119 z kultowymi bia\u0142ymi klifami. Te krystaliczne jasnoniebieskie soczewki kontaktowe uciele\u015bniaj\u0105 stale zmieniaj\u0105ce si\u0119 kolory w\u00f3d Dover - od porannego bladego lazuru do wspania\u0142ego popo\u0142udniowego cyjanu. Czerpi\u0105c inspiracj\u0119 z najs\u0142ynniejszego wybrze\u017ca Wielkiej Brytanii, te jasnoniebieskie soczewki kontaktowe odzwierciedlaj\u0105 magiczn\u0105 gr\u0119 \u015bwiat\u0142a s\u0142onecznego na morzach Dover, gdzie krystalicznie czyste wody ta\u0144cz\u0105 pod kredowo-bia\u0142ymi klifami, tworz\u0105c czaruj\u0105c\u0105 palet\u0119 jasnoniebieskich odcieni, kt\u00f3re zmieniaj\u0105 si\u0119 z ka\u017cdym spojrzeniem.<\/span><\/p>\n<h2 class=\"md-end-block md-heading\"><span class=\"md-plain\">Recenzje influencer\u00f3w \u2b50\ufe0f<\/span><\/h2>\n<p class=\"md-end-block md-p\"><span class=\"md-plain\">@BritishBeauty (1,7 mln obserwuj\u0105cych)<\/span> <span class=\"md-plain\">\"Te jasnoniebieskie styki doskonale oddaj\u0105 magi\u0119 wybrze\u017ca Dover! #BritishCoast\"<\/span><\/p>\n<p class=\"md-end-block md-p\"><span class=\"md-plain\">@StyleQueen (1,3 mln obserwuj\u0105cych)<\/span> <span class=\"md-plain\">\"Najbardziej naturalne jasnoniebieskie soczewki, jakie kiedykolwiek nosi\u0142em. Czysty angielski urok! \ud83d\udc99\"<\/span><\/p>\n<p class=\"md-end-block md-p\"><span class=\"md-plain\">@BeautyEditor (950 tys. obserwuj\u0105cych)<\/span> <span class=\"md-plain\">\"Te krystalicznie niebieskie styki s\u0105 po prostu osza\u0142amiaj\u0105ce - zupe\u0142nie jak wody Dover!\"<\/span><\/p>\n<h2 class=\"md-end-block md-heading\"><span class=\"md-plain\">Opinie klient\u00f3w \ud83d\udc9d<\/span><\/h2>\n<p class=\"md-end-block md-p\"><span class=\"md-plain\">Elizabeth M. \u2b50\ufe0f\u2b50\ufe0f\u2b50\ufe0f\u2b50\ufe0f\u2b50\ufe0f<\/span> <span class=\"md-plain\">\"Te jasnoniebieskie soczewki zmieniaj\u0105 moje oczy w nadmorskie klejnoty\".<\/span><\/p>\n<p class=\"md-end-block md-p\"><span class=\"md-plain\">James L. \u2b50\ufe0f\u2b50\ufe0f\u2b50\ufe0f\u2b50\ufe0f\u2b50\ufe0f<\/span> <span class=\"md-plain\">\"Niesamowicie wygodne, z idealnym jasnoniebieskim odcieniem\".<\/span><\/p>\n<p class=\"md-end-block md-p\"><span class=\"md-plain\">Sarah B. \u2b50\ufe0f\u2b50\ufe0f\u2b50\ufe0f\u2b50\ufe0f\u2b50\ufe0f<\/span> <span class=\"md-plain\">\"Uwielbiam to, jak te kryszta\u0142owe soczewki podkre\u015blaj\u0105 m\u00f3j naturalny kolor oczu\".<\/span><\/p>\n<h2 class=\"md-end-block md-heading\"><span class=\"md-plain\">Idealne okazje i makija\u017c \ud83d\udc84<\/span><\/h2>\n<h3 class=\"md-end-block md-heading\"><span class=\"md-plain\">Idealny dla<\/span><\/h3>\n<ul class=\"ul-list\" data-mark=\"-\">\n<li class=\"md-list-item\">\n<p class=\"md-end-block md-p\"><span class=\"md-plain\">\u015aluby na wybrze\u017cu<\/span><\/p>\n<\/li>\n<li class=\"md-list-item\">\n<p class=\"md-end-block md-p\"><span class=\"md-plain\">Przyj\u0119cia w ogrodzie<\/span><\/p>\n<\/li>\n<li class=\"md-list-item\">\n<p class=\"md-end-block md-p\"><span class=\"md-plain\">Profesjonalne zdj\u0119cia<\/span><\/p>\n<\/li>\n<li class=\"md-list-item\">\n<p class=\"md-end-block md-p\"><span class=\"md-plain\">Specjalne okazje<\/span><\/p>\n<\/li>\n<li class=\"md-list-item\">\n<p class=\"md-end-block md-p\"><span class=\"md-plain\">Codzienne zu\u017cycie<\/span><\/p>\n<\/li>\n<\/ul>\n<h3 class=\"md-end-block md-heading\"><span class=\"md-plain\">Makija\u017c uzupe\u0142niaj\u0105cy<\/span><\/h3>\n<ul class=\"ul-list\" data-mark=\"-\">\n<li class=\"md-list-item\">\n<p class=\"md-end-block md-p\"><span class=\"md-plain\">Per\u0142owe cienie do powiek<\/span><\/p>\n<\/li>\n<li class=\"md-list-item\">\n<p class=\"md-end-block md-p\"><span class=\"md-plain\">Szampa\u0144ski roz\u015bwietlacz<\/span><\/p>\n<\/li>\n<li class=\"md-list-item\">\n<p class=\"md-end-block md-p\"><span class=\"md-plain\">Granatowy tusz do rz\u0119s<\/span><\/p>\n<\/li>\n<li class=\"md-list-item\">\n<p class=\"md-end-block md-p\"><span class=\"md-plain\">Mi\u0119kka br\u0105zowa wk\u0142adka<\/span><\/p>\n<\/li>\n<li class=\"md-list-item\">\n<p class=\"md-end-block md-p\"><span class=\"md-plain\">Naturalny po\u0142ysk<\/span><\/p>\n<\/li>\n<\/ul>\n<h2 class=\"md-end-block md-heading\"><span class=\"md-plain\">Przewodnik po stylach \ud83d\udc57<\/span><\/h2>\n<h3 class=\"md-end-block md-heading\"><span class=\"md-plain\">Idealne po\u0142\u0105czenia<\/span><\/h3>\n<ul class=\"ul-list\" data-mark=\"-\">\n<li class=\"md-list-item\">\n<p class=\"md-end-block md-p\"><span class=\"md-plain\">Przybrze\u017cna biel<\/span><\/p>\n<\/li>\n<li class=\"md-list-item\">\n<p class=\"md-end-block md-p\"><span class=\"md-plain\">Granatowy<\/span><\/p>\n<\/li>\n<li class=\"md-list-item\">\n<p class=\"md-end-block md-p\"><span class=\"md-plain\">Piaskowy be\u017c<\/span><\/p>\n<\/li>\n<li class=\"md-list-item\">\n<p class=\"md-end-block md-p\"><span class=\"md-plain\">Cliff szary<\/span><\/p>\n<\/li>\n<li class=\"md-list-item\">\n<p class=\"md-end-block md-p\"><span class=\"md-plain\">Zielona piana morska<\/span><\/p>\n<\/li>\n<\/ul>\n<h3 class=\"md-end-block md-heading\"><span class=\"md-plain\">Akcesoria<\/span><\/h3>\n<ul class=\"ul-list\" data-mark=\"-\">\n<li class=\"md-list-item\">\n<p class=\"md-end-block md-p\"><span class=\"md-plain\">Bi\u017cuteria z pere\u0142<\/span><\/p>\n<\/li>\n<li class=\"md-list-item\">\n<p class=\"md-end-block md-p\"><span class=\"md-plain\">Srebrne akcenty<\/span><\/p>\n<\/li>\n<li class=\"md-list-item\">\n<p class=\"md-end-block md-p\"><span class=\"md-plain\">Jedwabne szale<\/span><\/p>\n<\/li>\n<li class=\"md-list-item\">\n<p class=\"md-end-block md-p\"><span class=\"md-plain\">Kamienie naturalne<\/span><\/p>\n<\/li>\n<li class=\"md-list-item\">\n<p class=\"md-end-block md-p\"><span class=\"md-plain\">Szczeg\u00f3\u0142y dotycz\u0105ce morza<\/span><\/p>\n<\/li>\n<\/ul>\n<h2 class=\"md-end-block md-heading\"><span class=\"md-plain\">Bezpiecze\u0144stwo i komfort<\/span><\/h2>\n<p class=\"md-end-block md-p\"><span class=\"md-plain\">Nasze jasnoniebieskie soczewki kontaktowe posiadaj\u0105 certyfikaty CE i FDA, zapewniaj\u0105c komfort noszenia przez ca\u0142y dzie\u0144.<\/span><\/p>\n<h2 class=\"md-end-block md-heading\"><span class=\"md-plain\">Poznaj nadmorskie pi\u0119kno Dover! \ud83c\udf0a<\/span><\/h2>\n<p class=\"md-end-block md-p\"><span class=\"md-plain\">Odmie\u0144 sw\u00f3j wygl\u0105d dzi\u0119ki spokojnemu pi\u0119knu krystalicznych w\u00f3d Dover. Te jasnoniebieskie soczewki kontaktowe czekaj\u0105, aby podkre\u015bli\u0107 Tw\u00f3j naturalny urok.<\/span><\/p>\n<p class=\"md-end-block md-p\"><span class=\"md-plain\">ZAM\u00d3W TERAZ, aby uchwyci\u0107 esencj\u0119 najbardziej osza\u0142amiaj\u0105cego wybrze\u017ca Wielkiej Brytanii!<\/span><\/p>\n<p class=\"md-end-block md-p md-focus\"><span class=\"md-plain md-expand\">#LightBlueContacts #DoverStyle #BritishBeauty #CrystalBlueEyes #CoastalStyle #EnglishElegance #LightBlueEyes<\/span><\/p>","protected":false},"excerpt":{"rendered":"<p>Dover Crystal Light Blue Contact Lenses | Enchanting White Cliffs Elegance \ud83c\udf0a The Dover Inspiration Our light blue contact lenses capture the mesmerizing essence of Dover&#8217;s coastal splendor. Each pair of light blue lenses reflects the ethereal hues where the English Channel meets the iconic white cliffs. These crystal light blue contacts embody the ever-changing [&#8230;]\n","protected":false},"featured_media":1912,"comment_status":"open","ping_status":"closed","template":"","meta":[],"product_brand":[],"product_cat":[75,91,188,98],"product_tag":[],"class_list":{"0":"post-1909","1":"product","2":"type-product","3":"status-publish","4":"has-post-thumbnail","6":"product_cat-blue-contact-lenses","7":"product_cat-14-2-mm","8":"product_cat-dream-contacts","9":"product_cat-yearly-disposable","11":"first","12":"instock","13":"sale","14":"shipping-taxable","15":"purchasable","16":"product-type-variable","17":"has-default-attributes"},"_links":{"self":[{"href":"https:\/\/bqeye.com\/pl\/wp-json\/wp\/v2\/product\/1909","targetHints":{"allow":["GET"]}}],"collection":[{"href":"https:\/\/bqeye.com\/pl\/wp-json\/wp\/v2\/product"}],"about":[{"href":"https:\/\/bqeye.com\/pl\/wp-json\/wp\/v2\/types\/product"}],"replies":[{"embeddable":true,"href":"https:\/\/bqeye.com\/pl\/wp-json\/wp\/v2\/comments?post=1909"}],"wp:featuredmedia":[{"embeddable":true,"href":"https:\/\/bqeye.com\/pl\/wp-json\/wp\/v2\/media\/1912"}],"wp:attachment":[{"href":"https:\/\/bqeye.com\/pl\/wp-json\/wp\/v2\/media?parent=1909"}],"wp:term":[{"taxonomy":"product_brand","embeddable":true,"href":"https:\/\/bqeye.com\/pl\/wp-json\/wp\/v2\/product_brand?post=1909"},{"taxonomy":"product_cat","embeddable":true,"href":"https:\/\/bqeye.com\/pl\/wp-json\/wp\/v2\/product_cat?post=1909"},{"taxonomy":"product_tag","embeddable":true,"href":"https:\/\/bqeye.com\/pl\/wp-json\/wp\/v2\/product_tag?post=1909"}],"curies":[{"name":"wp","href":"https:\/\/api.w.org\/{rel}","templated":true}]}}