{"id":1926,"date":"2025-01-04T22:14:28","date_gmt":"2025-01-04T14:14:28","guid":{"rendered":"https:\/\/bqeye.com\/?post_type=product&#038;p=1926"},"modified":"2025-01-04T22:15:30","modified_gmt":"2025-01-04T14:15:30","slug":"volcanic-ash-grey-contact-lenses","status":"publish","type":"product","link":"https:\/\/bqeye.com\/pl\/volcanic-ash-grey-contact-lenses\/","title":{"rendered":"Soczewki kontaktowe Volcanic Ash Grey"},"content":{"rendered":"<h1 class=\"md-end-block md-heading\"><span class=\"md-plain md-expand\">Soczewki kontaktowe Volcanic Ash Grey | Igneous Collection \ud83c\udf0b<\/span><\/h1>\n<h2 class=\"md-end-block md-heading\"><span class=\"md-plain\">Inspiracja wulkaniczna<\/span><\/h2>\n<p class=\"md-end-block md-p\"><span class=\"md-plain\">Nasze popielato-szare soczewki kontaktowe oddaj\u0105 enigmatyczn\u0105 esencj\u0119 wulkanicznej mocy. Ka\u017cda para odzwierciedla g\u0142\u0119bokie odcienie stygn\u0105cej magmy i staro\u017cytnych chmur popio\u0142u - od g\u0142\u0119bi u\u015bpionych kalder po tajemnic\u0119 wulkanicznego szk\u0142a. Soczewki te uciele\u015bniaj\u0105 pierwotn\u0105 si\u0142\u0119 wulkanicznego serca Ziemi.<\/span><\/p>\n<h2 class=\"md-end-block md-heading\"><span class=\"md-plain\">Recenzje influencer\u00f3w \u2b50\ufe0f<\/span><\/h2>\n<p class=\"md-end-block md-p\"><span class=\"md-plain\">@VolcanicStyle (1,7 mln obserwuj\u0105cych)<\/span> <span class=\"md-plain\">\"Jak noszenie mg\u0142y wulkanicznej! #VolcanicEyes\"<\/span><\/p>\n<p class=\"md-end-block md-p\"><span class=\"md-plain\">@IgneousLife (1,2 mln obserwuj\u0105cych)<\/span> <span class=\"md-plain\">\"Czysta wulkaniczna moc \ud83c\udf0b\"<\/span><\/p>\n<p class=\"md-end-block md-p\"><span class=\"md-plain\">@VolcanicMood (940 tys. obserwuj\u0105cych)<\/span> <span class=\"md-plain\">\"Esencja staro\u017cytnego ognia!\"<\/span><\/p>\n<h2 class=\"md-end-block md-heading\"><span class=\"md-plain\">Opinie klient\u00f3w \ud83d\udc9d<\/span><\/h2>\n<p class=\"md-end-block md-p\"><span class=\"md-plain\">Alex M. \u2b50\ufe0f\u2b50\ufe0f\u2b50\ufe0f\u2b50\ufe0f\u2b50\ufe0f<\/span> <span class=\"md-plain\">\"Idealna mieszanka wulkaniczna\".<\/span><\/p>\n<p class=\"md-end-block md-p\"><span class=\"md-plain\">Sarah K. \u2b50\ufe0f\u2b50\ufe0f\u2b50\ufe0f\u2b50\ufe0f\u2b50\ufe0f<\/span> <span class=\"md-plain\">\"Jak noszenie szk\u0142a wulkanicznego\".<\/span><\/p>\n<p class=\"md-end-block md-p\"><span class=\"md-plain\">James R. \u2b50\ufe0f\u2b50\ufe0f\u2b50\ufe0f\u2b50\ufe0f\u2b50\ufe0f<\/span> <span class=\"md-plain\">\"Przechwytuje pierwotn\u0105 energi\u0119\".<\/span><\/p>\n<h2 class=\"md-end-block md-heading\"><span class=\"md-plain\">Okazje i makija\u017c \ud83d\udc84<\/span><\/h2>\n<h3 class=\"md-end-block md-heading\"><span class=\"md-plain\">Idealny dla<\/span><\/h3>\n<ul class=\"ul-list\" data-mark=\"-\">\n<li class=\"md-list-item\">\n<p class=\"md-end-block md-p\"><span class=\"md-plain\">Wulkaniczne sesje zdj\u0119ciowe<\/span><\/p>\n<\/li>\n<li class=\"md-list-item\">\n<p class=\"md-end-block md-p\"><span class=\"md-plain\">Wydarzenia gotyckie<\/span><\/p>\n<\/li>\n<li class=\"md-list-item\">\n<p class=\"md-end-block md-p\"><span class=\"md-plain\">Koncerty rockowe<\/span><\/p>\n<\/li>\n<li class=\"md-list-item\">\n<p class=\"md-end-block md-p\"><span class=\"md-plain\">Dramatyczne wieczory<\/span><\/p>\n<\/li>\n<li class=\"md-list-item\">\n<p class=\"md-end-block md-p\"><span class=\"md-plain\">Alternatywne festiwale<\/span><\/p>\n<\/li>\n<\/ul>\n<h3 class=\"md-end-block md-heading\"><span class=\"md-plain\">Harmonia makija\u017cu<\/span><\/h3>\n<ul class=\"ul-list\" data-mark=\"-\">\n<li class=\"md-list-item\">\n<p class=\"md-end-block md-p\"><span class=\"md-plain\">Cienie popio\u0142u<\/span><\/p>\n<\/li>\n<li class=\"md-list-item\">\n<p class=\"md-end-block md-p\"><span class=\"md-plain\">Obsydianowe pod\u015bwietlenie<\/span><\/p>\n<\/li>\n<li class=\"md-list-item\">\n<p class=\"md-end-block md-p\"><span class=\"md-plain\">Tusz do rz\u0119s z w\u0119glem<\/span><\/p>\n<\/li>\n<li class=\"md-list-item\">\n<p class=\"md-end-block md-p\"><span class=\"md-plain\">Wyk\u0142adzina dymna<\/span><\/p>\n<\/li>\n<li class=\"md-list-item\">\n<p class=\"md-end-block md-p\"><span class=\"md-plain\">Usta z py\u0142u wulkanicznego<\/span><\/p>\n<\/li>\n<\/ul>\n<h2 class=\"md-end-block md-heading\"><span class=\"md-plain\">Przewodnik po stylach \ud83d\udc57<\/span><\/h2>\n<h3 class=\"md-end-block md-heading\"><span class=\"md-plain\">Kombinacje wulkaniczne<\/span><\/h3>\n<ul class=\"ul-list\" data-mark=\"-\">\n<li class=\"md-list-item\">\n<p class=\"md-end-block md-p\"><span class=\"md-plain\">Popielaty<\/span><\/p>\n<\/li>\n<li class=\"md-list-item\">\n<p class=\"md-end-block md-p\"><span class=\"md-plain\">Obsydianowa czer\u0144<\/span><\/p>\n<\/li>\n<li class=\"md-list-item\">\n<p class=\"md-end-block md-p\"><span class=\"md-plain\">Pumeks<\/span><\/p>\n<\/li>\n<li class=\"md-list-item\">\n<p class=\"md-end-block md-p\"><span class=\"md-plain\">Szara lawa<\/span><\/p>\n<\/li>\n<li class=\"md-list-item\">\n<p class=\"md-end-block md-p\"><span class=\"md-plain\">Mg\u0142a wulkaniczna<\/span><\/p>\n<\/li>\n<\/ul>\n<h3 class=\"md-end-block md-heading\"><span class=\"md-plain\">Akcesoria<\/span><\/h3>\n<ul class=\"ul-list\" data-mark=\"-\">\n<li class=\"md-list-item\">\n<p class=\"md-end-block md-p\"><span class=\"md-plain\">Bi\u017cuteria ze szk\u0142a wulkanicznego<\/span><\/p>\n<\/li>\n<li class=\"md-list-item\">\n<p class=\"md-end-block md-p\"><span class=\"md-plain\">Czarne diamenty<\/span><\/p>\n<\/li>\n<li class=\"md-list-item\">\n<p class=\"md-end-block md-p\"><span class=\"md-plain\">Kwarc dymny<\/span><\/p>\n<\/li>\n<li class=\"md-list-item\">\n<p class=\"md-end-block md-p\"><span class=\"md-plain\">Hematyt<\/span><\/p>\n<\/li>\n<li class=\"md-list-item\">\n<p class=\"md-end-block md-p\"><span class=\"md-plain\">Kamienie obsydianowe<\/span><\/p>\n<\/li>\n<\/ul>\n<h2 class=\"md-end-block md-heading\"><span class=\"md-plain\">Bezpiecze\u0144stwo i komfort<\/span><\/h2>\n<p class=\"md-end-block md-p\"><span class=\"md-plain\">Nasze szare soczewki z popio\u0142u wulkanicznego posiadaj\u0105 certyfikaty CE i FDA, zapewniaj\u0105c komfort podczas ka\u017cdej przygody.<\/span><\/p>\n<h2 class=\"md-end-block md-heading\"><span class=\"md-plain\">Do\u015bwiadcz wulkanicznej mocy! \ud83c\udf0b<\/span><\/h2>\n<p class=\"md-end-block md-p\"><span class=\"md-plain\">Odmie\u0144 swoje spojrzenie dzi\u0119ki tajemniczej g\u0142\u0119bi wulkanicznej esencji. Te popielato-szare soczewki kontaktowe wnosz\u0105 do Twoich oczu czyst\u0105 wulkaniczn\u0105 energi\u0119.<\/span><\/p>\n<p class=\"md-end-block md-p\"><span class=\"md-plain\">ZAM\u00d3W TERAZ, aby nosi\u0107 moc wulkan\u00f3w!<\/span><\/p>\n<p class=\"md-end-block md-p md-focus\"><span class=\"md-plain md-expand\">#VolcanicLenses #IgneousStyle #AshGrey #VolcanicBeauty #PrimalEyes #VolcanicPower #AncientFire<\/span><\/p>","protected":false},"excerpt":{"rendered":"<p>Volcanic Ash Grey Contact Lenses | Igneous Collection \ud83c\udf0b Volcanic Inspiration Our ash grey contact lenses capture the enigmatic essence of volcanic power. Each pair mirrors the deep tones of cooling magma and ancient ash clouds &#8211; from the depths of dormant calderas to the mystery of volcanic glass. These lenses embody the primordial force [&#8230;]\n","protected":false},"featured_media":1928,"comment_status":"open","ping_status":"closed","template":"","meta":[],"product_brand":[],"product_cat":[81,91,75,188,98],"product_tag":[],"class_list":{"0":"post-1926","1":"product","2":"type-product","3":"status-publish","4":"has-post-thumbnail","6":"product_cat-grey-contact-lenses","7":"product_cat-14-2-mm","8":"product_cat-blue-contact-lenses","9":"product_cat-dream-contacts","10":"product_cat-yearly-disposable","12":"first","13":"instock","14":"sale","15":"shipping-taxable","16":"purchasable","17":"product-type-variable","18":"has-default-attributes"},"_links":{"self":[{"href":"https:\/\/bqeye.com\/pl\/wp-json\/wp\/v2\/product\/1926","targetHints":{"allow":["GET"]}}],"collection":[{"href":"https:\/\/bqeye.com\/pl\/wp-json\/wp\/v2\/product"}],"about":[{"href":"https:\/\/bqeye.com\/pl\/wp-json\/wp\/v2\/types\/product"}],"replies":[{"embeddable":true,"href":"https:\/\/bqeye.com\/pl\/wp-json\/wp\/v2\/comments?post=1926"}],"wp:featuredmedia":[{"embeddable":true,"href":"https:\/\/bqeye.com\/pl\/wp-json\/wp\/v2\/media\/1928"}],"wp:attachment":[{"href":"https:\/\/bqeye.com\/pl\/wp-json\/wp\/v2\/media?parent=1926"}],"wp:term":[{"taxonomy":"product_brand","embeddable":true,"href":"https:\/\/bqeye.com\/pl\/wp-json\/wp\/v2\/product_brand?post=1926"},{"taxonomy":"product_cat","embeddable":true,"href":"https:\/\/bqeye.com\/pl\/wp-json\/wp\/v2\/product_cat?post=1926"},{"taxonomy":"product_tag","embeddable":true,"href":"https:\/\/bqeye.com\/pl\/wp-json\/wp\/v2\/product_tag?post=1926"}],"curies":[{"name":"wp","href":"https:\/\/api.w.org\/{rel}","templated":true}]}}