{"id":1929,"date":"2025-01-04T22:23:58","date_gmt":"2025-01-04T14:23:58","guid":{"rendered":"https:\/\/bqeye.com\/?post_type=product&#038;p=1929"},"modified":"2025-01-04T22:24:52","modified_gmt":"2025-01-04T14:24:52","slug":"platinum-pearl-grey-contact-lenses","status":"publish","type":"product","link":"https:\/\/bqeye.com\/pl\/platinum-pearl-grey-contact-lenses\/","title":{"rendered":"Soczewki kontaktowe Platinum Pearl Grey"},"content":{"rendered":"<h1 class=\"md-end-block md-heading\"><span class=\"md-plain md-expand\">Soczewki kontaktowe Platinum Pearl Grey | Kolekcja Luxe \u2728<\/span><\/h1>\n<h2 class=\"md-end-block md-heading\"><span class=\"md-plain\">Platinum Inspiration<\/span><\/h2>\n<p class=\"md-end-block md-p\"><span class=\"md-plain\">Nasze platynowo-per\u0142owo-szare soczewki kontaktowe uosabiaj\u0105 wyrafinowany luksus metali szlachetnych i pere\u0142. Ka\u017cda para odzwierciedla wyrafinowan\u0105 gr\u0119 platynowego po\u0142ysku i per\u0142owej luminescencji - od subtelnych metalicznych refleks\u00f3w po po\u0142yskliw\u0105 szar\u0105 g\u0142\u0119bi\u0119. Soczewki te stanowi\u0105 kwintesencj\u0119 czystego luksusu.<\/span><\/p>\n<h2 class=\"md-end-block md-heading\"><span class=\"md-plain\">Recenzje influencer\u00f3w \u2b50\ufe0f<\/span><\/h2>\n<p class=\"md-end-block md-p\"><span class=\"md-plain\">@PlatinumStyle (1,8 mln obserwuj\u0105cych)<\/span> <span class=\"md-plain\">\"Czysty luksus dla Twoich oczu! #PlatinumGaze\"<\/span><\/p>\n<p class=\"md-end-block md-p\"><span class=\"md-plain\">@PearlLuxe (1,4 mln obserwuj\u0105cych)<\/span> <span class=\"md-plain\">\"Eteryczna platynowa magia \u2728\"<\/span><\/p>\n<p class=\"md-end-block md-p\"><span class=\"md-plain\">@PlatinumMood (980 tys. obserwuj\u0105cych)<\/span> <span class=\"md-plain\">\"Uosobienie elegancji!\"<\/span><\/p>\n<h2 class=\"md-end-block md-heading\"><span class=\"md-plain\">Opinie klient\u00f3w \ud83d\udc9d<\/span><\/h2>\n<p class=\"md-end-block md-p\"><span class=\"md-plain\">Isabella R. \u2b50\ufe0f\u2b50\ufe0f\u2b50\ufe0f\u2b50\ufe0f\u2b50\ufe0f<\/span> <span class=\"md-plain\">\"Idealny platynowy po\u0142ysk\".<\/span><\/p>\n<p class=\"md-end-block md-p\"><span class=\"md-plain\">Maxwell K. \u2b50\ufe0f\u2b50\ufe0f\u2b50\ufe0f\u2b50\ufe0f\u2b50\ufe0f<\/span> <span class=\"md-plain\">\"Jak noszenie p\u0142ynnej platyny\".<\/span><\/p>\n<p class=\"md-end-block md-p\"><span class=\"md-plain\">Charlotte W. \u2b50\ufe0f\u2b50\ufe0f\u2b50\ufe0f\u2b50\ufe0f\u2b50\ufe0f<\/span> <span class=\"md-plain\">\"Czyste wyrafinowanie\".<\/span><\/p>\n<h2 class=\"md-end-block md-heading\"><span class=\"md-plain\">Okazje i makija\u017c \ud83d\udc84<\/span><\/h2>\n<h3 class=\"md-end-block md-heading\"><span class=\"md-plain\">Idealny dla<\/span><\/h3>\n<ul class=\"ul-list\" data-mark=\"-\">\n<li class=\"md-list-item\">\n<p class=\"md-end-block md-p\"><span class=\"md-plain\">Luksusowe gale<\/span><\/p>\n<\/li>\n<li class=\"md-list-item\">\n<p class=\"md-end-block md-p\"><span class=\"md-plain\">Wydarzenia zwi\u0105zane z mod\u0105<\/span><\/p>\n<\/li>\n<li class=\"md-list-item\">\n<p class=\"md-end-block md-p\"><span class=\"md-plain\">Elitarne wesela<\/span><\/p>\n<\/li>\n<li class=\"md-list-item\">\n<p class=\"md-end-block md-p\"><span class=\"md-plain\">Spotkania wykonawcze<\/span><\/p>\n<\/li>\n<li class=\"md-list-item\">\n<p class=\"md-end-block md-p\"><span class=\"md-plain\">Platynowe uroczysto\u015bci<\/span><\/p>\n<\/li>\n<\/ul>\n<h3 class=\"md-end-block md-heading\"><span class=\"md-plain\">Harmonia makija\u017cu<\/span><\/h3>\n<ul class=\"ul-list\" data-mark=\"-\">\n<li class=\"md-list-item\">\n<p class=\"md-end-block md-p\"><span class=\"md-plain\">Platynowe cienie<\/span><\/p>\n<\/li>\n<li class=\"md-list-item\">\n<p class=\"md-end-block md-p\"><span class=\"md-plain\">Per\u0142owa atrakcja<\/span><\/p>\n<\/li>\n<li class=\"md-list-item\">\n<p class=\"md-end-block md-p\"><span class=\"md-plain\">Metaliczny tusz do rz\u0119s<\/span><\/p>\n<\/li>\n<li class=\"md-list-item\">\n<p class=\"md-end-block md-p\"><span class=\"md-plain\">Platynowa wk\u0142adka<\/span><\/p>\n<\/li>\n<li class=\"md-list-item\">\n<p class=\"md-end-block md-p\"><span class=\"md-plain\">L\u015bni\u0105ce usta<\/span><\/p>\n<\/li>\n<\/ul>\n<h2 class=\"md-end-block md-heading\"><span class=\"md-plain\">Przewodnik po stylach \ud83d\udc57<\/span><\/h2>\n<h3 class=\"md-end-block md-heading\"><span class=\"md-plain\">Luksusowe kombinacje<\/span><\/h3>\n<ul class=\"ul-list\" data-mark=\"-\">\n<li class=\"md-list-item\">\n<p class=\"md-end-block md-p\"><span class=\"md-plain\">Szary platynowy<\/span><\/p>\n<\/li>\n<li class=\"md-list-item\">\n<p class=\"md-end-block md-p\"><span class=\"md-plain\">Per\u0142owa biel<\/span><\/p>\n<\/li>\n<li class=\"md-list-item\">\n<p class=\"md-end-block md-p\"><span class=\"md-plain\">Srebro pr\u00f3by 925<\/span><\/p>\n<\/li>\n<li class=\"md-list-item\">\n<p class=\"md-end-block md-p\"><span class=\"md-plain\">Metaliczny po\u0142ysk<\/span><\/p>\n<\/li>\n<li class=\"md-list-item\">\n<p class=\"md-end-block md-p\"><span class=\"md-plain\">Metal szlachetny<\/span><\/p>\n<\/li>\n<\/ul>\n<h3 class=\"md-end-block md-heading\"><span class=\"md-plain\">Akcesoria<\/span><\/h3>\n<ul class=\"ul-list\" data-mark=\"-\">\n<li class=\"md-list-item\">\n<p class=\"md-end-block md-p\"><span class=\"md-plain\">Bi\u017cuteria platynowa<\/span><\/p>\n<\/li>\n<li class=\"md-list-item\">\n<p class=\"md-end-block md-p\"><span class=\"md-plain\">Per\u0142y z Morza Po\u0142udniowego<\/span><\/p>\n<\/li>\n<li class=\"md-list-item\">\n<p class=\"md-end-block md-p\"><span class=\"md-plain\">Bia\u0142e diamenty<\/span><\/p>\n<\/li>\n<li class=\"md-list-item\">\n<p class=\"md-end-block md-p\"><span class=\"md-plain\">Bia\u0142e z\u0142oto<\/span><\/p>\n<\/li>\n<li class=\"md-list-item\">\n<p class=\"md-end-block md-p\"><span class=\"md-plain\">Elementy rodowane<\/span><\/p>\n<\/li>\n<\/ul>\n<h2 class=\"md-end-block md-heading\"><span class=\"md-plain\">Bezpiecze\u0144stwo i komfort<\/span><\/h2>\n<p class=\"md-end-block md-p\"><span class=\"md-plain\">Nasze platynowo-per\u0142owo-szare soczewki posiadaj\u0105 certyfikaty CE i FDA, zapewniaj\u0105c luksus i komfort w ka\u017cdej chwili.<\/span><\/p>\n<h2 class=\"md-end-block md-heading\"><span class=\"md-plain\">Do\u015bwiadcz czystego luksusu! \u2728<\/span><\/h2>\n<p class=\"md-end-block md-p\"><span class=\"md-plain\">Odmie\u0144 swoje spojrzenie dzi\u0119ki wyrafinowanej elegancji platyny i pere\u0142. Te luksusowe szare soczewki czekaj\u0105, by podkre\u015bli\u0107 Twoje naturalne pi\u0119kno.<\/span><\/p>\n<p class=\"md-end-block md-p\"><span class=\"md-plain\">ZAM\u00d3W TERAZ, aby nosi\u0107 czyste wyrafinowanie!<\/span><\/p>\n<p class=\"md-end-block md-p md-focus\"><span class=\"md-plain md-expand\">#PlatinumLenses #LuxeStyle #PearlGrey #PlatinumEyes #LuxuryBeauty #PreciousMetals #RefinedGaze<\/span><\/p>","protected":false},"excerpt":{"rendered":"<p>Platinum Pearl Grey Contact Lenses | Luxe Collection \u2728 Platinum Inspiration Our platinum pearl grey contact lenses embody the refined luxury of precious metals and pearls. Each pair mirrors the sophisticated interplay of platinum sheen and pearl luminescence &#8211; from subtle metallic highlights to lustrous grey depths. These lenses capture the essence of pure luxury. [&#8230;]\n","protected":false},"featured_media":1931,"comment_status":"open","ping_status":"closed","template":"","meta":[],"product_brand":[],"product_cat":[81,91,75,188,98],"product_tag":[],"class_list":{"0":"post-1929","1":"product","2":"type-product","3":"status-publish","4":"has-post-thumbnail","6":"product_cat-grey-contact-lenses","7":"product_cat-14-2-mm","8":"product_cat-blue-contact-lenses","9":"product_cat-dream-contacts","10":"product_cat-yearly-disposable","12":"first","13":"instock","14":"sale","15":"shipping-taxable","16":"purchasable","17":"product-type-variable","18":"has-default-attributes"},"_links":{"self":[{"href":"https:\/\/bqeye.com\/pl\/wp-json\/wp\/v2\/product\/1929","targetHints":{"allow":["GET"]}}],"collection":[{"href":"https:\/\/bqeye.com\/pl\/wp-json\/wp\/v2\/product"}],"about":[{"href":"https:\/\/bqeye.com\/pl\/wp-json\/wp\/v2\/types\/product"}],"replies":[{"embeddable":true,"href":"https:\/\/bqeye.com\/pl\/wp-json\/wp\/v2\/comments?post=1929"}],"wp:featuredmedia":[{"embeddable":true,"href":"https:\/\/bqeye.com\/pl\/wp-json\/wp\/v2\/media\/1931"}],"wp:attachment":[{"href":"https:\/\/bqeye.com\/pl\/wp-json\/wp\/v2\/media?parent=1929"}],"wp:term":[{"taxonomy":"product_brand","embeddable":true,"href":"https:\/\/bqeye.com\/pl\/wp-json\/wp\/v2\/product_brand?post=1929"},{"taxonomy":"product_cat","embeddable":true,"href":"https:\/\/bqeye.com\/pl\/wp-json\/wp\/v2\/product_cat?post=1929"},{"taxonomy":"product_tag","embeddable":true,"href":"https:\/\/bqeye.com\/pl\/wp-json\/wp\/v2\/product_tag?post=1929"}],"curies":[{"name":"wp","href":"https:\/\/api.w.org\/{rel}","templated":true}]}}