{"id":1936,"date":"2025-01-04T22:46:04","date_gmt":"2025-01-04T14:46:04","guid":{"rendered":"https:\/\/bqeye.com\/?post_type=product&#038;p=1936"},"modified":"2025-01-04T22:46:57","modified_gmt":"2025-01-04T14:46:57","slug":"rose-quartz-grey-contact-lenses","status":"publish","type":"product","link":"https:\/\/bqeye.com\/pl\/rose-quartz-grey-contact-lenses\/","title":{"rendered":"Soczewki kontaktowe Rose Quartz Grey"},"content":{"rendered":"<h1 class=\"md-end-block md-heading\"><span class=\"md-plain md-expand\">Szare soczewki kontaktowe Rose Quartz | Crystal Collection \ud83d\udc8e<\/span><\/h1>\n<h2 class=\"md-end-block md-heading\"><span class=\"md-plain\">Kwarcowa inspiracja<\/span><\/h2>\n<p class=\"md-end-block md-p\"><span class=\"md-plain\">Nasze szare soczewki kontaktowe z kwarcu r\u00f3\u017cowego uosabiaj\u0105 delikatno\u015b\u0107 cennego kryszta\u0142u. Ka\u017cda para odzwierciedla subtelne niuanse kwarcu r\u00f3\u017cowego - od pudrowej szaro\u015bci po krystaliczne odcienie r\u00f3\u017cu. Soczewki te oddaj\u0105 istot\u0119 tego mistycznego kamienia.<\/span><\/p>\n<h2 class=\"md-end-block md-heading\"><span class=\"md-plain\">Recenzje influencer\u00f3w \u2b50\ufe0f<\/span><\/h2>\n<p class=\"md-end-block md-p\"><span class=\"md-plain\">@QuartzMagic (1,7 mln obserwuj\u0105cych)<\/span> <span class=\"md-plain\">\"Kryszta\u0142owe zakl\u0119cie! #QuartzEyes\"<\/span><\/p>\n<p class=\"md-end-block md-p\"><span class=\"md-plain\">@RoseGlow (1,2 mln obserwuj\u0105cych)<\/span> <span class=\"md-plain\">\"Krystalicznie mi\u0119kka magia \ud83d\udc8e\"<\/span><\/p>\n<p class=\"md-end-block md-p\"><span class=\"md-plain\">@CrystalMood (940 tys. obserwuj\u0105cych)<\/span> <span class=\"md-plain\">\"Esencja kwarcu!\"<\/span><\/p>\n<h2 class=\"md-end-block md-heading\"><span class=\"md-plain\">Opinie klient\u00f3w \ud83d\udc9d<\/span><\/h2>\n<p class=\"md-end-block md-p\"><span class=\"md-plain\">Rose M. \u2b50\ufe0f\u2b50\ufe0f\u2b50\ufe0f\u2b50\ufe0f\u2b50\ufe0f<\/span> <span class=\"md-plain\">\"Idealna r\u00f3\u017cowa szaro\u015b\u0107\".<\/span><\/p>\n<p class=\"md-end-block md-p\"><span class=\"md-plain\">Crystal L. \u2b50\ufe0f\u2b50\ufe0f\u2b50\ufe0f\u2b50\ufe0f\u2b50\ufe0f<\/span> <span class=\"md-plain\">\"Jak wypolerowany kwarc\".<\/span><\/p>\n<p class=\"md-end-block md-p\"><span class=\"md-plain\">Marie P. \u2b50\ufe0f\u2b50\ufe0f\u2b50\ufe0f\u2b50\ufe0f\u2b50\ufe0f<\/span> <span class=\"md-plain\">\"Mineralna mi\u0119kko\u015b\u0107\".<\/span><\/p>\n<h2 class=\"md-end-block md-heading\"><span class=\"md-plain\">Okazje i makija\u017c \ud83d\udc84<\/span><\/h2>\n<h3 class=\"md-end-block md-heading\"><span class=\"md-plain\">Idealny dla<\/span><\/h3>\n<ul class=\"ul-list\" data-mark=\"-\">\n<li class=\"md-list-item\">\n<p class=\"md-end-block md-p\"><span class=\"md-plain\">Kryszta\u0142owe ceremonie<\/span><\/p>\n<\/li>\n<li class=\"md-list-item\">\n<p class=\"md-end-block md-p\"><span class=\"md-plain\">Sesje zdj\u0119ciowe minera\u0142\u00f3w<\/span><\/p>\n<\/li>\n<li class=\"md-list-item\">\n<p class=\"md-end-block md-p\"><span class=\"md-plain\">Mistyczne wieczory<\/span><\/p>\n<\/li>\n<li class=\"md-list-item\">\n<p class=\"md-end-block md-p\"><span class=\"md-plain\">Cenne wydarzenia<\/span><\/p>\n<\/li>\n<li class=\"md-list-item\">\n<p class=\"md-end-block md-p\"><span class=\"md-plain\">Magiczne okazje<\/span><\/p>\n<\/li>\n<\/ul>\n<h3 class=\"md-end-block md-heading\"><span class=\"md-plain\">Harmonia makija\u017cu<\/span><\/h3>\n<ul class=\"ul-list\" data-mark=\"-\">\n<li class=\"md-list-item\">\n<p class=\"md-end-block md-p\"><span class=\"md-plain\">Cienie z kwarcu r\u00f3\u017cowego<\/span><\/p>\n<\/li>\n<li class=\"md-list-item\">\n<p class=\"md-end-block md-p\"><span class=\"md-plain\">Kryszta\u0142owy zakre\u015blacz<\/span><\/p>\n<\/li>\n<li class=\"md-list-item\">\n<p class=\"md-end-block md-p\"><span class=\"md-plain\">Mineralny tusz do rz\u0119s<\/span><\/p>\n<\/li>\n<li class=\"md-list-item\">\n<p class=\"md-end-block md-p\"><span class=\"md-plain\">R\u00f3\u017cowo-szara wk\u0142adka<\/span><\/p>\n<\/li>\n<li class=\"md-list-item\">\n<p class=\"md-end-block md-p\"><span class=\"md-plain\">Kryszta\u0142owe usta<\/span><\/p>\n<\/li>\n<\/ul>\n<h2 class=\"md-end-block md-heading\"><span class=\"md-plain\">Przewodnik po stylach \ud83d\udc57<\/span><\/h2>\n<h3 class=\"md-end-block md-heading\"><span class=\"md-plain\">Kombinacje minera\u0142\u00f3w<\/span><\/h3>\n<ul class=\"ul-list\" data-mark=\"-\">\n<li class=\"md-list-item\">\n<p class=\"md-end-block md-p\"><span class=\"md-plain\">Kwarcowy szary<\/span><\/p>\n<\/li>\n<li class=\"md-list-item\">\n<p class=\"md-end-block md-p\"><span class=\"md-plain\">R\u00f3\u017ca pudrowa<\/span><\/p>\n<\/li>\n<li class=\"md-list-item\">\n<p class=\"md-end-block md-p\"><span class=\"md-plain\">Krystaliczna szaro\u015b\u0107<\/span><\/p>\n<\/li>\n<li class=\"md-list-item\">\n<p class=\"md-end-block md-p\"><span class=\"md-plain\">Mineralne r\u00f3\u017cowe<\/span><\/p>\n<\/li>\n<li class=\"md-list-item\">\n<p class=\"md-end-block md-p\"><span class=\"md-plain\">Szary r\u00f3\u017c<\/span><\/p>\n<\/li>\n<\/ul>\n<h3 class=\"md-end-block md-heading\"><span class=\"md-plain\">Akcesoria<\/span><\/h3>\n<ul class=\"ul-list\" data-mark=\"-\">\n<li class=\"md-list-item\">\n<p class=\"md-end-block md-p\"><span class=\"md-plain\">Bi\u017cuteria kwarcowa<\/span><\/p>\n<\/li>\n<li class=\"md-list-item\">\n<p class=\"md-end-block md-p\"><span class=\"md-plain\">R\u00f3\u017cowe kryszta\u0142y<\/span><\/p>\n<\/li>\n<li class=\"md-list-item\">\n<p class=\"md-end-block md-p\"><span class=\"md-plain\">Kamienie szlachetne<\/span><\/p>\n<\/li>\n<li class=\"md-list-item\">\n<p class=\"md-end-block md-p\"><span class=\"md-plain\">R\u00f3\u017cowe z\u0142oto<\/span><\/p>\n<\/li>\n<li class=\"md-list-item\">\n<p class=\"md-end-block md-p\"><span class=\"md-plain\">Polerowany kwarc<\/span><\/p>\n<\/li>\n<\/ul>\n<h2 class=\"md-end-block md-heading\"><span class=\"md-plain\">Bezpiecze\u0144stwo i komfort<\/span><\/h2>\n<p class=\"md-end-block md-p\"><span class=\"md-plain\">Nasze soczewki z kwarcu r\u00f3\u017cowego posiadaj\u0105 certyfikaty CE i FDA, \u0142\u0105cz\u0105c krystaliczne pi\u0119kno z codziennym komfortem.<\/span><\/p>\n<h2 class=\"md-end-block md-heading\"><span class=\"md-plain\">Do\u015bwiadcz magii kwarcu! \u2728<\/span><\/h2>\n<p class=\"md-end-block md-p\"><span class=\"md-plain\">Niech Twoje oczy odbijaj\u0105 blask r\u00f3\u017cowego kwarcu. Te szare soczewki czekaj\u0105, aby ods\u0142oni\u0107 Twoje krystaliczne pi\u0119kno.<\/span><\/p>\n<p class=\"md-end-block md-p\"><span class=\"md-plain\">ZAM\u00d3W TERAZ, aby nosi\u0107 kryszta\u0142ow\u0105 magi\u0119!<\/span><\/p>\n<p class=\"md-end-block md-p md-focus\"><span class=\"md-plain md-expand\">#QuartzLenses #CrystalStyle #RoseQuartz #PreciousEyes #MineralBeauty #QuartzGrey #CrystalGaze<\/span><\/p>","protected":false},"excerpt":{"rendered":"<p>Rose Quartz Grey Contact Lenses | Crystal Collection \ud83d\udc8e Quartz Inspiration Our rose quartz grey contact lenses embody the delicacy of precious crystal. Each pair mirrors the subtle nuances of rose quartz &#8211; from powdered grey to crystalline rose tints. These lenses capture the essence of the mystical stone. Influencer Reviews \u2b50\ufe0f @QuartzMagic (1.7M followers) [&#8230;]\n","protected":false},"featured_media":1938,"comment_status":"open","ping_status":"closed","template":"","meta":[],"product_brand":[],"product_cat":[81,90,75,188,74,98],"product_tag":[],"class_list":{"0":"post-1936","1":"product","2":"type-product","3":"status-publish","4":"has-post-thumbnail","6":"product_cat-grey-contact-lenses","7":"product_cat-14-0-mm","8":"product_cat-blue-contact-lenses","9":"product_cat-dream-contacts","10":"product_cat-pink-contact-lenses","11":"product_cat-yearly-disposable","13":"first","14":"instock","15":"sale","16":"shipping-taxable","17":"purchasable","18":"product-type-variable","19":"has-default-attributes"},"_links":{"self":[{"href":"https:\/\/bqeye.com\/pl\/wp-json\/wp\/v2\/product\/1936","targetHints":{"allow":["GET"]}}],"collection":[{"href":"https:\/\/bqeye.com\/pl\/wp-json\/wp\/v2\/product"}],"about":[{"href":"https:\/\/bqeye.com\/pl\/wp-json\/wp\/v2\/types\/product"}],"replies":[{"embeddable":true,"href":"https:\/\/bqeye.com\/pl\/wp-json\/wp\/v2\/comments?post=1936"}],"wp:featuredmedia":[{"embeddable":true,"href":"https:\/\/bqeye.com\/pl\/wp-json\/wp\/v2\/media\/1938"}],"wp:attachment":[{"href":"https:\/\/bqeye.com\/pl\/wp-json\/wp\/v2\/media?parent=1936"}],"wp:term":[{"taxonomy":"product_brand","embeddable":true,"href":"https:\/\/bqeye.com\/pl\/wp-json\/wp\/v2\/product_brand?post=1936"},{"taxonomy":"product_cat","embeddable":true,"href":"https:\/\/bqeye.com\/pl\/wp-json\/wp\/v2\/product_cat?post=1936"},{"taxonomy":"product_tag","embeddable":true,"href":"https:\/\/bqeye.com\/pl\/wp-json\/wp\/v2\/product_tag?post=1936"}],"curies":[{"name":"wp","href":"https:\/\/api.w.org\/{rel}","templated":true}]}}