{"id":1939,"date":"2025-01-04T23:00:16","date_gmt":"2025-01-04T15:00:16","guid":{"rendered":"https:\/\/bqeye.com\/?post_type=product&#038;p=1939"},"modified":"2025-01-04T23:01:52","modified_gmt":"2025-01-04T15:01:52","slug":"black-butterfly-wing-contact-lenses","status":"publish","type":"product","link":"https:\/\/bqeye.com\/pl\/black-butterfly-wing-contact-lenses\/","title":{"rendered":"Soczewki kontaktowe z czarnym skrzyd\u0142em motyla"},"content":{"rendered":"<h1 class=\"md-end-block md-heading\"><span class=\"md-plain md-expand\">Czarne soczewki kontaktowe Butterfly Wing | Mystic Collection \ud83e\udd8b<\/span><\/h1>\n<h2 class=\"md-end-block md-heading\"><span class=\"md-plain\">Inspiracja projektowa<\/span><\/h2>\n<p class=\"md-end-block md-p\"><span class=\"md-plain\">Nasze czarne soczewki ze skrzyd\u0142ami motyla oddaj\u0105 tajemnicz\u0105 elegancj\u0119 nocnych \u0107m. Ka\u017cda para ujawnia skomplikowany wz\u00f3r skrzyde\u0142 - od wyrafinowanych wir\u00f3w po eteryczne detale. Unikalna tekstura \u0142\u0105czy delikatn\u0105 koronk\u0119 z opalizuj\u0105cym po\u0142yskiem skrzyde\u0142 motyla, tworz\u0105c czaruj\u0105ce spojrzenie, kt\u00f3re \u0142apie \u015bwiat\u0142o jak cenne skrzyd\u0142a w \u015bwietle ksi\u0119\u017cyca.<\/span><\/p>\n<h2 class=\"md-end-block md-heading\"><span class=\"md-plain\">Recenzje influencer\u00f3w \u2b50\ufe0f<\/span><\/h2>\n<p class=\"md-end-block md-p\"><span class=\"md-plain\">@NightButterfly (1,8 mln obserwuj\u0105cych)<\/span> <span class=\"md-plain\">\"Nocna tajemnica! Zmieniaj\u0105 ca\u0142y wygl\u0105d. #WingEyes\"<\/span><\/p>\n<p class=\"md-end-block md-p\"><span class=\"md-plain\">@LaceMonarch (1,3 mln obserwuj\u0105cych)<\/span> <span class=\"md-plain\">\"Skrzydlata elegancja \ud83e\udd8b Szczeg\u00f3\u0142y s\u0105 niesamowite!\"<\/span><\/p>\n<p class=\"md-end-block md-p\"><span class=\"md-plain\">@DarkBeauty (960 tys. obserwuj\u0105cych)<\/span> <span class=\"md-plain\">\"Wdzi\u0119k motyla! Idealne do moich gotyckich sesji zdj\u0119ciowych\".<\/span><\/p>\n<p class=\"md-end-block md-p\"><span class=\"md-plain\">@VintageEyes (850 tys. obserwuj\u0105cych)<\/span> <span class=\"md-plain\">\"Odrobina tajemniczo\u015bci w stylu vintage, kt\u00f3r\u0105 uwielbiam!\"<\/span><\/p>\n<h2 class=\"md-end-block md-heading\"><span class=\"md-plain\">Opinie klient\u00f3w \ud83d\udc9d<\/span><\/h2>\n<p class=\"md-end-block md-p\"><span class=\"md-plain\">Black R. \u2b50\ufe0f\u2b50\ufe0f\u2b50\ufe0f\u2b50\ufe0f\u2b50\ufe0f<\/span> <span class=\"md-plain\">\"Doskona\u0142y wz\u00f3r skrzyde\u0142. Wygodne nawet po 8 godzinach\".<\/span><\/p>\n<p class=\"md-end-block md-p\"><span class=\"md-plain\">Luna M. \u2b50\ufe0f\u2b50\ufe0f\u2b50\ufe0f\u2b50\ufe0f\u2b50\ufe0f<\/span> <span class=\"md-plain\">\"Jak jedwabne skrzyd\u0142a. Subtelne, ale urzekaj\u0105ce\".<\/span><\/p>\n<p class=\"md-end-block md-p\"><span class=\"md-plain\">Belle N. \u2b50\ufe0f\u2b50\ufe0f\u2b50\ufe0f\u2b50\ufe0f\u2b50\ufe0f<\/span> <span class=\"md-plain\">\"Magia nocy. Niezb\u0119dna podczas moich wieczornych wydarze\u0144\".<\/span><\/p>\n<p class=\"md-end-block md-p\"><span class=\"md-plain\">Sarah V. \u2b50\ufe0f\u2b50\ufe0f\u2b50\ufe0f\u2b50\ufe0f\u2b50\ufe0f<\/span> <span class=\"md-plain\">\"Wyj\u0105tkowa jako\u015b\u0107, wz\u00f3r pozostaje wyra\u017any przez ca\u0142y dzie\u0144\".<\/span><\/p>\n<h2 class=\"md-end-block md-heading\"><span class=\"md-plain\">Okazje i makija\u017c \ud83d\udc84<\/span><\/h2>\n<h3 class=\"md-end-block md-heading\"><span class=\"md-plain\">Idealny dla<\/span><\/h3>\n<ul class=\"ul-list\" data-mark=\"-\">\n<li class=\"md-list-item\">\n<p class=\"md-end-block md-p\"><span class=\"md-plain\">Gotyckie wieczory<\/span><\/p>\n<\/li>\n<li class=\"md-list-item\">\n<p class=\"md-end-block md-p\"><span class=\"md-plain\">Bale maskowe<\/span><\/p>\n<\/li>\n<li class=\"md-list-item\">\n<p class=\"md-end-block md-p\"><span class=\"md-plain\">Wiktoria\u0144skie wydarzenia<\/span><\/p>\n<\/li>\n<li class=\"md-list-item\">\n<p class=\"md-end-block md-p\"><span class=\"md-plain\">Artystyczne sesje zdj\u0119ciowe<\/span><\/p>\n<\/li>\n<li class=\"md-list-item\">\n<p class=\"md-end-block md-p\"><span class=\"md-plain\">Mistyczne spotkania<\/span><\/p>\n<\/li>\n<li class=\"md-list-item\">\n<p class=\"md-end-block md-p\"><span class=\"md-plain\">Mroczne pokazy mody<\/span><\/p>\n<\/li>\n<li class=\"md-list-item\">\n<p class=\"md-end-block md-p\"><span class=\"md-plain\">Wyst\u0119py sceniczne<\/span><\/p>\n<\/li>\n<li class=\"md-list-item\">\n<p class=\"md-end-block md-p\"><span class=\"md-plain\">Konwenty fantasy<\/span><\/p>\n<\/li>\n<\/ul>\n<h3 class=\"md-end-block md-heading\"><span class=\"md-plain\">Zalecenia dotycz\u0105ce makija\u017cu<\/span><\/h3>\n<ul class=\"ul-list\" data-mark=\"-\">\n<li class=\"md-list-item\">\n<p class=\"md-end-block md-p\"><span class=\"md-plain\">Aksamitnie ciemne cienie do powiek<\/span><\/p>\n<\/li>\n<li class=\"md-list-item\">\n<p class=\"md-end-block md-p\"><span class=\"md-plain\">Kredka do oczu w kszta\u0142cie skrzyde\u0142<\/span><\/p>\n<\/li>\n<li class=\"md-list-item\">\n<p class=\"md-end-block md-p\"><span class=\"md-plain\">Tusz do rz\u0119s z efektem pi\u00f3rka<\/span><\/p>\n<\/li>\n<li class=\"md-list-item\">\n<p class=\"md-end-block md-p\"><span class=\"md-plain\">Ciemne, tajemnicze usta<\/span><\/p>\n<\/li>\n<li class=\"md-list-item\">\n<p class=\"md-end-block md-p\"><span class=\"md-plain\">Porcelanowa cera<\/span><\/p>\n<\/li>\n<li class=\"md-list-item\">\n<p class=\"md-end-block md-p\"><span class=\"md-plain\">Per\u0142owy roz\u015bwietlacz<\/span><\/p>\n<\/li>\n<li class=\"md-list-item\">\n<p class=\"md-end-block md-p\"><span class=\"md-plain\">Strukturyzowane brwi<\/span><\/p>\n<\/li>\n<li class=\"md-list-item\">\n<p class=\"md-end-block md-p\"><span class=\"md-plain\">Dramatyczne konturowanie<\/span><\/p>\n<\/li>\n<\/ul>\n<h2 class=\"md-end-block md-heading\"><span class=\"md-plain\">Przewodnik po stylach \ud83d\udc57<\/span><\/h2>\n<h3 class=\"md-end-block md-heading\"><span class=\"md-plain\">Nocne harmonie<\/span><\/h3>\n<ul class=\"ul-list\" data-mark=\"-\">\n<li class=\"md-list-item\">\n<p class=\"md-end-block md-p\"><span class=\"md-plain\">Aksamit w kolorze g\u0142\u0119bokiej czerni<\/span><\/p>\n<\/li>\n<li class=\"md-list-item\">\n<p class=\"md-end-block md-p\"><span class=\"md-plain\">Gotycka koronka<\/span><\/p>\n<\/li>\n<li class=\"md-list-item\">\n<p class=\"md-end-block md-p\"><span class=\"md-plain\">Ciemny brokat<\/span><\/p>\n<\/li>\n<li class=\"md-list-item\">\n<p class=\"md-end-block md-p\"><span class=\"md-plain\">Czarny jedwab<\/span><\/p>\n<\/li>\n<li class=\"md-list-item\">\n<p class=\"md-end-block md-p\"><span class=\"md-plain\">Per\u0142owy heban<\/span><\/p>\n<\/li>\n<li class=\"md-list-item\">\n<p class=\"md-end-block md-p\"><span class=\"md-plain\">Kr\u00f3lewski fiolet<\/span><\/p>\n<\/li>\n<li class=\"md-list-item\">\n<p class=\"md-end-block md-p\"><span class=\"md-plain\">G\u0142\u0119boki burgund<\/span><\/p>\n<\/li>\n<li class=\"md-list-item\">\n<p class=\"md-end-block md-p\"><span class=\"md-plain\">Po\u0142yskuj\u0105cy w\u0119giel drzewny<\/span><\/p>\n<\/li>\n<\/ul>\n<h3 class=\"md-end-block md-heading\"><span class=\"md-plain\">Akcesoria<\/span><\/h3>\n<ul class=\"ul-list\" data-mark=\"-\">\n<li class=\"md-list-item\">\n<p class=\"md-end-block md-p\"><span class=\"md-plain\">Wiktoria\u0144ska bi\u017cuteria srebrna<\/span><\/p>\n<\/li>\n<li class=\"md-list-item\">\n<p class=\"md-end-block md-p\"><span class=\"md-plain\">R\u0119cznie wykonana koronka<\/span><\/p>\n<\/li>\n<li class=\"md-list-item\">\n<p class=\"md-end-block md-p\"><span class=\"md-plain\">Naturalne czarne pi\u00f3ra<\/span><\/p>\n<\/li>\n<li class=\"md-list-item\">\n<p class=\"md-end-block md-p\"><span class=\"md-plain\">Ciemne kryszta\u0142y<\/span><\/p>\n<\/li>\n<li class=\"md-list-item\">\n<p class=\"md-end-block md-p\"><span class=\"md-plain\">Kamee w stylu vintage<\/span><\/p>\n<\/li>\n<li class=\"md-list-item\">\n<p class=\"md-end-block md-p\"><span class=\"md-plain\">Aksamitne chokery<\/span><\/p>\n<\/li>\n<li class=\"md-list-item\">\n<p class=\"md-end-block md-p\"><span class=\"md-plain\">Koronkowe r\u0119kawiczki<\/span><\/p>\n<\/li>\n<li class=\"md-list-item\">\n<p class=\"md-end-block md-p\"><span class=\"md-plain\">Broszki motyle<\/span><\/p>\n<\/li>\n<\/ul>\n<h2 class=\"md-end-block md-heading\"><span class=\"md-plain\">Bezpiecze\u0144stwo i komfort<\/span><\/h2>\n<p class=\"md-end-block md-p\"><span class=\"md-plain\">Nasze soczewki motylkowe posiadaj\u0105 certyfikaty CE i FDA, \u0142\u0105cz\u0105c nocn\u0105 tajemniczo\u015b\u0107 z wyrafinowanym komfortem. Wykonane z najwy\u017cszej jako\u015bci hipoalergicznych materia\u0142\u00f3w, zapewniaj\u0105cych optymalne nawil\u017cenie przez 8 godzin noszenia. Ka\u017cda para jest indywidualnie sterylizowana i testowana.<\/span><\/p>\n<h2 class=\"md-end-block md-heading\"><span class=\"md-plain\">Do\u015bwiadcz magii motyli! \u2728<\/span><\/h2>\n<p class=\"md-end-block md-p\"><span class=\"md-plain\">Nadaj swojemu spojrzeniu elegancji czarnej koronki i mistycyzmu nocnych motyli. Te ekskluzywne soczewki czekaj\u0105, aby ujawni\u0107 Twoje tajemnicze pi\u0119kno i niepowtarzalny styl.<\/span><\/p>\n<h3 class=\"md-end-block md-heading\"><span class=\"md-plain\">Gwarancje<\/span><\/h3>\n<ul class=\"ul-list\" data-mark=\"-\">\n<li class=\"md-list-item\">\n<p class=\"md-end-block md-p\"><span class=\"md-plain\">Satysfakcja gwarantowana<\/span><\/p>\n<\/li>\n<li class=\"md-list-item\">\n<p class=\"md-end-block md-p\"><span class=\"md-plain\">30-dniowe zwroty<\/span><\/p>\n<\/li>\n<li class=\"md-list-item\">\n<p class=\"md-end-block md-p\"><span class=\"md-plain\">Certyfikat autentyczno\u015bci<\/span><\/p>\n<\/li>\n<li class=\"md-list-item\">\n<p class=\"md-end-block md-p\"><span class=\"md-plain\">Obs\u0142uga klienta VIP<\/span><\/p>\n<\/li>\n<\/ul>\n<p class=\"md-end-block md-p\"><span class=\"md-plain\">ZAM\u00d3W TERAZ, aby nosi\u0107 wdzi\u0119k motyla!<\/span><\/p>\n<p class=\"md-end-block md-p md-focus\"><span class=\"md-plain md-expand\">#ButterflyLenses #WingPattern #BlackButterfly #MysticEyes #NightBeauty #LaceMagic #ButterflyGaze #GothicChic #VintageGlam #DarkFashion<\/span><\/p>","protected":false},"excerpt":{"rendered":"<p>Black Butterfly Wing Contact Lenses | Mystic Collection \ud83e\udd8b Design Inspiration Our black butterfly wing lenses capture the mysterious elegance of nocturnal moths. Each pair reveals an intricate wing pattern &#8211; from sophisticated swirls to ethereal details. The unique texture combines delicate lacework with the iridescent shimmer of butterfly wings, creating an enchanting gaze that [&#8230;]\n","protected":false},"featured_media":1941,"comment_status":"open","ping_status":"closed","template":"","meta":[],"product_brand":[],"product_cat":[73,92,188,98],"product_tag":[],"class_list":{"0":"post-1939","1":"product","2":"type-product","3":"status-publish","4":"has-post-thumbnail","6":"product_cat-black-contact-lenses","7":"product_cat-14-5-mm","8":"product_cat-dream-contacts","9":"product_cat-yearly-disposable","11":"first","12":"instock","13":"sale","14":"shipping-taxable","15":"purchasable","16":"product-type-variable","17":"has-default-attributes"},"_links":{"self":[{"href":"https:\/\/bqeye.com\/pl\/wp-json\/wp\/v2\/product\/1939","targetHints":{"allow":["GET"]}}],"collection":[{"href":"https:\/\/bqeye.com\/pl\/wp-json\/wp\/v2\/product"}],"about":[{"href":"https:\/\/bqeye.com\/pl\/wp-json\/wp\/v2\/types\/product"}],"replies":[{"embeddable":true,"href":"https:\/\/bqeye.com\/pl\/wp-json\/wp\/v2\/comments?post=1939"}],"wp:featuredmedia":[{"embeddable":true,"href":"https:\/\/bqeye.com\/pl\/wp-json\/wp\/v2\/media\/1941"}],"wp:attachment":[{"href":"https:\/\/bqeye.com\/pl\/wp-json\/wp\/v2\/media?parent=1939"}],"wp:term":[{"taxonomy":"product_brand","embeddable":true,"href":"https:\/\/bqeye.com\/pl\/wp-json\/wp\/v2\/product_brand?post=1939"},{"taxonomy":"product_cat","embeddable":true,"href":"https:\/\/bqeye.com\/pl\/wp-json\/wp\/v2\/product_cat?post=1939"},{"taxonomy":"product_tag","embeddable":true,"href":"https:\/\/bqeye.com\/pl\/wp-json\/wp\/v2\/product_tag?post=1939"}],"curies":[{"name":"wp","href":"https:\/\/api.w.org\/{rel}","templated":true}]}}